{"id":39353,"date":"2025-04-20T13:47:41","date_gmt":"2025-04-20T10:47:41","guid":{"rendered":"https:\/\/armonti.eu\/product\/kevad-sugis-mantel\/"},"modified":"2025-04-20T13:47:41","modified_gmt":"2025-04-20T10:47:41","slug":"kevad-sugis-mantel","status":"publish","type":"product","link":"https:\/\/armonti.eu\/et\/toode\/kevad-sugis-mantel\/","title":{"rendered":"Kevad-s\u00fcgis mantel<br><br><br>"},"content":{"rendered":"<p>Vabalt langev kevad-s\u00fcgis mantel<\/p>\n<p>Sukelduge stiili ja mugavuse maailma meie kevad-s\u00fcgis mantliga. See universaalne mudel sobitub ideaalselt teie garderoobi, v\u00f5imaldades luua mitmesuguseid stiile.  <\/p>\n<p>Mantlit saab kanda nii v\u00f6\u00f6ga, mis r\u00f5hutab taljet, kui ka ilma selleta vabama stiili jaoks. Trukkidega kinnis annab tootele elegantse v\u00e4limuse ja mugavuse kandmisel.  <\/p>\n<p>T\u00e4nu universaalsele l\u00f5ikele sobib see mantel suurep\u00e4raselt igale kehat\u00fc\u00fcbile, pakkudes mugavust ja stiili igas detailis. Pehme v\u00e4ikese ruudumustriga kangas lisab teie riietusele isikup\u00e4ra ning muudab mantli asendamatuks esemeks igal aastaajal.  <\/p>\n<p>Armonti kaupluses Tallinnas leiate laia valiku kevadisi mantleid igale maitsele.<br \/>\nUuendage oma garderoobi ja valige endale ideaalne mantel!<\/p>\n<p>Tellimuse vormistamisel m\u00e4rgi palun oma t\u00e4psed m\u00f5\u00f5dud (puusad, v\u00f6\u00f6koht ja pikkus), et saaksime sulle sobivaima suuruse valida.<br \/>Toode on saadaval nii poes kui ka veebipoes!<\/p>\n<p>Tootekood: 2519<\/p>\n","protected":false},"excerpt":{"rendered":"<p>Suurused: S M L XL 2XL<br \/>\nKoostis: 75% vill, 20% viskoos, 5% elastaan<br \/>\nV\u00e4rvid: bee\u017e, hall<br \/>\nPikkus: 100 cm<\/p>\n","protected":false},"featured_media":27979,"comment_status":"open","ping_status":"closed","template":"","meta":[],"product_brand":[],"product_cat":[445,441],"product_tag":[],"class_list":{"0":"post-39353","1":"product","2":"type-product","3":"status-publish","4":"has-post-thumbnail","6":"product_cat-mantlid-ja-kevad-sugis-mantlid","7":"product_cat-uleriided","9":"first","10":"instock","11":"sale","12":"shipping-taxable","13":"purchasable","14":"product-type-variable"},"yoast_head":"<!-- This site is optimized with the Yoast SEO plugin v27.4 - https:\/\/yoast.com\/product\/yoast-seo-wordpress\/ -->\n<title>Kevad-s\u00fcgis mantel - \u041c\u0430\u0433\u0430\u0437\u0438\u043d \u043e\u0434\u0435\u0436\u0434\u044b ARMONTI<\/title>\n<meta name=\"description\" content=\"Kevad-s\u00fcgis mantel \u2014 see universaalne mudel sobitub ideaalselt teie garderoobi, v\u00f5imaldades luua mitmesuguseid stiile.\" \/>\n<meta name=\"robots\" content=\"index, follow, max-snippet:-1, max-image-preview:large, max-video-preview:-1\" \/>\n<link rel=\"canonical\" href=\"https:\/\/armonti.eu\/et\/toode\/kevad-sugis-mantel\/\" \/>\n<meta property=\"og:locale\" content=\"et_EE\" \/>\n<meta property=\"og:type\" content=\"article\" \/>\n<meta property=\"og:title\" content=\"Kevad-s\u00fcgis mantel - \u041c\u0430\u0433\u0430\u0437\u0438\u043d \u043e\u0434\u0435\u0436\u0434\u044b ARMONTI\" \/>\n<meta property=\"og:description\" content=\"K\u00f5ige trendikam s\u00fcgisene jakk-mantel! Langev krae ja jaki alumine osa on kaunistatud ilusa kunstlambavilla karusnahaga. Jakk on taljesse l\u00f5ikega, pikendatud ja soe ning sobib ideaalselt nii klassikalise kui ka sportliku stiiliga. Kinnis on trukkidega. Komplektis on v\u00f6\u00f6.\" \/>\n<meta property=\"og:url\" content=\"https:\/\/armonti.eu\/et\/toode\/kevad-sugis-mantel\/\" \/>\n<meta property=\"og:site_name\" content=\"\u041c\u0430\u0433\u0430\u0437\u0438\u043d \u043e\u0434\u0435\u0436\u0434\u044b ARMONTI\" \/>\n<meta property=\"og:image\" content=\"https:\/\/armonti.eu\/wp-content\/uploads\/2025\/04\/img_0842.jpg\" \/>\n\t<meta property=\"og:image:width\" content=\"800\" \/>\n\t<meta property=\"og:image:height\" content=\"1067\" \/>\n\t<meta property=\"og:image:type\" content=\"image\/jpeg\" \/>\n<meta name=\"twitter:card\" content=\"summary_large_image\" \/>\n<meta name=\"twitter:description\" content=\"K\u00f5ige trendikam s\u00fcgisene jakk-mantel! Langev krae ja jaki alumine osa on kaunistatud ilusa kunstlambavilla karusnahaga. Jakk on taljesse l\u00f5ikega, pikendatud ja soe ning sobib ideaalselt nii klassikalise kui ka sportliku stiiliga. Kinnis on trukkidega. Komplektis on v\u00f6\u00f6.\" \/>\n<meta name=\"twitter:label1\" content=\"Est. reading time\" \/>\n\t<meta name=\"twitter:data1\" content=\"1 minut\" \/>\n<script type=\"application\/ld+json\" class=\"yoast-schema-graph\">{\"@context\":\"https:\\\/\\\/schema.org\",\"@graph\":[{\"@type\":\"WebPage\",\"@id\":\"https:\\\/\\\/armonti.eu\\\/et\\\/toode\\\/kevad-sugis-mantel\\\/\",\"url\":\"https:\\\/\\\/armonti.eu\\\/et\\\/toode\\\/kevad-sugis-mantel\\\/\",\"name\":\"Kevad-s\u00fcgis mantel - \u041c\u0430\u0433\u0430\u0437\u0438\u043d \u043e\u0434\u0435\u0436\u0434\u044b ARMONTI\",\"isPartOf\":{\"@id\":\"https:\\\/\\\/armonti.eu\\\/#website\"},\"primaryImageOfPage\":{\"@id\":\"https:\\\/\\\/armonti.eu\\\/et\\\/toode\\\/kevad-sugis-mantel\\\/#primaryimage\"},\"image\":{\"@id\":\"https:\\\/\\\/armonti.eu\\\/et\\\/toode\\\/kevad-sugis-mantel\\\/#primaryimage\"},\"thumbnailUrl\":\"https:\\\/\\\/armonti.eu\\\/wp-content\\\/uploads\\\/2025\\\/04\\\/img_0842.jpg\",\"datePublished\":\"2025-04-20T10:47:41+00:00\",\"description\":\"Kevad-s\u00fcgis mantel \u2014 see universaalne mudel sobitub ideaalselt teie garderoobi, v\u00f5imaldades luua mitmesuguseid stiile.\",\"breadcrumb\":{\"@id\":\"https:\\\/\\\/armonti.eu\\\/et\\\/toode\\\/kevad-sugis-mantel\\\/#breadcrumb\"},\"inLanguage\":\"et\",\"potentialAction\":[{\"@type\":\"ReadAction\",\"target\":[\"https:\\\/\\\/armonti.eu\\\/et\\\/toode\\\/kevad-sugis-mantel\\\/\"]}]},{\"@type\":\"ImageObject\",\"inLanguage\":\"et\",\"@id\":\"https:\\\/\\\/armonti.eu\\\/et\\\/toode\\\/kevad-sugis-mantel\\\/#primaryimage\",\"url\":\"https:\\\/\\\/armonti.eu\\\/wp-content\\\/uploads\\\/2025\\\/04\\\/img_0842.jpg\",\"contentUrl\":\"https:\\\/\\\/armonti.eu\\\/wp-content\\\/uploads\\\/2025\\\/04\\\/img_0842.jpg\",\"width\":800,\"height\":1067},{\"@type\":\"BreadcrumbList\",\"@id\":\"https:\\\/\\\/armonti.eu\\\/et\\\/toode\\\/kevad-sugis-mantel\\\/#breadcrumb\",\"itemListElement\":[{\"@type\":\"ListItem\",\"position\":1,\"name\":\"\u0413\u043b\u0430\u0432\u043d\u0430\u044f\",\"item\":\"https:\\\/\\\/armonti.eu\\\/\"},{\"@type\":\"ListItem\",\"position\":2,\"name\":\"Shop\",\"item\":\"https:\\\/\\\/armonti.eu\\\/et\\\/shop\\\/\"},{\"@type\":\"ListItem\",\"position\":3,\"name\":\"Kevad-s\u00fcgis mantel\"}]},{\"@type\":\"WebSite\",\"@id\":\"https:\\\/\\\/armonti.eu\\\/#website\",\"url\":\"https:\\\/\\\/armonti.eu\\\/\",\"name\":\"ARMONTI\",\"description\":\"\",\"publisher\":{\"@id\":\"https:\\\/\\\/armonti.eu\\\/#organization\"},\"alternateName\":\"\u0416\u0435\u043d\u0441\u043a\u0430\u044f \u0431\u0440\u0435\u043d\u0434\u043e\u0432\u0430\u044f \u043e\u0434\u0435\u0436\u0434\u0430\",\"potentialAction\":[{\"@type\":\"SearchAction\",\"target\":{\"@type\":\"EntryPoint\",\"urlTemplate\":\"https:\\\/\\\/armonti.eu\\\/?s={search_term_string}\"},\"query-input\":{\"@type\":\"PropertyValueSpecification\",\"valueRequired\":true,\"valueName\":\"search_term_string\"}}],\"inLanguage\":\"et\"},{\"@type\":\"Organization\",\"@id\":\"https:\\\/\\\/armonti.eu\\\/#organization\",\"name\":\"ARMONTI\",\"alternateName\":\"\u0416\u0435\u043d\u0441\u043a\u0430\u044f \u0431\u0440\u0435\u043d\u0434\u043e\u0432\u0430\u044f \u043e\u0434\u0435\u0436\u0434\u0430\",\"url\":\"https:\\\/\\\/armonti.eu\\\/\",\"logo\":{\"@type\":\"ImageObject\",\"inLanguage\":\"et\",\"@id\":\"https:\\\/\\\/armonti.eu\\\/#\\\/schema\\\/logo\\\/image\\\/\",\"url\":\"https:\\\/\\\/armonti.eu\\\/wp-content\\\/uploads\\\/2023\\\/05\\\/armonti-logo-white.png\",\"contentUrl\":\"https:\\\/\\\/armonti.eu\\\/wp-content\\\/uploads\\\/2023\\\/05\\\/armonti-logo-white.png\",\"width\":2165,\"height\":554,\"caption\":\"ARMONTI\"},\"image\":{\"@id\":\"https:\\\/\\\/armonti.eu\\\/#\\\/schema\\\/logo\\\/image\\\/\"}}]}<\/script>\n<!-- \/ Yoast SEO plugin. -->","yoast_head_json":{"title":"Kevad-s\u00fcgis mantel - \u041c\u0430\u0433\u0430\u0437\u0438\u043d \u043e\u0434\u0435\u0436\u0434\u044b ARMONTI","description":"Kevad-s\u00fcgis mantel \u2014 see universaalne mudel sobitub ideaalselt teie garderoobi, v\u00f5imaldades luua mitmesuguseid stiile.","robots":{"index":"index","follow":"follow","max-snippet":"max-snippet:-1","max-image-preview":"max-image-preview:large","max-video-preview":"max-video-preview:-1"},"canonical":"https:\/\/armonti.eu\/et\/toode\/kevad-sugis-mantel\/","og_locale":"et_EE","og_type":"article","og_title":"Kevad-s\u00fcgis mantel - \u041c\u0430\u0433\u0430\u0437\u0438\u043d \u043e\u0434\u0435\u0436\u0434\u044b ARMONTI","og_description":"K\u00f5ige trendikam s\u00fcgisene jakk-mantel! Langev krae ja jaki alumine osa on kaunistatud ilusa kunstlambavilla karusnahaga. Jakk on taljesse l\u00f5ikega, pikendatud ja soe ning sobib ideaalselt nii klassikalise kui ka sportliku stiiliga. Kinnis on trukkidega. Komplektis on v\u00f6\u00f6.","og_url":"https:\/\/armonti.eu\/et\/toode\/kevad-sugis-mantel\/","og_site_name":"\u041c\u0430\u0433\u0430\u0437\u0438\u043d \u043e\u0434\u0435\u0436\u0434\u044b ARMONTI","og_image":[{"width":800,"height":1067,"url":"https:\/\/armonti.eu\/wp-content\/uploads\/2025\/04\/img_0842.jpg","type":"image\/jpeg"}],"twitter_card":"summary_large_image","twitter_description":"K\u00f5ige trendikam s\u00fcgisene jakk-mantel! Langev krae ja jaki alumine osa on kaunistatud ilusa kunstlambavilla karusnahaga. Jakk on taljesse l\u00f5ikega, pikendatud ja soe ning sobib ideaalselt nii klassikalise kui ka sportliku stiiliga. Kinnis on trukkidega. Komplektis on v\u00f6\u00f6.","twitter_misc":{"Est. reading time":"1 minut"},"schema":{"@context":"https:\/\/schema.org","@graph":[{"@type":"WebPage","@id":"https:\/\/armonti.eu\/et\/toode\/kevad-sugis-mantel\/","url":"https:\/\/armonti.eu\/et\/toode\/kevad-sugis-mantel\/","name":"Kevad-s\u00fcgis mantel - \u041c\u0430\u0433\u0430\u0437\u0438\u043d \u043e\u0434\u0435\u0436\u0434\u044b ARMONTI","isPartOf":{"@id":"https:\/\/armonti.eu\/#website"},"primaryImageOfPage":{"@id":"https:\/\/armonti.eu\/et\/toode\/kevad-sugis-mantel\/#primaryimage"},"image":{"@id":"https:\/\/armonti.eu\/et\/toode\/kevad-sugis-mantel\/#primaryimage"},"thumbnailUrl":"https:\/\/armonti.eu\/wp-content\/uploads\/2025\/04\/img_0842.jpg","datePublished":"2025-04-20T10:47:41+00:00","description":"Kevad-s\u00fcgis mantel \u2014 see universaalne mudel sobitub ideaalselt teie garderoobi, v\u00f5imaldades luua mitmesuguseid stiile.","breadcrumb":{"@id":"https:\/\/armonti.eu\/et\/toode\/kevad-sugis-mantel\/#breadcrumb"},"inLanguage":"et","potentialAction":[{"@type":"ReadAction","target":["https:\/\/armonti.eu\/et\/toode\/kevad-sugis-mantel\/"]}]},{"@type":"ImageObject","inLanguage":"et","@id":"https:\/\/armonti.eu\/et\/toode\/kevad-sugis-mantel\/#primaryimage","url":"https:\/\/armonti.eu\/wp-content\/uploads\/2025\/04\/img_0842.jpg","contentUrl":"https:\/\/armonti.eu\/wp-content\/uploads\/2025\/04\/img_0842.jpg","width":800,"height":1067},{"@type":"BreadcrumbList","@id":"https:\/\/armonti.eu\/et\/toode\/kevad-sugis-mantel\/#breadcrumb","itemListElement":[{"@type":"ListItem","position":1,"name":"\u0413\u043b\u0430\u0432\u043d\u0430\u044f","item":"https:\/\/armonti.eu\/"},{"@type":"ListItem","position":2,"name":"Shop","item":"https:\/\/armonti.eu\/et\/shop\/"},{"@type":"ListItem","position":3,"name":"Kevad-s\u00fcgis mantel"}]},{"@type":"WebSite","@id":"https:\/\/armonti.eu\/#website","url":"https:\/\/armonti.eu\/","name":"ARMONTI","description":"","publisher":{"@id":"https:\/\/armonti.eu\/#organization"},"alternateName":"\u0416\u0435\u043d\u0441\u043a\u0430\u044f \u0431\u0440\u0435\u043d\u0434\u043e\u0432\u0430\u044f \u043e\u0434\u0435\u0436\u0434\u0430","potentialAction":[{"@type":"SearchAction","target":{"@type":"EntryPoint","urlTemplate":"https:\/\/armonti.eu\/?s={search_term_string}"},"query-input":{"@type":"PropertyValueSpecification","valueRequired":true,"valueName":"search_term_string"}}],"inLanguage":"et"},{"@type":"Organization","@id":"https:\/\/armonti.eu\/#organization","name":"ARMONTI","alternateName":"\u0416\u0435\u043d\u0441\u043a\u0430\u044f \u0431\u0440\u0435\u043d\u0434\u043e\u0432\u0430\u044f \u043e\u0434\u0435\u0436\u0434\u0430","url":"https:\/\/armonti.eu\/","logo":{"@type":"ImageObject","inLanguage":"et","@id":"https:\/\/armonti.eu\/#\/schema\/logo\/image\/","url":"https:\/\/armonti.eu\/wp-content\/uploads\/2023\/05\/armonti-logo-white.png","contentUrl":"https:\/\/armonti.eu\/wp-content\/uploads\/2023\/05\/armonti-logo-white.png","width":2165,"height":554,"caption":"ARMONTI"},"image":{"@id":"https:\/\/armonti.eu\/#\/schema\/logo\/image\/"}}]}},"_links":{"self":[{"href":"https:\/\/armonti.eu\/et\/wp-json\/wp\/v2\/product\/39353","targetHints":{"allow":["GET"]}}],"collection":[{"href":"https:\/\/armonti.eu\/et\/wp-json\/wp\/v2\/product"}],"about":[{"href":"https:\/\/armonti.eu\/et\/wp-json\/wp\/v2\/types\/product"}],"replies":[{"embeddable":true,"href":"https:\/\/armonti.eu\/et\/wp-json\/wp\/v2\/comments?post=39353"}],"wp:featuredmedia":[{"embeddable":true,"href":"https:\/\/armonti.eu\/et\/wp-json\/wp\/v2\/media\/27979"}],"wp:attachment":[{"href":"https:\/\/armonti.eu\/et\/wp-json\/wp\/v2\/media?parent=39353"}],"wp:term":[{"taxonomy":"product_brand","embeddable":true,"href":"https:\/\/armonti.eu\/et\/wp-json\/wp\/v2\/product_brand?post=39353"},{"taxonomy":"product_cat","embeddable":true,"href":"https:\/\/armonti.eu\/et\/wp-json\/wp\/v2\/product_cat?post=39353"},{"taxonomy":"product_tag","embeddable":true,"href":"https:\/\/armonti.eu\/et\/wp-json\/wp\/v2\/product_tag?post=39353"}],"curies":[{"name":"wp","href":"https:\/\/api.w.org\/{rel}","templated":true}]}}