{"id":39082,"date":"2024-01-20T19:16:38","date_gmt":"2024-01-20T16:16:38","guid":{"rendered":"https:\/\/armonti.eu\/product\/angoorast-kassikujuline-muts-kapuuts\/"},"modified":"2024-01-20T19:16:38","modified_gmt":"2024-01-20T16:16:38","slug":"angoorast-kassikujuline-muts-kapuuts","status":"publish","type":"product","link":"https:\/\/armonti.eu\/et\/toode\/angoorast-kassikujuline-muts-kapuuts\/","title":{"rendered":"Angoorast kassikujuline m\u00fcts-kapuuts"},"content":{"rendered":"<p>V\u00e4limuse t\u00e4iendamiseks soovitame tutvuda meie karusnahaga vooderdatud labakinnaste valikuga.<br \/>\nTootekood: 3278<\/p>\n","protected":false},"excerpt":{"rendered":"<p><strong>Suurus<\/strong>: ONE SIZE<br \/>\n<strong>V\u00e4rvid<\/strong>: bee\u017e, helehall, valge, must, helesinine, sinine, puuder<\/p>\n<p><strong>Koostis<\/strong>: 70% angoora, 20% vill, 10% akr\u00fc\u00fcl<br \/>\n<strong>Hooldus<\/strong>: M\u00fctsid, mille koostises on \u00fcle 50% looduslikke kiude, tuleb pesta k\u00e4sitsi. Soovitatav temperatuur 30\u201335\u00b0 <\/p>\n","protected":false},"featured_media":20393,"comment_status":"open","ping_status":"closed","template":"","meta":[],"product_brand":[],"product_cat":[430,434],"product_tag":[],"class_list":{"0":"post-39082","1":"product","2":"type-product","3":"status-publish","4":"has-post-thumbnail","6":"product_cat-aksessuaarid","7":"product_cat-mutsid-komplektid","9":"first","10":"instock","11":"shipping-taxable","12":"purchasable","13":"product-type-variable"},"yoast_head":"<!-- This site is optimized with the Yoast SEO plugin v27.3 - https:\/\/yoast.com\/product\/yoast-seo-wordpress\/ -->\n<title>Angoorast kassikujuline m\u00fcts-kapuuts - \u041c\u0430\u0433\u0430\u0437\u0438\u043d \u043e\u0434\u0435\u0436\u0434\u044b ARMONTI<\/title>\n<meta name=\"description\" content=\"Beanie-m\u00fcts sobib suurep\u00e4raselt igap\u00e4evaseks kandmiseks ja sportimiseks. Universaalne m\u00fcts on valmistatud kvaliteetsest trikotaa\u017eist.\" \/>\n<meta name=\"robots\" content=\"index, follow, max-snippet:-1, max-image-preview:large, max-video-preview:-1\" \/>\n<link rel=\"canonical\" href=\"https:\/\/armonti.eu\/et\/toode\/angoorast-kassikujuline-muts-kapuuts\/\" \/>\n<meta property=\"og:locale\" content=\"et_EE\" \/>\n<meta property=\"og:type\" content=\"article\" \/>\n<meta property=\"og:title\" content=\"Angoorast kassikujuline m\u00fcts-kapuuts - \u041c\u0430\u0433\u0430\u0437\u0438\u043d \u043e\u0434\u0435\u0436\u0434\u044b ARMONTI\" \/>\n<meta property=\"og:description\" content=\"Beanie-m\u00fcts sobib suurep\u00e4raselt igap\u00e4evaseks kandmiseks ja sportimiseks. Universaalne m\u00fcts on valmistatud kvaliteetsest trikotaa\u017eist.\" \/>\n<meta property=\"og:url\" content=\"https:\/\/armonti.eu\/et\/toode\/angoorast-kassikujuline-muts-kapuuts\/\" \/>\n<meta property=\"og:site_name\" content=\"\u041c\u0430\u0433\u0430\u0437\u0438\u043d \u043e\u0434\u0435\u0436\u0434\u044b ARMONTI\" \/>\n<meta property=\"og:image\" content=\"https:\/\/armonti.eu\/wp-content\/uploads\/2024\/01\/img_0508-1.jpg\" \/>\n\t<meta property=\"og:image:width\" content=\"900\" \/>\n\t<meta property=\"og:image:height\" content=\"1200\" \/>\n\t<meta property=\"og:image:type\" content=\"image\/jpeg\" \/>\n<meta name=\"twitter:card\" content=\"summary_large_image\" \/>\n<meta name=\"twitter:description\" content=\"Beanie-m\u00fcts sobib suurep\u00e4raselt igap\u00e4evaseks kandmiseks ja sportimiseks. Universaalne m\u00fcts on valmistatud kvaliteetsest trikotaa\u017eist.\" \/>\n<script type=\"application\/ld+json\" class=\"yoast-schema-graph\">{\"@context\":\"https:\\\/\\\/schema.org\",\"@graph\":[{\"@type\":\"WebPage\",\"@id\":\"https:\\\/\\\/armonti.eu\\\/et\\\/toode\\\/angoorast-kassikujuline-muts-kapuuts\\\/\",\"url\":\"https:\\\/\\\/armonti.eu\\\/et\\\/toode\\\/angoorast-kassikujuline-muts-kapuuts\\\/\",\"name\":\"Angoorast kassikujuline m\u00fcts-kapuuts - \u041c\u0430\u0433\u0430\u0437\u0438\u043d \u043e\u0434\u0435\u0436\u0434\u044b ARMONTI\",\"isPartOf\":{\"@id\":\"https:\\\/\\\/armonti.eu\\\/#website\"},\"primaryImageOfPage\":{\"@id\":\"https:\\\/\\\/armonti.eu\\\/et\\\/toode\\\/angoorast-kassikujuline-muts-kapuuts\\\/#primaryimage\"},\"image\":{\"@id\":\"https:\\\/\\\/armonti.eu\\\/et\\\/toode\\\/angoorast-kassikujuline-muts-kapuuts\\\/#primaryimage\"},\"thumbnailUrl\":\"https:\\\/\\\/armonti.eu\\\/wp-content\\\/uploads\\\/2024\\\/01\\\/img_0508-1.jpg\",\"datePublished\":\"2024-01-20T16:16:38+00:00\",\"description\":\"Beanie-m\u00fcts sobib suurep\u00e4raselt igap\u00e4evaseks kandmiseks ja sportimiseks. Universaalne m\u00fcts on valmistatud kvaliteetsest trikotaa\u017eist.\",\"breadcrumb\":{\"@id\":\"https:\\\/\\\/armonti.eu\\\/et\\\/toode\\\/angoorast-kassikujuline-muts-kapuuts\\\/#breadcrumb\"},\"inLanguage\":\"et\",\"potentialAction\":[{\"@type\":\"ReadAction\",\"target\":[\"https:\\\/\\\/armonti.eu\\\/et\\\/toode\\\/angoorast-kassikujuline-muts-kapuuts\\\/\"]}]},{\"@type\":\"ImageObject\",\"inLanguage\":\"et\",\"@id\":\"https:\\\/\\\/armonti.eu\\\/et\\\/toode\\\/angoorast-kassikujuline-muts-kapuuts\\\/#primaryimage\",\"url\":\"https:\\\/\\\/armonti.eu\\\/wp-content\\\/uploads\\\/2024\\\/01\\\/img_0508-1.jpg\",\"contentUrl\":\"https:\\\/\\\/armonti.eu\\\/wp-content\\\/uploads\\\/2024\\\/01\\\/img_0508-1.jpg\",\"width\":900,\"height\":1200},{\"@type\":\"BreadcrumbList\",\"@id\":\"https:\\\/\\\/armonti.eu\\\/et\\\/toode\\\/angoorast-kassikujuline-muts-kapuuts\\\/#breadcrumb\",\"itemListElement\":[{\"@type\":\"ListItem\",\"position\":1,\"name\":\"\u0413\u043b\u0430\u0432\u043d\u0430\u044f\",\"item\":\"https:\\\/\\\/armonti.eu\\\/\"},{\"@type\":\"ListItem\",\"position\":2,\"name\":\"Shop\",\"item\":\"https:\\\/\\\/armonti.eu\\\/et\\\/shop\\\/\"},{\"@type\":\"ListItem\",\"position\":3,\"name\":\"Angoorast kassikujuline m\u00fcts-kapuuts\"}]},{\"@type\":\"WebSite\",\"@id\":\"https:\\\/\\\/armonti.eu\\\/#website\",\"url\":\"https:\\\/\\\/armonti.eu\\\/\",\"name\":\"ARMONTI\",\"description\":\"\",\"publisher\":{\"@id\":\"https:\\\/\\\/armonti.eu\\\/#organization\"},\"alternateName\":\"\u0416\u0435\u043d\u0441\u043a\u0430\u044f \u0431\u0440\u0435\u043d\u0434\u043e\u0432\u0430\u044f \u043e\u0434\u0435\u0436\u0434\u0430\",\"potentialAction\":[{\"@type\":\"SearchAction\",\"target\":{\"@type\":\"EntryPoint\",\"urlTemplate\":\"https:\\\/\\\/armonti.eu\\\/?s={search_term_string}\"},\"query-input\":{\"@type\":\"PropertyValueSpecification\",\"valueRequired\":true,\"valueName\":\"search_term_string\"}}],\"inLanguage\":\"et\"},{\"@type\":\"Organization\",\"@id\":\"https:\\\/\\\/armonti.eu\\\/#organization\",\"name\":\"ARMONTI\",\"alternateName\":\"\u0416\u0435\u043d\u0441\u043a\u0430\u044f \u0431\u0440\u0435\u043d\u0434\u043e\u0432\u0430\u044f \u043e\u0434\u0435\u0436\u0434\u0430\",\"url\":\"https:\\\/\\\/armonti.eu\\\/\",\"logo\":{\"@type\":\"ImageObject\",\"inLanguage\":\"et\",\"@id\":\"https:\\\/\\\/armonti.eu\\\/#\\\/schema\\\/logo\\\/image\\\/\",\"url\":\"https:\\\/\\\/armonti.eu\\\/wp-content\\\/uploads\\\/2023\\\/05\\\/armonti-logo-white.png\",\"contentUrl\":\"https:\\\/\\\/armonti.eu\\\/wp-content\\\/uploads\\\/2023\\\/05\\\/armonti-logo-white.png\",\"width\":2165,\"height\":554,\"caption\":\"ARMONTI\"},\"image\":{\"@id\":\"https:\\\/\\\/armonti.eu\\\/#\\\/schema\\\/logo\\\/image\\\/\"}}]}<\/script>\n<!-- \/ Yoast SEO plugin. -->","yoast_head_json":{"title":"Angoorast kassikujuline m\u00fcts-kapuuts - \u041c\u0430\u0433\u0430\u0437\u0438\u043d \u043e\u0434\u0435\u0436\u0434\u044b ARMONTI","description":"Beanie-m\u00fcts sobib suurep\u00e4raselt igap\u00e4evaseks kandmiseks ja sportimiseks. Universaalne m\u00fcts on valmistatud kvaliteetsest trikotaa\u017eist.","robots":{"index":"index","follow":"follow","max-snippet":"max-snippet:-1","max-image-preview":"max-image-preview:large","max-video-preview":"max-video-preview:-1"},"canonical":"https:\/\/armonti.eu\/et\/toode\/angoorast-kassikujuline-muts-kapuuts\/","og_locale":"et_EE","og_type":"article","og_title":"Angoorast kassikujuline m\u00fcts-kapuuts - \u041c\u0430\u0433\u0430\u0437\u0438\u043d \u043e\u0434\u0435\u0436\u0434\u044b ARMONTI","og_description":"Beanie-m\u00fcts sobib suurep\u00e4raselt igap\u00e4evaseks kandmiseks ja sportimiseks. Universaalne m\u00fcts on valmistatud kvaliteetsest trikotaa\u017eist.","og_url":"https:\/\/armonti.eu\/et\/toode\/angoorast-kassikujuline-muts-kapuuts\/","og_site_name":"\u041c\u0430\u0433\u0430\u0437\u0438\u043d \u043e\u0434\u0435\u0436\u0434\u044b ARMONTI","og_image":[{"width":900,"height":1200,"url":"https:\/\/armonti.eu\/wp-content\/uploads\/2024\/01\/img_0508-1.jpg","type":"image\/jpeg"}],"twitter_card":"summary_large_image","twitter_description":"Beanie-m\u00fcts sobib suurep\u00e4raselt igap\u00e4evaseks kandmiseks ja sportimiseks. Universaalne m\u00fcts on valmistatud kvaliteetsest trikotaa\u017eist.","schema":{"@context":"https:\/\/schema.org","@graph":[{"@type":"WebPage","@id":"https:\/\/armonti.eu\/et\/toode\/angoorast-kassikujuline-muts-kapuuts\/","url":"https:\/\/armonti.eu\/et\/toode\/angoorast-kassikujuline-muts-kapuuts\/","name":"Angoorast kassikujuline m\u00fcts-kapuuts - \u041c\u0430\u0433\u0430\u0437\u0438\u043d \u043e\u0434\u0435\u0436\u0434\u044b ARMONTI","isPartOf":{"@id":"https:\/\/armonti.eu\/#website"},"primaryImageOfPage":{"@id":"https:\/\/armonti.eu\/et\/toode\/angoorast-kassikujuline-muts-kapuuts\/#primaryimage"},"image":{"@id":"https:\/\/armonti.eu\/et\/toode\/angoorast-kassikujuline-muts-kapuuts\/#primaryimage"},"thumbnailUrl":"https:\/\/armonti.eu\/wp-content\/uploads\/2024\/01\/img_0508-1.jpg","datePublished":"2024-01-20T16:16:38+00:00","description":"Beanie-m\u00fcts sobib suurep\u00e4raselt igap\u00e4evaseks kandmiseks ja sportimiseks. Universaalne m\u00fcts on valmistatud kvaliteetsest trikotaa\u017eist.","breadcrumb":{"@id":"https:\/\/armonti.eu\/et\/toode\/angoorast-kassikujuline-muts-kapuuts\/#breadcrumb"},"inLanguage":"et","potentialAction":[{"@type":"ReadAction","target":["https:\/\/armonti.eu\/et\/toode\/angoorast-kassikujuline-muts-kapuuts\/"]}]},{"@type":"ImageObject","inLanguage":"et","@id":"https:\/\/armonti.eu\/et\/toode\/angoorast-kassikujuline-muts-kapuuts\/#primaryimage","url":"https:\/\/armonti.eu\/wp-content\/uploads\/2024\/01\/img_0508-1.jpg","contentUrl":"https:\/\/armonti.eu\/wp-content\/uploads\/2024\/01\/img_0508-1.jpg","width":900,"height":1200},{"@type":"BreadcrumbList","@id":"https:\/\/armonti.eu\/et\/toode\/angoorast-kassikujuline-muts-kapuuts\/#breadcrumb","itemListElement":[{"@type":"ListItem","position":1,"name":"\u0413\u043b\u0430\u0432\u043d\u0430\u044f","item":"https:\/\/armonti.eu\/"},{"@type":"ListItem","position":2,"name":"Shop","item":"https:\/\/armonti.eu\/et\/shop\/"},{"@type":"ListItem","position":3,"name":"Angoorast kassikujuline m\u00fcts-kapuuts"}]},{"@type":"WebSite","@id":"https:\/\/armonti.eu\/#website","url":"https:\/\/armonti.eu\/","name":"ARMONTI","description":"","publisher":{"@id":"https:\/\/armonti.eu\/#organization"},"alternateName":"\u0416\u0435\u043d\u0441\u043a\u0430\u044f \u0431\u0440\u0435\u043d\u0434\u043e\u0432\u0430\u044f \u043e\u0434\u0435\u0436\u0434\u0430","potentialAction":[{"@type":"SearchAction","target":{"@type":"EntryPoint","urlTemplate":"https:\/\/armonti.eu\/?s={search_term_string}"},"query-input":{"@type":"PropertyValueSpecification","valueRequired":true,"valueName":"search_term_string"}}],"inLanguage":"et"},{"@type":"Organization","@id":"https:\/\/armonti.eu\/#organization","name":"ARMONTI","alternateName":"\u0416\u0435\u043d\u0441\u043a\u0430\u044f \u0431\u0440\u0435\u043d\u0434\u043e\u0432\u0430\u044f \u043e\u0434\u0435\u0436\u0434\u0430","url":"https:\/\/armonti.eu\/","logo":{"@type":"ImageObject","inLanguage":"et","@id":"https:\/\/armonti.eu\/#\/schema\/logo\/image\/","url":"https:\/\/armonti.eu\/wp-content\/uploads\/2023\/05\/armonti-logo-white.png","contentUrl":"https:\/\/armonti.eu\/wp-content\/uploads\/2023\/05\/armonti-logo-white.png","width":2165,"height":554,"caption":"ARMONTI"},"image":{"@id":"https:\/\/armonti.eu\/#\/schema\/logo\/image\/"}}]}},"_links":{"self":[{"href":"https:\/\/armonti.eu\/et\/wp-json\/wp\/v2\/product\/39082","targetHints":{"allow":["GET"]}}],"collection":[{"href":"https:\/\/armonti.eu\/et\/wp-json\/wp\/v2\/product"}],"about":[{"href":"https:\/\/armonti.eu\/et\/wp-json\/wp\/v2\/types\/product"}],"replies":[{"embeddable":true,"href":"https:\/\/armonti.eu\/et\/wp-json\/wp\/v2\/comments?post=39082"}],"wp:featuredmedia":[{"embeddable":true,"href":"https:\/\/armonti.eu\/et\/wp-json\/wp\/v2\/media\/20393"}],"wp:attachment":[{"href":"https:\/\/armonti.eu\/et\/wp-json\/wp\/v2\/media?parent=39082"}],"wp:term":[{"taxonomy":"product_brand","embeddable":true,"href":"https:\/\/armonti.eu\/et\/wp-json\/wp\/v2\/product_brand?post=39082"},{"taxonomy":"product_cat","embeddable":true,"href":"https:\/\/armonti.eu\/et\/wp-json\/wp\/v2\/product_cat?post=39082"},{"taxonomy":"product_tag","embeddable":true,"href":"https:\/\/armonti.eu\/et\/wp-json\/wp\/v2\/product_tag?post=39082"}],"curies":[{"name":"wp","href":"https:\/\/api.w.org\/{rel}","templated":true}]}}