{"id":38988,"date":"2026-04-07T13:40:20","date_gmt":"2026-04-07T10:40:20","guid":{"rendered":"https:\/\/armonti.eu\/?post_type=product&#038;p=38988"},"modified":"2026-04-07T19:53:28","modified_gmt":"2026-04-07T16:53:28","slug":"t-sark-sudamega-kopirovat-kopirovat-kopirovat-kopirovat","status":"publish","type":"product","link":"https:\/\/armonti.eu\/et\/toode\/t-sark-sudamega-kopirovat-kopirovat-kopirovat-kopirovat\/","title":{"rendered":"P\u00f5hitopp"},"content":{"rendered":"<p>P\u00f5hitopp \u2014 universaalne ja funktsionaalne ese tihedast materjalist. Saadaval kolmes v\u00e4rvitoonis: must, valge ja bee\u017e. L\u00e4bim\u00f5eldud l\u00f5ige tagab kindla toe ja mugavuse kogu p\u00e4evaks, minimalistlik disain teeb topi ideaalseks aluseks kihilisteks riietuskomplektideks ja eraldiseisvateks outfit\u2019ideks. See p\u00f5hitopp r\u00f5hutab siluetti ning vormib rinna ja v\u00f6\u00f6koha joont, mist\u00f5ttu sobib h\u00e4sti teksade, seelikute, p\u00fckste ja jakkidega. Sobib t\u00f6\u00f6ks, jalutusk\u00e4ikudeks ja \u00f5htusteks v\u00e4ljas\u00f5itudeks, kombineerub lihtsalt aksessuaaridega ning on praktiline lahendus kapselgarderoobi jaoks. P\u00f5hitopp on kindel valik neile, kes hindavad mugavust, lakoonilisust ja head istuvust.<br \/>\nM\u00f5\u00f5dud cm:<br \/>\nRinna\u00fcmberm\u00f5\u00f5t: 86\u201393 cm<br \/>\nPikkus: 43 cm<br \/>\nHooldus:<br \/>Triikimine temperatuuril 110\u00b0<br \/>Valgendamine keelatud<br \/>\u00d5rn pesu 30\u00b0     <\/p>\n<p><strong>Tellimuse vormistamisel m\u00e4rgi palun oma t\u00e4psed m\u00f5\u00f5dud (puusad, v\u00f6\u00f6koht ja pikkus), et saaksime sulle sobivaima suuruse valida.<br \/>Toode on saadaval nii poes kui ka veebipoes!<\/strong><\/p>\n<p>Tootekood: 8133<\/p>\n","protected":false},"excerpt":{"rendered":"<p>Suurus: universaalne<br \/>\nKoostis: 82% nailon, 18% elastaan<br \/>\nV\u00e4rvid: valge, must, bee\u017e<\/p>\n","protected":false},"featured_media":39006,"comment_status":"open","ping_status":"closed","template":"","meta":[],"product_brand":[],"product_cat":[462],"product_tag":[],"class_list":{"0":"post-38988","1":"product","2":"type-product","3":"status-publish","4":"has-post-thumbnail","6":"product_cat-t-sargid","8":"first","9":"instock","10":"shipping-taxable","11":"purchasable","12":"product-type-variable"},"yoast_head":"<!-- This site is optimized with the Yoast SEO plugin v27.3 - https:\/\/yoast.com\/product\/yoast-seo-wordpress\/ -->\n<title>P\u00f5hitopp - \u041c\u0430\u0433\u0430\u0437\u0438\u043d \u043e\u0434\u0435\u0436\u0434\u044b ARMONTI<\/title>\n<meta name=\"description\" content=\"Tihe p\u00f5hitopp kahes v\u00e4rvitoonis, toestava l\u00f5ikega \u2014 universaalne alus kihilisteks ja eraldiseisvateks riietuskomplektideks.\" \/>\n<meta name=\"robots\" content=\"index, follow, max-snippet:-1, max-image-preview:large, max-video-preview:-1\" \/>\n<link rel=\"canonical\" href=\"https:\/\/armonti.eu\/et\/toode\/t-sark-sudamega-kopirovat-kopirovat-kopirovat-kopirovat\/\" \/>\n<meta property=\"og:locale\" content=\"et_EE\" \/>\n<meta property=\"og:type\" content=\"article\" \/>\n<meta property=\"og:title\" content=\"P\u00f5hitopp - \u041c\u0430\u0433\u0430\u0437\u0438\u043d \u043e\u0434\u0435\u0436\u0434\u044b ARMONTI\" \/>\n<meta property=\"og:description\" content=\"Tihe p\u00f5hitopp kahes v\u00e4rvitoonis, toestava l\u00f5ikega \u2014 universaalne alus kihilisteks ja eraldiseisvateks riietuskomplektideks.\" \/>\n<meta property=\"og:url\" content=\"https:\/\/armonti.eu\/et\/toode\/t-sark-sudamega-kopirovat-kopirovat-kopirovat-kopirovat\/\" \/>\n<meta property=\"og:site_name\" content=\"\u041c\u0430\u0433\u0430\u0437\u0438\u043d \u043e\u0434\u0435\u0436\u0434\u044b ARMONTI\" \/>\n<meta property=\"article:modified_time\" content=\"2026-04-07T16:53:28+00:00\" \/>\n<meta property=\"og:image\" content=\"https:\/\/armonti.eu\/wp-content\/uploads\/2026\/04\/img_5849-scaled.jpg\" \/>\n\t<meta property=\"og:image:width\" content=\"1920\" \/>\n\t<meta property=\"og:image:height\" content=\"2560\" \/>\n\t<meta property=\"og:image:type\" content=\"image\/jpeg\" \/>\n<meta name=\"twitter:card\" content=\"summary_large_image\" \/>\n<meta name=\"twitter:label1\" content=\"Est. reading time\" \/>\n\t<meta name=\"twitter:data1\" content=\"1 minut\" \/>\n<script type=\"application\/ld+json\" class=\"yoast-schema-graph\">{\"@context\":\"https:\\\/\\\/schema.org\",\"@graph\":[{\"@type\":\"WebPage\",\"@id\":\"https:\\\/\\\/armonti.eu\\\/et\\\/toode\\\/t-sark-sudamega-kopirovat-kopirovat-kopirovat-kopirovat\\\/\",\"url\":\"https:\\\/\\\/armonti.eu\\\/et\\\/toode\\\/t-sark-sudamega-kopirovat-kopirovat-kopirovat-kopirovat\\\/\",\"name\":\"P\u00f5hitopp - \u041c\u0430\u0433\u0430\u0437\u0438\u043d \u043e\u0434\u0435\u0436\u0434\u044b ARMONTI\",\"isPartOf\":{\"@id\":\"https:\\\/\\\/armonti.eu\\\/#website\"},\"primaryImageOfPage\":{\"@id\":\"https:\\\/\\\/armonti.eu\\\/et\\\/toode\\\/t-sark-sudamega-kopirovat-kopirovat-kopirovat-kopirovat\\\/#primaryimage\"},\"image\":{\"@id\":\"https:\\\/\\\/armonti.eu\\\/et\\\/toode\\\/t-sark-sudamega-kopirovat-kopirovat-kopirovat-kopirovat\\\/#primaryimage\"},\"thumbnailUrl\":\"https:\\\/\\\/armonti.eu\\\/wp-content\\\/uploads\\\/2026\\\/04\\\/img_5849-scaled.jpg\",\"datePublished\":\"2026-04-07T10:40:20+00:00\",\"dateModified\":\"2026-04-07T16:53:28+00:00\",\"description\":\"Tihe p\u00f5hitopp kahes v\u00e4rvitoonis, toestava l\u00f5ikega \u2014 universaalne alus kihilisteks ja eraldiseisvateks riietuskomplektideks.\",\"breadcrumb\":{\"@id\":\"https:\\\/\\\/armonti.eu\\\/et\\\/toode\\\/t-sark-sudamega-kopirovat-kopirovat-kopirovat-kopirovat\\\/#breadcrumb\"},\"inLanguage\":\"et\",\"potentialAction\":[{\"@type\":\"ReadAction\",\"target\":[\"https:\\\/\\\/armonti.eu\\\/et\\\/toode\\\/t-sark-sudamega-kopirovat-kopirovat-kopirovat-kopirovat\\\/\"]}]},{\"@type\":\"ImageObject\",\"inLanguage\":\"et\",\"@id\":\"https:\\\/\\\/armonti.eu\\\/et\\\/toode\\\/t-sark-sudamega-kopirovat-kopirovat-kopirovat-kopirovat\\\/#primaryimage\",\"url\":\"https:\\\/\\\/armonti.eu\\\/wp-content\\\/uploads\\\/2026\\\/04\\\/img_5849-scaled.jpg\",\"contentUrl\":\"https:\\\/\\\/armonti.eu\\\/wp-content\\\/uploads\\\/2026\\\/04\\\/img_5849-scaled.jpg\",\"width\":1920,\"height\":2560,\"caption\":\"P\u00f5hitopp bee\u017e\"},{\"@type\":\"BreadcrumbList\",\"@id\":\"https:\\\/\\\/armonti.eu\\\/et\\\/toode\\\/t-sark-sudamega-kopirovat-kopirovat-kopirovat-kopirovat\\\/#breadcrumb\",\"itemListElement\":[{\"@type\":\"ListItem\",\"position\":1,\"name\":\"\u0413\u043b\u0430\u0432\u043d\u0430\u044f\",\"item\":\"https:\\\/\\\/armonti.eu\\\/\"},{\"@type\":\"ListItem\",\"position\":2,\"name\":\"Shop\",\"item\":\"https:\\\/\\\/armonti.eu\\\/et\\\/shop\\\/\"},{\"@type\":\"ListItem\",\"position\":3,\"name\":\"\u041e\u0434\u0435\u0436\u0434\u0430\",\"item\":\"https:\\\/\\\/armonti.eu\\\/catalog\\\/odezhda\\\/\"},{\"@type\":\"ListItem\",\"position\":4,\"name\":\"\u0422\u043e\u043f\u044b, \u0444\u0443\u0442\u0431\u043e\u043b\u043a\u0438\u00a0\u0438\u00a0\u043b\u043e\u043d\u0433\u0441\u043b\u0438\u0432\u044b\",\"item\":\"https:\\\/\\\/armonti.eu\\\/catalog\\\/odezhda\\\/futbolki\\\/\"},{\"@type\":\"ListItem\",\"position\":5,\"name\":\"P\u00f5hitopp\"}]},{\"@type\":\"WebSite\",\"@id\":\"https:\\\/\\\/armonti.eu\\\/#website\",\"url\":\"https:\\\/\\\/armonti.eu\\\/\",\"name\":\"ARMONTI\",\"description\":\"\",\"publisher\":{\"@id\":\"https:\\\/\\\/armonti.eu\\\/#organization\"},\"alternateName\":\"\u0416\u0435\u043d\u0441\u043a\u0430\u044f \u0431\u0440\u0435\u043d\u0434\u043e\u0432\u0430\u044f \u043e\u0434\u0435\u0436\u0434\u0430\",\"potentialAction\":[{\"@type\":\"SearchAction\",\"target\":{\"@type\":\"EntryPoint\",\"urlTemplate\":\"https:\\\/\\\/armonti.eu\\\/?s={search_term_string}\"},\"query-input\":{\"@type\":\"PropertyValueSpecification\",\"valueRequired\":true,\"valueName\":\"search_term_string\"}}],\"inLanguage\":\"et\"},{\"@type\":\"Organization\",\"@id\":\"https:\\\/\\\/armonti.eu\\\/#organization\",\"name\":\"ARMONTI\",\"alternateName\":\"\u0416\u0435\u043d\u0441\u043a\u0430\u044f \u0431\u0440\u0435\u043d\u0434\u043e\u0432\u0430\u044f \u043e\u0434\u0435\u0436\u0434\u0430\",\"url\":\"https:\\\/\\\/armonti.eu\\\/\",\"logo\":{\"@type\":\"ImageObject\",\"inLanguage\":\"et\",\"@id\":\"https:\\\/\\\/armonti.eu\\\/#\\\/schema\\\/logo\\\/image\\\/\",\"url\":\"https:\\\/\\\/armonti.eu\\\/wp-content\\\/uploads\\\/2023\\\/05\\\/armonti-logo-white.png\",\"contentUrl\":\"https:\\\/\\\/armonti.eu\\\/wp-content\\\/uploads\\\/2023\\\/05\\\/armonti-logo-white.png\",\"width\":2165,\"height\":554,\"caption\":\"ARMONTI\"},\"image\":{\"@id\":\"https:\\\/\\\/armonti.eu\\\/#\\\/schema\\\/logo\\\/image\\\/\"}}]}<\/script>\n<!-- \/ Yoast SEO plugin. -->","yoast_head_json":{"title":"P\u00f5hitopp - \u041c\u0430\u0433\u0430\u0437\u0438\u043d \u043e\u0434\u0435\u0436\u0434\u044b ARMONTI","description":"Tihe p\u00f5hitopp kahes v\u00e4rvitoonis, toestava l\u00f5ikega \u2014 universaalne alus kihilisteks ja eraldiseisvateks riietuskomplektideks.","robots":{"index":"index","follow":"follow","max-snippet":"max-snippet:-1","max-image-preview":"max-image-preview:large","max-video-preview":"max-video-preview:-1"},"canonical":"https:\/\/armonti.eu\/et\/toode\/t-sark-sudamega-kopirovat-kopirovat-kopirovat-kopirovat\/","og_locale":"et_EE","og_type":"article","og_title":"P\u00f5hitopp - \u041c\u0430\u0433\u0430\u0437\u0438\u043d \u043e\u0434\u0435\u0436\u0434\u044b ARMONTI","og_description":"Tihe p\u00f5hitopp kahes v\u00e4rvitoonis, toestava l\u00f5ikega \u2014 universaalne alus kihilisteks ja eraldiseisvateks riietuskomplektideks.","og_url":"https:\/\/armonti.eu\/et\/toode\/t-sark-sudamega-kopirovat-kopirovat-kopirovat-kopirovat\/","og_site_name":"\u041c\u0430\u0433\u0430\u0437\u0438\u043d \u043e\u0434\u0435\u0436\u0434\u044b ARMONTI","article_modified_time":"2026-04-07T16:53:28+00:00","og_image":[{"width":1920,"height":2560,"url":"https:\/\/armonti.eu\/wp-content\/uploads\/2026\/04\/img_5849-scaled.jpg","type":"image\/jpeg"}],"twitter_card":"summary_large_image","twitter_misc":{"Est. reading time":"1 minut"},"schema":{"@context":"https:\/\/schema.org","@graph":[{"@type":"WebPage","@id":"https:\/\/armonti.eu\/et\/toode\/t-sark-sudamega-kopirovat-kopirovat-kopirovat-kopirovat\/","url":"https:\/\/armonti.eu\/et\/toode\/t-sark-sudamega-kopirovat-kopirovat-kopirovat-kopirovat\/","name":"P\u00f5hitopp - \u041c\u0430\u0433\u0430\u0437\u0438\u043d \u043e\u0434\u0435\u0436\u0434\u044b ARMONTI","isPartOf":{"@id":"https:\/\/armonti.eu\/#website"},"primaryImageOfPage":{"@id":"https:\/\/armonti.eu\/et\/toode\/t-sark-sudamega-kopirovat-kopirovat-kopirovat-kopirovat\/#primaryimage"},"image":{"@id":"https:\/\/armonti.eu\/et\/toode\/t-sark-sudamega-kopirovat-kopirovat-kopirovat-kopirovat\/#primaryimage"},"thumbnailUrl":"https:\/\/armonti.eu\/wp-content\/uploads\/2026\/04\/img_5849-scaled.jpg","datePublished":"2026-04-07T10:40:20+00:00","dateModified":"2026-04-07T16:53:28+00:00","description":"Tihe p\u00f5hitopp kahes v\u00e4rvitoonis, toestava l\u00f5ikega \u2014 universaalne alus kihilisteks ja eraldiseisvateks riietuskomplektideks.","breadcrumb":{"@id":"https:\/\/armonti.eu\/et\/toode\/t-sark-sudamega-kopirovat-kopirovat-kopirovat-kopirovat\/#breadcrumb"},"inLanguage":"et","potentialAction":[{"@type":"ReadAction","target":["https:\/\/armonti.eu\/et\/toode\/t-sark-sudamega-kopirovat-kopirovat-kopirovat-kopirovat\/"]}]},{"@type":"ImageObject","inLanguage":"et","@id":"https:\/\/armonti.eu\/et\/toode\/t-sark-sudamega-kopirovat-kopirovat-kopirovat-kopirovat\/#primaryimage","url":"https:\/\/armonti.eu\/wp-content\/uploads\/2026\/04\/img_5849-scaled.jpg","contentUrl":"https:\/\/armonti.eu\/wp-content\/uploads\/2026\/04\/img_5849-scaled.jpg","width":1920,"height":2560,"caption":"P\u00f5hitopp bee\u017e"},{"@type":"BreadcrumbList","@id":"https:\/\/armonti.eu\/et\/toode\/t-sark-sudamega-kopirovat-kopirovat-kopirovat-kopirovat\/#breadcrumb","itemListElement":[{"@type":"ListItem","position":1,"name":"\u0413\u043b\u0430\u0432\u043d\u0430\u044f","item":"https:\/\/armonti.eu\/"},{"@type":"ListItem","position":2,"name":"Shop","item":"https:\/\/armonti.eu\/et\/shop\/"},{"@type":"ListItem","position":3,"name":"\u041e\u0434\u0435\u0436\u0434\u0430","item":"https:\/\/armonti.eu\/catalog\/odezhda\/"},{"@type":"ListItem","position":4,"name":"\u0422\u043e\u043f\u044b, \u0444\u0443\u0442\u0431\u043e\u043b\u043a\u0438\u00a0\u0438\u00a0\u043b\u043e\u043d\u0433\u0441\u043b\u0438\u0432\u044b","item":"https:\/\/armonti.eu\/catalog\/odezhda\/futbolki\/"},{"@type":"ListItem","position":5,"name":"P\u00f5hitopp"}]},{"@type":"WebSite","@id":"https:\/\/armonti.eu\/#website","url":"https:\/\/armonti.eu\/","name":"ARMONTI","description":"","publisher":{"@id":"https:\/\/armonti.eu\/#organization"},"alternateName":"\u0416\u0435\u043d\u0441\u043a\u0430\u044f \u0431\u0440\u0435\u043d\u0434\u043e\u0432\u0430\u044f \u043e\u0434\u0435\u0436\u0434\u0430","potentialAction":[{"@type":"SearchAction","target":{"@type":"EntryPoint","urlTemplate":"https:\/\/armonti.eu\/?s={search_term_string}"},"query-input":{"@type":"PropertyValueSpecification","valueRequired":true,"valueName":"search_term_string"}}],"inLanguage":"et"},{"@type":"Organization","@id":"https:\/\/armonti.eu\/#organization","name":"ARMONTI","alternateName":"\u0416\u0435\u043d\u0441\u043a\u0430\u044f \u0431\u0440\u0435\u043d\u0434\u043e\u0432\u0430\u044f \u043e\u0434\u0435\u0436\u0434\u0430","url":"https:\/\/armonti.eu\/","logo":{"@type":"ImageObject","inLanguage":"et","@id":"https:\/\/armonti.eu\/#\/schema\/logo\/image\/","url":"https:\/\/armonti.eu\/wp-content\/uploads\/2023\/05\/armonti-logo-white.png","contentUrl":"https:\/\/armonti.eu\/wp-content\/uploads\/2023\/05\/armonti-logo-white.png","width":2165,"height":554,"caption":"ARMONTI"},"image":{"@id":"https:\/\/armonti.eu\/#\/schema\/logo\/image\/"}}]}},"_links":{"self":[{"href":"https:\/\/armonti.eu\/et\/wp-json\/wp\/v2\/product\/38988","targetHints":{"allow":["GET"]}}],"collection":[{"href":"https:\/\/armonti.eu\/et\/wp-json\/wp\/v2\/product"}],"about":[{"href":"https:\/\/armonti.eu\/et\/wp-json\/wp\/v2\/types\/product"}],"replies":[{"embeddable":true,"href":"https:\/\/armonti.eu\/et\/wp-json\/wp\/v2\/comments?post=38988"}],"wp:featuredmedia":[{"embeddable":true,"href":"https:\/\/armonti.eu\/et\/wp-json\/wp\/v2\/media\/39006"}],"wp:attachment":[{"href":"https:\/\/armonti.eu\/et\/wp-json\/wp\/v2\/media?parent=38988"}],"wp:term":[{"taxonomy":"product_brand","embeddable":true,"href":"https:\/\/armonti.eu\/et\/wp-json\/wp\/v2\/product_brand?post=38988"},{"taxonomy":"product_cat","embeddable":true,"href":"https:\/\/armonti.eu\/et\/wp-json\/wp\/v2\/product_cat?post=38988"},{"taxonomy":"product_tag","embeddable":true,"href":"https:\/\/armonti.eu\/et\/wp-json\/wp\/v2\/product_tag?post=38988"}],"curies":[{"name":"wp","href":"https:\/\/api.w.org\/{rel}","templated":true}]}}