{"id":38898,"date":"2026-04-07T12:49:01","date_gmt":"2026-04-07T09:49:01","guid":{"rendered":"https:\/\/armonti.eu\/?post_type=product&#038;p=38898"},"modified":"2026-04-07T19:46:44","modified_gmt":"2026-04-07T16:46:44","slug":"t-sark-sudamega-kopirovat-kopirovat","status":"publish","type":"product","link":"https:\/\/armonti.eu\/et\/toode\/t-sark-sudamega-kopirovat-kopirovat\/","title":{"rendered":"KassigaT-s\u00e4rk"},"content":{"rendered":"<p>\u0412\u043e\u0442 \u043f\u0435\u0440\u0435\u0432\u043e\u0434 \u0442\u0435\u043a\u0441\u0442\u0430 \u043d\u0430 \u044d\u0441\u0442\u043e\u043d\u0441\u043a\u0438\u0439 \u044f\u0437\u044b\u043a:<\/p>\n<p>Kassiga T-s\u00e4rk \u2014 originaalne mudel, mis \u00fchendab p\u00f5hikanga mugavuse v\u00e4ljendusrikka dekoratsiooniga. Hingavast puuvillast valmistatud T-s\u00e4rk on saadaval kolme v\u00e4rvitoonina ja sobib ideaalselt igap\u00e4evasteks outfit\u2019ideks: jalutusk\u00e4ikudeks, vabaaja t\u00f6\u00f6stiilis kandmiseks ja s\u00f5pradega kohtumiseks. Rinna dekoratsioon \u2014 stiilne kassi pildiga tr\u00fckk \u2014 lisab v\u00e4limusele m\u00e4ngulist nooti, s\u00e4ilitades samal ajal r\u00f5iva universaalsuse. P\u00f5hikujundus r\u00f5hutab siluetti ja toob esile teie v\u00e4limuse. Kassiga T-s\u00e4rk sobib h\u00e4sti teksade, seeliku v\u00f5i l\u00fchikestega ning on silmapaistev, kuid praktiline t\u00e4iendus teie garderoobile.<br \/>\nM\u00f5\u00f5dud cm:<br \/>\nLaius:<br \/>\nS\/M 88\u201398 cm<br \/>\nM\/L 99\u2013110 cm<br \/>Pikkus s\u00f5ltuvalt suurusest 65\u201367 cm<br \/>Hooldus:<br \/>Triikimine temperatuuril 110\u00b0<br \/>Valgendamine keelatud<br \/>\u00d5rn pesu 30\u00b0    <\/p>\n<p><strong>Tellimuse vormistamisel m\u00e4rgi palun oma t\u00e4psed m\u00f5\u00f5dud (puusad, v\u00f6\u00f6koht ja pikkus), et saaksime sulle sobivaima suuruse valida.<br \/>Toode on saadaval nii poes kui ka veebipoes!<\/strong><\/p>\n<p>Tootekood: 1198<\/p>\n","protected":false},"excerpt":{"rendered":"<p>Suurused: S\/M, M\/L<br \/>\nKoostis: 95% puuvill, 5% elastaan<br \/>\nV\u00e4rvid: valge, must, bee\u017e<\/p>\n","protected":false},"featured_media":38912,"comment_status":"open","ping_status":"closed","template":"","meta":[],"product_brand":[],"product_cat":[462],"product_tag":[],"class_list":{"0":"post-38898","1":"product","2":"type-product","3":"status-publish","4":"has-post-thumbnail","6":"product_cat-t-sargid","8":"first","9":"instock","10":"shipping-taxable","11":"purchasable","12":"product-type-variable"},"yoast_head":"<!-- This site is optimized with the Yoast SEO plugin v27.3 - https:\/\/yoast.com\/product\/yoast-seo-wordpress\/ -->\n<title>KassigaT-s\u00e4rk - \u041c\u0430\u0433\u0430\u0437\u0438\u043d \u043e\u0434\u0435\u0436\u0434\u044b ARMONTI<\/title>\n<meta name=\"description\" content=\"KassigaT-s\u00e4rk \u2014 pehme ja hubane mudel kolme v\u00e4rvitooniga, rinnal dekoratsiooniga. Sobib igap\u00e4evaseks garderoobiks ja kombineerub kergesti erinevate stiilidega.\" \/>\n<meta name=\"robots\" content=\"index, follow, max-snippet:-1, max-image-preview:large, max-video-preview:-1\" \/>\n<link rel=\"canonical\" href=\"https:\/\/armonti.eu\/et\/toode\/t-sark-sudamega-kopirovat-kopirovat\/\" \/>\n<meta property=\"og:locale\" content=\"et_EE\" \/>\n<meta property=\"og:type\" content=\"article\" \/>\n<meta property=\"og:title\" content=\"KassigaT-s\u00e4rk - \u041c\u0430\u0433\u0430\u0437\u0438\u043d \u043e\u0434\u0435\u0436\u0434\u044b ARMONTI\" \/>\n<meta property=\"og:description\" content=\"KassigaT-s\u00e4rk \u2014 pehme ja hubane mudel kolme v\u00e4rvitooniga, rinnal dekoratsiooniga. Sobib igap\u00e4evaseks garderoobiks ja kombineerub kergesti erinevate stiilidega.\" \/>\n<meta property=\"og:url\" content=\"https:\/\/armonti.eu\/et\/toode\/t-sark-sudamega-kopirovat-kopirovat\/\" \/>\n<meta property=\"og:site_name\" content=\"\u041c\u0430\u0433\u0430\u0437\u0438\u043d \u043e\u0434\u0435\u0436\u0434\u044b ARMONTI\" \/>\n<meta property=\"article:modified_time\" content=\"2026-04-07T16:46:44+00:00\" \/>\n<meta property=\"og:image\" content=\"https:\/\/armonti.eu\/wp-content\/uploads\/2026\/04\/img_5815-scaled.jpg\" \/>\n\t<meta property=\"og:image:width\" content=\"1920\" \/>\n\t<meta property=\"og:image:height\" content=\"2560\" \/>\n\t<meta property=\"og:image:type\" content=\"image\/jpeg\" \/>\n<meta name=\"twitter:card\" content=\"summary_large_image\" \/>\n<meta name=\"twitter:label1\" content=\"Est. reading time\" \/>\n\t<meta name=\"twitter:data1\" content=\"1 minut\" \/>\n<script type=\"application\/ld+json\" class=\"yoast-schema-graph\">{\"@context\":\"https:\\\/\\\/schema.org\",\"@graph\":[{\"@type\":\"WebPage\",\"@id\":\"https:\\\/\\\/armonti.eu\\\/et\\\/toode\\\/t-sark-sudamega-kopirovat-kopirovat\\\/\",\"url\":\"https:\\\/\\\/armonti.eu\\\/et\\\/toode\\\/t-sark-sudamega-kopirovat-kopirovat\\\/\",\"name\":\"KassigaT-s\u00e4rk - \u041c\u0430\u0433\u0430\u0437\u0438\u043d \u043e\u0434\u0435\u0436\u0434\u044b ARMONTI\",\"isPartOf\":{\"@id\":\"https:\\\/\\\/armonti.eu\\\/#website\"},\"primaryImageOfPage\":{\"@id\":\"https:\\\/\\\/armonti.eu\\\/et\\\/toode\\\/t-sark-sudamega-kopirovat-kopirovat\\\/#primaryimage\"},\"image\":{\"@id\":\"https:\\\/\\\/armonti.eu\\\/et\\\/toode\\\/t-sark-sudamega-kopirovat-kopirovat\\\/#primaryimage\"},\"thumbnailUrl\":\"https:\\\/\\\/armonti.eu\\\/wp-content\\\/uploads\\\/2026\\\/04\\\/img_5815-scaled.jpg\",\"datePublished\":\"2026-04-07T09:49:01+00:00\",\"dateModified\":\"2026-04-07T16:46:44+00:00\",\"description\":\"KassigaT-s\u00e4rk \u2014 pehme ja hubane mudel kolme v\u00e4rvitooniga, rinnal dekoratsiooniga. Sobib igap\u00e4evaseks garderoobiks ja kombineerub kergesti erinevate stiilidega.\",\"breadcrumb\":{\"@id\":\"https:\\\/\\\/armonti.eu\\\/et\\\/toode\\\/t-sark-sudamega-kopirovat-kopirovat\\\/#breadcrumb\"},\"inLanguage\":\"et\",\"potentialAction\":[{\"@type\":\"ReadAction\",\"target\":[\"https:\\\/\\\/armonti.eu\\\/et\\\/toode\\\/t-sark-sudamega-kopirovat-kopirovat\\\/\"]}]},{\"@type\":\"ImageObject\",\"inLanguage\":\"et\",\"@id\":\"https:\\\/\\\/armonti.eu\\\/et\\\/toode\\\/t-sark-sudamega-kopirovat-kopirovat\\\/#primaryimage\",\"url\":\"https:\\\/\\\/armonti.eu\\\/wp-content\\\/uploads\\\/2026\\\/04\\\/img_5815-scaled.jpg\",\"contentUrl\":\"https:\\\/\\\/armonti.eu\\\/wp-content\\\/uploads\\\/2026\\\/04\\\/img_5815-scaled.jpg\",\"width\":1920,\"height\":2560,\"caption\":\"T-s\u00e4rk tr\u00fckiga\"},{\"@type\":\"BreadcrumbList\",\"@id\":\"https:\\\/\\\/armonti.eu\\\/et\\\/toode\\\/t-sark-sudamega-kopirovat-kopirovat\\\/#breadcrumb\",\"itemListElement\":[{\"@type\":\"ListItem\",\"position\":1,\"name\":\"\u0413\u043b\u0430\u0432\u043d\u0430\u044f\",\"item\":\"https:\\\/\\\/armonti.eu\\\/\"},{\"@type\":\"ListItem\",\"position\":2,\"name\":\"Shop\",\"item\":\"https:\\\/\\\/armonti.eu\\\/et\\\/shop\\\/\"},{\"@type\":\"ListItem\",\"position\":3,\"name\":\"\u041e\u0434\u0435\u0436\u0434\u0430\",\"item\":\"https:\\\/\\\/armonti.eu\\\/catalog\\\/odezhda\\\/\"},{\"@type\":\"ListItem\",\"position\":4,\"name\":\"\u0422\u043e\u043f\u044b, \u0444\u0443\u0442\u0431\u043e\u043b\u043a\u0438\u00a0\u0438\u00a0\u043b\u043e\u043d\u0433\u0441\u043b\u0438\u0432\u044b\",\"item\":\"https:\\\/\\\/armonti.eu\\\/catalog\\\/odezhda\\\/futbolki\\\/\"},{\"@type\":\"ListItem\",\"position\":5,\"name\":\"KassigaT-s\u00e4rk\"}]},{\"@type\":\"WebSite\",\"@id\":\"https:\\\/\\\/armonti.eu\\\/#website\",\"url\":\"https:\\\/\\\/armonti.eu\\\/\",\"name\":\"ARMONTI\",\"description\":\"\",\"publisher\":{\"@id\":\"https:\\\/\\\/armonti.eu\\\/#organization\"},\"alternateName\":\"\u0416\u0435\u043d\u0441\u043a\u0430\u044f \u0431\u0440\u0435\u043d\u0434\u043e\u0432\u0430\u044f \u043e\u0434\u0435\u0436\u0434\u0430\",\"potentialAction\":[{\"@type\":\"SearchAction\",\"target\":{\"@type\":\"EntryPoint\",\"urlTemplate\":\"https:\\\/\\\/armonti.eu\\\/?s={search_term_string}\"},\"query-input\":{\"@type\":\"PropertyValueSpecification\",\"valueRequired\":true,\"valueName\":\"search_term_string\"}}],\"inLanguage\":\"et\"},{\"@type\":\"Organization\",\"@id\":\"https:\\\/\\\/armonti.eu\\\/#organization\",\"name\":\"ARMONTI\",\"alternateName\":\"\u0416\u0435\u043d\u0441\u043a\u0430\u044f \u0431\u0440\u0435\u043d\u0434\u043e\u0432\u0430\u044f \u043e\u0434\u0435\u0436\u0434\u0430\",\"url\":\"https:\\\/\\\/armonti.eu\\\/\",\"logo\":{\"@type\":\"ImageObject\",\"inLanguage\":\"et\",\"@id\":\"https:\\\/\\\/armonti.eu\\\/#\\\/schema\\\/logo\\\/image\\\/\",\"url\":\"https:\\\/\\\/armonti.eu\\\/wp-content\\\/uploads\\\/2023\\\/05\\\/armonti-logo-white.png\",\"contentUrl\":\"https:\\\/\\\/armonti.eu\\\/wp-content\\\/uploads\\\/2023\\\/05\\\/armonti-logo-white.png\",\"width\":2165,\"height\":554,\"caption\":\"ARMONTI\"},\"image\":{\"@id\":\"https:\\\/\\\/armonti.eu\\\/#\\\/schema\\\/logo\\\/image\\\/\"}}]}<\/script>\n<!-- \/ Yoast SEO plugin. -->","yoast_head_json":{"title":"KassigaT-s\u00e4rk - \u041c\u0430\u0433\u0430\u0437\u0438\u043d \u043e\u0434\u0435\u0436\u0434\u044b ARMONTI","description":"KassigaT-s\u00e4rk \u2014 pehme ja hubane mudel kolme v\u00e4rvitooniga, rinnal dekoratsiooniga. Sobib igap\u00e4evaseks garderoobiks ja kombineerub kergesti erinevate stiilidega.","robots":{"index":"index","follow":"follow","max-snippet":"max-snippet:-1","max-image-preview":"max-image-preview:large","max-video-preview":"max-video-preview:-1"},"canonical":"https:\/\/armonti.eu\/et\/toode\/t-sark-sudamega-kopirovat-kopirovat\/","og_locale":"et_EE","og_type":"article","og_title":"KassigaT-s\u00e4rk - \u041c\u0430\u0433\u0430\u0437\u0438\u043d \u043e\u0434\u0435\u0436\u0434\u044b ARMONTI","og_description":"KassigaT-s\u00e4rk \u2014 pehme ja hubane mudel kolme v\u00e4rvitooniga, rinnal dekoratsiooniga. Sobib igap\u00e4evaseks garderoobiks ja kombineerub kergesti erinevate stiilidega.","og_url":"https:\/\/armonti.eu\/et\/toode\/t-sark-sudamega-kopirovat-kopirovat\/","og_site_name":"\u041c\u0430\u0433\u0430\u0437\u0438\u043d \u043e\u0434\u0435\u0436\u0434\u044b ARMONTI","article_modified_time":"2026-04-07T16:46:44+00:00","og_image":[{"width":1920,"height":2560,"url":"https:\/\/armonti.eu\/wp-content\/uploads\/2026\/04\/img_5815-scaled.jpg","type":"image\/jpeg"}],"twitter_card":"summary_large_image","twitter_misc":{"Est. reading time":"1 minut"},"schema":{"@context":"https:\/\/schema.org","@graph":[{"@type":"WebPage","@id":"https:\/\/armonti.eu\/et\/toode\/t-sark-sudamega-kopirovat-kopirovat\/","url":"https:\/\/armonti.eu\/et\/toode\/t-sark-sudamega-kopirovat-kopirovat\/","name":"KassigaT-s\u00e4rk - \u041c\u0430\u0433\u0430\u0437\u0438\u043d \u043e\u0434\u0435\u0436\u0434\u044b ARMONTI","isPartOf":{"@id":"https:\/\/armonti.eu\/#website"},"primaryImageOfPage":{"@id":"https:\/\/armonti.eu\/et\/toode\/t-sark-sudamega-kopirovat-kopirovat\/#primaryimage"},"image":{"@id":"https:\/\/armonti.eu\/et\/toode\/t-sark-sudamega-kopirovat-kopirovat\/#primaryimage"},"thumbnailUrl":"https:\/\/armonti.eu\/wp-content\/uploads\/2026\/04\/img_5815-scaled.jpg","datePublished":"2026-04-07T09:49:01+00:00","dateModified":"2026-04-07T16:46:44+00:00","description":"KassigaT-s\u00e4rk \u2014 pehme ja hubane mudel kolme v\u00e4rvitooniga, rinnal dekoratsiooniga. Sobib igap\u00e4evaseks garderoobiks ja kombineerub kergesti erinevate stiilidega.","breadcrumb":{"@id":"https:\/\/armonti.eu\/et\/toode\/t-sark-sudamega-kopirovat-kopirovat\/#breadcrumb"},"inLanguage":"et","potentialAction":[{"@type":"ReadAction","target":["https:\/\/armonti.eu\/et\/toode\/t-sark-sudamega-kopirovat-kopirovat\/"]}]},{"@type":"ImageObject","inLanguage":"et","@id":"https:\/\/armonti.eu\/et\/toode\/t-sark-sudamega-kopirovat-kopirovat\/#primaryimage","url":"https:\/\/armonti.eu\/wp-content\/uploads\/2026\/04\/img_5815-scaled.jpg","contentUrl":"https:\/\/armonti.eu\/wp-content\/uploads\/2026\/04\/img_5815-scaled.jpg","width":1920,"height":2560,"caption":"T-s\u00e4rk tr\u00fckiga"},{"@type":"BreadcrumbList","@id":"https:\/\/armonti.eu\/et\/toode\/t-sark-sudamega-kopirovat-kopirovat\/#breadcrumb","itemListElement":[{"@type":"ListItem","position":1,"name":"\u0413\u043b\u0430\u0432\u043d\u0430\u044f","item":"https:\/\/armonti.eu\/"},{"@type":"ListItem","position":2,"name":"Shop","item":"https:\/\/armonti.eu\/et\/shop\/"},{"@type":"ListItem","position":3,"name":"\u041e\u0434\u0435\u0436\u0434\u0430","item":"https:\/\/armonti.eu\/catalog\/odezhda\/"},{"@type":"ListItem","position":4,"name":"\u0422\u043e\u043f\u044b, \u0444\u0443\u0442\u0431\u043e\u043b\u043a\u0438\u00a0\u0438\u00a0\u043b\u043e\u043d\u0433\u0441\u043b\u0438\u0432\u044b","item":"https:\/\/armonti.eu\/catalog\/odezhda\/futbolki\/"},{"@type":"ListItem","position":5,"name":"KassigaT-s\u00e4rk"}]},{"@type":"WebSite","@id":"https:\/\/armonti.eu\/#website","url":"https:\/\/armonti.eu\/","name":"ARMONTI","description":"","publisher":{"@id":"https:\/\/armonti.eu\/#organization"},"alternateName":"\u0416\u0435\u043d\u0441\u043a\u0430\u044f \u0431\u0440\u0435\u043d\u0434\u043e\u0432\u0430\u044f \u043e\u0434\u0435\u0436\u0434\u0430","potentialAction":[{"@type":"SearchAction","target":{"@type":"EntryPoint","urlTemplate":"https:\/\/armonti.eu\/?s={search_term_string}"},"query-input":{"@type":"PropertyValueSpecification","valueRequired":true,"valueName":"search_term_string"}}],"inLanguage":"et"},{"@type":"Organization","@id":"https:\/\/armonti.eu\/#organization","name":"ARMONTI","alternateName":"\u0416\u0435\u043d\u0441\u043a\u0430\u044f \u0431\u0440\u0435\u043d\u0434\u043e\u0432\u0430\u044f \u043e\u0434\u0435\u0436\u0434\u0430","url":"https:\/\/armonti.eu\/","logo":{"@type":"ImageObject","inLanguage":"et","@id":"https:\/\/armonti.eu\/#\/schema\/logo\/image\/","url":"https:\/\/armonti.eu\/wp-content\/uploads\/2023\/05\/armonti-logo-white.png","contentUrl":"https:\/\/armonti.eu\/wp-content\/uploads\/2023\/05\/armonti-logo-white.png","width":2165,"height":554,"caption":"ARMONTI"},"image":{"@id":"https:\/\/armonti.eu\/#\/schema\/logo\/image\/"}}]}},"_links":{"self":[{"href":"https:\/\/armonti.eu\/et\/wp-json\/wp\/v2\/product\/38898","targetHints":{"allow":["GET"]}}],"collection":[{"href":"https:\/\/armonti.eu\/et\/wp-json\/wp\/v2\/product"}],"about":[{"href":"https:\/\/armonti.eu\/et\/wp-json\/wp\/v2\/types\/product"}],"replies":[{"embeddable":true,"href":"https:\/\/armonti.eu\/et\/wp-json\/wp\/v2\/comments?post=38898"}],"wp:featuredmedia":[{"embeddable":true,"href":"https:\/\/armonti.eu\/et\/wp-json\/wp\/v2\/media\/38912"}],"wp:attachment":[{"href":"https:\/\/armonti.eu\/et\/wp-json\/wp\/v2\/media?parent=38898"}],"wp:term":[{"taxonomy":"product_brand","embeddable":true,"href":"https:\/\/armonti.eu\/et\/wp-json\/wp\/v2\/product_brand?post=38898"},{"taxonomy":"product_cat","embeddable":true,"href":"https:\/\/armonti.eu\/et\/wp-json\/wp\/v2\/product_cat?post=38898"},{"taxonomy":"product_tag","embeddable":true,"href":"https:\/\/armonti.eu\/et\/wp-json\/wp\/v2\/product_tag?post=38898"}],"curies":[{"name":"wp","href":"https:\/\/api.w.org\/{rel}","templated":true}]}}