{"id":38852,"date":"2026-04-06T18:38:04","date_gmt":"2026-04-06T15:38:04","guid":{"rendered":"https:\/\/armonti.eu\/?post_type=product&#038;p=38852"},"modified":"2026-04-07T19:42:35","modified_gmt":"2026-04-07T16:42:35","slug":"vooga-kardigan","status":"publish","type":"product","link":"https:\/\/armonti.eu\/et\/toode\/vooga-kardigan\/","title":{"rendered":"V\u00f6\u00f6ga kardigan"},"content":{"rendered":"<p>V\u00f6\u00f6ga kardigan \u2014 elegantne mudel stiilsete lookide loomiseks, r\u00f5hutades taljet. Pikendatud l\u00f5ige siluett visuaalselt saledamaks ja sobib harmooniliselt nii seeliku kui p\u00fckstega. Mudel on valmistatud \u00fchev\u00e4rvilise lillemustriga kangast. Reljeefne muster lisab \u00f5rna romantilist nooti ilma teravate kontrastideta. \u00d5huke v\u00f6\u00f6 reguleerib istuvust ja loob liivakella-kujulise silueti. 3\/4 varrukad annavad lookile elegantset kerget tunnet ja on mugavad igap\u00e4evases kandmises. V\u00f6\u00f6ga kardigan sobib suurep\u00e4raselt nii kontorisse kui jalutusk\u00e4ikudele t\u00e4nu tagasihoidlikule dekoratsioonile ja l\u00e4bim\u00f5eldud pikkusele.<br \/>\nM\u00f5\u00f5dud cm:<br \/>\nRinna\u00fcmberm\u00f5\u00f5t 88\u2013104 cm<br \/>\nPikkus 85 cm<br \/>\nHooldus: triikida 110\u00b0 juures, pleegitamine keelatud, delikaatne pesu 30\u00b0.      <\/p>\n<p><strong>Tellimuse vormistamisel m\u00e4rgi palun oma t\u00e4psed m\u00f5\u00f5dud (puusad, v\u00f6\u00f6koht ja pikkus), et saaksime sulle sobivaima suuruse valida.<br \/>Toode on saadaval nii poes kui ka veebipoes!<\/strong><\/p>\n<p>Tootekood: 6896<\/p>\n","protected":false},"excerpt":{"rendered":"<p>Suurus: universaalne<br \/>\nKoostis: 38% tensel, 32% viskoos, 15% lina, 15% nailon<br \/>\nV\u00e4rvid: heleroheline, helesinine, m\u00fcndiroheline, salvei<\/p>\n","protected":false},"featured_media":38835,"comment_status":"open","ping_status":"closed","template":"","meta":[],"product_brand":[],"product_cat":[569,448,438,568],"product_tag":[],"class_list":{"0":"post-38852","1":"product","2":"type-product","3":"status-publish","4":"has-post-thumbnail","6":"product_cat-kleidid-ja-tuunikad","7":"product_cat-kudumi-trikotazkostuumid","8":"product_cat-bluzki-i-rubashki-et","9":"product_cat-kardigany-et","11":"first","12":"instock","13":"shipping-taxable","14":"purchasable","15":"product-type-variable"},"yoast_head":"<!-- This site is optimized with the Yoast SEO plugin v27.3 - https:\/\/yoast.com\/product\/yoast-seo-wordpress\/ -->\n<title>V\u00f6\u00f6ga kardigan - \u041c\u0430\u0433\u0430\u0437\u0438\u043d \u043e\u0434\u0435\u0436\u0434\u044b ARMONTI<\/title>\n<meta name=\"description\" content=\"Pikk kardigan v\u00f6\u00f6ga \u2014 pikendatud mudel \u00fchev\u00e4rvilise lillemustriga ja \u00f5hukese v\u00f6\u00f6ga. 3\/4 varrukad lisavad tagasihoidlikku elegantsi, muutes kardigani stiilseks ja naiselikuks valikuks.\" \/>\n<meta name=\"robots\" content=\"index, follow, max-snippet:-1, max-image-preview:large, max-video-preview:-1\" \/>\n<link rel=\"canonical\" href=\"https:\/\/armonti.eu\/et\/toode\/vooga-kardigan\/\" \/>\n<meta property=\"og:locale\" content=\"et_EE\" \/>\n<meta property=\"og:type\" content=\"article\" \/>\n<meta property=\"og:title\" content=\"V\u00f6\u00f6ga kardigan - \u041c\u0430\u0433\u0430\u0437\u0438\u043d \u043e\u0434\u0435\u0436\u0434\u044b ARMONTI\" \/>\n<meta property=\"og:description\" content=\"Pikk kardigan v\u00f6\u00f6ga \u2014 pikendatud mudel \u00fchev\u00e4rvilise lillemustriga ja \u00f5hukese v\u00f6\u00f6ga. 3\/4 varrukad lisavad tagasihoidlikku elegantsi, muutes kardigani stiilseks ja naiselikuks valikuks.\" \/>\n<meta property=\"og:url\" content=\"https:\/\/armonti.eu\/et\/toode\/vooga-kardigan\/\" \/>\n<meta property=\"og:site_name\" content=\"\u041c\u0430\u0433\u0430\u0437\u0438\u043d \u043e\u0434\u0435\u0436\u0434\u044b ARMONTI\" \/>\n<meta property=\"article:modified_time\" content=\"2026-04-07T16:42:35+00:00\" \/>\n<meta property=\"og:image\" content=\"https:\/\/armonti.eu\/wp-content\/uploads\/2026\/04\/img_5678-scaled.jpg\" \/>\n\t<meta property=\"og:image:width\" content=\"1920\" \/>\n\t<meta property=\"og:image:height\" content=\"2560\" \/>\n\t<meta property=\"og:image:type\" content=\"image\/jpeg\" \/>\n<meta name=\"twitter:card\" content=\"summary_large_image\" \/>\n<meta name=\"twitter:label1\" content=\"Est. reading time\" \/>\n\t<meta name=\"twitter:data1\" content=\"1 minut\" \/>\n<script type=\"application\/ld+json\" class=\"yoast-schema-graph\">{\"@context\":\"https:\\\/\\\/schema.org\",\"@graph\":[{\"@type\":\"WebPage\",\"@id\":\"https:\\\/\\\/armonti.eu\\\/et\\\/toode\\\/vooga-kardigan\\\/\",\"url\":\"https:\\\/\\\/armonti.eu\\\/et\\\/toode\\\/vooga-kardigan\\\/\",\"name\":\"V\u00f6\u00f6ga kardigan - \u041c\u0430\u0433\u0430\u0437\u0438\u043d \u043e\u0434\u0435\u0436\u0434\u044b ARMONTI\",\"isPartOf\":{\"@id\":\"https:\\\/\\\/armonti.eu\\\/#website\"},\"primaryImageOfPage\":{\"@id\":\"https:\\\/\\\/armonti.eu\\\/et\\\/toode\\\/vooga-kardigan\\\/#primaryimage\"},\"image\":{\"@id\":\"https:\\\/\\\/armonti.eu\\\/et\\\/toode\\\/vooga-kardigan\\\/#primaryimage\"},\"thumbnailUrl\":\"https:\\\/\\\/armonti.eu\\\/wp-content\\\/uploads\\\/2026\\\/04\\\/img_5678-scaled.jpg\",\"datePublished\":\"2026-04-06T15:38:04+00:00\",\"dateModified\":\"2026-04-07T16:42:35+00:00\",\"description\":\"Pikk kardigan v\u00f6\u00f6ga \u2014 pikendatud mudel \u00fchev\u00e4rvilise lillemustriga ja \u00f5hukese v\u00f6\u00f6ga. 3\\\/4 varrukad lisavad tagasihoidlikku elegantsi, muutes kardigani stiilseks ja naiselikuks valikuks.\",\"breadcrumb\":{\"@id\":\"https:\\\/\\\/armonti.eu\\\/et\\\/toode\\\/vooga-kardigan\\\/#breadcrumb\"},\"inLanguage\":\"et\",\"potentialAction\":[{\"@type\":\"ReadAction\",\"target\":[\"https:\\\/\\\/armonti.eu\\\/et\\\/toode\\\/vooga-kardigan\\\/\"]}]},{\"@type\":\"ImageObject\",\"inLanguage\":\"et\",\"@id\":\"https:\\\/\\\/armonti.eu\\\/et\\\/toode\\\/vooga-kardigan\\\/#primaryimage\",\"url\":\"https:\\\/\\\/armonti.eu\\\/wp-content\\\/uploads\\\/2026\\\/04\\\/img_5678-scaled.jpg\",\"contentUrl\":\"https:\\\/\\\/armonti.eu\\\/wp-content\\\/uploads\\\/2026\\\/04\\\/img_5678-scaled.jpg\",\"width\":1920,\"height\":2560,\"caption\":\"Pikendatud kardigan 3\\\/4 varrukateda\"},{\"@type\":\"BreadcrumbList\",\"@id\":\"https:\\\/\\\/armonti.eu\\\/et\\\/toode\\\/vooga-kardigan\\\/#breadcrumb\",\"itemListElement\":[{\"@type\":\"ListItem\",\"position\":1,\"name\":\"\u0413\u043b\u0430\u0432\u043d\u0430\u044f\",\"item\":\"https:\\\/\\\/armonti.eu\\\/\"},{\"@type\":\"ListItem\",\"position\":2,\"name\":\"Shop\",\"item\":\"https:\\\/\\\/armonti.eu\\\/et\\\/shop\\\/\"},{\"@type\":\"ListItem\",\"position\":3,\"name\":\"\u041e\u0434\u0435\u0436\u0434\u0430\",\"item\":\"https:\\\/\\\/armonti.eu\\\/catalog\\\/odezhda\\\/\"},{\"@type\":\"ListItem\",\"position\":4,\"name\":\"\u0412\u044f\u0437\u0430\u043d\u044b\u0439\u00a0\u0442\u0440\u0438\u043a\u043e\u0442\u0430\u0436\",\"item\":\"https:\\\/\\\/armonti.eu\\\/catalog\\\/odezhda\\\/kostyumy\\\/\"},{\"@type\":\"ListItem\",\"position\":5,\"name\":\"V\u00f6\u00f6ga kardigan\"}]},{\"@type\":\"WebSite\",\"@id\":\"https:\\\/\\\/armonti.eu\\\/#website\",\"url\":\"https:\\\/\\\/armonti.eu\\\/\",\"name\":\"ARMONTI\",\"description\":\"\",\"publisher\":{\"@id\":\"https:\\\/\\\/armonti.eu\\\/#organization\"},\"alternateName\":\"\u0416\u0435\u043d\u0441\u043a\u0430\u044f \u0431\u0440\u0435\u043d\u0434\u043e\u0432\u0430\u044f \u043e\u0434\u0435\u0436\u0434\u0430\",\"potentialAction\":[{\"@type\":\"SearchAction\",\"target\":{\"@type\":\"EntryPoint\",\"urlTemplate\":\"https:\\\/\\\/armonti.eu\\\/?s={search_term_string}\"},\"query-input\":{\"@type\":\"PropertyValueSpecification\",\"valueRequired\":true,\"valueName\":\"search_term_string\"}}],\"inLanguage\":\"et\"},{\"@type\":\"Organization\",\"@id\":\"https:\\\/\\\/armonti.eu\\\/#organization\",\"name\":\"ARMONTI\",\"alternateName\":\"\u0416\u0435\u043d\u0441\u043a\u0430\u044f \u0431\u0440\u0435\u043d\u0434\u043e\u0432\u0430\u044f \u043e\u0434\u0435\u0436\u0434\u0430\",\"url\":\"https:\\\/\\\/armonti.eu\\\/\",\"logo\":{\"@type\":\"ImageObject\",\"inLanguage\":\"et\",\"@id\":\"https:\\\/\\\/armonti.eu\\\/#\\\/schema\\\/logo\\\/image\\\/\",\"url\":\"https:\\\/\\\/armonti.eu\\\/wp-content\\\/uploads\\\/2023\\\/05\\\/armonti-logo-white.png\",\"contentUrl\":\"https:\\\/\\\/armonti.eu\\\/wp-content\\\/uploads\\\/2023\\\/05\\\/armonti-logo-white.png\",\"width\":2165,\"height\":554,\"caption\":\"ARMONTI\"},\"image\":{\"@id\":\"https:\\\/\\\/armonti.eu\\\/#\\\/schema\\\/logo\\\/image\\\/\"}}]}<\/script>\n<!-- \/ Yoast SEO plugin. -->","yoast_head_json":{"title":"V\u00f6\u00f6ga kardigan - \u041c\u0430\u0433\u0430\u0437\u0438\u043d \u043e\u0434\u0435\u0436\u0434\u044b ARMONTI","description":"Pikk kardigan v\u00f6\u00f6ga \u2014 pikendatud mudel \u00fchev\u00e4rvilise lillemustriga ja \u00f5hukese v\u00f6\u00f6ga. 3\/4 varrukad lisavad tagasihoidlikku elegantsi, muutes kardigani stiilseks ja naiselikuks valikuks.","robots":{"index":"index","follow":"follow","max-snippet":"max-snippet:-1","max-image-preview":"max-image-preview:large","max-video-preview":"max-video-preview:-1"},"canonical":"https:\/\/armonti.eu\/et\/toode\/vooga-kardigan\/","og_locale":"et_EE","og_type":"article","og_title":"V\u00f6\u00f6ga kardigan - \u041c\u0430\u0433\u0430\u0437\u0438\u043d \u043e\u0434\u0435\u0436\u0434\u044b ARMONTI","og_description":"Pikk kardigan v\u00f6\u00f6ga \u2014 pikendatud mudel \u00fchev\u00e4rvilise lillemustriga ja \u00f5hukese v\u00f6\u00f6ga. 3\/4 varrukad lisavad tagasihoidlikku elegantsi, muutes kardigani stiilseks ja naiselikuks valikuks.","og_url":"https:\/\/armonti.eu\/et\/toode\/vooga-kardigan\/","og_site_name":"\u041c\u0430\u0433\u0430\u0437\u0438\u043d \u043e\u0434\u0435\u0436\u0434\u044b ARMONTI","article_modified_time":"2026-04-07T16:42:35+00:00","og_image":[{"width":1920,"height":2560,"url":"https:\/\/armonti.eu\/wp-content\/uploads\/2026\/04\/img_5678-scaled.jpg","type":"image\/jpeg"}],"twitter_card":"summary_large_image","twitter_misc":{"Est. reading time":"1 minut"},"schema":{"@context":"https:\/\/schema.org","@graph":[{"@type":"WebPage","@id":"https:\/\/armonti.eu\/et\/toode\/vooga-kardigan\/","url":"https:\/\/armonti.eu\/et\/toode\/vooga-kardigan\/","name":"V\u00f6\u00f6ga kardigan - \u041c\u0430\u0433\u0430\u0437\u0438\u043d \u043e\u0434\u0435\u0436\u0434\u044b ARMONTI","isPartOf":{"@id":"https:\/\/armonti.eu\/#website"},"primaryImageOfPage":{"@id":"https:\/\/armonti.eu\/et\/toode\/vooga-kardigan\/#primaryimage"},"image":{"@id":"https:\/\/armonti.eu\/et\/toode\/vooga-kardigan\/#primaryimage"},"thumbnailUrl":"https:\/\/armonti.eu\/wp-content\/uploads\/2026\/04\/img_5678-scaled.jpg","datePublished":"2026-04-06T15:38:04+00:00","dateModified":"2026-04-07T16:42:35+00:00","description":"Pikk kardigan v\u00f6\u00f6ga \u2014 pikendatud mudel \u00fchev\u00e4rvilise lillemustriga ja \u00f5hukese v\u00f6\u00f6ga. 3\/4 varrukad lisavad tagasihoidlikku elegantsi, muutes kardigani stiilseks ja naiselikuks valikuks.","breadcrumb":{"@id":"https:\/\/armonti.eu\/et\/toode\/vooga-kardigan\/#breadcrumb"},"inLanguage":"et","potentialAction":[{"@type":"ReadAction","target":["https:\/\/armonti.eu\/et\/toode\/vooga-kardigan\/"]}]},{"@type":"ImageObject","inLanguage":"et","@id":"https:\/\/armonti.eu\/et\/toode\/vooga-kardigan\/#primaryimage","url":"https:\/\/armonti.eu\/wp-content\/uploads\/2026\/04\/img_5678-scaled.jpg","contentUrl":"https:\/\/armonti.eu\/wp-content\/uploads\/2026\/04\/img_5678-scaled.jpg","width":1920,"height":2560,"caption":"Pikendatud kardigan 3\/4 varrukateda"},{"@type":"BreadcrumbList","@id":"https:\/\/armonti.eu\/et\/toode\/vooga-kardigan\/#breadcrumb","itemListElement":[{"@type":"ListItem","position":1,"name":"\u0413\u043b\u0430\u0432\u043d\u0430\u044f","item":"https:\/\/armonti.eu\/"},{"@type":"ListItem","position":2,"name":"Shop","item":"https:\/\/armonti.eu\/et\/shop\/"},{"@type":"ListItem","position":3,"name":"\u041e\u0434\u0435\u0436\u0434\u0430","item":"https:\/\/armonti.eu\/catalog\/odezhda\/"},{"@type":"ListItem","position":4,"name":"\u0412\u044f\u0437\u0430\u043d\u044b\u0439\u00a0\u0442\u0440\u0438\u043a\u043e\u0442\u0430\u0436","item":"https:\/\/armonti.eu\/catalog\/odezhda\/kostyumy\/"},{"@type":"ListItem","position":5,"name":"V\u00f6\u00f6ga kardigan"}]},{"@type":"WebSite","@id":"https:\/\/armonti.eu\/#website","url":"https:\/\/armonti.eu\/","name":"ARMONTI","description":"","publisher":{"@id":"https:\/\/armonti.eu\/#organization"},"alternateName":"\u0416\u0435\u043d\u0441\u043a\u0430\u044f \u0431\u0440\u0435\u043d\u0434\u043e\u0432\u0430\u044f \u043e\u0434\u0435\u0436\u0434\u0430","potentialAction":[{"@type":"SearchAction","target":{"@type":"EntryPoint","urlTemplate":"https:\/\/armonti.eu\/?s={search_term_string}"},"query-input":{"@type":"PropertyValueSpecification","valueRequired":true,"valueName":"search_term_string"}}],"inLanguage":"et"},{"@type":"Organization","@id":"https:\/\/armonti.eu\/#organization","name":"ARMONTI","alternateName":"\u0416\u0435\u043d\u0441\u043a\u0430\u044f \u0431\u0440\u0435\u043d\u0434\u043e\u0432\u0430\u044f \u043e\u0434\u0435\u0436\u0434\u0430","url":"https:\/\/armonti.eu\/","logo":{"@type":"ImageObject","inLanguage":"et","@id":"https:\/\/armonti.eu\/#\/schema\/logo\/image\/","url":"https:\/\/armonti.eu\/wp-content\/uploads\/2023\/05\/armonti-logo-white.png","contentUrl":"https:\/\/armonti.eu\/wp-content\/uploads\/2023\/05\/armonti-logo-white.png","width":2165,"height":554,"caption":"ARMONTI"},"image":{"@id":"https:\/\/armonti.eu\/#\/schema\/logo\/image\/"}}]}},"_links":{"self":[{"href":"https:\/\/armonti.eu\/et\/wp-json\/wp\/v2\/product\/38852","targetHints":{"allow":["GET"]}}],"collection":[{"href":"https:\/\/armonti.eu\/et\/wp-json\/wp\/v2\/product"}],"about":[{"href":"https:\/\/armonti.eu\/et\/wp-json\/wp\/v2\/types\/product"}],"replies":[{"embeddable":true,"href":"https:\/\/armonti.eu\/et\/wp-json\/wp\/v2\/comments?post=38852"}],"wp:featuredmedia":[{"embeddable":true,"href":"https:\/\/armonti.eu\/et\/wp-json\/wp\/v2\/media\/38835"}],"wp:attachment":[{"href":"https:\/\/armonti.eu\/et\/wp-json\/wp\/v2\/media?parent=38852"}],"wp:term":[{"taxonomy":"product_brand","embeddable":true,"href":"https:\/\/armonti.eu\/et\/wp-json\/wp\/v2\/product_brand?post=38852"},{"taxonomy":"product_cat","embeddable":true,"href":"https:\/\/armonti.eu\/et\/wp-json\/wp\/v2\/product_cat?post=38852"},{"taxonomy":"product_tag","embeddable":true,"href":"https:\/\/armonti.eu\/et\/wp-json\/wp\/v2\/product_tag?post=38852"}],"curies":[{"name":"wp","href":"https:\/\/api.w.org\/{rel}","templated":true}]}}