{"id":38851,"date":"2026-04-06T17:13:43","date_gmt":"2026-04-06T14:13:43","guid":{"rendered":"https:\/\/armonti.eu\/?post_type=product&#038;p=38851"},"modified":"2026-04-07T19:47:28","modified_gmt":"2026-04-07T16:47:28","slug":"kardigan-pitsikaunistusega","status":"publish","type":"product","link":"https:\/\/armonti.eu\/et\/toode\/kardigan-pitsikaunistusega\/","title":{"rendered":"Kardigan pitsikaunistusega"},"content":{"rendered":"<p>Kardigan pitsikaunistusega \u2014 \u00f5rn ja naiselik mudel romantilistele ja igap\u00e4evastele look\u2019idele. Kardigan on valmistatud pehmest trikoo materjalist, mis tagab mugava ja korrap\u00e4rase istuvuse. Mudel kinnitatakse klassikaliste n\u00f6\u00f6pidega, mis r\u00f5hutavad delikaatset stiili ja praktilisust. All\u00e4\u00e4res olev peen pits lisab kergust ja rafineeritust, luues \u00f5hulise silueti efekti. Kardigan sobib ideaalselt kombineerimiseks kleidi, seeliku v\u00f5i teksadega ning on sobilik paljudeks s\u00fcndmusteks. Universaalne pikkus teeb selle mugavaks kihiliste komplektide ja hooajavahetuse jaoks.<br \/>M\u00f5\u00f5dud (cm):<br \/>\nRinna\u00fcmberm\u00f5\u00f5t: 88\u201398 cm<br \/>\nPikkus: 64 cm<br \/>Hooldus:<br \/>\nTriikimine kuni 110 \u00b0C, pleegitamine keelatud, \u00f5rn pesu 30 \u00b0C juures     <\/p>\n<p><strong>Tellimuse vormistamisel m\u00e4rgi palun oma t\u00e4psed m\u00f5\u00f5dud (puusad, v\u00f6\u00f6koht ja pikkus), et saaksime sulle sobivaima suuruse valida.<br \/>Toode on saadaval nii poes kui ka veebipoes!<\/strong><\/p>\n<p>Tootekood: 8125<\/p>\n","protected":false},"excerpt":{"rendered":"<p>Suurus: universaalne<br \/>\nKoostis: 50% pol\u00fcester, 45% pol\u00fcamiid, 5% spandex<br \/>\nV\u00e4rv: bee\u017e<\/p>\n","protected":false},"featured_media":38787,"comment_status":"open","ping_status":"closed","template":"","meta":[],"product_brand":[],"product_cat":[],"product_tag":[],"class_list":{"0":"post-38851","1":"product","2":"type-product","3":"status-publish","4":"has-post-thumbnail","7":"first","8":"instock","9":"shipping-taxable","10":"purchasable","11":"product-type-simple"},"yoast_head":"<!-- This site is optimized with the Yoast SEO plugin v27.3 - https:\/\/yoast.com\/product\/yoast-seo-wordpress\/ -->\n<title>Kardigan pitsikaunistusega - \u041c\u0430\u0433\u0430\u0437\u0438\u043d \u043e\u0434\u0435\u0436\u0434\u044b ARMONTI<\/title>\n<meta name=\"description\" content=\"Kardigan pitsiga \u00e4\u00e4res. Klassikalise bee\u017ei v\u00e4rviga mudel n\u00f6\u00f6pidega, mille all\u00e4\u00e4res on pitsikaunistus \u2014 elegantne valik romantilistele look\u2019idele.\" \/>\n<meta name=\"robots\" content=\"index, follow, max-snippet:-1, max-image-preview:large, max-video-preview:-1\" \/>\n<link rel=\"canonical\" href=\"https:\/\/armonti.eu\/et\/toode\/kardigan-pitsikaunistusega\/\" \/>\n<meta property=\"og:locale\" content=\"et_EE\" \/>\n<meta property=\"og:type\" content=\"article\" \/>\n<meta property=\"og:title\" content=\"Kardigan pitsikaunistusega - \u041c\u0430\u0433\u0430\u0437\u0438\u043d \u043e\u0434\u0435\u0436\u0434\u044b ARMONTI\" \/>\n<meta property=\"og:description\" content=\"Kardigan pitsiga \u00e4\u00e4res. Klassikalise bee\u017ei v\u00e4rviga mudel n\u00f6\u00f6pidega, mille all\u00e4\u00e4res on pitsikaunistus \u2014 elegantne valik romantilistele look\u2019idele.\" \/>\n<meta property=\"og:url\" content=\"https:\/\/armonti.eu\/et\/toode\/kardigan-pitsikaunistusega\/\" \/>\n<meta property=\"og:site_name\" content=\"\u041c\u0430\u0433\u0430\u0437\u0438\u043d \u043e\u0434\u0435\u0436\u0434\u044b ARMONTI\" \/>\n<meta property=\"article:modified_time\" content=\"2026-04-07T16:47:28+00:00\" \/>\n<meta property=\"og:image\" content=\"https:\/\/armonti.eu\/wp-content\/uploads\/2026\/04\/img_5630-scaled.jpg\" \/>\n\t<meta property=\"og:image:width\" content=\"1920\" \/>\n\t<meta property=\"og:image:height\" content=\"2560\" \/>\n\t<meta property=\"og:image:type\" content=\"image\/jpeg\" \/>\n<meta name=\"twitter:card\" content=\"summary_large_image\" \/>\n<meta name=\"twitter:label1\" content=\"Est. reading time\" \/>\n\t<meta name=\"twitter:data1\" content=\"1 minut\" \/>\n<script type=\"application\/ld+json\" class=\"yoast-schema-graph\">{\"@context\":\"https:\\\/\\\/schema.org\",\"@graph\":[{\"@type\":\"WebPage\",\"@id\":\"https:\\\/\\\/armonti.eu\\\/et\\\/toode\\\/kardigan-pitsikaunistusega\\\/\",\"url\":\"https:\\\/\\\/armonti.eu\\\/et\\\/toode\\\/kardigan-pitsikaunistusega\\\/\",\"name\":\"Kardigan pitsikaunistusega - \u041c\u0430\u0433\u0430\u0437\u0438\u043d \u043e\u0434\u0435\u0436\u0434\u044b ARMONTI\",\"isPartOf\":{\"@id\":\"https:\\\/\\\/armonti.eu\\\/#website\"},\"primaryImageOfPage\":{\"@id\":\"https:\\\/\\\/armonti.eu\\\/et\\\/toode\\\/kardigan-pitsikaunistusega\\\/#primaryimage\"},\"image\":{\"@id\":\"https:\\\/\\\/armonti.eu\\\/et\\\/toode\\\/kardigan-pitsikaunistusega\\\/#primaryimage\"},\"thumbnailUrl\":\"https:\\\/\\\/armonti.eu\\\/wp-content\\\/uploads\\\/2026\\\/04\\\/img_5630-scaled.jpg\",\"datePublished\":\"2026-04-06T14:13:43+00:00\",\"dateModified\":\"2026-04-07T16:47:28+00:00\",\"description\":\"Kardigan pitsiga \u00e4\u00e4res. Klassikalise bee\u017ei v\u00e4rviga mudel n\u00f6\u00f6pidega, mille all\u00e4\u00e4res on pitsikaunistus \u2014 elegantne valik romantilistele look\u2019idele.\",\"breadcrumb\":{\"@id\":\"https:\\\/\\\/armonti.eu\\\/et\\\/toode\\\/kardigan-pitsikaunistusega\\\/#breadcrumb\"},\"inLanguage\":\"et\",\"potentialAction\":[{\"@type\":\"ReadAction\",\"target\":[\"https:\\\/\\\/armonti.eu\\\/et\\\/toode\\\/kardigan-pitsikaunistusega\\\/\"]}]},{\"@type\":\"ImageObject\",\"inLanguage\":\"et\",\"@id\":\"https:\\\/\\\/armonti.eu\\\/et\\\/toode\\\/kardigan-pitsikaunistusega\\\/#primaryimage\",\"url\":\"https:\\\/\\\/armonti.eu\\\/wp-content\\\/uploads\\\/2026\\\/04\\\/img_5630-scaled.jpg\",\"contentUrl\":\"https:\\\/\\\/armonti.eu\\\/wp-content\\\/uploads\\\/2026\\\/04\\\/img_5630-scaled.jpg\",\"width\":1920,\"height\":2560,\"caption\":\"N\u00f6\u00f6pidega kardigan pitsiga\"},{\"@type\":\"BreadcrumbList\",\"@id\":\"https:\\\/\\\/armonti.eu\\\/et\\\/toode\\\/kardigan-pitsikaunistusega\\\/#breadcrumb\",\"itemListElement\":[{\"@type\":\"ListItem\",\"position\":1,\"name\":\"\u0413\u043b\u0430\u0432\u043d\u0430\u044f\",\"item\":\"https:\\\/\\\/armonti.eu\\\/\"},{\"@type\":\"ListItem\",\"position\":2,\"name\":\"Shop\",\"item\":\"https:\\\/\\\/armonti.eu\\\/et\\\/shop\\\/\"},{\"@type\":\"ListItem\",\"position\":3,\"name\":\"\u041e\u0434\u0435\u0436\u0434\u0430\",\"item\":\"https:\\\/\\\/armonti.eu\\\/catalog\\\/odezhda\\\/\"},{\"@type\":\"ListItem\",\"position\":4,\"name\":\"\u0412\u044f\u0437\u0430\u043d\u044b\u0439\u00a0\u0442\u0440\u0438\u043a\u043e\u0442\u0430\u0436\",\"item\":\"https:\\\/\\\/armonti.eu\\\/catalog\\\/odezhda\\\/kostyumy\\\/\"},{\"@type\":\"ListItem\",\"position\":5,\"name\":\"Kardigan pitsikaunistusega\"}]},{\"@type\":\"WebSite\",\"@id\":\"https:\\\/\\\/armonti.eu\\\/#website\",\"url\":\"https:\\\/\\\/armonti.eu\\\/\",\"name\":\"ARMONTI\",\"description\":\"\",\"publisher\":{\"@id\":\"https:\\\/\\\/armonti.eu\\\/#organization\"},\"alternateName\":\"\u0416\u0435\u043d\u0441\u043a\u0430\u044f \u0431\u0440\u0435\u043d\u0434\u043e\u0432\u0430\u044f \u043e\u0434\u0435\u0436\u0434\u0430\",\"potentialAction\":[{\"@type\":\"SearchAction\",\"target\":{\"@type\":\"EntryPoint\",\"urlTemplate\":\"https:\\\/\\\/armonti.eu\\\/?s={search_term_string}\"},\"query-input\":{\"@type\":\"PropertyValueSpecification\",\"valueRequired\":true,\"valueName\":\"search_term_string\"}}],\"inLanguage\":\"et\"},{\"@type\":\"Organization\",\"@id\":\"https:\\\/\\\/armonti.eu\\\/#organization\",\"name\":\"ARMONTI\",\"alternateName\":\"\u0416\u0435\u043d\u0441\u043a\u0430\u044f \u0431\u0440\u0435\u043d\u0434\u043e\u0432\u0430\u044f \u043e\u0434\u0435\u0436\u0434\u0430\",\"url\":\"https:\\\/\\\/armonti.eu\\\/\",\"logo\":{\"@type\":\"ImageObject\",\"inLanguage\":\"et\",\"@id\":\"https:\\\/\\\/armonti.eu\\\/#\\\/schema\\\/logo\\\/image\\\/\",\"url\":\"https:\\\/\\\/armonti.eu\\\/wp-content\\\/uploads\\\/2023\\\/05\\\/armonti-logo-white.png\",\"contentUrl\":\"https:\\\/\\\/armonti.eu\\\/wp-content\\\/uploads\\\/2023\\\/05\\\/armonti-logo-white.png\",\"width\":2165,\"height\":554,\"caption\":\"ARMONTI\"},\"image\":{\"@id\":\"https:\\\/\\\/armonti.eu\\\/#\\\/schema\\\/logo\\\/image\\\/\"}}]}<\/script>\n<!-- \/ Yoast SEO plugin. -->","yoast_head_json":{"title":"Kardigan pitsikaunistusega - \u041c\u0430\u0433\u0430\u0437\u0438\u043d \u043e\u0434\u0435\u0436\u0434\u044b ARMONTI","description":"Kardigan pitsiga \u00e4\u00e4res. Klassikalise bee\u017ei v\u00e4rviga mudel n\u00f6\u00f6pidega, mille all\u00e4\u00e4res on pitsikaunistus \u2014 elegantne valik romantilistele look\u2019idele.","robots":{"index":"index","follow":"follow","max-snippet":"max-snippet:-1","max-image-preview":"max-image-preview:large","max-video-preview":"max-video-preview:-1"},"canonical":"https:\/\/armonti.eu\/et\/toode\/kardigan-pitsikaunistusega\/","og_locale":"et_EE","og_type":"article","og_title":"Kardigan pitsikaunistusega - \u041c\u0430\u0433\u0430\u0437\u0438\u043d \u043e\u0434\u0435\u0436\u0434\u044b ARMONTI","og_description":"Kardigan pitsiga \u00e4\u00e4res. Klassikalise bee\u017ei v\u00e4rviga mudel n\u00f6\u00f6pidega, mille all\u00e4\u00e4res on pitsikaunistus \u2014 elegantne valik romantilistele look\u2019idele.","og_url":"https:\/\/armonti.eu\/et\/toode\/kardigan-pitsikaunistusega\/","og_site_name":"\u041c\u0430\u0433\u0430\u0437\u0438\u043d \u043e\u0434\u0435\u0436\u0434\u044b ARMONTI","article_modified_time":"2026-04-07T16:47:28+00:00","og_image":[{"width":1920,"height":2560,"url":"https:\/\/armonti.eu\/wp-content\/uploads\/2026\/04\/img_5630-scaled.jpg","type":"image\/jpeg"}],"twitter_card":"summary_large_image","twitter_misc":{"Est. reading time":"1 minut"},"schema":{"@context":"https:\/\/schema.org","@graph":[{"@type":"WebPage","@id":"https:\/\/armonti.eu\/et\/toode\/kardigan-pitsikaunistusega\/","url":"https:\/\/armonti.eu\/et\/toode\/kardigan-pitsikaunistusega\/","name":"Kardigan pitsikaunistusega - \u041c\u0430\u0433\u0430\u0437\u0438\u043d \u043e\u0434\u0435\u0436\u0434\u044b ARMONTI","isPartOf":{"@id":"https:\/\/armonti.eu\/#website"},"primaryImageOfPage":{"@id":"https:\/\/armonti.eu\/et\/toode\/kardigan-pitsikaunistusega\/#primaryimage"},"image":{"@id":"https:\/\/armonti.eu\/et\/toode\/kardigan-pitsikaunistusega\/#primaryimage"},"thumbnailUrl":"https:\/\/armonti.eu\/wp-content\/uploads\/2026\/04\/img_5630-scaled.jpg","datePublished":"2026-04-06T14:13:43+00:00","dateModified":"2026-04-07T16:47:28+00:00","description":"Kardigan pitsiga \u00e4\u00e4res. Klassikalise bee\u017ei v\u00e4rviga mudel n\u00f6\u00f6pidega, mille all\u00e4\u00e4res on pitsikaunistus \u2014 elegantne valik romantilistele look\u2019idele.","breadcrumb":{"@id":"https:\/\/armonti.eu\/et\/toode\/kardigan-pitsikaunistusega\/#breadcrumb"},"inLanguage":"et","potentialAction":[{"@type":"ReadAction","target":["https:\/\/armonti.eu\/et\/toode\/kardigan-pitsikaunistusega\/"]}]},{"@type":"ImageObject","inLanguage":"et","@id":"https:\/\/armonti.eu\/et\/toode\/kardigan-pitsikaunistusega\/#primaryimage","url":"https:\/\/armonti.eu\/wp-content\/uploads\/2026\/04\/img_5630-scaled.jpg","contentUrl":"https:\/\/armonti.eu\/wp-content\/uploads\/2026\/04\/img_5630-scaled.jpg","width":1920,"height":2560,"caption":"N\u00f6\u00f6pidega kardigan pitsiga"},{"@type":"BreadcrumbList","@id":"https:\/\/armonti.eu\/et\/toode\/kardigan-pitsikaunistusega\/#breadcrumb","itemListElement":[{"@type":"ListItem","position":1,"name":"\u0413\u043b\u0430\u0432\u043d\u0430\u044f","item":"https:\/\/armonti.eu\/"},{"@type":"ListItem","position":2,"name":"Shop","item":"https:\/\/armonti.eu\/et\/shop\/"},{"@type":"ListItem","position":3,"name":"\u041e\u0434\u0435\u0436\u0434\u0430","item":"https:\/\/armonti.eu\/catalog\/odezhda\/"},{"@type":"ListItem","position":4,"name":"\u0412\u044f\u0437\u0430\u043d\u044b\u0439\u00a0\u0442\u0440\u0438\u043a\u043e\u0442\u0430\u0436","item":"https:\/\/armonti.eu\/catalog\/odezhda\/kostyumy\/"},{"@type":"ListItem","position":5,"name":"Kardigan pitsikaunistusega"}]},{"@type":"WebSite","@id":"https:\/\/armonti.eu\/#website","url":"https:\/\/armonti.eu\/","name":"ARMONTI","description":"","publisher":{"@id":"https:\/\/armonti.eu\/#organization"},"alternateName":"\u0416\u0435\u043d\u0441\u043a\u0430\u044f \u0431\u0440\u0435\u043d\u0434\u043e\u0432\u0430\u044f \u043e\u0434\u0435\u0436\u0434\u0430","potentialAction":[{"@type":"SearchAction","target":{"@type":"EntryPoint","urlTemplate":"https:\/\/armonti.eu\/?s={search_term_string}"},"query-input":{"@type":"PropertyValueSpecification","valueRequired":true,"valueName":"search_term_string"}}],"inLanguage":"et"},{"@type":"Organization","@id":"https:\/\/armonti.eu\/#organization","name":"ARMONTI","alternateName":"\u0416\u0435\u043d\u0441\u043a\u0430\u044f \u0431\u0440\u0435\u043d\u0434\u043e\u0432\u0430\u044f \u043e\u0434\u0435\u0436\u0434\u0430","url":"https:\/\/armonti.eu\/","logo":{"@type":"ImageObject","inLanguage":"et","@id":"https:\/\/armonti.eu\/#\/schema\/logo\/image\/","url":"https:\/\/armonti.eu\/wp-content\/uploads\/2023\/05\/armonti-logo-white.png","contentUrl":"https:\/\/armonti.eu\/wp-content\/uploads\/2023\/05\/armonti-logo-white.png","width":2165,"height":554,"caption":"ARMONTI"},"image":{"@id":"https:\/\/armonti.eu\/#\/schema\/logo\/image\/"}}]}},"_links":{"self":[{"href":"https:\/\/armonti.eu\/et\/wp-json\/wp\/v2\/product\/38851","targetHints":{"allow":["GET"]}}],"collection":[{"href":"https:\/\/armonti.eu\/et\/wp-json\/wp\/v2\/product"}],"about":[{"href":"https:\/\/armonti.eu\/et\/wp-json\/wp\/v2\/types\/product"}],"replies":[{"embeddable":true,"href":"https:\/\/armonti.eu\/et\/wp-json\/wp\/v2\/comments?post=38851"}],"wp:featuredmedia":[{"embeddable":true,"href":"https:\/\/armonti.eu\/et\/wp-json\/wp\/v2\/media\/38787"}],"wp:attachment":[{"href":"https:\/\/armonti.eu\/et\/wp-json\/wp\/v2\/media?parent=38851"}],"wp:term":[{"taxonomy":"product_brand","embeddable":true,"href":"https:\/\/armonti.eu\/et\/wp-json\/wp\/v2\/product_brand?post=38851"},{"taxonomy":"product_cat","embeddable":true,"href":"https:\/\/armonti.eu\/et\/wp-json\/wp\/v2\/product_cat?post=38851"},{"taxonomy":"product_tag","embeddable":true,"href":"https:\/\/armonti.eu\/et\/wp-json\/wp\/v2\/product_tag?post=38851"}],"curies":[{"name":"wp","href":"https:\/\/api.w.org\/{rel}","templated":true}]}}