{"id":38725,"date":"2026-04-06T15:05:31","date_gmt":"2026-04-06T12:05:31","guid":{"rendered":"https:\/\/armonti.eu\/?post_type=product&#038;p=38725"},"modified":"2026-04-07T19:45:14","modified_gmt":"2026-04-07T16:45:14","slug":"pluus-ohupallvarrukatega-kopirovat-kopirovat-kopirovat-kopirovat-kopirovat","status":"publish","type":"product","link":"https:\/\/armonti.eu\/et\/toode\/pluus-ohupallvarrukatega-kopirovat-kopirovat-kopirovat-kopirovat-kopirovat\/","title":{"rendered":"As\u00fcmmeetriline pluus"},"content":{"rendered":"<p>As\u00fcmmeetriline pluus \u2014 elegantne mudel pidulikeks ja igap\u00e4evasteks riietuskomplektideks, moeka aktsendiga. Mudel r\u00f5hutab taljet ja pikendab visuaalselt siluetti t\u00e4nu as\u00fcmmeetrilisele all\u00e4\u00e4rele ning l\u00e4bim\u00f5eldud l\u00f5ikele. Kerge drapeering lisab \u00f5hulisust ja naiselikkust, samal ajal hoiab kangas vormi kogu p\u00e4eva v\u00e4ltel. Silmapaistev n\u00f6\u00f6p lisab originaalsust ja muudab pluusi igas komplektis m\u00e4rgatavaks. As\u00fcmmeetriline pluus on saadaval mitmes v\u00e4rvitoonis, mis v\u00f5imaldab valida sobiva variandi erinevateks meeleoludeks ja s\u00fcndmusteks. Pidulik disain sobib h\u00e4sti nii klassikaliste kui ka julgete aksessuaaridega.<br \/>M\u00f5\u00f5dud cm:<br \/>Rinna\u00fcmberm\u00f5\u00f5t: 86\u201388<br \/>\nPikkus: 53 cm<br \/>\nHooldus:<br \/>\nTriikimine temperatuuril 110\u00b0<br \/>\nValgendamine keelatud<br \/>\u00d5rn pesu 30\u00b0     <\/p>\n<p><strong>Tellimuse vormistamisel m\u00e4rgi palun oma t\u00e4psed m\u00f5\u00f5dud (puusad, v\u00f6\u00f6koht ja pikkus), et saaksime sulle sobivaima suuruse valida.<br \/>Toode on saadaval nii poes kui ka veebipoes!<\/strong><\/p>\n<p>Tootekood: 9828<\/p>\n","protected":false},"excerpt":{"rendered":"<p>Suurus: universaalne<br \/>\nKoostis: 65% viskoos, 35% pol\u00fcester<br \/>\nV\u00e4rvid: valge, helesinine, pastellkollane<\/p>\n","protected":false},"featured_media":38749,"comment_status":"open","ping_status":"closed","template":"","meta":[],"product_brand":[],"product_cat":[438],"product_tag":[],"class_list":{"0":"post-38725","1":"product","2":"type-product","3":"status-publish","4":"has-post-thumbnail","6":"product_cat-bluzki-i-rubashki-et","8":"first","9":"instock","10":"shipping-taxable","11":"purchasable","12":"product-type-variable"},"yoast_head":"<!-- This site is optimized with the Yoast SEO plugin v27.3 - https:\/\/yoast.com\/product\/yoast-seo-wordpress\/ -->\n<title>As\u00fcmmeetriline pluus - \u041c\u0430\u0433\u0430\u0437\u0438\u043d \u043e\u0434\u0435\u0436\u0434\u044b ARMONTI<\/title>\n<meta name=\"description\" content=\"Stiilne pluus as\u00fcmmeetria ja as\u00fcmmeetrilise all\u00e4\u00e4rega, silmapaistev n\u00f6\u00f6p, mitu v\u00e4rvitooni \u2014 kaasaegne disain pidudeks ja t\u00f6\u00f6ks.\" \/>\n<meta name=\"robots\" content=\"index, follow, max-snippet:-1, max-image-preview:large, max-video-preview:-1\" \/>\n<link rel=\"canonical\" href=\"https:\/\/armonti.eu\/et\/toode\/pluus-ohupallvarrukatega-kopirovat-kopirovat-kopirovat-kopirovat-kopirovat\/\" \/>\n<meta property=\"og:locale\" content=\"et_EE\" \/>\n<meta property=\"og:type\" content=\"article\" \/>\n<meta property=\"og:title\" content=\"As\u00fcmmeetriline pluus - \u041c\u0430\u0433\u0430\u0437\u0438\u043d \u043e\u0434\u0435\u0436\u0434\u044b ARMONTI\" \/>\n<meta property=\"og:description\" content=\"Stiilne pluus as\u00fcmmeetria ja as\u00fcmmeetrilise all\u00e4\u00e4rega, silmapaistev n\u00f6\u00f6p, mitu v\u00e4rvitooni \u2014 kaasaegne disain pidudeks ja t\u00f6\u00f6ks.\" \/>\n<meta property=\"og:url\" content=\"https:\/\/armonti.eu\/et\/toode\/pluus-ohupallvarrukatega-kopirovat-kopirovat-kopirovat-kopirovat-kopirovat\/\" \/>\n<meta property=\"og:site_name\" content=\"\u041c\u0430\u0433\u0430\u0437\u0438\u043d \u043e\u0434\u0435\u0436\u0434\u044b ARMONTI\" \/>\n<meta property=\"article:modified_time\" content=\"2026-04-07T16:45:14+00:00\" \/>\n<meta property=\"og:image\" content=\"https:\/\/armonti.eu\/wp-content\/uploads\/2026\/04\/img_5731-scaled.jpg\" \/>\n\t<meta property=\"og:image:width\" content=\"1920\" \/>\n\t<meta property=\"og:image:height\" content=\"2560\" \/>\n\t<meta property=\"og:image:type\" content=\"image\/jpeg\" \/>\n<meta name=\"twitter:card\" content=\"summary_large_image\" \/>\n<meta name=\"twitter:label1\" content=\"Est. reading time\" \/>\n\t<meta name=\"twitter:data1\" content=\"1 minut\" \/>\n<script type=\"application\/ld+json\" class=\"yoast-schema-graph\">{\"@context\":\"https:\\\/\\\/schema.org\",\"@graph\":[{\"@type\":\"WebPage\",\"@id\":\"https:\\\/\\\/armonti.eu\\\/et\\\/toode\\\/pluus-ohupallvarrukatega-kopirovat-kopirovat-kopirovat-kopirovat-kopirovat\\\/\",\"url\":\"https:\\\/\\\/armonti.eu\\\/et\\\/toode\\\/pluus-ohupallvarrukatega-kopirovat-kopirovat-kopirovat-kopirovat-kopirovat\\\/\",\"name\":\"As\u00fcmmeetriline pluus - \u041c\u0430\u0433\u0430\u0437\u0438\u043d \u043e\u0434\u0435\u0436\u0434\u044b ARMONTI\",\"isPartOf\":{\"@id\":\"https:\\\/\\\/armonti.eu\\\/#website\"},\"primaryImageOfPage\":{\"@id\":\"https:\\\/\\\/armonti.eu\\\/et\\\/toode\\\/pluus-ohupallvarrukatega-kopirovat-kopirovat-kopirovat-kopirovat-kopirovat\\\/#primaryimage\"},\"image\":{\"@id\":\"https:\\\/\\\/armonti.eu\\\/et\\\/toode\\\/pluus-ohupallvarrukatega-kopirovat-kopirovat-kopirovat-kopirovat-kopirovat\\\/#primaryimage\"},\"thumbnailUrl\":\"https:\\\/\\\/armonti.eu\\\/wp-content\\\/uploads\\\/2026\\\/04\\\/img_5731-scaled.jpg\",\"datePublished\":\"2026-04-06T12:05:31+00:00\",\"dateModified\":\"2026-04-07T16:45:14+00:00\",\"description\":\"Stiilne pluus as\u00fcmmeetria ja as\u00fcmmeetrilise all\u00e4\u00e4rega, silmapaistev n\u00f6\u00f6p, mitu v\u00e4rvitooni \u2014 kaasaegne disain pidudeks ja t\u00f6\u00f6ks.\",\"breadcrumb\":{\"@id\":\"https:\\\/\\\/armonti.eu\\\/et\\\/toode\\\/pluus-ohupallvarrukatega-kopirovat-kopirovat-kopirovat-kopirovat-kopirovat\\\/#breadcrumb\"},\"inLanguage\":\"et\",\"potentialAction\":[{\"@type\":\"ReadAction\",\"target\":[\"https:\\\/\\\/armonti.eu\\\/et\\\/toode\\\/pluus-ohupallvarrukatega-kopirovat-kopirovat-kopirovat-kopirovat-kopirovat\\\/\"]}]},{\"@type\":\"ImageObject\",\"inLanguage\":\"et\",\"@id\":\"https:\\\/\\\/armonti.eu\\\/et\\\/toode\\\/pluus-ohupallvarrukatega-kopirovat-kopirovat-kopirovat-kopirovat-kopirovat\\\/#primaryimage\",\"url\":\"https:\\\/\\\/armonti.eu\\\/wp-content\\\/uploads\\\/2026\\\/04\\\/img_5731-scaled.jpg\",\"contentUrl\":\"https:\\\/\\\/armonti.eu\\\/wp-content\\\/uploads\\\/2026\\\/04\\\/img_5731-scaled.jpg\",\"width\":1920,\"height\":2560,\"caption\":\"As\u00fcmmeetriline pluus\"},{\"@type\":\"BreadcrumbList\",\"@id\":\"https:\\\/\\\/armonti.eu\\\/et\\\/toode\\\/pluus-ohupallvarrukatega-kopirovat-kopirovat-kopirovat-kopirovat-kopirovat\\\/#breadcrumb\",\"itemListElement\":[{\"@type\":\"ListItem\",\"position\":1,\"name\":\"\u0413\u043b\u0430\u0432\u043d\u0430\u044f\",\"item\":\"https:\\\/\\\/armonti.eu\\\/\"},{\"@type\":\"ListItem\",\"position\":2,\"name\":\"Shop\",\"item\":\"https:\\\/\\\/armonti.eu\\\/et\\\/shop\\\/\"},{\"@type\":\"ListItem\",\"position\":3,\"name\":\"\u041e\u0434\u0435\u0436\u0434\u0430\",\"item\":\"https:\\\/\\\/armonti.eu\\\/catalog\\\/odezhda\\\/\"},{\"@type\":\"ListItem\",\"position\":4,\"name\":\"\u0411\u043b\u0443\u0437\u043a\u0438 \u0438 \u0440\u0443\u0431\u0430\u0448\u043a\u0438\",\"item\":\"https:\\\/\\\/armonti.eu\\\/catalog\\\/odezhda\\\/bluzki-i-rubashki\\\/\"},{\"@type\":\"ListItem\",\"position\":5,\"name\":\"As\u00fcmmeetriline pluus\"}]},{\"@type\":\"WebSite\",\"@id\":\"https:\\\/\\\/armonti.eu\\\/#website\",\"url\":\"https:\\\/\\\/armonti.eu\\\/\",\"name\":\"ARMONTI\",\"description\":\"\",\"publisher\":{\"@id\":\"https:\\\/\\\/armonti.eu\\\/#organization\"},\"alternateName\":\"\u0416\u0435\u043d\u0441\u043a\u0430\u044f \u0431\u0440\u0435\u043d\u0434\u043e\u0432\u0430\u044f \u043e\u0434\u0435\u0436\u0434\u0430\",\"potentialAction\":[{\"@type\":\"SearchAction\",\"target\":{\"@type\":\"EntryPoint\",\"urlTemplate\":\"https:\\\/\\\/armonti.eu\\\/?s={search_term_string}\"},\"query-input\":{\"@type\":\"PropertyValueSpecification\",\"valueRequired\":true,\"valueName\":\"search_term_string\"}}],\"inLanguage\":\"et\"},{\"@type\":\"Organization\",\"@id\":\"https:\\\/\\\/armonti.eu\\\/#organization\",\"name\":\"ARMONTI\",\"alternateName\":\"\u0416\u0435\u043d\u0441\u043a\u0430\u044f \u0431\u0440\u0435\u043d\u0434\u043e\u0432\u0430\u044f \u043e\u0434\u0435\u0436\u0434\u0430\",\"url\":\"https:\\\/\\\/armonti.eu\\\/\",\"logo\":{\"@type\":\"ImageObject\",\"inLanguage\":\"et\",\"@id\":\"https:\\\/\\\/armonti.eu\\\/#\\\/schema\\\/logo\\\/image\\\/\",\"url\":\"https:\\\/\\\/armonti.eu\\\/wp-content\\\/uploads\\\/2023\\\/05\\\/armonti-logo-white.png\",\"contentUrl\":\"https:\\\/\\\/armonti.eu\\\/wp-content\\\/uploads\\\/2023\\\/05\\\/armonti-logo-white.png\",\"width\":2165,\"height\":554,\"caption\":\"ARMONTI\"},\"image\":{\"@id\":\"https:\\\/\\\/armonti.eu\\\/#\\\/schema\\\/logo\\\/image\\\/\"}}]}<\/script>\n<!-- \/ Yoast SEO plugin. -->","yoast_head_json":{"title":"As\u00fcmmeetriline pluus - \u041c\u0430\u0433\u0430\u0437\u0438\u043d \u043e\u0434\u0435\u0436\u0434\u044b ARMONTI","description":"Stiilne pluus as\u00fcmmeetria ja as\u00fcmmeetrilise all\u00e4\u00e4rega, silmapaistev n\u00f6\u00f6p, mitu v\u00e4rvitooni \u2014 kaasaegne disain pidudeks ja t\u00f6\u00f6ks.","robots":{"index":"index","follow":"follow","max-snippet":"max-snippet:-1","max-image-preview":"max-image-preview:large","max-video-preview":"max-video-preview:-1"},"canonical":"https:\/\/armonti.eu\/et\/toode\/pluus-ohupallvarrukatega-kopirovat-kopirovat-kopirovat-kopirovat-kopirovat\/","og_locale":"et_EE","og_type":"article","og_title":"As\u00fcmmeetriline pluus - \u041c\u0430\u0433\u0430\u0437\u0438\u043d \u043e\u0434\u0435\u0436\u0434\u044b ARMONTI","og_description":"Stiilne pluus as\u00fcmmeetria ja as\u00fcmmeetrilise all\u00e4\u00e4rega, silmapaistev n\u00f6\u00f6p, mitu v\u00e4rvitooni \u2014 kaasaegne disain pidudeks ja t\u00f6\u00f6ks.","og_url":"https:\/\/armonti.eu\/et\/toode\/pluus-ohupallvarrukatega-kopirovat-kopirovat-kopirovat-kopirovat-kopirovat\/","og_site_name":"\u041c\u0430\u0433\u0430\u0437\u0438\u043d \u043e\u0434\u0435\u0436\u0434\u044b ARMONTI","article_modified_time":"2026-04-07T16:45:14+00:00","og_image":[{"width":1920,"height":2560,"url":"https:\/\/armonti.eu\/wp-content\/uploads\/2026\/04\/img_5731-scaled.jpg","type":"image\/jpeg"}],"twitter_card":"summary_large_image","twitter_misc":{"Est. reading time":"1 minut"},"schema":{"@context":"https:\/\/schema.org","@graph":[{"@type":"WebPage","@id":"https:\/\/armonti.eu\/et\/toode\/pluus-ohupallvarrukatega-kopirovat-kopirovat-kopirovat-kopirovat-kopirovat\/","url":"https:\/\/armonti.eu\/et\/toode\/pluus-ohupallvarrukatega-kopirovat-kopirovat-kopirovat-kopirovat-kopirovat\/","name":"As\u00fcmmeetriline pluus - \u041c\u0430\u0433\u0430\u0437\u0438\u043d \u043e\u0434\u0435\u0436\u0434\u044b ARMONTI","isPartOf":{"@id":"https:\/\/armonti.eu\/#website"},"primaryImageOfPage":{"@id":"https:\/\/armonti.eu\/et\/toode\/pluus-ohupallvarrukatega-kopirovat-kopirovat-kopirovat-kopirovat-kopirovat\/#primaryimage"},"image":{"@id":"https:\/\/armonti.eu\/et\/toode\/pluus-ohupallvarrukatega-kopirovat-kopirovat-kopirovat-kopirovat-kopirovat\/#primaryimage"},"thumbnailUrl":"https:\/\/armonti.eu\/wp-content\/uploads\/2026\/04\/img_5731-scaled.jpg","datePublished":"2026-04-06T12:05:31+00:00","dateModified":"2026-04-07T16:45:14+00:00","description":"Stiilne pluus as\u00fcmmeetria ja as\u00fcmmeetrilise all\u00e4\u00e4rega, silmapaistev n\u00f6\u00f6p, mitu v\u00e4rvitooni \u2014 kaasaegne disain pidudeks ja t\u00f6\u00f6ks.","breadcrumb":{"@id":"https:\/\/armonti.eu\/et\/toode\/pluus-ohupallvarrukatega-kopirovat-kopirovat-kopirovat-kopirovat-kopirovat\/#breadcrumb"},"inLanguage":"et","potentialAction":[{"@type":"ReadAction","target":["https:\/\/armonti.eu\/et\/toode\/pluus-ohupallvarrukatega-kopirovat-kopirovat-kopirovat-kopirovat-kopirovat\/"]}]},{"@type":"ImageObject","inLanguage":"et","@id":"https:\/\/armonti.eu\/et\/toode\/pluus-ohupallvarrukatega-kopirovat-kopirovat-kopirovat-kopirovat-kopirovat\/#primaryimage","url":"https:\/\/armonti.eu\/wp-content\/uploads\/2026\/04\/img_5731-scaled.jpg","contentUrl":"https:\/\/armonti.eu\/wp-content\/uploads\/2026\/04\/img_5731-scaled.jpg","width":1920,"height":2560,"caption":"As\u00fcmmeetriline pluus"},{"@type":"BreadcrumbList","@id":"https:\/\/armonti.eu\/et\/toode\/pluus-ohupallvarrukatega-kopirovat-kopirovat-kopirovat-kopirovat-kopirovat\/#breadcrumb","itemListElement":[{"@type":"ListItem","position":1,"name":"\u0413\u043b\u0430\u0432\u043d\u0430\u044f","item":"https:\/\/armonti.eu\/"},{"@type":"ListItem","position":2,"name":"Shop","item":"https:\/\/armonti.eu\/et\/shop\/"},{"@type":"ListItem","position":3,"name":"\u041e\u0434\u0435\u0436\u0434\u0430","item":"https:\/\/armonti.eu\/catalog\/odezhda\/"},{"@type":"ListItem","position":4,"name":"\u0411\u043b\u0443\u0437\u043a\u0438 \u0438 \u0440\u0443\u0431\u0430\u0448\u043a\u0438","item":"https:\/\/armonti.eu\/catalog\/odezhda\/bluzki-i-rubashki\/"},{"@type":"ListItem","position":5,"name":"As\u00fcmmeetriline pluus"}]},{"@type":"WebSite","@id":"https:\/\/armonti.eu\/#website","url":"https:\/\/armonti.eu\/","name":"ARMONTI","description":"","publisher":{"@id":"https:\/\/armonti.eu\/#organization"},"alternateName":"\u0416\u0435\u043d\u0441\u043a\u0430\u044f \u0431\u0440\u0435\u043d\u0434\u043e\u0432\u0430\u044f \u043e\u0434\u0435\u0436\u0434\u0430","potentialAction":[{"@type":"SearchAction","target":{"@type":"EntryPoint","urlTemplate":"https:\/\/armonti.eu\/?s={search_term_string}"},"query-input":{"@type":"PropertyValueSpecification","valueRequired":true,"valueName":"search_term_string"}}],"inLanguage":"et"},{"@type":"Organization","@id":"https:\/\/armonti.eu\/#organization","name":"ARMONTI","alternateName":"\u0416\u0435\u043d\u0441\u043a\u0430\u044f \u0431\u0440\u0435\u043d\u0434\u043e\u0432\u0430\u044f \u043e\u0434\u0435\u0436\u0434\u0430","url":"https:\/\/armonti.eu\/","logo":{"@type":"ImageObject","inLanguage":"et","@id":"https:\/\/armonti.eu\/#\/schema\/logo\/image\/","url":"https:\/\/armonti.eu\/wp-content\/uploads\/2023\/05\/armonti-logo-white.png","contentUrl":"https:\/\/armonti.eu\/wp-content\/uploads\/2023\/05\/armonti-logo-white.png","width":2165,"height":554,"caption":"ARMONTI"},"image":{"@id":"https:\/\/armonti.eu\/#\/schema\/logo\/image\/"}}]}},"_links":{"self":[{"href":"https:\/\/armonti.eu\/et\/wp-json\/wp\/v2\/product\/38725","targetHints":{"allow":["GET"]}}],"collection":[{"href":"https:\/\/armonti.eu\/et\/wp-json\/wp\/v2\/product"}],"about":[{"href":"https:\/\/armonti.eu\/et\/wp-json\/wp\/v2\/types\/product"}],"replies":[{"embeddable":true,"href":"https:\/\/armonti.eu\/et\/wp-json\/wp\/v2\/comments?post=38725"}],"wp:featuredmedia":[{"embeddable":true,"href":"https:\/\/armonti.eu\/et\/wp-json\/wp\/v2\/media\/38749"}],"wp:attachment":[{"href":"https:\/\/armonti.eu\/et\/wp-json\/wp\/v2\/media?parent=38725"}],"wp:term":[{"taxonomy":"product_brand","embeddable":true,"href":"https:\/\/armonti.eu\/et\/wp-json\/wp\/v2\/product_brand?post=38725"},{"taxonomy":"product_cat","embeddable":true,"href":"https:\/\/armonti.eu\/et\/wp-json\/wp\/v2\/product_cat?post=38725"},{"taxonomy":"product_tag","embeddable":true,"href":"https:\/\/armonti.eu\/et\/wp-json\/wp\/v2\/product_tag?post=38725"}],"curies":[{"name":"wp","href":"https:\/\/api.w.org\/{rel}","templated":true}]}}