{"id":38619,"date":"2026-04-06T14:08:53","date_gmt":"2026-04-06T11:08:53","guid":{"rendered":"https:\/\/armonti.eu\/?post_type=product&#038;p=38619"},"modified":"2026-04-07T19:41:13","modified_gmt":"2026-04-07T16:41:13","slug":"ohukesest-trikookangast-t-sark-kopirovat","status":"publish","type":"product","link":"https:\/\/armonti.eu\/et\/toode\/ohukesest-trikookangast-t-sark-kopirovat\/","title":{"rendered":"T-s\u00e4rk kassidega"},"content":{"rendered":"<p>T-s\u00e4rk kassidega \u2014 loodud erksate ja armsate aktsentide austajatele. Mudel on valmistatud pehmest puuvillatrikotaa\u017eist, tagades igap\u00e4evase mugavuse. Ees on suur tr\u00fckk kassidega, kaunistatud litritega, mis r\u00f5hutavad prindijoont ja lisavad peent s\u00e4ra. Sirge l\u00f5ige tagab liikumisvabaduse ning sobib kokku igat t\u00fc\u00fcpi alumise osaga. T-s\u00e4rk kassidega kombineerub h\u00f5lpsalt teksade ja seelikutega, luues m\u00f5nusa igap\u00e4evase look\u2019i. Asendamatu ese neile, kes hindavad garderoobis ebatavalisi ja l\u00f5busaid detaile.<br \/>T\u00fc\u00fcp: t-s\u00e4rk eesmise prindiga<br \/>\nDekoor: litrite kaunistus<br \/>\nMaterjal: puuvillatrikoo<br \/>\nStiil: igap\u00e4evane<br \/>M\u00f5\u00f5dud (cm):<br \/>\nLaius:<br \/>\nS\/M: 87\u201393 cm<br \/>\nL\/XL: 94\u2013100 cm<br \/>\nPikkus s\u00f5ltuvalt suurusest: 57\u201359,5 cm<br \/>Hooldus:<br \/>\nTriikimine temperatuuril kuni 110 \u00b0C, pleegitamine keelatud, \u00f5rn pesu 30 \u00b0C juures      <\/p>\n<p>Tellimuse vormistamisel m\u00e4rgi palun oma t\u00e4psed m\u00f5\u00f5dud (puusad, v\u00f6\u00f6koht ja pikkus), et saaksime sulle sobivaima suuruse valida.<br \/>Toode on saadaval nii poes kui ka veebipoes!<\/p>\n<p>Tootekood: 2603237<\/p>\n","protected":false},"excerpt":{"rendered":"<p>Suurused: S\/M, L\/XL<br \/>\nKoostis: 95% puuvill, 5% elastaan<br \/>\nV\u00e4rvid: must, valge, m\u00fcndiroheline<\/p>\n","protected":false},"featured_media":38639,"comment_status":"open","ping_status":"closed","template":"","meta":[],"product_brand":[],"product_cat":[462],"product_tag":[],"class_list":{"0":"post-38619","1":"product","2":"type-product","3":"status-publish","4":"has-post-thumbnail","6":"product_cat-t-sargid","8":"first","9":"instock","10":"shipping-taxable","11":"purchasable","12":"product-type-variable"},"yoast_head":"<!-- This site is optimized with the Yoast SEO plugin v27.3 - https:\/\/yoast.com\/product\/yoast-seo-wordpress\/ -->\n<title>T-s\u00e4rk kassidega - \u041c\u0430\u0433\u0430\u0437\u0438\u043d \u043e\u0434\u0435\u0436\u0434\u044b ARMONTI<\/title>\n<meta name=\"description\" content=\"Puuvillane T-s\u00e4rk kassidega \u2014 eesmine tr\u00fckk kassidest ja litrite kaunistus. Ideaalne igap\u00e4evaseks kandmiseks, lisades v\u00e4limusele armsa aktsendi.\" \/>\n<meta name=\"robots\" content=\"index, follow, max-snippet:-1, max-image-preview:large, max-video-preview:-1\" \/>\n<link rel=\"canonical\" href=\"https:\/\/armonti.eu\/et\/toode\/ohukesest-trikookangast-t-sark-kopirovat\/\" \/>\n<meta property=\"og:locale\" content=\"et_EE\" \/>\n<meta property=\"og:type\" content=\"article\" \/>\n<meta property=\"og:title\" content=\"T-s\u00e4rk kassidega - \u041c\u0430\u0433\u0430\u0437\u0438\u043d \u043e\u0434\u0435\u0436\u0434\u044b ARMONTI\" \/>\n<meta property=\"og:description\" content=\"Puuvillane T-s\u00e4rk kassidega \u2014 eesmine tr\u00fckk kassidest ja litrite kaunistus. Ideaalne igap\u00e4evaseks kandmiseks, lisades v\u00e4limusele armsa aktsendi.\" \/>\n<meta property=\"og:url\" content=\"https:\/\/armonti.eu\/et\/toode\/ohukesest-trikookangast-t-sark-kopirovat\/\" \/>\n<meta property=\"og:site_name\" content=\"\u041c\u0430\u0433\u0430\u0437\u0438\u043d \u043e\u0434\u0435\u0436\u0434\u044b ARMONTI\" \/>\n<meta property=\"article:modified_time\" content=\"2026-04-07T16:41:13+00:00\" \/>\n<meta property=\"og:image\" content=\"https:\/\/armonti.eu\/wp-content\/uploads\/2026\/04\/img_5746-scaled.jpg\" \/>\n\t<meta property=\"og:image:width\" content=\"1920\" \/>\n\t<meta property=\"og:image:height\" content=\"2560\" \/>\n\t<meta property=\"og:image:type\" content=\"image\/jpeg\" \/>\n<meta name=\"twitter:card\" content=\"summary_large_image\" \/>\n<meta name=\"twitter:label1\" content=\"Est. reading time\" \/>\n\t<meta name=\"twitter:data1\" content=\"1 minut\" \/>\n<script type=\"application\/ld+json\" class=\"yoast-schema-graph\">{\"@context\":\"https:\\\/\\\/schema.org\",\"@graph\":[{\"@type\":\"WebPage\",\"@id\":\"https:\\\/\\\/armonti.eu\\\/et\\\/toode\\\/ohukesest-trikookangast-t-sark-kopirovat\\\/\",\"url\":\"https:\\\/\\\/armonti.eu\\\/et\\\/toode\\\/ohukesest-trikookangast-t-sark-kopirovat\\\/\",\"name\":\"T-s\u00e4rk kassidega - \u041c\u0430\u0433\u0430\u0437\u0438\u043d \u043e\u0434\u0435\u0436\u0434\u044b ARMONTI\",\"isPartOf\":{\"@id\":\"https:\\\/\\\/armonti.eu\\\/#website\"},\"primaryImageOfPage\":{\"@id\":\"https:\\\/\\\/armonti.eu\\\/et\\\/toode\\\/ohukesest-trikookangast-t-sark-kopirovat\\\/#primaryimage\"},\"image\":{\"@id\":\"https:\\\/\\\/armonti.eu\\\/et\\\/toode\\\/ohukesest-trikookangast-t-sark-kopirovat\\\/#primaryimage\"},\"thumbnailUrl\":\"https:\\\/\\\/armonti.eu\\\/wp-content\\\/uploads\\\/2026\\\/04\\\/img_5746-scaled.jpg\",\"datePublished\":\"2026-04-06T11:08:53+00:00\",\"dateModified\":\"2026-04-07T16:41:13+00:00\",\"description\":\"Puuvillane T-s\u00e4rk kassidega \u2014 eesmine tr\u00fckk kassidest ja litrite kaunistus. Ideaalne igap\u00e4evaseks kandmiseks, lisades v\u00e4limusele armsa aktsendi.\",\"breadcrumb\":{\"@id\":\"https:\\\/\\\/armonti.eu\\\/et\\\/toode\\\/ohukesest-trikookangast-t-sark-kopirovat\\\/#breadcrumb\"},\"inLanguage\":\"et\",\"potentialAction\":[{\"@type\":\"ReadAction\",\"target\":[\"https:\\\/\\\/armonti.eu\\\/et\\\/toode\\\/ohukesest-trikookangast-t-sark-kopirovat\\\/\"]}]},{\"@type\":\"ImageObject\",\"inLanguage\":\"et\",\"@id\":\"https:\\\/\\\/armonti.eu\\\/et\\\/toode\\\/ohukesest-trikookangast-t-sark-kopirovat\\\/#primaryimage\",\"url\":\"https:\\\/\\\/armonti.eu\\\/wp-content\\\/uploads\\\/2026\\\/04\\\/img_5746-scaled.jpg\",\"contentUrl\":\"https:\\\/\\\/armonti.eu\\\/wp-content\\\/uploads\\\/2026\\\/04\\\/img_5746-scaled.jpg\",\"width\":1920,\"height\":2560,\"caption\":\"T-s\u00e4rk prindiga rinna peal\"},{\"@type\":\"BreadcrumbList\",\"@id\":\"https:\\\/\\\/armonti.eu\\\/et\\\/toode\\\/ohukesest-trikookangast-t-sark-kopirovat\\\/#breadcrumb\",\"itemListElement\":[{\"@type\":\"ListItem\",\"position\":1,\"name\":\"\u0413\u043b\u0430\u0432\u043d\u0430\u044f\",\"item\":\"https:\\\/\\\/armonti.eu\\\/\"},{\"@type\":\"ListItem\",\"position\":2,\"name\":\"Shop\",\"item\":\"https:\\\/\\\/armonti.eu\\\/et\\\/shop\\\/\"},{\"@type\":\"ListItem\",\"position\":3,\"name\":\"\u041e\u0434\u0435\u0436\u0434\u0430\",\"item\":\"https:\\\/\\\/armonti.eu\\\/catalog\\\/odezhda\\\/\"},{\"@type\":\"ListItem\",\"position\":4,\"name\":\"\u0422\u043e\u043f\u044b, \u0444\u0443\u0442\u0431\u043e\u043b\u043a\u0438\u00a0\u0438\u00a0\u043b\u043e\u043d\u0433\u0441\u043b\u0438\u0432\u044b\",\"item\":\"https:\\\/\\\/armonti.eu\\\/catalog\\\/odezhda\\\/futbolki\\\/\"},{\"@type\":\"ListItem\",\"position\":5,\"name\":\"T-s\u00e4rk kassidega\"}]},{\"@type\":\"WebSite\",\"@id\":\"https:\\\/\\\/armonti.eu\\\/#website\",\"url\":\"https:\\\/\\\/armonti.eu\\\/\",\"name\":\"ARMONTI\",\"description\":\"\",\"publisher\":{\"@id\":\"https:\\\/\\\/armonti.eu\\\/#organization\"},\"alternateName\":\"\u0416\u0435\u043d\u0441\u043a\u0430\u044f \u0431\u0440\u0435\u043d\u0434\u043e\u0432\u0430\u044f \u043e\u0434\u0435\u0436\u0434\u0430\",\"potentialAction\":[{\"@type\":\"SearchAction\",\"target\":{\"@type\":\"EntryPoint\",\"urlTemplate\":\"https:\\\/\\\/armonti.eu\\\/?s={search_term_string}\"},\"query-input\":{\"@type\":\"PropertyValueSpecification\",\"valueRequired\":true,\"valueName\":\"search_term_string\"}}],\"inLanguage\":\"et\"},{\"@type\":\"Organization\",\"@id\":\"https:\\\/\\\/armonti.eu\\\/#organization\",\"name\":\"ARMONTI\",\"alternateName\":\"\u0416\u0435\u043d\u0441\u043a\u0430\u044f \u0431\u0440\u0435\u043d\u0434\u043e\u0432\u0430\u044f \u043e\u0434\u0435\u0436\u0434\u0430\",\"url\":\"https:\\\/\\\/armonti.eu\\\/\",\"logo\":{\"@type\":\"ImageObject\",\"inLanguage\":\"et\",\"@id\":\"https:\\\/\\\/armonti.eu\\\/#\\\/schema\\\/logo\\\/image\\\/\",\"url\":\"https:\\\/\\\/armonti.eu\\\/wp-content\\\/uploads\\\/2023\\\/05\\\/armonti-logo-white.png\",\"contentUrl\":\"https:\\\/\\\/armonti.eu\\\/wp-content\\\/uploads\\\/2023\\\/05\\\/armonti-logo-white.png\",\"width\":2165,\"height\":554,\"caption\":\"ARMONTI\"},\"image\":{\"@id\":\"https:\\\/\\\/armonti.eu\\\/#\\\/schema\\\/logo\\\/image\\\/\"}}]}<\/script>\n<!-- \/ Yoast SEO plugin. -->","yoast_head_json":{"title":"T-s\u00e4rk kassidega - \u041c\u0430\u0433\u0430\u0437\u0438\u043d \u043e\u0434\u0435\u0436\u0434\u044b ARMONTI","description":"Puuvillane T-s\u00e4rk kassidega \u2014 eesmine tr\u00fckk kassidest ja litrite kaunistus. Ideaalne igap\u00e4evaseks kandmiseks, lisades v\u00e4limusele armsa aktsendi.","robots":{"index":"index","follow":"follow","max-snippet":"max-snippet:-1","max-image-preview":"max-image-preview:large","max-video-preview":"max-video-preview:-1"},"canonical":"https:\/\/armonti.eu\/et\/toode\/ohukesest-trikookangast-t-sark-kopirovat\/","og_locale":"et_EE","og_type":"article","og_title":"T-s\u00e4rk kassidega - \u041c\u0430\u0433\u0430\u0437\u0438\u043d \u043e\u0434\u0435\u0436\u0434\u044b ARMONTI","og_description":"Puuvillane T-s\u00e4rk kassidega \u2014 eesmine tr\u00fckk kassidest ja litrite kaunistus. Ideaalne igap\u00e4evaseks kandmiseks, lisades v\u00e4limusele armsa aktsendi.","og_url":"https:\/\/armonti.eu\/et\/toode\/ohukesest-trikookangast-t-sark-kopirovat\/","og_site_name":"\u041c\u0430\u0433\u0430\u0437\u0438\u043d \u043e\u0434\u0435\u0436\u0434\u044b ARMONTI","article_modified_time":"2026-04-07T16:41:13+00:00","og_image":[{"width":1920,"height":2560,"url":"https:\/\/armonti.eu\/wp-content\/uploads\/2026\/04\/img_5746-scaled.jpg","type":"image\/jpeg"}],"twitter_card":"summary_large_image","twitter_misc":{"Est. reading time":"1 minut"},"schema":{"@context":"https:\/\/schema.org","@graph":[{"@type":"WebPage","@id":"https:\/\/armonti.eu\/et\/toode\/ohukesest-trikookangast-t-sark-kopirovat\/","url":"https:\/\/armonti.eu\/et\/toode\/ohukesest-trikookangast-t-sark-kopirovat\/","name":"T-s\u00e4rk kassidega - \u041c\u0430\u0433\u0430\u0437\u0438\u043d \u043e\u0434\u0435\u0436\u0434\u044b ARMONTI","isPartOf":{"@id":"https:\/\/armonti.eu\/#website"},"primaryImageOfPage":{"@id":"https:\/\/armonti.eu\/et\/toode\/ohukesest-trikookangast-t-sark-kopirovat\/#primaryimage"},"image":{"@id":"https:\/\/armonti.eu\/et\/toode\/ohukesest-trikookangast-t-sark-kopirovat\/#primaryimage"},"thumbnailUrl":"https:\/\/armonti.eu\/wp-content\/uploads\/2026\/04\/img_5746-scaled.jpg","datePublished":"2026-04-06T11:08:53+00:00","dateModified":"2026-04-07T16:41:13+00:00","description":"Puuvillane T-s\u00e4rk kassidega \u2014 eesmine tr\u00fckk kassidest ja litrite kaunistus. Ideaalne igap\u00e4evaseks kandmiseks, lisades v\u00e4limusele armsa aktsendi.","breadcrumb":{"@id":"https:\/\/armonti.eu\/et\/toode\/ohukesest-trikookangast-t-sark-kopirovat\/#breadcrumb"},"inLanguage":"et","potentialAction":[{"@type":"ReadAction","target":["https:\/\/armonti.eu\/et\/toode\/ohukesest-trikookangast-t-sark-kopirovat\/"]}]},{"@type":"ImageObject","inLanguage":"et","@id":"https:\/\/armonti.eu\/et\/toode\/ohukesest-trikookangast-t-sark-kopirovat\/#primaryimage","url":"https:\/\/armonti.eu\/wp-content\/uploads\/2026\/04\/img_5746-scaled.jpg","contentUrl":"https:\/\/armonti.eu\/wp-content\/uploads\/2026\/04\/img_5746-scaled.jpg","width":1920,"height":2560,"caption":"T-s\u00e4rk prindiga rinna peal"},{"@type":"BreadcrumbList","@id":"https:\/\/armonti.eu\/et\/toode\/ohukesest-trikookangast-t-sark-kopirovat\/#breadcrumb","itemListElement":[{"@type":"ListItem","position":1,"name":"\u0413\u043b\u0430\u0432\u043d\u0430\u044f","item":"https:\/\/armonti.eu\/"},{"@type":"ListItem","position":2,"name":"Shop","item":"https:\/\/armonti.eu\/et\/shop\/"},{"@type":"ListItem","position":3,"name":"\u041e\u0434\u0435\u0436\u0434\u0430","item":"https:\/\/armonti.eu\/catalog\/odezhda\/"},{"@type":"ListItem","position":4,"name":"\u0422\u043e\u043f\u044b, \u0444\u0443\u0442\u0431\u043e\u043b\u043a\u0438\u00a0\u0438\u00a0\u043b\u043e\u043d\u0433\u0441\u043b\u0438\u0432\u044b","item":"https:\/\/armonti.eu\/catalog\/odezhda\/futbolki\/"},{"@type":"ListItem","position":5,"name":"T-s\u00e4rk kassidega"}]},{"@type":"WebSite","@id":"https:\/\/armonti.eu\/#website","url":"https:\/\/armonti.eu\/","name":"ARMONTI","description":"","publisher":{"@id":"https:\/\/armonti.eu\/#organization"},"alternateName":"\u0416\u0435\u043d\u0441\u043a\u0430\u044f \u0431\u0440\u0435\u043d\u0434\u043e\u0432\u0430\u044f \u043e\u0434\u0435\u0436\u0434\u0430","potentialAction":[{"@type":"SearchAction","target":{"@type":"EntryPoint","urlTemplate":"https:\/\/armonti.eu\/?s={search_term_string}"},"query-input":{"@type":"PropertyValueSpecification","valueRequired":true,"valueName":"search_term_string"}}],"inLanguage":"et"},{"@type":"Organization","@id":"https:\/\/armonti.eu\/#organization","name":"ARMONTI","alternateName":"\u0416\u0435\u043d\u0441\u043a\u0430\u044f \u0431\u0440\u0435\u043d\u0434\u043e\u0432\u0430\u044f \u043e\u0434\u0435\u0436\u0434\u0430","url":"https:\/\/armonti.eu\/","logo":{"@type":"ImageObject","inLanguage":"et","@id":"https:\/\/armonti.eu\/#\/schema\/logo\/image\/","url":"https:\/\/armonti.eu\/wp-content\/uploads\/2023\/05\/armonti-logo-white.png","contentUrl":"https:\/\/armonti.eu\/wp-content\/uploads\/2023\/05\/armonti-logo-white.png","width":2165,"height":554,"caption":"ARMONTI"},"image":{"@id":"https:\/\/armonti.eu\/#\/schema\/logo\/image\/"}}]}},"_links":{"self":[{"href":"https:\/\/armonti.eu\/et\/wp-json\/wp\/v2\/product\/38619","targetHints":{"allow":["GET"]}}],"collection":[{"href":"https:\/\/armonti.eu\/et\/wp-json\/wp\/v2\/product"}],"about":[{"href":"https:\/\/armonti.eu\/et\/wp-json\/wp\/v2\/types\/product"}],"replies":[{"embeddable":true,"href":"https:\/\/armonti.eu\/et\/wp-json\/wp\/v2\/comments?post=38619"}],"wp:featuredmedia":[{"embeddable":true,"href":"https:\/\/armonti.eu\/et\/wp-json\/wp\/v2\/media\/38639"}],"wp:attachment":[{"href":"https:\/\/armonti.eu\/et\/wp-json\/wp\/v2\/media?parent=38619"}],"wp:term":[{"taxonomy":"product_brand","embeddable":true,"href":"https:\/\/armonti.eu\/et\/wp-json\/wp\/v2\/product_brand?post=38619"},{"taxonomy":"product_cat","embeddable":true,"href":"https:\/\/armonti.eu\/et\/wp-json\/wp\/v2\/product_cat?post=38619"},{"taxonomy":"product_tag","embeddable":true,"href":"https:\/\/armonti.eu\/et\/wp-json\/wp\/v2\/product_tag?post=38619"}],"curies":[{"name":"wp","href":"https:\/\/api.w.org\/{rel}","templated":true}]}}