{"id":38491,"date":"2026-04-06T12:48:09","date_gmt":"2026-04-06T09:48:09","guid":{"rendered":"https:\/\/armonti.eu\/?post_type=product&#038;p=38491"},"modified":"2026-04-07T19:02:21","modified_gmt":"2026-04-07T16:02:21","slug":"kootud-trikoo-kostuum-seelikuga-kopirovat-kopirovat-kopirovat-kopirovat-kopirovat-kopirovat-3","status":"publish","type":"product","link":"https:\/\/armonti.eu\/et\/toode\/kootud-trikoo-kostuum-seelikuga-kopirovat-kopirovat-kopirovat-kopirovat-kopirovat-kopirovat-3\/","title":{"rendered":"Triibuline kleit"},"content":{"rendered":"<p>Triibuline kleit \u2014 stiilne ja v\u00e4rske valik igap\u00e4evaseks ja \u00f5htuseks kandmiseks. Mudel r\u00f5hutab siluetti v\u00f6\u00f6paelte abil. Kleidipikkus muudab jala visuaalselt pikemaks ja lisab v\u00e4limusele kerget julgust. Ees olevad dekoratiivsed nupud toimivad nii aksendina kui ka funktsionaalse kinnituselementidena, lisades klassikalisele triibumustrile huvitava detaili. Triibuline kleit sobib jalutusk\u00e4ikudeks, kohtumisteks ja linnas liikumiseks \u2014 kombineeri tossudega igap\u00e4evaseks kandmiseks v\u00f5i kontsadega \u00f5htuseks v\u00e4limuseks.<br \/>Pikkus: mini<br \/>\nMuster: triibuline<br \/>\nV\u00f6\u00f6: v\u00f6\u00f6paelaga, reguleeritav<br \/>\nHooaeg: kevad-suvi, vahehooaeg<br \/>M\u00f5\u00f5dud (cm):<br \/>\nS\/M: 88\u201396 cm<br \/>\nM\/L: 96\u2013100 cm<br \/>\nPikkus s\u00f5ltuvalt suurusest: 92\u201396 cm<br \/>Hooldus:<br \/>\nTriikimine temperatuuril kuni 110 \u00b0C, pleegitamine keelatud, \u00f5rn pesu 30 \u00b0C juures<\/p>\n<p><strong>Tellimuse vormistamisel m\u00e4rgi palun oma t\u00e4psed m\u00f5\u00f5dud (puusad, v\u00f6\u00f6koht ja pikkus), et saaksime sulle sobivaima suuruse valida.<br \/>Toode on saadaval nii poes kui ka veebipoes!<\/strong><\/p>\n<p>Tootekood: 7252<\/p>\n","protected":false},"excerpt":{"rendered":"<p>Suurused: S\/M, M\/L<br \/>\nKoostis: 80% pol\u00fcester, 20% viskoos<\/p>\n","protected":false},"featured_media":38503,"comment_status":"open","ping_status":"closed","template":"","meta":[],"product_brand":[],"product_cat":[457,461,460],"product_tag":[],"class_list":{"0":"post-38491","1":"product","2":"type-product","3":"status-publish","4":"has-post-thumbnail","6":"product_cat-kledidid","7":"product_cat-pikade-varrukatega-kleidid","8":"product_cat-suvekleidid","10":"first","11":"instock","12":"shipping-taxable","13":"purchasable","14":"product-type-variable"},"yoast_head":"<!-- This site is optimized with the Yoast SEO plugin v27.3 - https:\/\/yoast.com\/product\/yoast-seo-wordpress\/ -->\n<title>Triibuline kleit - \u041c\u0430\u0433\u0430\u0437\u0438\u043d \u043e\u0434\u0435\u0436\u0434\u044b ARMONTI<\/title>\n<meta name=\"description\" content=\"Triibuline kleit \u2014 mini pikkusega, v\u00f6\u00f6paelte ja dekoratiivsete nuppudega. Reguleeritav talje ja v\u00e4ljendusrikas muster loovad v\u00e4rskeid igap\u00e4evaseid ja \u00f5htuseid komplekte.\" \/>\n<meta name=\"robots\" content=\"index, follow, max-snippet:-1, max-image-preview:large, max-video-preview:-1\" \/>\n<link rel=\"canonical\" href=\"https:\/\/armonti.eu\/et\/toode\/kootud-trikoo-kostuum-seelikuga-kopirovat-kopirovat-kopirovat-kopirovat-kopirovat-kopirovat-3\/\" \/>\n<meta property=\"og:locale\" content=\"et_EE\" \/>\n<meta property=\"og:type\" content=\"article\" \/>\n<meta property=\"og:title\" content=\"Triibuline kleit - \u041c\u0430\u0433\u0430\u0437\u0438\u043d \u043e\u0434\u0435\u0436\u0434\u044b ARMONTI\" \/>\n<meta property=\"og:description\" content=\"\u041a\u043e\u0441\u0442\u044e\u043c \u0432\u044f\u0437\u0430\u043d\u044b\u0439 \u0442\u0440\u0438\u043a\u043e\u0442\u0430\u0436\u043d\u044b\u0439 \u0441 \u044e\u0431\u043a\u043e\u0439 \u0438 \u0434\u0436\u0435\u043c\u043f\u0435\u0440\u043e\u043c \u0445\u043e\u0440\u043e\u0448\u043e \u0442\u044f\u043d\u0435\u0442\u0441\u044f. \u0427\u0435\u0440\u043d\u044b\u0439 \u0446\u0432\u0435\u0442, \u0440\u0430\u0437\u043b\u0438\u0447\u043d\u044b\u0435 \u0440\u0430\u0437\u043c\u0435\u0440\u044b\" \/>\n<meta property=\"og:url\" content=\"https:\/\/armonti.eu\/et\/toode\/kootud-trikoo-kostuum-seelikuga-kopirovat-kopirovat-kopirovat-kopirovat-kopirovat-kopirovat-3\/\" \/>\n<meta property=\"og:site_name\" content=\"\u041c\u0430\u0433\u0430\u0437\u0438\u043d \u043e\u0434\u0435\u0436\u0434\u044b ARMONTI\" \/>\n<meta property=\"article:modified_time\" content=\"2026-04-07T16:02:21+00:00\" \/>\n<meta property=\"og:image\" content=\"https:\/\/armonti.eu\/wp-content\/uploads\/2026\/04\/img_5443-scaled.jpg\" \/>\n\t<meta property=\"og:image:width\" content=\"1920\" \/>\n\t<meta property=\"og:image:height\" content=\"2560\" \/>\n\t<meta property=\"og:image:type\" content=\"image\/jpeg\" \/>\n<meta name=\"twitter:card\" content=\"summary_large_image\" \/>\n<meta name=\"twitter:description\" content=\"\u041a\u043e\u0441\u0442\u044e\u043c \u0432\u044f\u0437\u0430\u043d\u044b\u0439 \u0442\u0440\u0438\u043a\u043e\u0442\u0430\u0436\u043d\u044b\u0439 \u0441 \u044e\u0431\u043a\u043e\u0439 \u0438 \u0434\u0436\u0435\u043c\u043f\u0435\u0440\u043e\u043c \u0445\u043e\u0440\u043e\u0448\u043e \u0442\u044f\u043d\u0435\u0442\u0441\u044f. \u0427\u0435\u0440\u043d\u044b\u0439 \u0446\u0432\u0435\u0442, \u0440\u0430\u0437\u043b\u0438\u0447\u043d\u044b\u0435 \u0440\u0430\u0437\u043c\u0435\u0440\u044b\" \/>\n<meta name=\"twitter:label1\" content=\"Est. reading time\" \/>\n\t<meta name=\"twitter:data1\" content=\"1 minut\" \/>\n<script type=\"application\/ld+json\" class=\"yoast-schema-graph\">{\"@context\":\"https:\\\/\\\/schema.org\",\"@graph\":[{\"@type\":\"WebPage\",\"@id\":\"https:\\\/\\\/armonti.eu\\\/et\\\/toode\\\/kootud-trikoo-kostuum-seelikuga-kopirovat-kopirovat-kopirovat-kopirovat-kopirovat-kopirovat-3\\\/\",\"url\":\"https:\\\/\\\/armonti.eu\\\/et\\\/toode\\\/kootud-trikoo-kostuum-seelikuga-kopirovat-kopirovat-kopirovat-kopirovat-kopirovat-kopirovat-3\\\/\",\"name\":\"Triibuline kleit - \u041c\u0430\u0433\u0430\u0437\u0438\u043d \u043e\u0434\u0435\u0436\u0434\u044b ARMONTI\",\"isPartOf\":{\"@id\":\"https:\\\/\\\/armonti.eu\\\/#website\"},\"primaryImageOfPage\":{\"@id\":\"https:\\\/\\\/armonti.eu\\\/et\\\/toode\\\/kootud-trikoo-kostuum-seelikuga-kopirovat-kopirovat-kopirovat-kopirovat-kopirovat-kopirovat-3\\\/#primaryimage\"},\"image\":{\"@id\":\"https:\\\/\\\/armonti.eu\\\/et\\\/toode\\\/kootud-trikoo-kostuum-seelikuga-kopirovat-kopirovat-kopirovat-kopirovat-kopirovat-kopirovat-3\\\/#primaryimage\"},\"thumbnailUrl\":\"https:\\\/\\\/armonti.eu\\\/wp-content\\\/uploads\\\/2026\\\/04\\\/img_5443-scaled.jpg\",\"datePublished\":\"2026-04-06T09:48:09+00:00\",\"dateModified\":\"2026-04-07T16:02:21+00:00\",\"description\":\"Triibuline kleit \u2014 mini pikkusega, v\u00f6\u00f6paelte ja dekoratiivsete nuppudega. Reguleeritav talje ja v\u00e4ljendusrikas muster loovad v\u00e4rskeid igap\u00e4evaseid ja \u00f5htuseid komplekte.\",\"breadcrumb\":{\"@id\":\"https:\\\/\\\/armonti.eu\\\/et\\\/toode\\\/kootud-trikoo-kostuum-seelikuga-kopirovat-kopirovat-kopirovat-kopirovat-kopirovat-kopirovat-3\\\/#breadcrumb\"},\"inLanguage\":\"et\",\"potentialAction\":[{\"@type\":\"ReadAction\",\"target\":[\"https:\\\/\\\/armonti.eu\\\/et\\\/toode\\\/kootud-trikoo-kostuum-seelikuga-kopirovat-kopirovat-kopirovat-kopirovat-kopirovat-kopirovat-3\\\/\"]}]},{\"@type\":\"ImageObject\",\"inLanguage\":\"et\",\"@id\":\"https:\\\/\\\/armonti.eu\\\/et\\\/toode\\\/kootud-trikoo-kostuum-seelikuga-kopirovat-kopirovat-kopirovat-kopirovat-kopirovat-kopirovat-3\\\/#primaryimage\",\"url\":\"https:\\\/\\\/armonti.eu\\\/wp-content\\\/uploads\\\/2026\\\/04\\\/img_5443-scaled.jpg\",\"contentUrl\":\"https:\\\/\\\/armonti.eu\\\/wp-content\\\/uploads\\\/2026\\\/04\\\/img_5443-scaled.jpg\",\"width\":1920,\"height\":2560,\"caption\":\"Triibuline kleit\"},{\"@type\":\"BreadcrumbList\",\"@id\":\"https:\\\/\\\/armonti.eu\\\/et\\\/toode\\\/kootud-trikoo-kostuum-seelikuga-kopirovat-kopirovat-kopirovat-kopirovat-kopirovat-kopirovat-3\\\/#breadcrumb\",\"itemListElement\":[{\"@type\":\"ListItem\",\"position\":1,\"name\":\"\u0413\u043b\u0430\u0432\u043d\u0430\u044f\",\"item\":\"https:\\\/\\\/armonti.eu\\\/\"},{\"@type\":\"ListItem\",\"position\":2,\"name\":\"Shop\",\"item\":\"https:\\\/\\\/armonti.eu\\\/et\\\/shop\\\/\"},{\"@type\":\"ListItem\",\"position\":3,\"name\":\"\u041e\u0434\u0435\u0436\u0434\u0430\",\"item\":\"https:\\\/\\\/armonti.eu\\\/catalog\\\/odezhda\\\/\"},{\"@type\":\"ListItem\",\"position\":4,\"name\":\"\u041f\u043b\u0430\u0442\u044c\u044f\",\"item\":\"https:\\\/\\\/armonti.eu\\\/catalog\\\/odezhda\\\/platya-odezhda\\\/\"},{\"@type\":\"ListItem\",\"position\":5,\"name\":\"Triibuline kleit\"}]},{\"@type\":\"WebSite\",\"@id\":\"https:\\\/\\\/armonti.eu\\\/#website\",\"url\":\"https:\\\/\\\/armonti.eu\\\/\",\"name\":\"ARMONTI\",\"description\":\"\",\"publisher\":{\"@id\":\"https:\\\/\\\/armonti.eu\\\/#organization\"},\"alternateName\":\"\u0416\u0435\u043d\u0441\u043a\u0430\u044f \u0431\u0440\u0435\u043d\u0434\u043e\u0432\u0430\u044f \u043e\u0434\u0435\u0436\u0434\u0430\",\"potentialAction\":[{\"@type\":\"SearchAction\",\"target\":{\"@type\":\"EntryPoint\",\"urlTemplate\":\"https:\\\/\\\/armonti.eu\\\/?s={search_term_string}\"},\"query-input\":{\"@type\":\"PropertyValueSpecification\",\"valueRequired\":true,\"valueName\":\"search_term_string\"}}],\"inLanguage\":\"et\"},{\"@type\":\"Organization\",\"@id\":\"https:\\\/\\\/armonti.eu\\\/#organization\",\"name\":\"ARMONTI\",\"alternateName\":\"\u0416\u0435\u043d\u0441\u043a\u0430\u044f \u0431\u0440\u0435\u043d\u0434\u043e\u0432\u0430\u044f \u043e\u0434\u0435\u0436\u0434\u0430\",\"url\":\"https:\\\/\\\/armonti.eu\\\/\",\"logo\":{\"@type\":\"ImageObject\",\"inLanguage\":\"et\",\"@id\":\"https:\\\/\\\/armonti.eu\\\/#\\\/schema\\\/logo\\\/image\\\/\",\"url\":\"https:\\\/\\\/armonti.eu\\\/wp-content\\\/uploads\\\/2023\\\/05\\\/armonti-logo-white.png\",\"contentUrl\":\"https:\\\/\\\/armonti.eu\\\/wp-content\\\/uploads\\\/2023\\\/05\\\/armonti-logo-white.png\",\"width\":2165,\"height\":554,\"caption\":\"ARMONTI\"},\"image\":{\"@id\":\"https:\\\/\\\/armonti.eu\\\/#\\\/schema\\\/logo\\\/image\\\/\"}}]}<\/script>\n<!-- \/ Yoast SEO plugin. -->","yoast_head_json":{"title":"Triibuline kleit - \u041c\u0430\u0433\u0430\u0437\u0438\u043d \u043e\u0434\u0435\u0436\u0434\u044b ARMONTI","description":"Triibuline kleit \u2014 mini pikkusega, v\u00f6\u00f6paelte ja dekoratiivsete nuppudega. Reguleeritav talje ja v\u00e4ljendusrikas muster loovad v\u00e4rskeid igap\u00e4evaseid ja \u00f5htuseid komplekte.","robots":{"index":"index","follow":"follow","max-snippet":"max-snippet:-1","max-image-preview":"max-image-preview:large","max-video-preview":"max-video-preview:-1"},"canonical":"https:\/\/armonti.eu\/et\/toode\/kootud-trikoo-kostuum-seelikuga-kopirovat-kopirovat-kopirovat-kopirovat-kopirovat-kopirovat-3\/","og_locale":"et_EE","og_type":"article","og_title":"Triibuline kleit - \u041c\u0430\u0433\u0430\u0437\u0438\u043d \u043e\u0434\u0435\u0436\u0434\u044b ARMONTI","og_description":"\u041a\u043e\u0441\u0442\u044e\u043c \u0432\u044f\u0437\u0430\u043d\u044b\u0439 \u0442\u0440\u0438\u043a\u043e\u0442\u0430\u0436\u043d\u044b\u0439 \u0441 \u044e\u0431\u043a\u043e\u0439 \u0438 \u0434\u0436\u0435\u043c\u043f\u0435\u0440\u043e\u043c \u0445\u043e\u0440\u043e\u0448\u043e \u0442\u044f\u043d\u0435\u0442\u0441\u044f. \u0427\u0435\u0440\u043d\u044b\u0439 \u0446\u0432\u0435\u0442, \u0440\u0430\u0437\u043b\u0438\u0447\u043d\u044b\u0435 \u0440\u0430\u0437\u043c\u0435\u0440\u044b","og_url":"https:\/\/armonti.eu\/et\/toode\/kootud-trikoo-kostuum-seelikuga-kopirovat-kopirovat-kopirovat-kopirovat-kopirovat-kopirovat-3\/","og_site_name":"\u041c\u0430\u0433\u0430\u0437\u0438\u043d \u043e\u0434\u0435\u0436\u0434\u044b ARMONTI","article_modified_time":"2026-04-07T16:02:21+00:00","og_image":[{"width":1920,"height":2560,"url":"https:\/\/armonti.eu\/wp-content\/uploads\/2026\/04\/img_5443-scaled.jpg","type":"image\/jpeg"}],"twitter_card":"summary_large_image","twitter_description":"\u041a\u043e\u0441\u0442\u044e\u043c \u0432\u044f\u0437\u0430\u043d\u044b\u0439 \u0442\u0440\u0438\u043a\u043e\u0442\u0430\u0436\u043d\u044b\u0439 \u0441 \u044e\u0431\u043a\u043e\u0439 \u0438 \u0434\u0436\u0435\u043c\u043f\u0435\u0440\u043e\u043c \u0445\u043e\u0440\u043e\u0448\u043e \u0442\u044f\u043d\u0435\u0442\u0441\u044f. \u0427\u0435\u0440\u043d\u044b\u0439 \u0446\u0432\u0435\u0442, \u0440\u0430\u0437\u043b\u0438\u0447\u043d\u044b\u0435 \u0440\u0430\u0437\u043c\u0435\u0440\u044b","twitter_misc":{"Est. reading time":"1 minut"},"schema":{"@context":"https:\/\/schema.org","@graph":[{"@type":"WebPage","@id":"https:\/\/armonti.eu\/et\/toode\/kootud-trikoo-kostuum-seelikuga-kopirovat-kopirovat-kopirovat-kopirovat-kopirovat-kopirovat-3\/","url":"https:\/\/armonti.eu\/et\/toode\/kootud-trikoo-kostuum-seelikuga-kopirovat-kopirovat-kopirovat-kopirovat-kopirovat-kopirovat-3\/","name":"Triibuline kleit - \u041c\u0430\u0433\u0430\u0437\u0438\u043d \u043e\u0434\u0435\u0436\u0434\u044b ARMONTI","isPartOf":{"@id":"https:\/\/armonti.eu\/#website"},"primaryImageOfPage":{"@id":"https:\/\/armonti.eu\/et\/toode\/kootud-trikoo-kostuum-seelikuga-kopirovat-kopirovat-kopirovat-kopirovat-kopirovat-kopirovat-3\/#primaryimage"},"image":{"@id":"https:\/\/armonti.eu\/et\/toode\/kootud-trikoo-kostuum-seelikuga-kopirovat-kopirovat-kopirovat-kopirovat-kopirovat-kopirovat-3\/#primaryimage"},"thumbnailUrl":"https:\/\/armonti.eu\/wp-content\/uploads\/2026\/04\/img_5443-scaled.jpg","datePublished":"2026-04-06T09:48:09+00:00","dateModified":"2026-04-07T16:02:21+00:00","description":"Triibuline kleit \u2014 mini pikkusega, v\u00f6\u00f6paelte ja dekoratiivsete nuppudega. Reguleeritav talje ja v\u00e4ljendusrikas muster loovad v\u00e4rskeid igap\u00e4evaseid ja \u00f5htuseid komplekte.","breadcrumb":{"@id":"https:\/\/armonti.eu\/et\/toode\/kootud-trikoo-kostuum-seelikuga-kopirovat-kopirovat-kopirovat-kopirovat-kopirovat-kopirovat-3\/#breadcrumb"},"inLanguage":"et","potentialAction":[{"@type":"ReadAction","target":["https:\/\/armonti.eu\/et\/toode\/kootud-trikoo-kostuum-seelikuga-kopirovat-kopirovat-kopirovat-kopirovat-kopirovat-kopirovat-3\/"]}]},{"@type":"ImageObject","inLanguage":"et","@id":"https:\/\/armonti.eu\/et\/toode\/kootud-trikoo-kostuum-seelikuga-kopirovat-kopirovat-kopirovat-kopirovat-kopirovat-kopirovat-3\/#primaryimage","url":"https:\/\/armonti.eu\/wp-content\/uploads\/2026\/04\/img_5443-scaled.jpg","contentUrl":"https:\/\/armonti.eu\/wp-content\/uploads\/2026\/04\/img_5443-scaled.jpg","width":1920,"height":2560,"caption":"Triibuline kleit"},{"@type":"BreadcrumbList","@id":"https:\/\/armonti.eu\/et\/toode\/kootud-trikoo-kostuum-seelikuga-kopirovat-kopirovat-kopirovat-kopirovat-kopirovat-kopirovat-3\/#breadcrumb","itemListElement":[{"@type":"ListItem","position":1,"name":"\u0413\u043b\u0430\u0432\u043d\u0430\u044f","item":"https:\/\/armonti.eu\/"},{"@type":"ListItem","position":2,"name":"Shop","item":"https:\/\/armonti.eu\/et\/shop\/"},{"@type":"ListItem","position":3,"name":"\u041e\u0434\u0435\u0436\u0434\u0430","item":"https:\/\/armonti.eu\/catalog\/odezhda\/"},{"@type":"ListItem","position":4,"name":"\u041f\u043b\u0430\u0442\u044c\u044f","item":"https:\/\/armonti.eu\/catalog\/odezhda\/platya-odezhda\/"},{"@type":"ListItem","position":5,"name":"Triibuline kleit"}]},{"@type":"WebSite","@id":"https:\/\/armonti.eu\/#website","url":"https:\/\/armonti.eu\/","name":"ARMONTI","description":"","publisher":{"@id":"https:\/\/armonti.eu\/#organization"},"alternateName":"\u0416\u0435\u043d\u0441\u043a\u0430\u044f \u0431\u0440\u0435\u043d\u0434\u043e\u0432\u0430\u044f \u043e\u0434\u0435\u0436\u0434\u0430","potentialAction":[{"@type":"SearchAction","target":{"@type":"EntryPoint","urlTemplate":"https:\/\/armonti.eu\/?s={search_term_string}"},"query-input":{"@type":"PropertyValueSpecification","valueRequired":true,"valueName":"search_term_string"}}],"inLanguage":"et"},{"@type":"Organization","@id":"https:\/\/armonti.eu\/#organization","name":"ARMONTI","alternateName":"\u0416\u0435\u043d\u0441\u043a\u0430\u044f \u0431\u0440\u0435\u043d\u0434\u043e\u0432\u0430\u044f \u043e\u0434\u0435\u0436\u0434\u0430","url":"https:\/\/armonti.eu\/","logo":{"@type":"ImageObject","inLanguage":"et","@id":"https:\/\/armonti.eu\/#\/schema\/logo\/image\/","url":"https:\/\/armonti.eu\/wp-content\/uploads\/2023\/05\/armonti-logo-white.png","contentUrl":"https:\/\/armonti.eu\/wp-content\/uploads\/2023\/05\/armonti-logo-white.png","width":2165,"height":554,"caption":"ARMONTI"},"image":{"@id":"https:\/\/armonti.eu\/#\/schema\/logo\/image\/"}}]}},"_links":{"self":[{"href":"https:\/\/armonti.eu\/et\/wp-json\/wp\/v2\/product\/38491","targetHints":{"allow":["GET"]}}],"collection":[{"href":"https:\/\/armonti.eu\/et\/wp-json\/wp\/v2\/product"}],"about":[{"href":"https:\/\/armonti.eu\/et\/wp-json\/wp\/v2\/types\/product"}],"replies":[{"embeddable":true,"href":"https:\/\/armonti.eu\/et\/wp-json\/wp\/v2\/comments?post=38491"}],"wp:featuredmedia":[{"embeddable":true,"href":"https:\/\/armonti.eu\/et\/wp-json\/wp\/v2\/media\/38503"}],"wp:attachment":[{"href":"https:\/\/armonti.eu\/et\/wp-json\/wp\/v2\/media?parent=38491"}],"wp:term":[{"taxonomy":"product_brand","embeddable":true,"href":"https:\/\/armonti.eu\/et\/wp-json\/wp\/v2\/product_brand?post=38491"},{"taxonomy":"product_cat","embeddable":true,"href":"https:\/\/armonti.eu\/et\/wp-json\/wp\/v2\/product_cat?post=38491"},{"taxonomy":"product_tag","embeddable":true,"href":"https:\/\/armonti.eu\/et\/wp-json\/wp\/v2\/product_tag?post=38491"}],"curies":[{"name":"wp","href":"https:\/\/api.w.org\/{rel}","templated":true}]}}