{"id":38383,"date":"2026-04-06T09:51:27","date_gmt":"2026-04-06T06:51:27","guid":{"rendered":"https:\/\/armonti.eu\/?post_type=product&#038;p=38383"},"modified":"2026-04-07T18:59:54","modified_gmt":"2026-04-07T15:59:54","slug":"pluus-ohupallvarrukatega-kopirovat-kopirovat","status":"publish","type":"product","link":"https:\/\/armonti.eu\/et\/toode\/pluus-ohupallvarrukatega-kopirovat-kopirovat\/","title":{"rendered":"Pikendatud volangiga pluus"},"content":{"rendered":"<p>Pikendatud volangiga pluus on naiselik r\u00f5ivaese, mis lisab v\u00e4limusele romantilisust ja visuaalset elegantsi. Mudel ulatub allapoole puusi, luues voogava drapeeringu ja efektse silueti. Pluusil on \u00f5rn v\u00f6\u00f6, mis v\u00f5imaldab istuvust reguleerida ja taljet r\u00f5hutada. All\u00e4\u00e4res olevad volangid ja langevad varrukad lisavad liikumist ning pehmet vol\u00fc\u00fcmi, samas kui kanga p\u00e4rlmutterl\u00e4ige annab p\u00e4evases ja \u00f5htuses komplektis peene s\u00e4ra. Pikendatud volangiga pluus sobib suurep\u00e4raselt nii p\u00fckste kui ka seelikutega ning kujuneb komplekti keskseks detailiks jalutusk\u00e4ikudeks, kohtumisteks ja pidulikeks s\u00fcndmusteks.<br \/>Pikkus: allpool puusi<br \/>\nDekoor: volangid, drapeering<br \/>\nIstuvus: v\u00f6\u00f6ga reguleeritav, taljet r\u00f5hutav<br \/>\nKangas: p\u00e4rlmutterl\u00e4ikega<br \/>\nStiil: romantiline, \u00f5htune ja igap\u00e4evane<br \/>M\u00f5\u00f5dud (cm):<br \/>\nS\/M: 88\u201394 cm<br \/>\nL\/XL: 95\u2013102 cm<br \/>\nPikkus s\u00f5ltuvalt suurusest: 68\u201369 cm<br \/>Hooldus:<br \/>\nTriikimine temperatuuril kuni 110 \u00b0C, pleegitamine keelatud, \u00f5rn pesu 30 \u00b0C juures     <\/p>\n<p>Tellimuse vormistamisel m\u00e4rgi palun oma t\u00e4psed m\u00f5\u00f5dud (puusad, v\u00f6\u00f6koht ja pikkus), et saaksime sulle sobivaima suuruse valida.<br \/>Toode on saadaval nii poes kui ka veebipoes!<\/p>\n<p>Tootekood: 72161<\/p>\n","protected":false},"excerpt":{"rendered":"<p>Suurused: S\/M, M\/L<br \/>\nKoostis: 80% pol\u00fcester, 20% viskoos<br \/>\nV\u00e4rvid: h\u00f5be, kollane, pistaatsia, virsik<\/p>\n","protected":false},"featured_media":38405,"comment_status":"open","ping_status":"closed","template":"","meta":[],"product_brand":[],"product_cat":[438],"product_tag":[],"class_list":{"0":"post-38383","1":"product","2":"type-product","3":"status-publish","4":"has-post-thumbnail","6":"product_cat-bluzki-i-rubashki-et","8":"first","9":"instock","10":"shipping-taxable","11":"purchasable","12":"product-type-variable"},"yoast_head":"<!-- This site is optimized with the Yoast SEO plugin v27.3 - https:\/\/yoast.com\/product\/yoast-seo-wordpress\/ -->\n<title>Pikendatud volangiga pluus - \u041c\u0430\u0433\u0430\u0437\u0438\u043d \u043e\u0434\u0435\u0436\u0434\u044b ARMONTI<\/title>\n<meta name=\"description\" content=\"Pikendatud volangiga pluus on drapeeringuga mudel, millel on p\u00e4rlmutterl\u00e4ige ning v\u00f6\u00f6ga r\u00f5hutatud istuvus. Romantiline aktsent igasse r\u00f5ivakomplekti.\" \/>\n<meta name=\"robots\" content=\"index, follow, max-snippet:-1, max-image-preview:large, max-video-preview:-1\" \/>\n<link rel=\"canonical\" href=\"https:\/\/armonti.eu\/et\/toode\/pluus-ohupallvarrukatega-kopirovat-kopirovat\/\" \/>\n<meta property=\"og:locale\" content=\"et_EE\" \/>\n<meta property=\"og:type\" content=\"article\" \/>\n<meta property=\"og:title\" content=\"Pikendatud volangiga pluus - \u041c\u0430\u0433\u0430\u0437\u0438\u043d \u043e\u0434\u0435\u0436\u0434\u044b ARMONTI\" \/>\n<meta property=\"og:description\" content=\"Pikendatud volangiga pluus on drapeeringuga mudel, millel on p\u00e4rlmutterl\u00e4ige ning v\u00f6\u00f6ga r\u00f5hutatud istuvus. Romantiline aktsent igasse r\u00f5ivakomplekti.\" \/>\n<meta property=\"og:url\" content=\"https:\/\/armonti.eu\/et\/toode\/pluus-ohupallvarrukatega-kopirovat-kopirovat\/\" \/>\n<meta property=\"og:site_name\" content=\"\u041c\u0430\u0433\u0430\u0437\u0438\u043d \u043e\u0434\u0435\u0436\u0434\u044b ARMONTI\" \/>\n<meta property=\"article:modified_time\" content=\"2026-04-07T15:59:54+00:00\" \/>\n<meta property=\"og:image\" content=\"https:\/\/armonti.eu\/wp-content\/uploads\/2026\/04\/img_5410-scaled.jpg\" \/>\n\t<meta property=\"og:image:width\" content=\"1920\" \/>\n\t<meta property=\"og:image:height\" content=\"2560\" \/>\n\t<meta property=\"og:image:type\" content=\"image\/jpeg\" \/>\n<meta name=\"twitter:card\" content=\"summary_large_image\" \/>\n<meta name=\"twitter:label1\" content=\"Est. reading time\" \/>\n\t<meta name=\"twitter:data1\" content=\"1 minut\" \/>\n<script type=\"application\/ld+json\" class=\"yoast-schema-graph\">{\"@context\":\"https:\\\/\\\/schema.org\",\"@graph\":[{\"@type\":\"WebPage\",\"@id\":\"https:\\\/\\\/armonti.eu\\\/et\\\/toode\\\/pluus-ohupallvarrukatega-kopirovat-kopirovat\\\/\",\"url\":\"https:\\\/\\\/armonti.eu\\\/et\\\/toode\\\/pluus-ohupallvarrukatega-kopirovat-kopirovat\\\/\",\"name\":\"Pikendatud volangiga pluus - \u041c\u0430\u0433\u0430\u0437\u0438\u043d \u043e\u0434\u0435\u0436\u0434\u044b ARMONTI\",\"isPartOf\":{\"@id\":\"https:\\\/\\\/armonti.eu\\\/#website\"},\"primaryImageOfPage\":{\"@id\":\"https:\\\/\\\/armonti.eu\\\/et\\\/toode\\\/pluus-ohupallvarrukatega-kopirovat-kopirovat\\\/#primaryimage\"},\"image\":{\"@id\":\"https:\\\/\\\/armonti.eu\\\/et\\\/toode\\\/pluus-ohupallvarrukatega-kopirovat-kopirovat\\\/#primaryimage\"},\"thumbnailUrl\":\"https:\\\/\\\/armonti.eu\\\/wp-content\\\/uploads\\\/2026\\\/04\\\/img_5410-scaled.jpg\",\"datePublished\":\"2026-04-06T06:51:27+00:00\",\"dateModified\":\"2026-04-07T15:59:54+00:00\",\"description\":\"Pikendatud volangiga pluus on drapeeringuga mudel, millel on p\u00e4rlmutterl\u00e4ige ning v\u00f6\u00f6ga r\u00f5hutatud istuvus. Romantiline aktsent igasse r\u00f5ivakomplekti.\",\"breadcrumb\":{\"@id\":\"https:\\\/\\\/armonti.eu\\\/et\\\/toode\\\/pluus-ohupallvarrukatega-kopirovat-kopirovat\\\/#breadcrumb\"},\"inLanguage\":\"et\",\"potentialAction\":[{\"@type\":\"ReadAction\",\"target\":[\"https:\\\/\\\/armonti.eu\\\/et\\\/toode\\\/pluus-ohupallvarrukatega-kopirovat-kopirovat\\\/\"]}]},{\"@type\":\"ImageObject\",\"inLanguage\":\"et\",\"@id\":\"https:\\\/\\\/armonti.eu\\\/et\\\/toode\\\/pluus-ohupallvarrukatega-kopirovat-kopirovat\\\/#primaryimage\",\"url\":\"https:\\\/\\\/armonti.eu\\\/wp-content\\\/uploads\\\/2026\\\/04\\\/img_5410-scaled.jpg\",\"contentUrl\":\"https:\\\/\\\/armonti.eu\\\/wp-content\\\/uploads\\\/2026\\\/04\\\/img_5410-scaled.jpg\",\"width\":1920,\"height\":2560,\"caption\":\"Pidulik volangpluus\"},{\"@type\":\"BreadcrumbList\",\"@id\":\"https:\\\/\\\/armonti.eu\\\/et\\\/toode\\\/pluus-ohupallvarrukatega-kopirovat-kopirovat\\\/#breadcrumb\",\"itemListElement\":[{\"@type\":\"ListItem\",\"position\":1,\"name\":\"\u0413\u043b\u0430\u0432\u043d\u0430\u044f\",\"item\":\"https:\\\/\\\/armonti.eu\\\/\"},{\"@type\":\"ListItem\",\"position\":2,\"name\":\"Shop\",\"item\":\"https:\\\/\\\/armonti.eu\\\/et\\\/shop\\\/\"},{\"@type\":\"ListItem\",\"position\":3,\"name\":\"\u041e\u0434\u0435\u0436\u0434\u0430\",\"item\":\"https:\\\/\\\/armonti.eu\\\/catalog\\\/odezhda\\\/\"},{\"@type\":\"ListItem\",\"position\":4,\"name\":\"\u0411\u043b\u0443\u0437\u043a\u0438 \u0438 \u0440\u0443\u0431\u0430\u0448\u043a\u0438\",\"item\":\"https:\\\/\\\/armonti.eu\\\/catalog\\\/odezhda\\\/bluzki-i-rubashki\\\/\"},{\"@type\":\"ListItem\",\"position\":5,\"name\":\"Pikendatud volangiga pluus\"}]},{\"@type\":\"WebSite\",\"@id\":\"https:\\\/\\\/armonti.eu\\\/#website\",\"url\":\"https:\\\/\\\/armonti.eu\\\/\",\"name\":\"ARMONTI\",\"description\":\"\",\"publisher\":{\"@id\":\"https:\\\/\\\/armonti.eu\\\/#organization\"},\"alternateName\":\"\u0416\u0435\u043d\u0441\u043a\u0430\u044f \u0431\u0440\u0435\u043d\u0434\u043e\u0432\u0430\u044f \u043e\u0434\u0435\u0436\u0434\u0430\",\"potentialAction\":[{\"@type\":\"SearchAction\",\"target\":{\"@type\":\"EntryPoint\",\"urlTemplate\":\"https:\\\/\\\/armonti.eu\\\/?s={search_term_string}\"},\"query-input\":{\"@type\":\"PropertyValueSpecification\",\"valueRequired\":true,\"valueName\":\"search_term_string\"}}],\"inLanguage\":\"et\"},{\"@type\":\"Organization\",\"@id\":\"https:\\\/\\\/armonti.eu\\\/#organization\",\"name\":\"ARMONTI\",\"alternateName\":\"\u0416\u0435\u043d\u0441\u043a\u0430\u044f \u0431\u0440\u0435\u043d\u0434\u043e\u0432\u0430\u044f \u043e\u0434\u0435\u0436\u0434\u0430\",\"url\":\"https:\\\/\\\/armonti.eu\\\/\",\"logo\":{\"@type\":\"ImageObject\",\"inLanguage\":\"et\",\"@id\":\"https:\\\/\\\/armonti.eu\\\/#\\\/schema\\\/logo\\\/image\\\/\",\"url\":\"https:\\\/\\\/armonti.eu\\\/wp-content\\\/uploads\\\/2023\\\/05\\\/armonti-logo-white.png\",\"contentUrl\":\"https:\\\/\\\/armonti.eu\\\/wp-content\\\/uploads\\\/2023\\\/05\\\/armonti-logo-white.png\",\"width\":2165,\"height\":554,\"caption\":\"ARMONTI\"},\"image\":{\"@id\":\"https:\\\/\\\/armonti.eu\\\/#\\\/schema\\\/logo\\\/image\\\/\"}}]}<\/script>\n<!-- \/ Yoast SEO plugin. -->","yoast_head_json":{"title":"Pikendatud volangiga pluus - \u041c\u0430\u0433\u0430\u0437\u0438\u043d \u043e\u0434\u0435\u0436\u0434\u044b ARMONTI","description":"Pikendatud volangiga pluus on drapeeringuga mudel, millel on p\u00e4rlmutterl\u00e4ige ning v\u00f6\u00f6ga r\u00f5hutatud istuvus. Romantiline aktsent igasse r\u00f5ivakomplekti.","robots":{"index":"index","follow":"follow","max-snippet":"max-snippet:-1","max-image-preview":"max-image-preview:large","max-video-preview":"max-video-preview:-1"},"canonical":"https:\/\/armonti.eu\/et\/toode\/pluus-ohupallvarrukatega-kopirovat-kopirovat\/","og_locale":"et_EE","og_type":"article","og_title":"Pikendatud volangiga pluus - \u041c\u0430\u0433\u0430\u0437\u0438\u043d \u043e\u0434\u0435\u0436\u0434\u044b ARMONTI","og_description":"Pikendatud volangiga pluus on drapeeringuga mudel, millel on p\u00e4rlmutterl\u00e4ige ning v\u00f6\u00f6ga r\u00f5hutatud istuvus. Romantiline aktsent igasse r\u00f5ivakomplekti.","og_url":"https:\/\/armonti.eu\/et\/toode\/pluus-ohupallvarrukatega-kopirovat-kopirovat\/","og_site_name":"\u041c\u0430\u0433\u0430\u0437\u0438\u043d \u043e\u0434\u0435\u0436\u0434\u044b ARMONTI","article_modified_time":"2026-04-07T15:59:54+00:00","og_image":[{"width":1920,"height":2560,"url":"https:\/\/armonti.eu\/wp-content\/uploads\/2026\/04\/img_5410-scaled.jpg","type":"image\/jpeg"}],"twitter_card":"summary_large_image","twitter_misc":{"Est. reading time":"1 minut"},"schema":{"@context":"https:\/\/schema.org","@graph":[{"@type":"WebPage","@id":"https:\/\/armonti.eu\/et\/toode\/pluus-ohupallvarrukatega-kopirovat-kopirovat\/","url":"https:\/\/armonti.eu\/et\/toode\/pluus-ohupallvarrukatega-kopirovat-kopirovat\/","name":"Pikendatud volangiga pluus - \u041c\u0430\u0433\u0430\u0437\u0438\u043d \u043e\u0434\u0435\u0436\u0434\u044b ARMONTI","isPartOf":{"@id":"https:\/\/armonti.eu\/#website"},"primaryImageOfPage":{"@id":"https:\/\/armonti.eu\/et\/toode\/pluus-ohupallvarrukatega-kopirovat-kopirovat\/#primaryimage"},"image":{"@id":"https:\/\/armonti.eu\/et\/toode\/pluus-ohupallvarrukatega-kopirovat-kopirovat\/#primaryimage"},"thumbnailUrl":"https:\/\/armonti.eu\/wp-content\/uploads\/2026\/04\/img_5410-scaled.jpg","datePublished":"2026-04-06T06:51:27+00:00","dateModified":"2026-04-07T15:59:54+00:00","description":"Pikendatud volangiga pluus on drapeeringuga mudel, millel on p\u00e4rlmutterl\u00e4ige ning v\u00f6\u00f6ga r\u00f5hutatud istuvus. Romantiline aktsent igasse r\u00f5ivakomplekti.","breadcrumb":{"@id":"https:\/\/armonti.eu\/et\/toode\/pluus-ohupallvarrukatega-kopirovat-kopirovat\/#breadcrumb"},"inLanguage":"et","potentialAction":[{"@type":"ReadAction","target":["https:\/\/armonti.eu\/et\/toode\/pluus-ohupallvarrukatega-kopirovat-kopirovat\/"]}]},{"@type":"ImageObject","inLanguage":"et","@id":"https:\/\/armonti.eu\/et\/toode\/pluus-ohupallvarrukatega-kopirovat-kopirovat\/#primaryimage","url":"https:\/\/armonti.eu\/wp-content\/uploads\/2026\/04\/img_5410-scaled.jpg","contentUrl":"https:\/\/armonti.eu\/wp-content\/uploads\/2026\/04\/img_5410-scaled.jpg","width":1920,"height":2560,"caption":"Pidulik volangpluus"},{"@type":"BreadcrumbList","@id":"https:\/\/armonti.eu\/et\/toode\/pluus-ohupallvarrukatega-kopirovat-kopirovat\/#breadcrumb","itemListElement":[{"@type":"ListItem","position":1,"name":"\u0413\u043b\u0430\u0432\u043d\u0430\u044f","item":"https:\/\/armonti.eu\/"},{"@type":"ListItem","position":2,"name":"Shop","item":"https:\/\/armonti.eu\/et\/shop\/"},{"@type":"ListItem","position":3,"name":"\u041e\u0434\u0435\u0436\u0434\u0430","item":"https:\/\/armonti.eu\/catalog\/odezhda\/"},{"@type":"ListItem","position":4,"name":"\u0411\u043b\u0443\u0437\u043a\u0438 \u0438 \u0440\u0443\u0431\u0430\u0448\u043a\u0438","item":"https:\/\/armonti.eu\/catalog\/odezhda\/bluzki-i-rubashki\/"},{"@type":"ListItem","position":5,"name":"Pikendatud volangiga pluus"}]},{"@type":"WebSite","@id":"https:\/\/armonti.eu\/#website","url":"https:\/\/armonti.eu\/","name":"ARMONTI","description":"","publisher":{"@id":"https:\/\/armonti.eu\/#organization"},"alternateName":"\u0416\u0435\u043d\u0441\u043a\u0430\u044f \u0431\u0440\u0435\u043d\u0434\u043e\u0432\u0430\u044f \u043e\u0434\u0435\u0436\u0434\u0430","potentialAction":[{"@type":"SearchAction","target":{"@type":"EntryPoint","urlTemplate":"https:\/\/armonti.eu\/?s={search_term_string}"},"query-input":{"@type":"PropertyValueSpecification","valueRequired":true,"valueName":"search_term_string"}}],"inLanguage":"et"},{"@type":"Organization","@id":"https:\/\/armonti.eu\/#organization","name":"ARMONTI","alternateName":"\u0416\u0435\u043d\u0441\u043a\u0430\u044f \u0431\u0440\u0435\u043d\u0434\u043e\u0432\u0430\u044f \u043e\u0434\u0435\u0436\u0434\u0430","url":"https:\/\/armonti.eu\/","logo":{"@type":"ImageObject","inLanguage":"et","@id":"https:\/\/armonti.eu\/#\/schema\/logo\/image\/","url":"https:\/\/armonti.eu\/wp-content\/uploads\/2023\/05\/armonti-logo-white.png","contentUrl":"https:\/\/armonti.eu\/wp-content\/uploads\/2023\/05\/armonti-logo-white.png","width":2165,"height":554,"caption":"ARMONTI"},"image":{"@id":"https:\/\/armonti.eu\/#\/schema\/logo\/image\/"}}]}},"_links":{"self":[{"href":"https:\/\/armonti.eu\/et\/wp-json\/wp\/v2\/product\/38383","targetHints":{"allow":["GET"]}}],"collection":[{"href":"https:\/\/armonti.eu\/et\/wp-json\/wp\/v2\/product"}],"about":[{"href":"https:\/\/armonti.eu\/et\/wp-json\/wp\/v2\/types\/product"}],"replies":[{"embeddable":true,"href":"https:\/\/armonti.eu\/et\/wp-json\/wp\/v2\/comments?post=38383"}],"wp:featuredmedia":[{"embeddable":true,"href":"https:\/\/armonti.eu\/et\/wp-json\/wp\/v2\/media\/38405"}],"wp:attachment":[{"href":"https:\/\/armonti.eu\/et\/wp-json\/wp\/v2\/media?parent=38383"}],"wp:term":[{"taxonomy":"product_brand","embeddable":true,"href":"https:\/\/armonti.eu\/et\/wp-json\/wp\/v2\/product_brand?post=38383"},{"taxonomy":"product_cat","embeddable":true,"href":"https:\/\/armonti.eu\/et\/wp-json\/wp\/v2\/product_cat?post=38383"},{"taxonomy":"product_tag","embeddable":true,"href":"https:\/\/armonti.eu\/et\/wp-json\/wp\/v2\/product_tag?post=38383"}],"curies":[{"name":"wp","href":"https:\/\/api.w.org\/{rel}","templated":true}]}}