{"id":38294,"date":"2026-03-31T16:24:21","date_gmt":"2026-03-31T13:24:21","guid":{"rendered":"https:\/\/armonti.eu\/?post_type=product&#038;p=38294"},"modified":"2026-04-01T13:18:38","modified_gmt":"2026-04-01T10:18:38","slug":"pikendatud-pitsdetailidega-pintsak","status":"publish","type":"product","link":"https:\/\/armonti.eu\/et\/toode\/pikendatud-pitsdetailidega-pintsak\/","title":{"rendered":"Pikendatud pitsdetailidega pintsak"},"content":{"rendered":"<p>Stiilne pikendatud pitsdetailidega pintsak on elegantne ja kaasaegne r\u00f5ivaese, mis muudab lihtsa p\u00f5hikomplekti hetkega eriliseks. Graatsiline siluett salendab figuuri ja lisab sellele rafineeritud elegantsi, samas kui gip\u00fc\u00fcrpitsist detailid varrukaotstes ja all\u00e4\u00e4res annavad naiselikkust ning peent tekstuuri. Pintsak on mitmek\u00fclgne ning sobib erinevateks olukordadeks \u2013 kombineeri seda igap\u00e4evaste p\u00fckstega v\u00f5i kanna seeliku ja topiga \u00f5htusel v\u00e4ljaminekul.<br \/>Mudel: pikendatud pitsdetailidega pintsak<br \/>\nV\u00e4rv: must<br \/>\nDetailid: gip\u00fc\u00fcrpitsist lisandid (all\u00e4\u00e4r, varrukaotsad)<br \/>\nHooaeg: sobib kandmiseks aastaringselt<br \/>M\u00f5\u00f5dud (cm):<br \/>\nRinna\u00fcmberm\u00f5\u00f5t: 88\u2013100 cm<br \/>\nPikkus: 83 cm<br \/>Hooldus: \u00f5rn keemiline puhastus  <\/p>\n<p>Tootekood: 45305<\/p>\n","protected":false},"excerpt":{"rendered":"<p>Suurus: universaalne suurus<br \/>Koostis: 92% pol\u00fcester, 5% viskoos, 3% elastaan<br \/>\n(vooder: 95% pol\u00fcester, 5% elastaan)<br \/>V\u00e4rv: must<\/p>\n","protected":false},"featured_media":38213,"comment_status":"open","ping_status":"closed","template":"","meta":[],"product_brand":[],"product_cat":[456],"product_tag":[],"class_list":{"0":"post-38294","1":"product","2":"type-product","3":"status-publish","4":"has-post-thumbnail","6":"product_cat-pintsak","8":"first","9":"instock","10":"shipping-taxable","11":"purchasable","12":"product-type-simple"},"yoast_head":"<!-- This site is optimized with the Yoast SEO plugin v27.3 - https:\/\/yoast.com\/product\/yoast-seo-wordpress\/ -->\n<title>Pikendatud pitsdetailidega pintsak - \u041c\u0430\u0433\u0430\u0437\u0438\u043d \u043e\u0434\u0435\u0436\u0434\u044b ARMONTI<\/title>\n<meta name=\"description\" content=\"Stiilne pikendatud pitsdetailidega pintsak \u2013 elegantne siluett, efektset r\u00f5hku lisavad pitsist detailid ning mitmek\u00fclgne stiil nii \u00e4rilisteks kui ka \u00f5htusteks komplektideks\" \/>\n<meta name=\"robots\" content=\"index, follow, max-snippet:-1, max-image-preview:large, max-video-preview:-1\" \/>\n<link rel=\"canonical\" href=\"https:\/\/armonti.eu\/et\/toode\/pikendatud-pitsdetailidega-pintsak\/\" \/>\n<meta property=\"og:locale\" content=\"et_EE\" \/>\n<meta property=\"og:type\" content=\"article\" \/>\n<meta property=\"og:title\" content=\"Pikendatud pitsdetailidega pintsak - \u041c\u0430\u0433\u0430\u0437\u0438\u043d \u043e\u0434\u0435\u0436\u0434\u044b ARMONTI\" \/>\n<meta property=\"og:description\" content=\"Stiilne pikendatud pitsdetailidega pintsak \u2013 elegantne siluett, efektset r\u00f5hku lisavad pitsist detailid ning mitmek\u00fclgne stiil nii \u00e4rilisteks kui ka \u00f5htusteks komplektideks\" \/>\n<meta property=\"og:url\" content=\"https:\/\/armonti.eu\/et\/toode\/pikendatud-pitsdetailidega-pintsak\/\" \/>\n<meta property=\"og:site_name\" content=\"\u041c\u0430\u0433\u0430\u0437\u0438\u043d \u043e\u0434\u0435\u0436\u0434\u044b ARMONTI\" \/>\n<meta property=\"article:modified_time\" content=\"2026-04-01T10:18:38+00:00\" \/>\n<meta property=\"og:image\" content=\"https:\/\/armonti.eu\/wp-content\/uploads\/2026\/03\/img_5263-scaled.jpg\" \/>\n\t<meta property=\"og:image:width\" content=\"1920\" \/>\n\t<meta property=\"og:image:height\" content=\"2560\" \/>\n\t<meta property=\"og:image:type\" content=\"image\/jpeg\" \/>\n<meta name=\"twitter:card\" content=\"summary_large_image\" \/>\n<script type=\"application\/ld+json\" class=\"yoast-schema-graph\">{\"@context\":\"https:\\\/\\\/schema.org\",\"@graph\":[{\"@type\":\"WebPage\",\"@id\":\"https:\\\/\\\/armonti.eu\\\/et\\\/toode\\\/pikendatud-pitsdetailidega-pintsak\\\/\",\"url\":\"https:\\\/\\\/armonti.eu\\\/et\\\/toode\\\/pikendatud-pitsdetailidega-pintsak\\\/\",\"name\":\"Pikendatud pitsdetailidega pintsak - \u041c\u0430\u0433\u0430\u0437\u0438\u043d \u043e\u0434\u0435\u0436\u0434\u044b ARMONTI\",\"isPartOf\":{\"@id\":\"https:\\\/\\\/armonti.eu\\\/#website\"},\"primaryImageOfPage\":{\"@id\":\"https:\\\/\\\/armonti.eu\\\/et\\\/toode\\\/pikendatud-pitsdetailidega-pintsak\\\/#primaryimage\"},\"image\":{\"@id\":\"https:\\\/\\\/armonti.eu\\\/et\\\/toode\\\/pikendatud-pitsdetailidega-pintsak\\\/#primaryimage\"},\"thumbnailUrl\":\"https:\\\/\\\/armonti.eu\\\/wp-content\\\/uploads\\\/2026\\\/03\\\/img_5263-scaled.jpg\",\"datePublished\":\"2026-03-31T13:24:21+00:00\",\"dateModified\":\"2026-04-01T10:18:38+00:00\",\"description\":\"Stiilne pikendatud pitsdetailidega pintsak \u2013 elegantne siluett, efektset r\u00f5hku lisavad pitsist detailid ning mitmek\u00fclgne stiil nii \u00e4rilisteks kui ka \u00f5htusteks komplektideks\",\"breadcrumb\":{\"@id\":\"https:\\\/\\\/armonti.eu\\\/et\\\/toode\\\/pikendatud-pitsdetailidega-pintsak\\\/#breadcrumb\"},\"inLanguage\":\"et\",\"potentialAction\":[{\"@type\":\"ReadAction\",\"target\":[\"https:\\\/\\\/armonti.eu\\\/et\\\/toode\\\/pikendatud-pitsdetailidega-pintsak\\\/\"]}]},{\"@type\":\"ImageObject\",\"inLanguage\":\"et\",\"@id\":\"https:\\\/\\\/armonti.eu\\\/et\\\/toode\\\/pikendatud-pitsdetailidega-pintsak\\\/#primaryimage\",\"url\":\"https:\\\/\\\/armonti.eu\\\/wp-content\\\/uploads\\\/2026\\\/03\\\/img_5263-scaled.jpg\",\"contentUrl\":\"https:\\\/\\\/armonti.eu\\\/wp-content\\\/uploads\\\/2026\\\/03\\\/img_5263-scaled.jpg\",\"width\":1920,\"height\":2560,\"caption\":\"Pikendatud pitsdetailidega pintsak\"},{\"@type\":\"BreadcrumbList\",\"@id\":\"https:\\\/\\\/armonti.eu\\\/et\\\/toode\\\/pikendatud-pitsdetailidega-pintsak\\\/#breadcrumb\",\"itemListElement\":[{\"@type\":\"ListItem\",\"position\":1,\"name\":\"\u0413\u043b\u0430\u0432\u043d\u0430\u044f\",\"item\":\"https:\\\/\\\/armonti.eu\\\/\"},{\"@type\":\"ListItem\",\"position\":2,\"name\":\"Shop\",\"item\":\"https:\\\/\\\/armonti.eu\\\/et\\\/shop\\\/\"},{\"@type\":\"ListItem\",\"position\":3,\"name\":\"\u041e\u0434\u0435\u0436\u0434\u0430\",\"item\":\"https:\\\/\\\/armonti.eu\\\/catalog\\\/odezhda\\\/\"},{\"@type\":\"ListItem\",\"position\":4,\"name\":\"\u041a\u043e\u0441\u0442\u044e\u043c\u044b \u0438\u00a0\u043f\u0438\u0434\u0436\u0430\u043a\u0438\",\"item\":\"https:\\\/\\\/armonti.eu\\\/catalog\\\/odezhda\\\/pidzhaki\\\/\"},{\"@type\":\"ListItem\",\"position\":5,\"name\":\"Pikendatud pitsdetailidega pintsak\"}]},{\"@type\":\"WebSite\",\"@id\":\"https:\\\/\\\/armonti.eu\\\/#website\",\"url\":\"https:\\\/\\\/armonti.eu\\\/\",\"name\":\"ARMONTI\",\"description\":\"\",\"publisher\":{\"@id\":\"https:\\\/\\\/armonti.eu\\\/#organization\"},\"alternateName\":\"\u0416\u0435\u043d\u0441\u043a\u0430\u044f \u0431\u0440\u0435\u043d\u0434\u043e\u0432\u0430\u044f \u043e\u0434\u0435\u0436\u0434\u0430\",\"potentialAction\":[{\"@type\":\"SearchAction\",\"target\":{\"@type\":\"EntryPoint\",\"urlTemplate\":\"https:\\\/\\\/armonti.eu\\\/?s={search_term_string}\"},\"query-input\":{\"@type\":\"PropertyValueSpecification\",\"valueRequired\":true,\"valueName\":\"search_term_string\"}}],\"inLanguage\":\"et\"},{\"@type\":\"Organization\",\"@id\":\"https:\\\/\\\/armonti.eu\\\/#organization\",\"name\":\"ARMONTI\",\"alternateName\":\"\u0416\u0435\u043d\u0441\u043a\u0430\u044f \u0431\u0440\u0435\u043d\u0434\u043e\u0432\u0430\u044f \u043e\u0434\u0435\u0436\u0434\u0430\",\"url\":\"https:\\\/\\\/armonti.eu\\\/\",\"logo\":{\"@type\":\"ImageObject\",\"inLanguage\":\"et\",\"@id\":\"https:\\\/\\\/armonti.eu\\\/#\\\/schema\\\/logo\\\/image\\\/\",\"url\":\"https:\\\/\\\/armonti.eu\\\/wp-content\\\/uploads\\\/2023\\\/05\\\/armonti-logo-white.png\",\"contentUrl\":\"https:\\\/\\\/armonti.eu\\\/wp-content\\\/uploads\\\/2023\\\/05\\\/armonti-logo-white.png\",\"width\":2165,\"height\":554,\"caption\":\"ARMONTI\"},\"image\":{\"@id\":\"https:\\\/\\\/armonti.eu\\\/#\\\/schema\\\/logo\\\/image\\\/\"}}]}<\/script>\n<!-- \/ Yoast SEO plugin. -->","yoast_head_json":{"title":"Pikendatud pitsdetailidega pintsak - \u041c\u0430\u0433\u0430\u0437\u0438\u043d \u043e\u0434\u0435\u0436\u0434\u044b ARMONTI","description":"Stiilne pikendatud pitsdetailidega pintsak \u2013 elegantne siluett, efektset r\u00f5hku lisavad pitsist detailid ning mitmek\u00fclgne stiil nii \u00e4rilisteks kui ka \u00f5htusteks komplektideks","robots":{"index":"index","follow":"follow","max-snippet":"max-snippet:-1","max-image-preview":"max-image-preview:large","max-video-preview":"max-video-preview:-1"},"canonical":"https:\/\/armonti.eu\/et\/toode\/pikendatud-pitsdetailidega-pintsak\/","og_locale":"et_EE","og_type":"article","og_title":"Pikendatud pitsdetailidega pintsak - \u041c\u0430\u0433\u0430\u0437\u0438\u043d \u043e\u0434\u0435\u0436\u0434\u044b ARMONTI","og_description":"Stiilne pikendatud pitsdetailidega pintsak \u2013 elegantne siluett, efektset r\u00f5hku lisavad pitsist detailid ning mitmek\u00fclgne stiil nii \u00e4rilisteks kui ka \u00f5htusteks komplektideks","og_url":"https:\/\/armonti.eu\/et\/toode\/pikendatud-pitsdetailidega-pintsak\/","og_site_name":"\u041c\u0430\u0433\u0430\u0437\u0438\u043d \u043e\u0434\u0435\u0436\u0434\u044b ARMONTI","article_modified_time":"2026-04-01T10:18:38+00:00","og_image":[{"width":1920,"height":2560,"url":"https:\/\/armonti.eu\/wp-content\/uploads\/2026\/03\/img_5263-scaled.jpg","type":"image\/jpeg"}],"twitter_card":"summary_large_image","schema":{"@context":"https:\/\/schema.org","@graph":[{"@type":"WebPage","@id":"https:\/\/armonti.eu\/et\/toode\/pikendatud-pitsdetailidega-pintsak\/","url":"https:\/\/armonti.eu\/et\/toode\/pikendatud-pitsdetailidega-pintsak\/","name":"Pikendatud pitsdetailidega pintsak - \u041c\u0430\u0433\u0430\u0437\u0438\u043d \u043e\u0434\u0435\u0436\u0434\u044b ARMONTI","isPartOf":{"@id":"https:\/\/armonti.eu\/#website"},"primaryImageOfPage":{"@id":"https:\/\/armonti.eu\/et\/toode\/pikendatud-pitsdetailidega-pintsak\/#primaryimage"},"image":{"@id":"https:\/\/armonti.eu\/et\/toode\/pikendatud-pitsdetailidega-pintsak\/#primaryimage"},"thumbnailUrl":"https:\/\/armonti.eu\/wp-content\/uploads\/2026\/03\/img_5263-scaled.jpg","datePublished":"2026-03-31T13:24:21+00:00","dateModified":"2026-04-01T10:18:38+00:00","description":"Stiilne pikendatud pitsdetailidega pintsak \u2013 elegantne siluett, efektset r\u00f5hku lisavad pitsist detailid ning mitmek\u00fclgne stiil nii \u00e4rilisteks kui ka \u00f5htusteks komplektideks","breadcrumb":{"@id":"https:\/\/armonti.eu\/et\/toode\/pikendatud-pitsdetailidega-pintsak\/#breadcrumb"},"inLanguage":"et","potentialAction":[{"@type":"ReadAction","target":["https:\/\/armonti.eu\/et\/toode\/pikendatud-pitsdetailidega-pintsak\/"]}]},{"@type":"ImageObject","inLanguage":"et","@id":"https:\/\/armonti.eu\/et\/toode\/pikendatud-pitsdetailidega-pintsak\/#primaryimage","url":"https:\/\/armonti.eu\/wp-content\/uploads\/2026\/03\/img_5263-scaled.jpg","contentUrl":"https:\/\/armonti.eu\/wp-content\/uploads\/2026\/03\/img_5263-scaled.jpg","width":1920,"height":2560,"caption":"Pikendatud pitsdetailidega pintsak"},{"@type":"BreadcrumbList","@id":"https:\/\/armonti.eu\/et\/toode\/pikendatud-pitsdetailidega-pintsak\/#breadcrumb","itemListElement":[{"@type":"ListItem","position":1,"name":"\u0413\u043b\u0430\u0432\u043d\u0430\u044f","item":"https:\/\/armonti.eu\/"},{"@type":"ListItem","position":2,"name":"Shop","item":"https:\/\/armonti.eu\/et\/shop\/"},{"@type":"ListItem","position":3,"name":"\u041e\u0434\u0435\u0436\u0434\u0430","item":"https:\/\/armonti.eu\/catalog\/odezhda\/"},{"@type":"ListItem","position":4,"name":"\u041a\u043e\u0441\u0442\u044e\u043c\u044b \u0438\u00a0\u043f\u0438\u0434\u0436\u0430\u043a\u0438","item":"https:\/\/armonti.eu\/catalog\/odezhda\/pidzhaki\/"},{"@type":"ListItem","position":5,"name":"Pikendatud pitsdetailidega pintsak"}]},{"@type":"WebSite","@id":"https:\/\/armonti.eu\/#website","url":"https:\/\/armonti.eu\/","name":"ARMONTI","description":"","publisher":{"@id":"https:\/\/armonti.eu\/#organization"},"alternateName":"\u0416\u0435\u043d\u0441\u043a\u0430\u044f \u0431\u0440\u0435\u043d\u0434\u043e\u0432\u0430\u044f \u043e\u0434\u0435\u0436\u0434\u0430","potentialAction":[{"@type":"SearchAction","target":{"@type":"EntryPoint","urlTemplate":"https:\/\/armonti.eu\/?s={search_term_string}"},"query-input":{"@type":"PropertyValueSpecification","valueRequired":true,"valueName":"search_term_string"}}],"inLanguage":"et"},{"@type":"Organization","@id":"https:\/\/armonti.eu\/#organization","name":"ARMONTI","alternateName":"\u0416\u0435\u043d\u0441\u043a\u0430\u044f \u0431\u0440\u0435\u043d\u0434\u043e\u0432\u0430\u044f \u043e\u0434\u0435\u0436\u0434\u0430","url":"https:\/\/armonti.eu\/","logo":{"@type":"ImageObject","inLanguage":"et","@id":"https:\/\/armonti.eu\/#\/schema\/logo\/image\/","url":"https:\/\/armonti.eu\/wp-content\/uploads\/2023\/05\/armonti-logo-white.png","contentUrl":"https:\/\/armonti.eu\/wp-content\/uploads\/2023\/05\/armonti-logo-white.png","width":2165,"height":554,"caption":"ARMONTI"},"image":{"@id":"https:\/\/armonti.eu\/#\/schema\/logo\/image\/"}}]}},"_links":{"self":[{"href":"https:\/\/armonti.eu\/et\/wp-json\/wp\/v2\/product\/38294","targetHints":{"allow":["GET"]}}],"collection":[{"href":"https:\/\/armonti.eu\/et\/wp-json\/wp\/v2\/product"}],"about":[{"href":"https:\/\/armonti.eu\/et\/wp-json\/wp\/v2\/types\/product"}],"replies":[{"embeddable":true,"href":"https:\/\/armonti.eu\/et\/wp-json\/wp\/v2\/comments?post=38294"}],"wp:featuredmedia":[{"embeddable":true,"href":"https:\/\/armonti.eu\/et\/wp-json\/wp\/v2\/media\/38213"}],"wp:attachment":[{"href":"https:\/\/armonti.eu\/et\/wp-json\/wp\/v2\/media?parent=38294"}],"wp:term":[{"taxonomy":"product_brand","embeddable":true,"href":"https:\/\/armonti.eu\/et\/wp-json\/wp\/v2\/product_brand?post=38294"},{"taxonomy":"product_cat","embeddable":true,"href":"https:\/\/armonti.eu\/et\/wp-json\/wp\/v2\/product_cat?post=38294"},{"taxonomy":"product_tag","embeddable":true,"href":"https:\/\/armonti.eu\/et\/wp-json\/wp\/v2\/product_tag?post=38294"}],"curies":[{"name":"wp","href":"https:\/\/api.w.org\/{rel}","templated":true}]}}