{"id":38284,"date":"2026-04-01T09:33:10","date_gmt":"2026-04-01T06:33:10","guid":{"rendered":"https:\/\/armonti.eu\/?post_type=product&#038;p=38284"},"modified":"2026-04-01T13:22:03","modified_gmt":"2026-04-01T10:22:03","slug":"ohukesest-trikookangast-t-sark","status":"publish","type":"product","link":"https:\/\/armonti.eu\/et\/toode\/ohukesest-trikookangast-t-sark\/","title":{"rendered":"\u00d5hukesest trikookangast T-s\u00e4rk"},"content":{"rendered":"<p>\u00d5hukesest trikookangast T-s\u00e4rk \u00fchendab endas kerguse ja mugavuse \u2013 ideaalne valik igap\u00e4evaseks kandmiseks. Sirge ja avar l\u00f5ige koos l\u00f5dvestunud siluetiga tagab liikumisvabaduse ega piira keha; k\u00fclje\u00f5mbluste puudumine muudab eseme visuaalselt puhtamaks ning nahal meeldivamaks. Raglaanvarrukad lisavad sportlikku esteetikat ja parandavad istuvust \u00f5lgadel, samas kui \u00f5huke elastne trikookangas venib h\u00e4sti ning sobib erinevatele suurustele. T-s\u00e4rk on saadaval mitmes v\u00e4rvitoonis, mis lihtsustab sobitamist teksade, seelikute v\u00f5i pintsakuga. See mudel \u00fchendab stiili ja praktilisuse, on hoiustamisel kompaktne ning kergesti hooldatav.<br \/>\nMaterjal: \u00f5huke elastne trikookangas<br \/>\nL\u00f5ige: sirge, avar, l\u00f5dvestunud siluett<br \/>\n\u00d5mblused: ilma k\u00fclje\u00f5mblusteta<br \/>\nV\u00e4rvid: saadaval erinevates v\u00e4rvitoonides<br \/>\nIstuvus: universaalne, sobib suurustele S\u2013XL<br \/>\nM\u00f5\u00f5dud (cm):<br \/>\nRinna\u00fcmberm\u00f5\u00f5t: 88\u2013110 cm<br \/>\nPikkus: 64 cm<br \/>\nHooldus:<br \/>\nTriikimine kuni 110 \u00b0C, pleegitamine keelatud, \u00f5rnpesu 30 \u00b0C juures    <\/p>\n<p>Tootekood: 7219<\/p>\n","protected":false},"excerpt":{"rendered":"<p>Suurus: universaalne suurus<br \/>\nSobib kandmiseks suurustel S\u2013XL<br \/>\nKoostis: 100% viskoos<br \/>\nV\u00e4rvid: roosa, teksasinine, oran\u017e, korall, m\u00fcndiroheline, kirsipunane, taupe, lilla, virsikutoon<\/p>\n","protected":false},"featured_media":38266,"comment_status":"open","ping_status":"closed","template":"","meta":[],"product_brand":[],"product_cat":[462],"product_tag":[],"class_list":{"0":"post-38284","1":"product","2":"type-product","3":"status-publish","4":"has-post-thumbnail","6":"product_cat-t-sargid","8":"first","9":"instock","10":"shipping-taxable","11":"purchasable","12":"product-type-variable"},"yoast_head":"<!-- This site is optimized with the Yoast SEO plugin v27.3 - https:\/\/yoast.com\/product\/yoast-seo-wordpress\/ -->\n<title>\u00d5hukesest trikookangast T-s\u00e4rk - \u041c\u0430\u0433\u0430\u0437\u0438\u043d \u043e\u0434\u0435\u0436\u0434\u044b ARMONTI<\/title>\n<meta name=\"description\" content=\"T-s\u00e4rk on valmistatud \u00f5hukesest trikookangast \u2013 sirge ja avara l\u00f5ikega, ilma k\u00fclje\u00f5mblusteta ning raglaanvarrukatega. Vaba siluett on elastne ja sobib erinevatele suurustele.\" \/>\n<meta name=\"robots\" content=\"index, follow, max-snippet:-1, max-image-preview:large, max-video-preview:-1\" \/>\n<link rel=\"canonical\" href=\"https:\/\/armonti.eu\/et\/toode\/ohukesest-trikookangast-t-sark\/\" \/>\n<meta property=\"og:locale\" content=\"et_EE\" \/>\n<meta property=\"og:type\" content=\"article\" \/>\n<meta property=\"og:title\" content=\"\u00d5hukesest trikookangast T-s\u00e4rk - \u041c\u0430\u0433\u0430\u0437\u0438\u043d \u043e\u0434\u0435\u0436\u0434\u044b ARMONTI\" \/>\n<meta property=\"og:description\" content=\"T-s\u00e4rk on valmistatud \u00f5hukesest trikookangast \u2013 sirge ja avara l\u00f5ikega, ilma k\u00fclje\u00f5mblusteta ning raglaanvarrukatega. Vaba siluett on elastne ja sobib erinevatele suurustele.\" \/>\n<meta property=\"og:url\" content=\"https:\/\/armonti.eu\/et\/toode\/ohukesest-trikookangast-t-sark\/\" \/>\n<meta property=\"og:site_name\" content=\"\u041c\u0430\u0433\u0430\u0437\u0438\u043d \u043e\u0434\u0435\u0436\u0434\u044b ARMONTI\" \/>\n<meta property=\"article:modified_time\" content=\"2026-04-01T10:22:03+00:00\" \/>\n<meta property=\"og:image\" content=\"https:\/\/armonti.eu\/wp-content\/uploads\/2026\/04\/img_5322-scaled.jpg\" \/>\n\t<meta property=\"og:image:width\" content=\"1920\" \/>\n\t<meta property=\"og:image:height\" content=\"2560\" \/>\n\t<meta property=\"og:image:type\" content=\"image\/jpeg\" \/>\n<meta name=\"twitter:card\" content=\"summary_large_image\" \/>\n<meta name=\"twitter:label1\" content=\"Est. reading time\" \/>\n\t<meta name=\"twitter:data1\" content=\"1 minut\" \/>\n<script type=\"application\/ld+json\" class=\"yoast-schema-graph\">{\"@context\":\"https:\\\/\\\/schema.org\",\"@graph\":[{\"@type\":\"WebPage\",\"@id\":\"https:\\\/\\\/armonti.eu\\\/et\\\/toode\\\/ohukesest-trikookangast-t-sark\\\/\",\"url\":\"https:\\\/\\\/armonti.eu\\\/et\\\/toode\\\/ohukesest-trikookangast-t-sark\\\/\",\"name\":\"\u00d5hukesest trikookangast T-s\u00e4rk - \u041c\u0430\u0433\u0430\u0437\u0438\u043d \u043e\u0434\u0435\u0436\u0434\u044b ARMONTI\",\"isPartOf\":{\"@id\":\"https:\\\/\\\/armonti.eu\\\/#website\"},\"primaryImageOfPage\":{\"@id\":\"https:\\\/\\\/armonti.eu\\\/et\\\/toode\\\/ohukesest-trikookangast-t-sark\\\/#primaryimage\"},\"image\":{\"@id\":\"https:\\\/\\\/armonti.eu\\\/et\\\/toode\\\/ohukesest-trikookangast-t-sark\\\/#primaryimage\"},\"thumbnailUrl\":\"https:\\\/\\\/armonti.eu\\\/wp-content\\\/uploads\\\/2026\\\/04\\\/img_5322-scaled.jpg\",\"datePublished\":\"2026-04-01T06:33:10+00:00\",\"dateModified\":\"2026-04-01T10:22:03+00:00\",\"description\":\"T-s\u00e4rk on valmistatud \u00f5hukesest trikookangast \u2013 sirge ja avara l\u00f5ikega, ilma k\u00fclje\u00f5mblusteta ning raglaanvarrukatega. Vaba siluett on elastne ja sobib erinevatele suurustele.\",\"breadcrumb\":{\"@id\":\"https:\\\/\\\/armonti.eu\\\/et\\\/toode\\\/ohukesest-trikookangast-t-sark\\\/#breadcrumb\"},\"inLanguage\":\"et\",\"potentialAction\":[{\"@type\":\"ReadAction\",\"target\":[\"https:\\\/\\\/armonti.eu\\\/et\\\/toode\\\/ohukesest-trikookangast-t-sark\\\/\"]}]},{\"@type\":\"ImageObject\",\"inLanguage\":\"et\",\"@id\":\"https:\\\/\\\/armonti.eu\\\/et\\\/toode\\\/ohukesest-trikookangast-t-sark\\\/#primaryimage\",\"url\":\"https:\\\/\\\/armonti.eu\\\/wp-content\\\/uploads\\\/2026\\\/04\\\/img_5322-scaled.jpg\",\"contentUrl\":\"https:\\\/\\\/armonti.eu\\\/wp-content\\\/uploads\\\/2026\\\/04\\\/img_5322-scaled.jpg\",\"width\":1920,\"height\":2560,\"caption\":\"Trikookangast T-s\u00e4rk roosa\"},{\"@type\":\"BreadcrumbList\",\"@id\":\"https:\\\/\\\/armonti.eu\\\/et\\\/toode\\\/ohukesest-trikookangast-t-sark\\\/#breadcrumb\",\"itemListElement\":[{\"@type\":\"ListItem\",\"position\":1,\"name\":\"\u0413\u043b\u0430\u0432\u043d\u0430\u044f\",\"item\":\"https:\\\/\\\/armonti.eu\\\/\"},{\"@type\":\"ListItem\",\"position\":2,\"name\":\"Shop\",\"item\":\"https:\\\/\\\/armonti.eu\\\/et\\\/shop\\\/\"},{\"@type\":\"ListItem\",\"position\":3,\"name\":\"\u041e\u0434\u0435\u0436\u0434\u0430\",\"item\":\"https:\\\/\\\/armonti.eu\\\/catalog\\\/odezhda\\\/\"},{\"@type\":\"ListItem\",\"position\":4,\"name\":\"\u0422\u043e\u043f\u044b, \u0444\u0443\u0442\u0431\u043e\u043b\u043a\u0438\u00a0\u0438\u00a0\u043b\u043e\u043d\u0433\u0441\u043b\u0438\u0432\u044b\",\"item\":\"https:\\\/\\\/armonti.eu\\\/catalog\\\/odezhda\\\/futbolki\\\/\"},{\"@type\":\"ListItem\",\"position\":5,\"name\":\"\u00d5hukesest trikookangast T-s\u00e4rk\"}]},{\"@type\":\"WebSite\",\"@id\":\"https:\\\/\\\/armonti.eu\\\/#website\",\"url\":\"https:\\\/\\\/armonti.eu\\\/\",\"name\":\"ARMONTI\",\"description\":\"\",\"publisher\":{\"@id\":\"https:\\\/\\\/armonti.eu\\\/#organization\"},\"alternateName\":\"\u0416\u0435\u043d\u0441\u043a\u0430\u044f \u0431\u0440\u0435\u043d\u0434\u043e\u0432\u0430\u044f \u043e\u0434\u0435\u0436\u0434\u0430\",\"potentialAction\":[{\"@type\":\"SearchAction\",\"target\":{\"@type\":\"EntryPoint\",\"urlTemplate\":\"https:\\\/\\\/armonti.eu\\\/?s={search_term_string}\"},\"query-input\":{\"@type\":\"PropertyValueSpecification\",\"valueRequired\":true,\"valueName\":\"search_term_string\"}}],\"inLanguage\":\"et\"},{\"@type\":\"Organization\",\"@id\":\"https:\\\/\\\/armonti.eu\\\/#organization\",\"name\":\"ARMONTI\",\"alternateName\":\"\u0416\u0435\u043d\u0441\u043a\u0430\u044f \u0431\u0440\u0435\u043d\u0434\u043e\u0432\u0430\u044f \u043e\u0434\u0435\u0436\u0434\u0430\",\"url\":\"https:\\\/\\\/armonti.eu\\\/\",\"logo\":{\"@type\":\"ImageObject\",\"inLanguage\":\"et\",\"@id\":\"https:\\\/\\\/armonti.eu\\\/#\\\/schema\\\/logo\\\/image\\\/\",\"url\":\"https:\\\/\\\/armonti.eu\\\/wp-content\\\/uploads\\\/2023\\\/05\\\/armonti-logo-white.png\",\"contentUrl\":\"https:\\\/\\\/armonti.eu\\\/wp-content\\\/uploads\\\/2023\\\/05\\\/armonti-logo-white.png\",\"width\":2165,\"height\":554,\"caption\":\"ARMONTI\"},\"image\":{\"@id\":\"https:\\\/\\\/armonti.eu\\\/#\\\/schema\\\/logo\\\/image\\\/\"}}]}<\/script>\n<!-- \/ Yoast SEO plugin. -->","yoast_head_json":{"title":"\u00d5hukesest trikookangast T-s\u00e4rk - \u041c\u0430\u0433\u0430\u0437\u0438\u043d \u043e\u0434\u0435\u0436\u0434\u044b ARMONTI","description":"T-s\u00e4rk on valmistatud \u00f5hukesest trikookangast \u2013 sirge ja avara l\u00f5ikega, ilma k\u00fclje\u00f5mblusteta ning raglaanvarrukatega. Vaba siluett on elastne ja sobib erinevatele suurustele.","robots":{"index":"index","follow":"follow","max-snippet":"max-snippet:-1","max-image-preview":"max-image-preview:large","max-video-preview":"max-video-preview:-1"},"canonical":"https:\/\/armonti.eu\/et\/toode\/ohukesest-trikookangast-t-sark\/","og_locale":"et_EE","og_type":"article","og_title":"\u00d5hukesest trikookangast T-s\u00e4rk - \u041c\u0430\u0433\u0430\u0437\u0438\u043d \u043e\u0434\u0435\u0436\u0434\u044b ARMONTI","og_description":"T-s\u00e4rk on valmistatud \u00f5hukesest trikookangast \u2013 sirge ja avara l\u00f5ikega, ilma k\u00fclje\u00f5mblusteta ning raglaanvarrukatega. Vaba siluett on elastne ja sobib erinevatele suurustele.","og_url":"https:\/\/armonti.eu\/et\/toode\/ohukesest-trikookangast-t-sark\/","og_site_name":"\u041c\u0430\u0433\u0430\u0437\u0438\u043d \u043e\u0434\u0435\u0436\u0434\u044b ARMONTI","article_modified_time":"2026-04-01T10:22:03+00:00","og_image":[{"width":1920,"height":2560,"url":"https:\/\/armonti.eu\/wp-content\/uploads\/2026\/04\/img_5322-scaled.jpg","type":"image\/jpeg"}],"twitter_card":"summary_large_image","twitter_misc":{"Est. reading time":"1 minut"},"schema":{"@context":"https:\/\/schema.org","@graph":[{"@type":"WebPage","@id":"https:\/\/armonti.eu\/et\/toode\/ohukesest-trikookangast-t-sark\/","url":"https:\/\/armonti.eu\/et\/toode\/ohukesest-trikookangast-t-sark\/","name":"\u00d5hukesest trikookangast T-s\u00e4rk - \u041c\u0430\u0433\u0430\u0437\u0438\u043d \u043e\u0434\u0435\u0436\u0434\u044b ARMONTI","isPartOf":{"@id":"https:\/\/armonti.eu\/#website"},"primaryImageOfPage":{"@id":"https:\/\/armonti.eu\/et\/toode\/ohukesest-trikookangast-t-sark\/#primaryimage"},"image":{"@id":"https:\/\/armonti.eu\/et\/toode\/ohukesest-trikookangast-t-sark\/#primaryimage"},"thumbnailUrl":"https:\/\/armonti.eu\/wp-content\/uploads\/2026\/04\/img_5322-scaled.jpg","datePublished":"2026-04-01T06:33:10+00:00","dateModified":"2026-04-01T10:22:03+00:00","description":"T-s\u00e4rk on valmistatud \u00f5hukesest trikookangast \u2013 sirge ja avara l\u00f5ikega, ilma k\u00fclje\u00f5mblusteta ning raglaanvarrukatega. Vaba siluett on elastne ja sobib erinevatele suurustele.","breadcrumb":{"@id":"https:\/\/armonti.eu\/et\/toode\/ohukesest-trikookangast-t-sark\/#breadcrumb"},"inLanguage":"et","potentialAction":[{"@type":"ReadAction","target":["https:\/\/armonti.eu\/et\/toode\/ohukesest-trikookangast-t-sark\/"]}]},{"@type":"ImageObject","inLanguage":"et","@id":"https:\/\/armonti.eu\/et\/toode\/ohukesest-trikookangast-t-sark\/#primaryimage","url":"https:\/\/armonti.eu\/wp-content\/uploads\/2026\/04\/img_5322-scaled.jpg","contentUrl":"https:\/\/armonti.eu\/wp-content\/uploads\/2026\/04\/img_5322-scaled.jpg","width":1920,"height":2560,"caption":"Trikookangast T-s\u00e4rk roosa"},{"@type":"BreadcrumbList","@id":"https:\/\/armonti.eu\/et\/toode\/ohukesest-trikookangast-t-sark\/#breadcrumb","itemListElement":[{"@type":"ListItem","position":1,"name":"\u0413\u043b\u0430\u0432\u043d\u0430\u044f","item":"https:\/\/armonti.eu\/"},{"@type":"ListItem","position":2,"name":"Shop","item":"https:\/\/armonti.eu\/et\/shop\/"},{"@type":"ListItem","position":3,"name":"\u041e\u0434\u0435\u0436\u0434\u0430","item":"https:\/\/armonti.eu\/catalog\/odezhda\/"},{"@type":"ListItem","position":4,"name":"\u0422\u043e\u043f\u044b, \u0444\u0443\u0442\u0431\u043e\u043b\u043a\u0438\u00a0\u0438\u00a0\u043b\u043e\u043d\u0433\u0441\u043b\u0438\u0432\u044b","item":"https:\/\/armonti.eu\/catalog\/odezhda\/futbolki\/"},{"@type":"ListItem","position":5,"name":"\u00d5hukesest trikookangast T-s\u00e4rk"}]},{"@type":"WebSite","@id":"https:\/\/armonti.eu\/#website","url":"https:\/\/armonti.eu\/","name":"ARMONTI","description":"","publisher":{"@id":"https:\/\/armonti.eu\/#organization"},"alternateName":"\u0416\u0435\u043d\u0441\u043a\u0430\u044f \u0431\u0440\u0435\u043d\u0434\u043e\u0432\u0430\u044f \u043e\u0434\u0435\u0436\u0434\u0430","potentialAction":[{"@type":"SearchAction","target":{"@type":"EntryPoint","urlTemplate":"https:\/\/armonti.eu\/?s={search_term_string}"},"query-input":{"@type":"PropertyValueSpecification","valueRequired":true,"valueName":"search_term_string"}}],"inLanguage":"et"},{"@type":"Organization","@id":"https:\/\/armonti.eu\/#organization","name":"ARMONTI","alternateName":"\u0416\u0435\u043d\u0441\u043a\u0430\u044f \u0431\u0440\u0435\u043d\u0434\u043e\u0432\u0430\u044f \u043e\u0434\u0435\u0436\u0434\u0430","url":"https:\/\/armonti.eu\/","logo":{"@type":"ImageObject","inLanguage":"et","@id":"https:\/\/armonti.eu\/#\/schema\/logo\/image\/","url":"https:\/\/armonti.eu\/wp-content\/uploads\/2023\/05\/armonti-logo-white.png","contentUrl":"https:\/\/armonti.eu\/wp-content\/uploads\/2023\/05\/armonti-logo-white.png","width":2165,"height":554,"caption":"ARMONTI"},"image":{"@id":"https:\/\/armonti.eu\/#\/schema\/logo\/image\/"}}]}},"_links":{"self":[{"href":"https:\/\/armonti.eu\/et\/wp-json\/wp\/v2\/product\/38284","targetHints":{"allow":["GET"]}}],"collection":[{"href":"https:\/\/armonti.eu\/et\/wp-json\/wp\/v2\/product"}],"about":[{"href":"https:\/\/armonti.eu\/et\/wp-json\/wp\/v2\/types\/product"}],"replies":[{"embeddable":true,"href":"https:\/\/armonti.eu\/et\/wp-json\/wp\/v2\/comments?post=38284"}],"wp:featuredmedia":[{"embeddable":true,"href":"https:\/\/armonti.eu\/et\/wp-json\/wp\/v2\/media\/38266"}],"wp:attachment":[{"href":"https:\/\/armonti.eu\/et\/wp-json\/wp\/v2\/media?parent=38284"}],"wp:term":[{"taxonomy":"product_brand","embeddable":true,"href":"https:\/\/armonti.eu\/et\/wp-json\/wp\/v2\/product_brand?post=38284"},{"taxonomy":"product_cat","embeddable":true,"href":"https:\/\/armonti.eu\/et\/wp-json\/wp\/v2\/product_cat?post=38284"},{"taxonomy":"product_tag","embeddable":true,"href":"https:\/\/armonti.eu\/et\/wp-json\/wp\/v2\/product_tag?post=38284"}],"curies":[{"name":"wp","href":"https:\/\/api.w.org\/{rel}","templated":true}]}}