{"id":36066,"date":"2026-03-15T17:43:56","date_gmt":"2026-03-15T14:43:56","guid":{"rendered":"https:\/\/armonti.eu\/?post_type=product&#038;p=36066"},"modified":"2026-04-22T08:49:42","modified_gmt":"2026-04-22T05:49:42","slug":"steppitud-bomberjakk-kopirovat-kopirovat-3","status":"publish","type":"product","link":"https:\/\/armonti.eu\/et\/toode\/steppitud-bomberjakk-kopirovat-kopirovat-3\/","title":{"rendered":"Kahepoolne kevad-s\u00fcgis jope"},"content":{"rendered":"<p>See jope \u00fchendab endas \u00fchendamatut.<br \/>\n\u00dchel pool on vaba l\u00f5ige ja plisseeritud tekstuur julgeteks stiilideks. Teisel pool on minimalism ja figuuri j\u00e4rgiv l\u00f5ige elegantsete klassikaliste mudelite jaoks.<br \/>\n\u00d5huke soojendusriie hoiab soojas jahedal ilmaga ning v\u00f5imalus muuta oma v\u00e4limust sekundiga teeb sellest riideesemest teie lemmiku.<br \/>\nT\u00e4nu kapuutsile ja v\u00f5imalusele kanda jakki m\u00f5lemal poolel saad \u00fche riideeseme abil luua kaks t\u00e4iesti erinevat stiili.<br \/>\nTellimuse vormistamisel m\u00e4rgi palun oma t\u00e4psed m\u00f5\u00f5dud (puusad, v\u00f6\u00f6koht ja pikkus), et saaksime sulle sobivaima suuruse valida.<br \/>Toode on saadaval nii poes kui ka veebipoes!<\/p>\n<p>Tootekood: 9970<\/p>\n","protected":false},"excerpt":{"rendered":"<p>Suurused: S, M, L, XL, XXL<br \/>\nKoostis: 100% pol\u00fcester<br \/>\nV\u00e4rvid: \u0161okolaadipruun, must<\/p>\n","protected":false},"featured_media":36086,"comment_status":"open","ping_status":"closed","template":"","meta":[],"product_brand":[],"product_cat":[443,333,441],"product_tag":[],"class_list":{"0":"post-36066","1":"product","2":"type-product","3":"status-publish","4":"has-post-thumbnail","6":"product_cat-kevad-sugis-jope","7":"product_cat-hity-prodazh-et","8":"product_cat-uleriided","10":"first","11":"instock","12":"shipping-taxable","13":"purchasable","14":"product-type-variable"},"yoast_head":"<!-- This site is optimized with the Yoast SEO plugin v27.5 - https:\/\/yoast.com\/product\/yoast-seo-wordpress\/ -->\n<title>Kahepoolne kevad-s\u00fcgis jope - R\u00f5ivapood ARMONTI<\/title>\n<meta name=\"description\" content=\"See jope \u00fchendab endas vastandlikke elemente. \u00dchel pool on vaba l\u00f5ige ja plisseeritud tekstuur, teisel pool minimalistlik stiil ja figuurile sobiv l\u00f5ige, mis loob elegantset klassikat.\" \/>\n<meta name=\"robots\" content=\"index, follow, max-snippet:-1, max-image-preview:large, max-video-preview:-1\" \/>\n<link rel=\"canonical\" href=\"https:\/\/armonti.eu\/et\/toode\/steppitud-bomberjakk-kopirovat-kopirovat-3\/\" \/>\n<meta property=\"og:locale\" content=\"et_EE\" \/>\n<meta property=\"og:type\" content=\"article\" \/>\n<meta property=\"og:title\" content=\"Kahepoolne kevad-s\u00fcgis jope - R\u00f5ivapood ARMONTI\" \/>\n<meta property=\"og:description\" content=\"K\u00f5ige trendikam s\u00fcgisene jakk-mantel! Langev krae ja jaki alumine osa on kaunistatud ilusa kunstlambavilla karusnahaga. Jakk on taljesse l\u00f5ikega, pikendatud ja soe ning sobib ideaalselt nii klassikalise kui ka sportliku stiiliga. Kinnis on trukkidega. Komplektis on v\u00f6\u00f6.\" \/>\n<meta property=\"og:url\" content=\"https:\/\/armonti.eu\/et\/toode\/steppitud-bomberjakk-kopirovat-kopirovat-3\/\" \/>\n<meta property=\"og:site_name\" content=\"\u041c\u0430\u0433\u0430\u0437\u0438\u043d \u043e\u0434\u0435\u0436\u0434\u044b ARMONTI\" \/>\n<meta property=\"article:modified_time\" content=\"2026-04-22T05:49:42+00:00\" \/>\n<meta property=\"og:image\" content=\"https:\/\/armonti.eu\/wp-content\/uploads\/2026\/03\/img_0263.jpg\" \/>\n\t<meta property=\"og:image:width\" content=\"788\" \/>\n\t<meta property=\"og:image:height\" content=\"1050\" \/>\n\t<meta property=\"og:image:type\" content=\"image\/jpeg\" \/>\n<meta name=\"twitter:card\" content=\"summary_large_image\" \/>\n<meta name=\"twitter:description\" content=\"K\u00f5ige trendikam s\u00fcgisene jakk-mantel! Langev krae ja jaki alumine osa on kaunistatud ilusa kunstlambavilla karusnahaga. Jakk on taljesse l\u00f5ikega, pikendatud ja soe ning sobib ideaalselt nii klassikalise kui ka sportliku stiiliga. Kinnis on trukkidega. Komplektis on v\u00f6\u00f6.\" \/>\n<meta name=\"twitter:label1\" content=\"Est. reading time\" \/>\n\t<meta name=\"twitter:data1\" content=\"1 minut\" \/>\n<script type=\"application\/ld+json\" class=\"yoast-schema-graph\">{\"@context\":\"https:\\\/\\\/schema.org\",\"@graph\":[{\"@type\":\"WebPage\",\"@id\":\"https:\\\/\\\/armonti.eu\\\/et\\\/toode\\\/steppitud-bomberjakk-kopirovat-kopirovat-3\\\/\",\"url\":\"https:\\\/\\\/armonti.eu\\\/et\\\/toode\\\/steppitud-bomberjakk-kopirovat-kopirovat-3\\\/\",\"name\":\"Kahepoolne kevad-s\u00fcgis jope - R\u00f5ivapood ARMONTI\",\"isPartOf\":{\"@id\":\"https:\\\/\\\/armonti.eu\\\/#website\"},\"primaryImageOfPage\":{\"@id\":\"https:\\\/\\\/armonti.eu\\\/et\\\/toode\\\/steppitud-bomberjakk-kopirovat-kopirovat-3\\\/#primaryimage\"},\"image\":{\"@id\":\"https:\\\/\\\/armonti.eu\\\/et\\\/toode\\\/steppitud-bomberjakk-kopirovat-kopirovat-3\\\/#primaryimage\"},\"thumbnailUrl\":\"https:\\\/\\\/armonti.eu\\\/wp-content\\\/uploads\\\/2026\\\/03\\\/img_0263.jpg\",\"datePublished\":\"2026-03-15T14:43:56+00:00\",\"dateModified\":\"2026-04-22T05:49:42+00:00\",\"description\":\"See jope \u00fchendab endas vastandlikke elemente. \u00dchel pool on vaba l\u00f5ige ja plisseeritud tekstuur, teisel pool minimalistlik stiil ja figuurile sobiv l\u00f5ige, mis loob elegantset klassikat.\",\"breadcrumb\":{\"@id\":\"https:\\\/\\\/armonti.eu\\\/et\\\/toode\\\/steppitud-bomberjakk-kopirovat-kopirovat-3\\\/#breadcrumb\"},\"inLanguage\":\"et\",\"potentialAction\":[{\"@type\":\"ReadAction\",\"target\":[\"https:\\\/\\\/armonti.eu\\\/et\\\/toode\\\/steppitud-bomberjakk-kopirovat-kopirovat-3\\\/\"]}]},{\"@type\":\"ImageObject\",\"inLanguage\":\"et\",\"@id\":\"https:\\\/\\\/armonti.eu\\\/et\\\/toode\\\/steppitud-bomberjakk-kopirovat-kopirovat-3\\\/#primaryimage\",\"url\":\"https:\\\/\\\/armonti.eu\\\/wp-content\\\/uploads\\\/2026\\\/03\\\/img_0263.jpg\",\"contentUrl\":\"https:\\\/\\\/armonti.eu\\\/wp-content\\\/uploads\\\/2026\\\/03\\\/img_0263.jpg\",\"width\":788,\"height\":1050,\"caption\":\"L\u00fchike jope\"},{\"@type\":\"BreadcrumbList\",\"@id\":\"https:\\\/\\\/armonti.eu\\\/et\\\/toode\\\/steppitud-bomberjakk-kopirovat-kopirovat-3\\\/#breadcrumb\",\"itemListElement\":[{\"@type\":\"ListItem\",\"position\":1,\"name\":\"\u0413\u043b\u0430\u0432\u043d\u0430\u044f\",\"item\":\"https:\\\/\\\/armonti.eu\\\/\"},{\"@type\":\"ListItem\",\"position\":2,\"name\":\"Shop\",\"item\":\"https:\\\/\\\/armonti.eu\\\/et\\\/shop\\\/\"},{\"@type\":\"ListItem\",\"position\":3,\"name\":\"\u041e\u0434\u0435\u0436\u0434\u0430\",\"item\":\"https:\\\/\\\/armonti.eu\\\/catalog\\\/odezhda\\\/\"},{\"@type\":\"ListItem\",\"position\":4,\"name\":\"\u0412\u0435\u0440\u0445\u043d\u044f\u044f \u043e\u0434\u0435\u0436\u0434\u0430\",\"item\":\"https:\\\/\\\/armonti.eu\\\/catalog\\\/odezhda\\\/verhnyaya-odezhda\\\/\"},{\"@type\":\"ListItem\",\"position\":5,\"name\":\"Kahepoolne kevad-s\u00fcgis jope\"}]},{\"@type\":\"WebSite\",\"@id\":\"https:\\\/\\\/armonti.eu\\\/#website\",\"url\":\"https:\\\/\\\/armonti.eu\\\/\",\"name\":\"ARMONTI\",\"description\":\"\",\"publisher\":{\"@id\":\"https:\\\/\\\/armonti.eu\\\/#organization\"},\"alternateName\":\"\u0416\u0435\u043d\u0441\u043a\u0430\u044f \u0431\u0440\u0435\u043d\u0434\u043e\u0432\u0430\u044f \u043e\u0434\u0435\u0436\u0434\u0430\",\"potentialAction\":[{\"@type\":\"SearchAction\",\"target\":{\"@type\":\"EntryPoint\",\"urlTemplate\":\"https:\\\/\\\/armonti.eu\\\/?s={search_term_string}\"},\"query-input\":{\"@type\":\"PropertyValueSpecification\",\"valueRequired\":true,\"valueName\":\"search_term_string\"}}],\"inLanguage\":\"et\"},{\"@type\":\"Organization\",\"@id\":\"https:\\\/\\\/armonti.eu\\\/#organization\",\"name\":\"ARMONTI\",\"alternateName\":\"\u0416\u0435\u043d\u0441\u043a\u0430\u044f \u0431\u0440\u0435\u043d\u0434\u043e\u0432\u0430\u044f \u043e\u0434\u0435\u0436\u0434\u0430\",\"url\":\"https:\\\/\\\/armonti.eu\\\/\",\"logo\":{\"@type\":\"ImageObject\",\"inLanguage\":\"et\",\"@id\":\"https:\\\/\\\/armonti.eu\\\/#\\\/schema\\\/logo\\\/image\\\/\",\"url\":\"https:\\\/\\\/armonti.eu\\\/wp-content\\\/uploads\\\/2023\\\/05\\\/armonti-logo-white.png\",\"contentUrl\":\"https:\\\/\\\/armonti.eu\\\/wp-content\\\/uploads\\\/2023\\\/05\\\/armonti-logo-white.png\",\"width\":2165,\"height\":554,\"caption\":\"ARMONTI\"},\"image\":{\"@id\":\"https:\\\/\\\/armonti.eu\\\/#\\\/schema\\\/logo\\\/image\\\/\"}}]}<\/script>\n<!-- \/ Yoast SEO plugin. -->","yoast_head_json":{"title":"Kahepoolne kevad-s\u00fcgis jope - R\u00f5ivapood ARMONTI","description":"See jope \u00fchendab endas vastandlikke elemente. \u00dchel pool on vaba l\u00f5ige ja plisseeritud tekstuur, teisel pool minimalistlik stiil ja figuurile sobiv l\u00f5ige, mis loob elegantset klassikat.","robots":{"index":"index","follow":"follow","max-snippet":"max-snippet:-1","max-image-preview":"max-image-preview:large","max-video-preview":"max-video-preview:-1"},"canonical":"https:\/\/armonti.eu\/et\/toode\/steppitud-bomberjakk-kopirovat-kopirovat-3\/","og_locale":"et_EE","og_type":"article","og_title":"Kahepoolne kevad-s\u00fcgis jope - R\u00f5ivapood ARMONTI","og_description":"K\u00f5ige trendikam s\u00fcgisene jakk-mantel! Langev krae ja jaki alumine osa on kaunistatud ilusa kunstlambavilla karusnahaga. Jakk on taljesse l\u00f5ikega, pikendatud ja soe ning sobib ideaalselt nii klassikalise kui ka sportliku stiiliga. Kinnis on trukkidega. Komplektis on v\u00f6\u00f6.","og_url":"https:\/\/armonti.eu\/et\/toode\/steppitud-bomberjakk-kopirovat-kopirovat-3\/","og_site_name":"\u041c\u0430\u0433\u0430\u0437\u0438\u043d \u043e\u0434\u0435\u0436\u0434\u044b ARMONTI","article_modified_time":"2026-04-22T05:49:42+00:00","og_image":[{"width":788,"height":1050,"url":"https:\/\/armonti.eu\/wp-content\/uploads\/2026\/03\/img_0263.jpg","type":"image\/jpeg"}],"twitter_card":"summary_large_image","twitter_description":"K\u00f5ige trendikam s\u00fcgisene jakk-mantel! Langev krae ja jaki alumine osa on kaunistatud ilusa kunstlambavilla karusnahaga. Jakk on taljesse l\u00f5ikega, pikendatud ja soe ning sobib ideaalselt nii klassikalise kui ka sportliku stiiliga. Kinnis on trukkidega. Komplektis on v\u00f6\u00f6.","twitter_misc":{"Est. reading time":"1 minut"},"schema":{"@context":"https:\/\/schema.org","@graph":[{"@type":"WebPage","@id":"https:\/\/armonti.eu\/et\/toode\/steppitud-bomberjakk-kopirovat-kopirovat-3\/","url":"https:\/\/armonti.eu\/et\/toode\/steppitud-bomberjakk-kopirovat-kopirovat-3\/","name":"Kahepoolne kevad-s\u00fcgis jope - R\u00f5ivapood ARMONTI","isPartOf":{"@id":"https:\/\/armonti.eu\/#website"},"primaryImageOfPage":{"@id":"https:\/\/armonti.eu\/et\/toode\/steppitud-bomberjakk-kopirovat-kopirovat-3\/#primaryimage"},"image":{"@id":"https:\/\/armonti.eu\/et\/toode\/steppitud-bomberjakk-kopirovat-kopirovat-3\/#primaryimage"},"thumbnailUrl":"https:\/\/armonti.eu\/wp-content\/uploads\/2026\/03\/img_0263.jpg","datePublished":"2026-03-15T14:43:56+00:00","dateModified":"2026-04-22T05:49:42+00:00","description":"See jope \u00fchendab endas vastandlikke elemente. \u00dchel pool on vaba l\u00f5ige ja plisseeritud tekstuur, teisel pool minimalistlik stiil ja figuurile sobiv l\u00f5ige, mis loob elegantset klassikat.","breadcrumb":{"@id":"https:\/\/armonti.eu\/et\/toode\/steppitud-bomberjakk-kopirovat-kopirovat-3\/#breadcrumb"},"inLanguage":"et","potentialAction":[{"@type":"ReadAction","target":["https:\/\/armonti.eu\/et\/toode\/steppitud-bomberjakk-kopirovat-kopirovat-3\/"]}]},{"@type":"ImageObject","inLanguage":"et","@id":"https:\/\/armonti.eu\/et\/toode\/steppitud-bomberjakk-kopirovat-kopirovat-3\/#primaryimage","url":"https:\/\/armonti.eu\/wp-content\/uploads\/2026\/03\/img_0263.jpg","contentUrl":"https:\/\/armonti.eu\/wp-content\/uploads\/2026\/03\/img_0263.jpg","width":788,"height":1050,"caption":"L\u00fchike jope"},{"@type":"BreadcrumbList","@id":"https:\/\/armonti.eu\/et\/toode\/steppitud-bomberjakk-kopirovat-kopirovat-3\/#breadcrumb","itemListElement":[{"@type":"ListItem","position":1,"name":"\u0413\u043b\u0430\u0432\u043d\u0430\u044f","item":"https:\/\/armonti.eu\/"},{"@type":"ListItem","position":2,"name":"Shop","item":"https:\/\/armonti.eu\/et\/shop\/"},{"@type":"ListItem","position":3,"name":"\u041e\u0434\u0435\u0436\u0434\u0430","item":"https:\/\/armonti.eu\/catalog\/odezhda\/"},{"@type":"ListItem","position":4,"name":"\u0412\u0435\u0440\u0445\u043d\u044f\u044f \u043e\u0434\u0435\u0436\u0434\u0430","item":"https:\/\/armonti.eu\/catalog\/odezhda\/verhnyaya-odezhda\/"},{"@type":"ListItem","position":5,"name":"Kahepoolne kevad-s\u00fcgis jope"}]},{"@type":"WebSite","@id":"https:\/\/armonti.eu\/#website","url":"https:\/\/armonti.eu\/","name":"ARMONTI","description":"","publisher":{"@id":"https:\/\/armonti.eu\/#organization"},"alternateName":"\u0416\u0435\u043d\u0441\u043a\u0430\u044f \u0431\u0440\u0435\u043d\u0434\u043e\u0432\u0430\u044f \u043e\u0434\u0435\u0436\u0434\u0430","potentialAction":[{"@type":"SearchAction","target":{"@type":"EntryPoint","urlTemplate":"https:\/\/armonti.eu\/?s={search_term_string}"},"query-input":{"@type":"PropertyValueSpecification","valueRequired":true,"valueName":"search_term_string"}}],"inLanguage":"et"},{"@type":"Organization","@id":"https:\/\/armonti.eu\/#organization","name":"ARMONTI","alternateName":"\u0416\u0435\u043d\u0441\u043a\u0430\u044f \u0431\u0440\u0435\u043d\u0434\u043e\u0432\u0430\u044f \u043e\u0434\u0435\u0436\u0434\u0430","url":"https:\/\/armonti.eu\/","logo":{"@type":"ImageObject","inLanguage":"et","@id":"https:\/\/armonti.eu\/#\/schema\/logo\/image\/","url":"https:\/\/armonti.eu\/wp-content\/uploads\/2023\/05\/armonti-logo-white.png","contentUrl":"https:\/\/armonti.eu\/wp-content\/uploads\/2023\/05\/armonti-logo-white.png","width":2165,"height":554,"caption":"ARMONTI"},"image":{"@id":"https:\/\/armonti.eu\/#\/schema\/logo\/image\/"}}]}},"_links":{"self":[{"href":"https:\/\/armonti.eu\/et\/wp-json\/wp\/v2\/product\/36066","targetHints":{"allow":["GET"]}}],"collection":[{"href":"https:\/\/armonti.eu\/et\/wp-json\/wp\/v2\/product"}],"about":[{"href":"https:\/\/armonti.eu\/et\/wp-json\/wp\/v2\/types\/product"}],"replies":[{"embeddable":true,"href":"https:\/\/armonti.eu\/et\/wp-json\/wp\/v2\/comments?post=36066"}],"wp:featuredmedia":[{"embeddable":true,"href":"https:\/\/armonti.eu\/et\/wp-json\/wp\/v2\/media\/36086"}],"wp:attachment":[{"href":"https:\/\/armonti.eu\/et\/wp-json\/wp\/v2\/media?parent=36066"}],"wp:term":[{"taxonomy":"product_brand","embeddable":true,"href":"https:\/\/armonti.eu\/et\/wp-json\/wp\/v2\/product_brand?post=36066"},{"taxonomy":"product_cat","embeddable":true,"href":"https:\/\/armonti.eu\/et\/wp-json\/wp\/v2\/product_cat?post=36066"},{"taxonomy":"product_tag","embeddable":true,"href":"https:\/\/armonti.eu\/et\/wp-json\/wp\/v2\/product_tag?post=36066"}],"curies":[{"name":"wp","href":"https:\/\/api.w.org\/{rel}","templated":true}]}}