{"id":35549,"date":"2026-02-17T23:49:38","date_gmt":"2026-02-17T20:49:38","guid":{"rendered":"https:\/\/armonti.eu\/?post_type=product&#038;p=35549"},"modified":"2026-02-25T16:07:21","modified_gmt":"2026-02-25T13:07:21","slug":"spordidress-kopirovat-kopirovat-kopirovat-kopirovat-kopirovat","status":"publish","type":"product","link":"https:\/\/armonti.eu\/et\/toode\/spordidress-kopirovat-kopirovat-kopirovat-kopirovat-kopirovat\/","title":{"rendered":"Spordidress"},"content":{"rendered":"<p><strong>Sirged p\u00fckstega sportlik kost\u00fc\u00fcm.<\/strong><br \/>\nL\u00fchendatud lukuga dressipluusi ja laiade palazzo-p\u00fckstega sportlik komplekt.<br \/>\nKapuutsiga lukuga dressipluus. Kummiga, taskute ja paelaga p\u00fcksid.<\/p>\n<p><strong> Hooldus:<\/strong> triigimine 110\u00b0C juures, pleegitamine keelatud, \u00f5rn pesu 30\u00b0C juures.<\/p>\n<p>T\u00e4ienda oma stiili meie muu tootevalikuga!<\/p>\n<p><strong>Tellimuse vormistamisel m\u00e4rgi palun oma t\u00e4psed m\u00f5\u00f5dud (puusad, v\u00f6\u00f6koht ja pikkus), et saaksime sulle sobivaima suuruse valida.<\/strong><\/p>\n<p><strong><br \/>\nToode on saadaval nii poes kui ka veebipoes!<\/strong><\/p>\n<p>&nbsp;<\/p>\n<p>Artikkel 1122<\/p>\n","protected":false},"excerpt":{"rendered":"<p><strong>Suurused:<\/strong> S M L<br \/>\n<strong>V\u00e4rv:<\/strong> t\u00fcrkiis, grafiit<br \/>\n<strong>See toode on saadaval nii poes kui ka veebipoes!<\/strong><\/p>\n","protected":false},"featured_media":35566,"comment_status":"open","ping_status":"closed","template":"","meta":[],"product_brand":[],"product_cat":[452,454,451,332,336],"product_tag":[],"class_list":{"0":"post-35549","1":"product","2":"type-product","3":"status-publish","4":"has-post-thumbnail","6":"product_cat-dressid","7":"product_cat-ohukesed-dressikomplektid","8":"product_cat-pukskostuumid-et","9":"product_cat-rasprodazha-et","10":"product_cat-kostyumy-letnie-et","12":"first","13":"instock","14":"shipping-taxable","15":"purchasable","16":"product-type-variable"},"yoast_head":"<!-- This site is optimized with the Yoast SEO plugin v27.3 - https:\/\/yoast.com\/product\/yoast-seo-wordpress\/ -->\n<title>Spordidress - R\u00f5ivapood ARMONTI<\/title>\n<meta name=\"description\" content=\"L\u00fchendatud lukuga dressipluusi ja laiade palazzo-p\u00fckstega sportlik komplekt. Kapuutsiga lukuga dressipluus. Kummiga, taskute ja paelaga p\u00fcksid.\" \/>\n<meta name=\"robots\" content=\"index, follow, max-snippet:-1, max-image-preview:large, max-video-preview:-1\" \/>\n<link rel=\"canonical\" href=\"https:\/\/armonti.eu\/et\/toode\/spordidress-kopirovat-kopirovat-kopirovat-kopirovat-kopirovat\/\" \/>\n<meta property=\"og:locale\" content=\"et_EE\" \/>\n<meta property=\"og:type\" content=\"article\" \/>\n<meta property=\"og:title\" content=\"Spordidress - R\u00f5ivapood ARMONTI\" \/>\n<meta property=\"og:description\" content=\"L\u00fchendatud lukuga dressipluusi ja laiade palazzo-p\u00fckstega sportlik komplekt. Kapuutsiga lukuga dressipluus. Kummiga, taskute ja paelaga p\u00fcksid.\" \/>\n<meta property=\"og:url\" content=\"https:\/\/armonti.eu\/et\/toode\/spordidress-kopirovat-kopirovat-kopirovat-kopirovat-kopirovat\/\" \/>\n<meta property=\"og:site_name\" content=\"\u041c\u0430\u0433\u0430\u0437\u0438\u043d \u043e\u0434\u0435\u0436\u0434\u044b ARMONTI\" \/>\n<meta property=\"article:modified_time\" content=\"2026-02-25T13:07:21+00:00\" \/>\n<meta property=\"og:image\" content=\"https:\/\/armonti.eu\/wp-content\/uploads\/2026\/02\/img_6335.jpg\" \/>\n\t<meta property=\"og:image:width\" content=\"975\" \/>\n\t<meta property=\"og:image:height\" content=\"1300\" \/>\n\t<meta property=\"og:image:type\" content=\"image\/jpeg\" \/>\n<meta name=\"twitter:card\" content=\"summary_large_image\" \/>\n<meta name=\"twitter:label1\" content=\"Est. reading time\" \/>\n\t<meta name=\"twitter:data1\" content=\"1 minut\" \/>\n<script type=\"application\/ld+json\" class=\"yoast-schema-graph\">{\"@context\":\"https:\\\/\\\/schema.org\",\"@graph\":[{\"@type\":\"WebPage\",\"@id\":\"https:\\\/\\\/armonti.eu\\\/et\\\/toode\\\/spordidress-kopirovat-kopirovat-kopirovat-kopirovat-kopirovat\\\/\",\"url\":\"https:\\\/\\\/armonti.eu\\\/et\\\/toode\\\/spordidress-kopirovat-kopirovat-kopirovat-kopirovat-kopirovat\\\/\",\"name\":\"Spordidress - R\u00f5ivapood ARMONTI\",\"isPartOf\":{\"@id\":\"https:\\\/\\\/armonti.eu\\\/#website\"},\"primaryImageOfPage\":{\"@id\":\"https:\\\/\\\/armonti.eu\\\/et\\\/toode\\\/spordidress-kopirovat-kopirovat-kopirovat-kopirovat-kopirovat\\\/#primaryimage\"},\"image\":{\"@id\":\"https:\\\/\\\/armonti.eu\\\/et\\\/toode\\\/spordidress-kopirovat-kopirovat-kopirovat-kopirovat-kopirovat\\\/#primaryimage\"},\"thumbnailUrl\":\"https:\\\/\\\/armonti.eu\\\/wp-content\\\/uploads\\\/2026\\\/02\\\/img_6335.jpg\",\"datePublished\":\"2026-02-17T20:49:38+00:00\",\"dateModified\":\"2026-02-25T13:07:21+00:00\",\"description\":\"L\u00fchendatud lukuga dressipluusi ja laiade palazzo-p\u00fckstega sportlik komplekt. Kapuutsiga lukuga dressipluus. Kummiga, taskute ja paelaga p\u00fcksid.\",\"breadcrumb\":{\"@id\":\"https:\\\/\\\/armonti.eu\\\/et\\\/toode\\\/spordidress-kopirovat-kopirovat-kopirovat-kopirovat-kopirovat\\\/#breadcrumb\"},\"inLanguage\":\"et\",\"potentialAction\":[{\"@type\":\"ReadAction\",\"target\":[\"https:\\\/\\\/armonti.eu\\\/et\\\/toode\\\/spordidress-kopirovat-kopirovat-kopirovat-kopirovat-kopirovat\\\/\"]}]},{\"@type\":\"ImageObject\",\"inLanguage\":\"et\",\"@id\":\"https:\\\/\\\/armonti.eu\\\/et\\\/toode\\\/spordidress-kopirovat-kopirovat-kopirovat-kopirovat-kopirovat\\\/#primaryimage\",\"url\":\"https:\\\/\\\/armonti.eu\\\/wp-content\\\/uploads\\\/2026\\\/02\\\/img_6335.jpg\",\"contentUrl\":\"https:\\\/\\\/armonti.eu\\\/wp-content\\\/uploads\\\/2026\\\/02\\\/img_6335.jpg\",\"width\":975,\"height\":1300},{\"@type\":\"BreadcrumbList\",\"@id\":\"https:\\\/\\\/armonti.eu\\\/et\\\/toode\\\/spordidress-kopirovat-kopirovat-kopirovat-kopirovat-kopirovat\\\/#breadcrumb\",\"itemListElement\":[{\"@type\":\"ListItem\",\"position\":1,\"name\":\"\u0413\u043b\u0430\u0432\u043d\u0430\u044f\",\"item\":\"https:\\\/\\\/armonti.eu\\\/\"},{\"@type\":\"ListItem\",\"position\":2,\"name\":\"Shop\",\"item\":\"https:\\\/\\\/armonti.eu\\\/et\\\/shop\\\/\"},{\"@type\":\"ListItem\",\"position\":3,\"name\":\"Soodus\",\"item\":\"https:\\\/\\\/armonti.eu\\\/et\\\/catalog\\\/rasprodazha-et\\\/\"},{\"@type\":\"ListItem\",\"position\":4,\"name\":\"Spordidress\"}]},{\"@type\":\"WebSite\",\"@id\":\"https:\\\/\\\/armonti.eu\\\/#website\",\"url\":\"https:\\\/\\\/armonti.eu\\\/\",\"name\":\"ARMONTI\",\"description\":\"\",\"publisher\":{\"@id\":\"https:\\\/\\\/armonti.eu\\\/#organization\"},\"alternateName\":\"\u0416\u0435\u043d\u0441\u043a\u0430\u044f \u0431\u0440\u0435\u043d\u0434\u043e\u0432\u0430\u044f \u043e\u0434\u0435\u0436\u0434\u0430\",\"potentialAction\":[{\"@type\":\"SearchAction\",\"target\":{\"@type\":\"EntryPoint\",\"urlTemplate\":\"https:\\\/\\\/armonti.eu\\\/?s={search_term_string}\"},\"query-input\":{\"@type\":\"PropertyValueSpecification\",\"valueRequired\":true,\"valueName\":\"search_term_string\"}}],\"inLanguage\":\"et\"},{\"@type\":\"Organization\",\"@id\":\"https:\\\/\\\/armonti.eu\\\/#organization\",\"name\":\"ARMONTI\",\"alternateName\":\"\u0416\u0435\u043d\u0441\u043a\u0430\u044f \u0431\u0440\u0435\u043d\u0434\u043e\u0432\u0430\u044f \u043e\u0434\u0435\u0436\u0434\u0430\",\"url\":\"https:\\\/\\\/armonti.eu\\\/\",\"logo\":{\"@type\":\"ImageObject\",\"inLanguage\":\"et\",\"@id\":\"https:\\\/\\\/armonti.eu\\\/#\\\/schema\\\/logo\\\/image\\\/\",\"url\":\"https:\\\/\\\/armonti.eu\\\/wp-content\\\/uploads\\\/2023\\\/05\\\/armonti-logo-white.png\",\"contentUrl\":\"https:\\\/\\\/armonti.eu\\\/wp-content\\\/uploads\\\/2023\\\/05\\\/armonti-logo-white.png\",\"width\":2165,\"height\":554,\"caption\":\"ARMONTI\"},\"image\":{\"@id\":\"https:\\\/\\\/armonti.eu\\\/#\\\/schema\\\/logo\\\/image\\\/\"}}]}<\/script>\n<!-- \/ Yoast SEO plugin. -->","yoast_head_json":{"title":"Spordidress - R\u00f5ivapood ARMONTI","description":"L\u00fchendatud lukuga dressipluusi ja laiade palazzo-p\u00fckstega sportlik komplekt. Kapuutsiga lukuga dressipluus. Kummiga, taskute ja paelaga p\u00fcksid.","robots":{"index":"index","follow":"follow","max-snippet":"max-snippet:-1","max-image-preview":"max-image-preview:large","max-video-preview":"max-video-preview:-1"},"canonical":"https:\/\/armonti.eu\/et\/toode\/spordidress-kopirovat-kopirovat-kopirovat-kopirovat-kopirovat\/","og_locale":"et_EE","og_type":"article","og_title":"Spordidress - R\u00f5ivapood ARMONTI","og_description":"L\u00fchendatud lukuga dressipluusi ja laiade palazzo-p\u00fckstega sportlik komplekt. Kapuutsiga lukuga dressipluus. Kummiga, taskute ja paelaga p\u00fcksid.","og_url":"https:\/\/armonti.eu\/et\/toode\/spordidress-kopirovat-kopirovat-kopirovat-kopirovat-kopirovat\/","og_site_name":"\u041c\u0430\u0433\u0430\u0437\u0438\u043d \u043e\u0434\u0435\u0436\u0434\u044b ARMONTI","article_modified_time":"2026-02-25T13:07:21+00:00","og_image":[{"width":975,"height":1300,"url":"https:\/\/armonti.eu\/wp-content\/uploads\/2026\/02\/img_6335.jpg","type":"image\/jpeg"}],"twitter_card":"summary_large_image","twitter_misc":{"Est. reading time":"1 minut"},"schema":{"@context":"https:\/\/schema.org","@graph":[{"@type":"WebPage","@id":"https:\/\/armonti.eu\/et\/toode\/spordidress-kopirovat-kopirovat-kopirovat-kopirovat-kopirovat\/","url":"https:\/\/armonti.eu\/et\/toode\/spordidress-kopirovat-kopirovat-kopirovat-kopirovat-kopirovat\/","name":"Spordidress - R\u00f5ivapood ARMONTI","isPartOf":{"@id":"https:\/\/armonti.eu\/#website"},"primaryImageOfPage":{"@id":"https:\/\/armonti.eu\/et\/toode\/spordidress-kopirovat-kopirovat-kopirovat-kopirovat-kopirovat\/#primaryimage"},"image":{"@id":"https:\/\/armonti.eu\/et\/toode\/spordidress-kopirovat-kopirovat-kopirovat-kopirovat-kopirovat\/#primaryimage"},"thumbnailUrl":"https:\/\/armonti.eu\/wp-content\/uploads\/2026\/02\/img_6335.jpg","datePublished":"2026-02-17T20:49:38+00:00","dateModified":"2026-02-25T13:07:21+00:00","description":"L\u00fchendatud lukuga dressipluusi ja laiade palazzo-p\u00fckstega sportlik komplekt. Kapuutsiga lukuga dressipluus. Kummiga, taskute ja paelaga p\u00fcksid.","breadcrumb":{"@id":"https:\/\/armonti.eu\/et\/toode\/spordidress-kopirovat-kopirovat-kopirovat-kopirovat-kopirovat\/#breadcrumb"},"inLanguage":"et","potentialAction":[{"@type":"ReadAction","target":["https:\/\/armonti.eu\/et\/toode\/spordidress-kopirovat-kopirovat-kopirovat-kopirovat-kopirovat\/"]}]},{"@type":"ImageObject","inLanguage":"et","@id":"https:\/\/armonti.eu\/et\/toode\/spordidress-kopirovat-kopirovat-kopirovat-kopirovat-kopirovat\/#primaryimage","url":"https:\/\/armonti.eu\/wp-content\/uploads\/2026\/02\/img_6335.jpg","contentUrl":"https:\/\/armonti.eu\/wp-content\/uploads\/2026\/02\/img_6335.jpg","width":975,"height":1300},{"@type":"BreadcrumbList","@id":"https:\/\/armonti.eu\/et\/toode\/spordidress-kopirovat-kopirovat-kopirovat-kopirovat-kopirovat\/#breadcrumb","itemListElement":[{"@type":"ListItem","position":1,"name":"\u0413\u043b\u0430\u0432\u043d\u0430\u044f","item":"https:\/\/armonti.eu\/"},{"@type":"ListItem","position":2,"name":"Shop","item":"https:\/\/armonti.eu\/et\/shop\/"},{"@type":"ListItem","position":3,"name":"Soodus","item":"https:\/\/armonti.eu\/et\/catalog\/rasprodazha-et\/"},{"@type":"ListItem","position":4,"name":"Spordidress"}]},{"@type":"WebSite","@id":"https:\/\/armonti.eu\/#website","url":"https:\/\/armonti.eu\/","name":"ARMONTI","description":"","publisher":{"@id":"https:\/\/armonti.eu\/#organization"},"alternateName":"\u0416\u0435\u043d\u0441\u043a\u0430\u044f \u0431\u0440\u0435\u043d\u0434\u043e\u0432\u0430\u044f \u043e\u0434\u0435\u0436\u0434\u0430","potentialAction":[{"@type":"SearchAction","target":{"@type":"EntryPoint","urlTemplate":"https:\/\/armonti.eu\/?s={search_term_string}"},"query-input":{"@type":"PropertyValueSpecification","valueRequired":true,"valueName":"search_term_string"}}],"inLanguage":"et"},{"@type":"Organization","@id":"https:\/\/armonti.eu\/#organization","name":"ARMONTI","alternateName":"\u0416\u0435\u043d\u0441\u043a\u0430\u044f \u0431\u0440\u0435\u043d\u0434\u043e\u0432\u0430\u044f \u043e\u0434\u0435\u0436\u0434\u0430","url":"https:\/\/armonti.eu\/","logo":{"@type":"ImageObject","inLanguage":"et","@id":"https:\/\/armonti.eu\/#\/schema\/logo\/image\/","url":"https:\/\/armonti.eu\/wp-content\/uploads\/2023\/05\/armonti-logo-white.png","contentUrl":"https:\/\/armonti.eu\/wp-content\/uploads\/2023\/05\/armonti-logo-white.png","width":2165,"height":554,"caption":"ARMONTI"},"image":{"@id":"https:\/\/armonti.eu\/#\/schema\/logo\/image\/"}}]}},"_links":{"self":[{"href":"https:\/\/armonti.eu\/et\/wp-json\/wp\/v2\/product\/35549","targetHints":{"allow":["GET"]}}],"collection":[{"href":"https:\/\/armonti.eu\/et\/wp-json\/wp\/v2\/product"}],"about":[{"href":"https:\/\/armonti.eu\/et\/wp-json\/wp\/v2\/types\/product"}],"replies":[{"embeddable":true,"href":"https:\/\/armonti.eu\/et\/wp-json\/wp\/v2\/comments?post=35549"}],"wp:featuredmedia":[{"embeddable":true,"href":"https:\/\/armonti.eu\/et\/wp-json\/wp\/v2\/media\/35566"}],"wp:attachment":[{"href":"https:\/\/armonti.eu\/et\/wp-json\/wp\/v2\/media?parent=35549"}],"wp:term":[{"taxonomy":"product_brand","embeddable":true,"href":"https:\/\/armonti.eu\/et\/wp-json\/wp\/v2\/product_brand?post=35549"},{"taxonomy":"product_cat","embeddable":true,"href":"https:\/\/armonti.eu\/et\/wp-json\/wp\/v2\/product_cat?post=35549"},{"taxonomy":"product_tag","embeddable":true,"href":"https:\/\/armonti.eu\/et\/wp-json\/wp\/v2\/product_tag?post=35549"}],"curies":[{"name":"wp","href":"https:\/\/api.w.org\/{rel}","templated":true}]}}