{"id":35488,"date":"2026-02-14T17:29:54","date_gmt":"2026-02-14T14:29:54","guid":{"rendered":"https:\/\/armonti.eu\/?post_type=product&#038;p=35488"},"modified":"2026-02-14T18:35:14","modified_gmt":"2026-02-14T15:35:14","slug":"kampsun-kopirovat-kopirovat-kopirovat-kopirovat-kopirovat-kopirovat-kopirovat-kopirovat-kopirovat-kopirovat-kopirovat-kopirovat-kopirovat-kopirovat-2","status":"publish","type":"product","link":"https:\/\/armonti.eu\/et\/toode\/kampsun-kopirovat-kopirovat-kopirovat-kopirovat-kopirovat-kopirovat-kopirovat-kopirovat-kopirovat-kopirovat-kopirovat-kopirovat-kopirovat-kopirovat-2\/","title":{"rendered":"Kampsun (\u041a\u043e\u043f\u0438\u0440\u043e\u0432\u0430\u0442\u044c) (\u041a\u043e\u043f\u0438\u0440\u043e\u0432\u0430\u0442\u044c) (\u041a\u043e\u043f\u0438\u0440\u043e\u0432\u0430\u0442\u044c) (\u041a\u043e\u043f\u0438\u0440\u043e\u0432\u0430\u0442\u044c) (\u041a\u043e\u043f\u0438\u0440\u043e\u0432\u0430\u0442\u044c) (\u041a\u043e\u043f\u0438\u0440\u043e\u0432\u0430\u0442\u044c) (\u041a\u043e\u043f\u0438\u0440\u043e\u0432\u0430\u0442\u044c) (\u041a\u043e\u043f\u0438\u0440\u043e\u0432\u0430\u0442\u044c) (\u041a\u043e\u043f\u0438\u0440\u043e\u0432\u0430\u0442\u044c) (\u041a\u043e\u043f\u0438\u0440\u043e\u0432\u0430\u0442\u044c) (\u041a\u043e\u043f\u0438\u0440\u043e\u0432\u0430\u0442\u044c) (\u041a\u043e\u043f\u0438\u0440\u043e\u0432\u0430\u0442\u044c) (\u041a\u043e\u043f\u0438\u0440\u043e\u0432\u0430\u0442\u044c) (\u041a\u043e\u043f\u0438\u0440\u043e\u0432\u0430\u0442\u044c)"},"content":{"rendered":"<p>Naiste kampsun: Klassikaline garderoobi p\u00f5hiosa<\/p>\n<p>See kampsun on stiili ja mugavuse ideaalne kombinatsioon. See mitmek\u00fclgne r\u00f5ivaese saab Sinu garderoobi p\u00f5hielemendiks, v\u00f5imaldades luua nii igap\u00e4evaseid kui ka pidulikke r\u00f5ivastusi. Pehmest ja meeldivast materjalist valmistatud kampsun pakub soojust ja mugavust igal aastaajal. Klassikaline l\u00f5ige ja lihtne disain teevad sellest sobiva valiku erinevateks s\u00fcndmusteks: olgu selleks siis jalutusk\u00e4ik linnas, kohtumine s\u00f5pradega v\u00f5i t\u00f6\u00f6tamine kontoris. Kombinatsioonis teksade, seelikute v\u00f5i p\u00fckstega sobib see kampsun igasse stiili. Lai valik v\u00e4rve ja suurusi v\u00f5imaldab igal naisel leida endale sobiva variandi. Uuenda oma garderoobi Armonti kampsunitega ja naudi mugavust ja elegantsi iga p\u00e4ev!<\/p>\n<p>Hooldus:<\/p>\n<p>Triigida 110\u00b0C juures<br \/>\nPleegitamine keelatud<br \/>\n\u00d5rn pesu 30\u00b0C juures<br \/>\nM\u00e4rkus: Palun m\u00e4rkige oma tellimuse juurde oma puusade, talje ja pikkuse m\u00f5\u00f5dud, et me saaksime aidata teil valida k\u00f5ige sobivama suuruse.<\/p>\n<p>Artikkel: 81<\/p>\n","protected":false},"excerpt":{"rendered":"<p>Suurus: \u00dcks suurus<br \/>\nV\u00e4rvid: sinine, helesinine, valge, must, rohekas<br \/>\nToote pikkus: 59 cm<br \/>\nKoostis: 50% viskoos, 20% ka\u0161miir, 20% pol\u00fcester, 10% nailon<br \/>\nMudel: pikkus 175 cm, kannab suurust S<\/p>\n","protected":false},"featured_media":35512,"comment_status":"open","ping_status":"closed","template":"","meta":[],"product_brand":[],"product_cat":[448,475],"product_tag":[],"class_list":{"0":"post-35488","1":"product","2":"type-product","3":"status-publish","4":"has-post-thumbnail","6":"product_cat-kudumi-trikotazkostuumid","7":"product_cat-dzhempery-i-svitery-et","9":"first","10":"instock","11":"shipping-taxable","12":"purchasable","13":"product-type-variable"},"yoast_head":"<!-- This site is optimized with the Yoast SEO plugin v27.3 - https:\/\/yoast.com\/product\/yoast-seo-wordpress\/ -->\n<title>Kampsun (\u041a\u043e\u043f\u0438\u0440\u043e\u0432\u0430\u0442\u044c) (\u041a\u043e\u043f\u0438\u0440\u043e\u0432\u0430\u0442\u044c) (\u041a\u043e\u043f\u0438\u0440\u043e\u0432\u0430\u0442\u044c) (\u041a\u043e\u043f\u0438\u0440\u043e\u0432\u0430\u0442\u044c) (\u041a\u043e\u043f\u0438\u0440\u043e\u0432\u0430\u0442\u044c) (\u041a\u043e\u043f\u0438\u0440\u043e\u0432\u0430\u0442\u044c) (\u041a\u043e\u043f\u0438\u0440\u043e\u0432\u0430\u0442\u044c) (\u041a\u043e\u043f\u0438\u0440\u043e\u0432\u0430\u0442\u044c) (\u041a\u043e\u043f\u0438\u0440\u043e\u0432\u0430\u0442\u044c) (\u041a\u043e\u043f\u0438\u0440\u043e\u0432\u0430\u0442\u044c) (\u041a\u043e\u043f\u0438\u0440\u043e\u0432\u0430\u0442\u044c) (\u041a\u043e\u043f\u0438\u0440\u043e\u0432\u0430\u0442\u044c) (\u041a\u043e\u043f\u0438\u0440\u043e\u0432\u0430\u0442\u044c) (\u041a\u043e\u043f\u0438\u0440\u043e\u0432\u0430\u0442\u044c) - R\u00f5ivapood ARMONTI<\/title>\n<meta name=\"description\" content=\"Naiste kampsun: Klassikaline garderoobi p\u00f5hiosa. See mitmek\u00fclgne r\u00f5ivaese saab Sinu garderoobi p\u00f5hielemendiks, v\u00f5imaldades luua nii igap\u00e4eva.\" \/>\n<meta name=\"robots\" content=\"index, follow, max-snippet:-1, max-image-preview:large, max-video-preview:-1\" \/>\n<link rel=\"canonical\" href=\"https:\/\/armonti.eu\/et\/toode\/kampsun-kopirovat-kopirovat-kopirovat-kopirovat-kopirovat-kopirovat-kopirovat-kopirovat-kopirovat-kopirovat-kopirovat-kopirovat-kopirovat-kopirovat-2\/\" \/>\n<meta property=\"og:locale\" content=\"et_EE\" \/>\n<meta property=\"og:type\" content=\"article\" \/>\n<meta property=\"og:title\" content=\"Kampsun (\u041a\u043e\u043f\u0438\u0440\u043e\u0432\u0430\u0442\u044c) (\u041a\u043e\u043f\u0438\u0440\u043e\u0432\u0430\u0442\u044c) (\u041a\u043e\u043f\u0438\u0440\u043e\u0432\u0430\u0442\u044c) (\u041a\u043e\u043f\u0438\u0440\u043e\u0432\u0430\u0442\u044c) (\u041a\u043e\u043f\u0438\u0440\u043e\u0432\u0430\u0442\u044c) (\u041a\u043e\u043f\u0438\u0440\u043e\u0432\u0430\u0442\u044c) (\u041a\u043e\u043f\u0438\u0440\u043e\u0432\u0430\u0442\u044c) (\u041a\u043e\u043f\u0438\u0440\u043e\u0432\u0430\u0442\u044c) (\u041a\u043e\u043f\u0438\u0440\u043e\u0432\u0430\u0442\u044c) (\u041a\u043e\u043f\u0438\u0440\u043e\u0432\u0430\u0442\u044c) (\u041a\u043e\u043f\u0438\u0440\u043e\u0432\u0430\u0442\u044c) (\u041a\u043e\u043f\u0438\u0440\u043e\u0432\u0430\u0442\u044c) (\u041a\u043e\u043f\u0438\u0440\u043e\u0432\u0430\u0442\u044c) (\u041a\u043e\u043f\u0438\u0440\u043e\u0432\u0430\u0442\u044c) - R\u00f5ivapood ARMONTI\" \/>\n<meta property=\"og:description\" content=\"Naiste kampsun: Klassikaline garderoobi p\u00f5hiosa. See mitmek\u00fclgne r\u00f5ivaese saab Sinu garderoobi p\u00f5hielemendiks, v\u00f5imaldades luua nii igap\u00e4eva.\" \/>\n<meta property=\"og:url\" content=\"https:\/\/armonti.eu\/et\/toode\/kampsun-kopirovat-kopirovat-kopirovat-kopirovat-kopirovat-kopirovat-kopirovat-kopirovat-kopirovat-kopirovat-kopirovat-kopirovat-kopirovat-kopirovat-2\/\" \/>\n<meta property=\"og:site_name\" content=\"\u041c\u0430\u0433\u0430\u0437\u0438\u043d \u043e\u0434\u0435\u0436\u0434\u044b ARMONTI\" \/>\n<meta property=\"article:modified_time\" content=\"2026-02-14T15:35:14+00:00\" \/>\n<meta property=\"og:image\" content=\"https:\/\/armonti.eu\/wp-content\/uploads\/2023\/05\/armonti-logo-white.png\" \/>\n\t<meta property=\"og:image:width\" content=\"2165\" \/>\n\t<meta property=\"og:image:height\" content=\"554\" \/>\n\t<meta property=\"og:image:type\" content=\"image\/png\" \/>\n<meta name=\"twitter:card\" content=\"summary_large_image\" \/>\n<meta name=\"twitter:label1\" content=\"Est. reading time\" \/>\n\t<meta name=\"twitter:data1\" content=\"1 minut\" \/>\n<script type=\"application\/ld+json\" class=\"yoast-schema-graph\">{\"@context\":\"https:\\\/\\\/schema.org\",\"@graph\":[{\"@type\":\"WebPage\",\"@id\":\"https:\\\/\\\/armonti.eu\\\/et\\\/toode\\\/kampsun-kopirovat-kopirovat-kopirovat-kopirovat-kopirovat-kopirovat-kopirovat-kopirovat-kopirovat-kopirovat-kopirovat-kopirovat-kopirovat-kopirovat-2\\\/\",\"url\":\"https:\\\/\\\/armonti.eu\\\/et\\\/toode\\\/kampsun-kopirovat-kopirovat-kopirovat-kopirovat-kopirovat-kopirovat-kopirovat-kopirovat-kopirovat-kopirovat-kopirovat-kopirovat-kopirovat-kopirovat-2\\\/\",\"name\":\"Kampsun (\u041a\u043e\u043f\u0438\u0440\u043e\u0432\u0430\u0442\u044c) (\u041a\u043e\u043f\u0438\u0440\u043e\u0432\u0430\u0442\u044c) (\u041a\u043e\u043f\u0438\u0440\u043e\u0432\u0430\u0442\u044c) (\u041a\u043e\u043f\u0438\u0440\u043e\u0432\u0430\u0442\u044c) (\u041a\u043e\u043f\u0438\u0440\u043e\u0432\u0430\u0442\u044c) (\u041a\u043e\u043f\u0438\u0440\u043e\u0432\u0430\u0442\u044c) (\u041a\u043e\u043f\u0438\u0440\u043e\u0432\u0430\u0442\u044c) (\u041a\u043e\u043f\u0438\u0440\u043e\u0432\u0430\u0442\u044c) (\u041a\u043e\u043f\u0438\u0440\u043e\u0432\u0430\u0442\u044c) (\u041a\u043e\u043f\u0438\u0440\u043e\u0432\u0430\u0442\u044c) (\u041a\u043e\u043f\u0438\u0440\u043e\u0432\u0430\u0442\u044c) (\u041a\u043e\u043f\u0438\u0440\u043e\u0432\u0430\u0442\u044c) (\u041a\u043e\u043f\u0438\u0440\u043e\u0432\u0430\u0442\u044c) (\u041a\u043e\u043f\u0438\u0440\u043e\u0432\u0430\u0442\u044c) - R\u00f5ivapood ARMONTI\",\"isPartOf\":{\"@id\":\"https:\\\/\\\/armonti.eu\\\/#website\"},\"primaryImageOfPage\":{\"@id\":\"https:\\\/\\\/armonti.eu\\\/et\\\/toode\\\/kampsun-kopirovat-kopirovat-kopirovat-kopirovat-kopirovat-kopirovat-kopirovat-kopirovat-kopirovat-kopirovat-kopirovat-kopirovat-kopirovat-kopirovat-2\\\/#primaryimage\"},\"image\":{\"@id\":\"https:\\\/\\\/armonti.eu\\\/et\\\/toode\\\/kampsun-kopirovat-kopirovat-kopirovat-kopirovat-kopirovat-kopirovat-kopirovat-kopirovat-kopirovat-kopirovat-kopirovat-kopirovat-kopirovat-kopirovat-2\\\/#primaryimage\"},\"thumbnailUrl\":\"https:\\\/\\\/armonti.eu\\\/wp-content\\\/uploads\\\/2026\\\/02\\\/img_6322-1.jpg\",\"datePublished\":\"2026-02-14T14:29:54+00:00\",\"dateModified\":\"2026-02-14T15:35:14+00:00\",\"description\":\"Naiste kampsun: Klassikaline garderoobi p\u00f5hiosa. See mitmek\u00fclgne r\u00f5ivaese saab Sinu garderoobi p\u00f5hielemendiks, v\u00f5imaldades luua nii igap\u00e4eva.\",\"breadcrumb\":{\"@id\":\"https:\\\/\\\/armonti.eu\\\/et\\\/toode\\\/kampsun-kopirovat-kopirovat-kopirovat-kopirovat-kopirovat-kopirovat-kopirovat-kopirovat-kopirovat-kopirovat-kopirovat-kopirovat-kopirovat-kopirovat-2\\\/#breadcrumb\"},\"inLanguage\":\"et\",\"potentialAction\":[{\"@type\":\"ReadAction\",\"target\":[\"https:\\\/\\\/armonti.eu\\\/et\\\/toode\\\/kampsun-kopirovat-kopirovat-kopirovat-kopirovat-kopirovat-kopirovat-kopirovat-kopirovat-kopirovat-kopirovat-kopirovat-kopirovat-kopirovat-kopirovat-2\\\/\"]}]},{\"@type\":\"ImageObject\",\"inLanguage\":\"et\",\"@id\":\"https:\\\/\\\/armonti.eu\\\/et\\\/toode\\\/kampsun-kopirovat-kopirovat-kopirovat-kopirovat-kopirovat-kopirovat-kopirovat-kopirovat-kopirovat-kopirovat-kopirovat-kopirovat-kopirovat-kopirovat-2\\\/#primaryimage\",\"url\":\"https:\\\/\\\/armonti.eu\\\/wp-content\\\/uploads\\\/2026\\\/02\\\/img_6322-1.jpg\",\"contentUrl\":\"https:\\\/\\\/armonti.eu\\\/wp-content\\\/uploads\\\/2026\\\/02\\\/img_6322-1.jpg\",\"width\":862,\"height\":1150},{\"@type\":\"BreadcrumbList\",\"@id\":\"https:\\\/\\\/armonti.eu\\\/et\\\/toode\\\/kampsun-kopirovat-kopirovat-kopirovat-kopirovat-kopirovat-kopirovat-kopirovat-kopirovat-kopirovat-kopirovat-kopirovat-kopirovat-kopirovat-kopirovat-2\\\/#breadcrumb\",\"itemListElement\":[{\"@type\":\"ListItem\",\"position\":1,\"name\":\"\u0413\u043b\u0430\u0432\u043d\u0430\u044f\",\"item\":\"https:\\\/\\\/armonti.eu\\\/\"},{\"@type\":\"ListItem\",\"position\":2,\"name\":\"Shop\",\"item\":\"https:\\\/\\\/armonti.eu\\\/et\\\/shop\\\/\"},{\"@type\":\"ListItem\",\"position\":3,\"name\":\"\u041e\u0434\u0435\u0436\u0434\u0430\",\"item\":\"https:\\\/\\\/armonti.eu\\\/catalog\\\/odezhda\\\/\"},{\"@type\":\"ListItem\",\"position\":4,\"name\":\"\u0412\u044f\u0437\u0430\u043d\u044b\u0439\u00a0\u0442\u0440\u0438\u043a\u043e\u0442\u0430\u0436\",\"item\":\"https:\\\/\\\/armonti.eu\\\/catalog\\\/odezhda\\\/kostyumy\\\/\"},{\"@type\":\"ListItem\",\"position\":5,\"name\":\"Kampsun (\u041a\u043e\u043f\u0438\u0440\u043e\u0432\u0430\u0442\u044c) (\u041a\u043e\u043f\u0438\u0440\u043e\u0432\u0430\u0442\u044c) (\u041a\u043e\u043f\u0438\u0440\u043e\u0432\u0430\u0442\u044c) (\u041a\u043e\u043f\u0438\u0440\u043e\u0432\u0430\u0442\u044c) (\u041a\u043e\u043f\u0438\u0440\u043e\u0432\u0430\u0442\u044c) (\u041a\u043e\u043f\u0438\u0440\u043e\u0432\u0430\u0442\u044c) (\u041a\u043e\u043f\u0438\u0440\u043e\u0432\u0430\u0442\u044c) (\u041a\u043e\u043f\u0438\u0440\u043e\u0432\u0430\u0442\u044c) (\u041a\u043e\u043f\u0438\u0440\u043e\u0432\u0430\u0442\u044c) (\u041a\u043e\u043f\u0438\u0440\u043e\u0432\u0430\u0442\u044c) (\u041a\u043e\u043f\u0438\u0440\u043e\u0432\u0430\u0442\u044c) (\u041a\u043e\u043f\u0438\u0440\u043e\u0432\u0430\u0442\u044c) (\u041a\u043e\u043f\u0438\u0440\u043e\u0432\u0430\u0442\u044c) (\u041a\u043e\u043f\u0438\u0440\u043e\u0432\u0430\u0442\u044c)\"}]},{\"@type\":\"WebSite\",\"@id\":\"https:\\\/\\\/armonti.eu\\\/#website\",\"url\":\"https:\\\/\\\/armonti.eu\\\/\",\"name\":\"ARMONTI\",\"description\":\"\",\"publisher\":{\"@id\":\"https:\\\/\\\/armonti.eu\\\/#organization\"},\"alternateName\":\"\u0416\u0435\u043d\u0441\u043a\u0430\u044f \u0431\u0440\u0435\u043d\u0434\u043e\u0432\u0430\u044f \u043e\u0434\u0435\u0436\u0434\u0430\",\"potentialAction\":[{\"@type\":\"SearchAction\",\"target\":{\"@type\":\"EntryPoint\",\"urlTemplate\":\"https:\\\/\\\/armonti.eu\\\/?s={search_term_string}\"},\"query-input\":{\"@type\":\"PropertyValueSpecification\",\"valueRequired\":true,\"valueName\":\"search_term_string\"}}],\"inLanguage\":\"et\"},{\"@type\":\"Organization\",\"@id\":\"https:\\\/\\\/armonti.eu\\\/#organization\",\"name\":\"ARMONTI\",\"alternateName\":\"\u0416\u0435\u043d\u0441\u043a\u0430\u044f \u0431\u0440\u0435\u043d\u0434\u043e\u0432\u0430\u044f \u043e\u0434\u0435\u0436\u0434\u0430\",\"url\":\"https:\\\/\\\/armonti.eu\\\/\",\"logo\":{\"@type\":\"ImageObject\",\"inLanguage\":\"et\",\"@id\":\"https:\\\/\\\/armonti.eu\\\/#\\\/schema\\\/logo\\\/image\\\/\",\"url\":\"https:\\\/\\\/armonti.eu\\\/wp-content\\\/uploads\\\/2023\\\/05\\\/armonti-logo-white.png\",\"contentUrl\":\"https:\\\/\\\/armonti.eu\\\/wp-content\\\/uploads\\\/2023\\\/05\\\/armonti-logo-white.png\",\"width\":2165,\"height\":554,\"caption\":\"ARMONTI\"},\"image\":{\"@id\":\"https:\\\/\\\/armonti.eu\\\/#\\\/schema\\\/logo\\\/image\\\/\"}}]}<\/script>\n<!-- \/ Yoast SEO plugin. -->","yoast_head_json":{"title":"Kampsun (\u041a\u043e\u043f\u0438\u0440\u043e\u0432\u0430\u0442\u044c) (\u041a\u043e\u043f\u0438\u0440\u043e\u0432\u0430\u0442\u044c) (\u041a\u043e\u043f\u0438\u0440\u043e\u0432\u0430\u0442\u044c) (\u041a\u043e\u043f\u0438\u0440\u043e\u0432\u0430\u0442\u044c) (\u041a\u043e\u043f\u0438\u0440\u043e\u0432\u0430\u0442\u044c) (\u041a\u043e\u043f\u0438\u0440\u043e\u0432\u0430\u0442\u044c) (\u041a\u043e\u043f\u0438\u0440\u043e\u0432\u0430\u0442\u044c) (\u041a\u043e\u043f\u0438\u0440\u043e\u0432\u0430\u0442\u044c) (\u041a\u043e\u043f\u0438\u0440\u043e\u0432\u0430\u0442\u044c) (\u041a\u043e\u043f\u0438\u0440\u043e\u0432\u0430\u0442\u044c) (\u041a\u043e\u043f\u0438\u0440\u043e\u0432\u0430\u0442\u044c) (\u041a\u043e\u043f\u0438\u0440\u043e\u0432\u0430\u0442\u044c) (\u041a\u043e\u043f\u0438\u0440\u043e\u0432\u0430\u0442\u044c) (\u041a\u043e\u043f\u0438\u0440\u043e\u0432\u0430\u0442\u044c) - R\u00f5ivapood ARMONTI","description":"Naiste kampsun: Klassikaline garderoobi p\u00f5hiosa. See mitmek\u00fclgne r\u00f5ivaese saab Sinu garderoobi p\u00f5hielemendiks, v\u00f5imaldades luua nii igap\u00e4eva.","robots":{"index":"index","follow":"follow","max-snippet":"max-snippet:-1","max-image-preview":"max-image-preview:large","max-video-preview":"max-video-preview:-1"},"canonical":"https:\/\/armonti.eu\/et\/toode\/kampsun-kopirovat-kopirovat-kopirovat-kopirovat-kopirovat-kopirovat-kopirovat-kopirovat-kopirovat-kopirovat-kopirovat-kopirovat-kopirovat-kopirovat-2\/","og_locale":"et_EE","og_type":"article","og_title":"Kampsun (\u041a\u043e\u043f\u0438\u0440\u043e\u0432\u0430\u0442\u044c) (\u041a\u043e\u043f\u0438\u0440\u043e\u0432\u0430\u0442\u044c) (\u041a\u043e\u043f\u0438\u0440\u043e\u0432\u0430\u0442\u044c) (\u041a\u043e\u043f\u0438\u0440\u043e\u0432\u0430\u0442\u044c) (\u041a\u043e\u043f\u0438\u0440\u043e\u0432\u0430\u0442\u044c) (\u041a\u043e\u043f\u0438\u0440\u043e\u0432\u0430\u0442\u044c) (\u041a\u043e\u043f\u0438\u0440\u043e\u0432\u0430\u0442\u044c) (\u041a\u043e\u043f\u0438\u0440\u043e\u0432\u0430\u0442\u044c) (\u041a\u043e\u043f\u0438\u0440\u043e\u0432\u0430\u0442\u044c) (\u041a\u043e\u043f\u0438\u0440\u043e\u0432\u0430\u0442\u044c) (\u041a\u043e\u043f\u0438\u0440\u043e\u0432\u0430\u0442\u044c) (\u041a\u043e\u043f\u0438\u0440\u043e\u0432\u0430\u0442\u044c) (\u041a\u043e\u043f\u0438\u0440\u043e\u0432\u0430\u0442\u044c) (\u041a\u043e\u043f\u0438\u0440\u043e\u0432\u0430\u0442\u044c) - R\u00f5ivapood ARMONTI","og_description":"Naiste kampsun: Klassikaline garderoobi p\u00f5hiosa. See mitmek\u00fclgne r\u00f5ivaese saab Sinu garderoobi p\u00f5hielemendiks, v\u00f5imaldades luua nii igap\u00e4eva.","og_url":"https:\/\/armonti.eu\/et\/toode\/kampsun-kopirovat-kopirovat-kopirovat-kopirovat-kopirovat-kopirovat-kopirovat-kopirovat-kopirovat-kopirovat-kopirovat-kopirovat-kopirovat-kopirovat-2\/","og_site_name":"\u041c\u0430\u0433\u0430\u0437\u0438\u043d \u043e\u0434\u0435\u0436\u0434\u044b ARMONTI","article_modified_time":"2026-02-14T15:35:14+00:00","og_image":[{"width":2165,"height":554,"url":"https:\/\/armonti.eu\/wp-content\/uploads\/2023\/05\/armonti-logo-white.png","type":"image\/png"}],"twitter_card":"summary_large_image","twitter_misc":{"Est. reading time":"1 minut"},"schema":{"@context":"https:\/\/schema.org","@graph":[{"@type":"WebPage","@id":"https:\/\/armonti.eu\/et\/toode\/kampsun-kopirovat-kopirovat-kopirovat-kopirovat-kopirovat-kopirovat-kopirovat-kopirovat-kopirovat-kopirovat-kopirovat-kopirovat-kopirovat-kopirovat-2\/","url":"https:\/\/armonti.eu\/et\/toode\/kampsun-kopirovat-kopirovat-kopirovat-kopirovat-kopirovat-kopirovat-kopirovat-kopirovat-kopirovat-kopirovat-kopirovat-kopirovat-kopirovat-kopirovat-2\/","name":"Kampsun (\u041a\u043e\u043f\u0438\u0440\u043e\u0432\u0430\u0442\u044c) (\u041a\u043e\u043f\u0438\u0440\u043e\u0432\u0430\u0442\u044c) (\u041a\u043e\u043f\u0438\u0440\u043e\u0432\u0430\u0442\u044c) (\u041a\u043e\u043f\u0438\u0440\u043e\u0432\u0430\u0442\u044c) (\u041a\u043e\u043f\u0438\u0440\u043e\u0432\u0430\u0442\u044c) (\u041a\u043e\u043f\u0438\u0440\u043e\u0432\u0430\u0442\u044c) (\u041a\u043e\u043f\u0438\u0440\u043e\u0432\u0430\u0442\u044c) (\u041a\u043e\u043f\u0438\u0440\u043e\u0432\u0430\u0442\u044c) (\u041a\u043e\u043f\u0438\u0440\u043e\u0432\u0430\u0442\u044c) (\u041a\u043e\u043f\u0438\u0440\u043e\u0432\u0430\u0442\u044c) (\u041a\u043e\u043f\u0438\u0440\u043e\u0432\u0430\u0442\u044c) (\u041a\u043e\u043f\u0438\u0440\u043e\u0432\u0430\u0442\u044c) (\u041a\u043e\u043f\u0438\u0440\u043e\u0432\u0430\u0442\u044c) (\u041a\u043e\u043f\u0438\u0440\u043e\u0432\u0430\u0442\u044c) - R\u00f5ivapood ARMONTI","isPartOf":{"@id":"https:\/\/armonti.eu\/#website"},"primaryImageOfPage":{"@id":"https:\/\/armonti.eu\/et\/toode\/kampsun-kopirovat-kopirovat-kopirovat-kopirovat-kopirovat-kopirovat-kopirovat-kopirovat-kopirovat-kopirovat-kopirovat-kopirovat-kopirovat-kopirovat-2\/#primaryimage"},"image":{"@id":"https:\/\/armonti.eu\/et\/toode\/kampsun-kopirovat-kopirovat-kopirovat-kopirovat-kopirovat-kopirovat-kopirovat-kopirovat-kopirovat-kopirovat-kopirovat-kopirovat-kopirovat-kopirovat-2\/#primaryimage"},"thumbnailUrl":"https:\/\/armonti.eu\/wp-content\/uploads\/2026\/02\/img_6322-1.jpg","datePublished":"2026-02-14T14:29:54+00:00","dateModified":"2026-02-14T15:35:14+00:00","description":"Naiste kampsun: Klassikaline garderoobi p\u00f5hiosa. See mitmek\u00fclgne r\u00f5ivaese saab Sinu garderoobi p\u00f5hielemendiks, v\u00f5imaldades luua nii igap\u00e4eva.","breadcrumb":{"@id":"https:\/\/armonti.eu\/et\/toode\/kampsun-kopirovat-kopirovat-kopirovat-kopirovat-kopirovat-kopirovat-kopirovat-kopirovat-kopirovat-kopirovat-kopirovat-kopirovat-kopirovat-kopirovat-2\/#breadcrumb"},"inLanguage":"et","potentialAction":[{"@type":"ReadAction","target":["https:\/\/armonti.eu\/et\/toode\/kampsun-kopirovat-kopirovat-kopirovat-kopirovat-kopirovat-kopirovat-kopirovat-kopirovat-kopirovat-kopirovat-kopirovat-kopirovat-kopirovat-kopirovat-2\/"]}]},{"@type":"ImageObject","inLanguage":"et","@id":"https:\/\/armonti.eu\/et\/toode\/kampsun-kopirovat-kopirovat-kopirovat-kopirovat-kopirovat-kopirovat-kopirovat-kopirovat-kopirovat-kopirovat-kopirovat-kopirovat-kopirovat-kopirovat-2\/#primaryimage","url":"https:\/\/armonti.eu\/wp-content\/uploads\/2026\/02\/img_6322-1.jpg","contentUrl":"https:\/\/armonti.eu\/wp-content\/uploads\/2026\/02\/img_6322-1.jpg","width":862,"height":1150},{"@type":"BreadcrumbList","@id":"https:\/\/armonti.eu\/et\/toode\/kampsun-kopirovat-kopirovat-kopirovat-kopirovat-kopirovat-kopirovat-kopirovat-kopirovat-kopirovat-kopirovat-kopirovat-kopirovat-kopirovat-kopirovat-2\/#breadcrumb","itemListElement":[{"@type":"ListItem","position":1,"name":"\u0413\u043b\u0430\u0432\u043d\u0430\u044f","item":"https:\/\/armonti.eu\/"},{"@type":"ListItem","position":2,"name":"Shop","item":"https:\/\/armonti.eu\/et\/shop\/"},{"@type":"ListItem","position":3,"name":"\u041e\u0434\u0435\u0436\u0434\u0430","item":"https:\/\/armonti.eu\/catalog\/odezhda\/"},{"@type":"ListItem","position":4,"name":"\u0412\u044f\u0437\u0430\u043d\u044b\u0439\u00a0\u0442\u0440\u0438\u043a\u043e\u0442\u0430\u0436","item":"https:\/\/armonti.eu\/catalog\/odezhda\/kostyumy\/"},{"@type":"ListItem","position":5,"name":"Kampsun (\u041a\u043e\u043f\u0438\u0440\u043e\u0432\u0430\u0442\u044c) (\u041a\u043e\u043f\u0438\u0440\u043e\u0432\u0430\u0442\u044c) (\u041a\u043e\u043f\u0438\u0440\u043e\u0432\u0430\u0442\u044c) (\u041a\u043e\u043f\u0438\u0440\u043e\u0432\u0430\u0442\u044c) (\u041a\u043e\u043f\u0438\u0440\u043e\u0432\u0430\u0442\u044c) (\u041a\u043e\u043f\u0438\u0440\u043e\u0432\u0430\u0442\u044c) (\u041a\u043e\u043f\u0438\u0440\u043e\u0432\u0430\u0442\u044c) (\u041a\u043e\u043f\u0438\u0440\u043e\u0432\u0430\u0442\u044c) (\u041a\u043e\u043f\u0438\u0440\u043e\u0432\u0430\u0442\u044c) (\u041a\u043e\u043f\u0438\u0440\u043e\u0432\u0430\u0442\u044c) (\u041a\u043e\u043f\u0438\u0440\u043e\u0432\u0430\u0442\u044c) (\u041a\u043e\u043f\u0438\u0440\u043e\u0432\u0430\u0442\u044c) (\u041a\u043e\u043f\u0438\u0440\u043e\u0432\u0430\u0442\u044c) (\u041a\u043e\u043f\u0438\u0440\u043e\u0432\u0430\u0442\u044c)"}]},{"@type":"WebSite","@id":"https:\/\/armonti.eu\/#website","url":"https:\/\/armonti.eu\/","name":"ARMONTI","description":"","publisher":{"@id":"https:\/\/armonti.eu\/#organization"},"alternateName":"\u0416\u0435\u043d\u0441\u043a\u0430\u044f \u0431\u0440\u0435\u043d\u0434\u043e\u0432\u0430\u044f \u043e\u0434\u0435\u0436\u0434\u0430","potentialAction":[{"@type":"SearchAction","target":{"@type":"EntryPoint","urlTemplate":"https:\/\/armonti.eu\/?s={search_term_string}"},"query-input":{"@type":"PropertyValueSpecification","valueRequired":true,"valueName":"search_term_string"}}],"inLanguage":"et"},{"@type":"Organization","@id":"https:\/\/armonti.eu\/#organization","name":"ARMONTI","alternateName":"\u0416\u0435\u043d\u0441\u043a\u0430\u044f \u0431\u0440\u0435\u043d\u0434\u043e\u0432\u0430\u044f \u043e\u0434\u0435\u0436\u0434\u0430","url":"https:\/\/armonti.eu\/","logo":{"@type":"ImageObject","inLanguage":"et","@id":"https:\/\/armonti.eu\/#\/schema\/logo\/image\/","url":"https:\/\/armonti.eu\/wp-content\/uploads\/2023\/05\/armonti-logo-white.png","contentUrl":"https:\/\/armonti.eu\/wp-content\/uploads\/2023\/05\/armonti-logo-white.png","width":2165,"height":554,"caption":"ARMONTI"},"image":{"@id":"https:\/\/armonti.eu\/#\/schema\/logo\/image\/"}}]}},"_links":{"self":[{"href":"https:\/\/armonti.eu\/et\/wp-json\/wp\/v2\/product\/35488","targetHints":{"allow":["GET"]}}],"collection":[{"href":"https:\/\/armonti.eu\/et\/wp-json\/wp\/v2\/product"}],"about":[{"href":"https:\/\/armonti.eu\/et\/wp-json\/wp\/v2\/types\/product"}],"replies":[{"embeddable":true,"href":"https:\/\/armonti.eu\/et\/wp-json\/wp\/v2\/comments?post=35488"}],"wp:featuredmedia":[{"embeddable":true,"href":"https:\/\/armonti.eu\/et\/wp-json\/wp\/v2\/media\/35512"}],"wp:attachment":[{"href":"https:\/\/armonti.eu\/et\/wp-json\/wp\/v2\/media?parent=35488"}],"wp:term":[{"taxonomy":"product_brand","embeddable":true,"href":"https:\/\/armonti.eu\/et\/wp-json\/wp\/v2\/product_brand?post=35488"},{"taxonomy":"product_cat","embeddable":true,"href":"https:\/\/armonti.eu\/et\/wp-json\/wp\/v2\/product_cat?post=35488"},{"taxonomy":"product_tag","embeddable":true,"href":"https:\/\/armonti.eu\/et\/wp-json\/wp\/v2\/product_tag?post=35488"}],"curies":[{"name":"wp","href":"https:\/\/api.w.org\/{rel}","templated":true}]}}