{"id":35035,"date":"2026-02-06T22:44:58","date_gmt":"2026-02-06T19:44:58","guid":{"rendered":"https:\/\/armonti.eu\/?post_type=product&#038;p=35035"},"modified":"2026-04-22T16:16:35","modified_gmt":"2026-04-22T13:16:35","slug":"kootud-trikoo-kostuum-seelikuga-kopirovat-kopirovat-kopirovat-kopirovat-kopirovat-kopirovat-2","status":"publish","type":"product","link":"https:\/\/armonti.eu\/et\/toode\/kootud-trikoo-kostuum-seelikuga-kopirovat-kopirovat-kopirovat-kopirovat-kopirovat-kopirovat-2\/","title":{"rendered":"Pailletidega pluus"},"content":{"rendered":"<p>Pailletidega pluus<br \/>Hooldus:<br \/>\nTriikimine temperatuuril 110 \u00b0C, valgendamine keelatud, \u00f5rnpesu 30 \u00b0C<br \/>\nPalun m\u00e4rkige tellimuse m\u00e4rkustesse kindlasti oma m\u00f5\u00f5dud (puusade \u00fcmberm\u00f5\u00f5t, talje\u00fcmberm\u00f5\u00f5t ja pikkus), et saaksime teile sobiva suuruse t\u00e4psemalt valida.<br \/>\nTootekood: 172598<\/p>\n","protected":false},"excerpt":{"rendered":"<p>Suurused: S, M, L, XL, XXL<br \/>\nKoostis: 100% pol\u00fcester<br \/>\nV\u00e4rvid: must<br \/>Mudeli pikkus ja suurus: 169 cm, S<br \/>\n91\/70\/98<\/p>\n","protected":false},"featured_media":35039,"comment_status":"open","ping_status":"closed","template":"","meta":[],"product_brand":[],"product_cat":[438,332],"product_tag":[],"class_list":{"0":"post-35035","1":"product","2":"type-product","3":"status-publish","4":"has-post-thumbnail","6":"product_cat-bluzki-i-rubashki-et","7":"product_cat-rasprodazha-et","9":"first","10":"instock","11":"sale","12":"shipping-taxable","13":"purchasable","14":"product-type-variable"},"yoast_head":"<!-- This site is optimized with the Yoast SEO plugin v27.6 - https:\/\/yoast.com\/product\/yoast-seo-wordpress\/ -->\n<title>Pailletidega pluus - \u041c\u0430\u0433\u0430\u0437\u0438\u043d \u043e\u0434\u0435\u0436\u0434\u044b ARMONTI<\/title>\n<meta name=\"description\" content=\"Pailletidega pluus\" \/>\n<meta name=\"robots\" content=\"index, follow, max-snippet:-1, max-image-preview:large, max-video-preview:-1\" \/>\n<link rel=\"canonical\" href=\"https:\/\/armonti.eu\/et\/toode\/kootud-trikoo-kostuum-seelikuga-kopirovat-kopirovat-kopirovat-kopirovat-kopirovat-kopirovat-2\/\" \/>\n<meta property=\"og:locale\" content=\"et_EE\" \/>\n<meta property=\"og:type\" content=\"article\" \/>\n<meta property=\"og:title\" content=\"Pailletidega pluus - \u041c\u0430\u0433\u0430\u0437\u0438\u043d \u043e\u0434\u0435\u0436\u0434\u044b ARMONTI\" \/>\n<meta property=\"og:description\" content=\"Kootud trikookomplekt seelikuga ja d\u017eempriga on h\u00e4sti veniv. Must v\u00e4rv, erinevad suurused\" \/>\n<meta property=\"og:url\" content=\"https:\/\/armonti.eu\/et\/toode\/kootud-trikoo-kostuum-seelikuga-kopirovat-kopirovat-kopirovat-kopirovat-kopirovat-kopirovat-2\/\" \/>\n<meta property=\"og:site_name\" content=\"\u041c\u0430\u0433\u0430\u0437\u0438\u043d \u043e\u0434\u0435\u0436\u0434\u044b ARMONTI\" \/>\n<meta property=\"article:modified_time\" content=\"2026-04-22T13:16:35+00:00\" \/>\n<meta property=\"og:image\" content=\"https:\/\/armonti.eu\/wp-content\/uploads\/2026\/02\/img_4678.jpg\" \/>\n\t<meta property=\"og:image:width\" content=\"937\" \/>\n\t<meta property=\"og:image:height\" content=\"1250\" \/>\n\t<meta property=\"og:image:type\" content=\"image\/jpeg\" \/>\n<meta name=\"twitter:card\" content=\"summary_large_image\" \/>\n<meta name=\"twitter:description\" content=\"Kootud trikookomplekt seelikuga ja d\u017eempriga on h\u00e4sti veniv. Must v\u00e4rv, erinevad suurused\" \/>\n<meta name=\"twitter:label1\" content=\"Est. reading time\" \/>\n\t<meta name=\"twitter:data1\" content=\"1 minut\" \/>\n<script type=\"application\/ld+json\" class=\"yoast-schema-graph\">{\"@context\":\"https:\\\/\\\/schema.org\",\"@graph\":[{\"@type\":\"WebPage\",\"@id\":\"https:\\\/\\\/armonti.eu\\\/et\\\/toode\\\/kootud-trikoo-kostuum-seelikuga-kopirovat-kopirovat-kopirovat-kopirovat-kopirovat-kopirovat-2\\\/\",\"url\":\"https:\\\/\\\/armonti.eu\\\/et\\\/toode\\\/kootud-trikoo-kostuum-seelikuga-kopirovat-kopirovat-kopirovat-kopirovat-kopirovat-kopirovat-2\\\/\",\"name\":\"Pailletidega pluus - \u041c\u0430\u0433\u0430\u0437\u0438\u043d \u043e\u0434\u0435\u0436\u0434\u044b ARMONTI\",\"isPartOf\":{\"@id\":\"https:\\\/\\\/armonti.eu\\\/#website\"},\"primaryImageOfPage\":{\"@id\":\"https:\\\/\\\/armonti.eu\\\/et\\\/toode\\\/kootud-trikoo-kostuum-seelikuga-kopirovat-kopirovat-kopirovat-kopirovat-kopirovat-kopirovat-2\\\/#primaryimage\"},\"image\":{\"@id\":\"https:\\\/\\\/armonti.eu\\\/et\\\/toode\\\/kootud-trikoo-kostuum-seelikuga-kopirovat-kopirovat-kopirovat-kopirovat-kopirovat-kopirovat-2\\\/#primaryimage\"},\"thumbnailUrl\":\"https:\\\/\\\/armonti.eu\\\/wp-content\\\/uploads\\\/2026\\\/02\\\/img_4678.jpg\",\"datePublished\":\"2026-02-06T19:44:58+00:00\",\"dateModified\":\"2026-04-22T13:16:35+00:00\",\"description\":\"Pailletidega pluus\",\"breadcrumb\":{\"@id\":\"https:\\\/\\\/armonti.eu\\\/et\\\/toode\\\/kootud-trikoo-kostuum-seelikuga-kopirovat-kopirovat-kopirovat-kopirovat-kopirovat-kopirovat-2\\\/#breadcrumb\"},\"inLanguage\":\"et\",\"potentialAction\":[{\"@type\":\"ReadAction\",\"target\":[\"https:\\\/\\\/armonti.eu\\\/et\\\/toode\\\/kootud-trikoo-kostuum-seelikuga-kopirovat-kopirovat-kopirovat-kopirovat-kopirovat-kopirovat-2\\\/\"]}]},{\"@type\":\"ImageObject\",\"inLanguage\":\"et\",\"@id\":\"https:\\\/\\\/armonti.eu\\\/et\\\/toode\\\/kootud-trikoo-kostuum-seelikuga-kopirovat-kopirovat-kopirovat-kopirovat-kopirovat-kopirovat-2\\\/#primaryimage\",\"url\":\"https:\\\/\\\/armonti.eu\\\/wp-content\\\/uploads\\\/2026\\\/02\\\/img_4678.jpg\",\"contentUrl\":\"https:\\\/\\\/armonti.eu\\\/wp-content\\\/uploads\\\/2026\\\/02\\\/img_4678.jpg\",\"width\":937,\"height\":1250},{\"@type\":\"BreadcrumbList\",\"@id\":\"https:\\\/\\\/armonti.eu\\\/et\\\/toode\\\/kootud-trikoo-kostuum-seelikuga-kopirovat-kopirovat-kopirovat-kopirovat-kopirovat-kopirovat-2\\\/#breadcrumb\",\"itemListElement\":[{\"@type\":\"ListItem\",\"position\":1,\"name\":\"\u0413\u043b\u0430\u0432\u043d\u0430\u044f\",\"item\":\"https:\\\/\\\/armonti.eu\\\/\"},{\"@type\":\"ListItem\",\"position\":2,\"name\":\"Shop\",\"item\":\"https:\\\/\\\/armonti.eu\\\/et\\\/shop\\\/\"},{\"@type\":\"ListItem\",\"position\":3,\"name\":\"\u041e\u0434\u0435\u0436\u0434\u0430\",\"item\":\"https:\\\/\\\/armonti.eu\\\/catalog\\\/odezhda\\\/\"},{\"@type\":\"ListItem\",\"position\":4,\"name\":\"\u0411\u043b\u0443\u0437\u043a\u0438 \u0438 \u0440\u0443\u0431\u0430\u0448\u043a\u0438\",\"item\":\"https:\\\/\\\/armonti.eu\\\/catalog\\\/odezhda\\\/bluzki-i-rubashki\\\/\"},{\"@type\":\"ListItem\",\"position\":5,\"name\":\"Pailletidega pluus\"}]},{\"@type\":\"WebSite\",\"@id\":\"https:\\\/\\\/armonti.eu\\\/#website\",\"url\":\"https:\\\/\\\/armonti.eu\\\/\",\"name\":\"ARMONTI\",\"description\":\"\",\"publisher\":{\"@id\":\"https:\\\/\\\/armonti.eu\\\/#organization\"},\"alternateName\":\"\u0416\u0435\u043d\u0441\u043a\u0430\u044f \u0431\u0440\u0435\u043d\u0434\u043e\u0432\u0430\u044f \u043e\u0434\u0435\u0436\u0434\u0430\",\"potentialAction\":[{\"@type\":\"SearchAction\",\"target\":{\"@type\":\"EntryPoint\",\"urlTemplate\":\"https:\\\/\\\/armonti.eu\\\/?s={search_term_string}\"},\"query-input\":{\"@type\":\"PropertyValueSpecification\",\"valueRequired\":true,\"valueName\":\"search_term_string\"}}],\"inLanguage\":\"et\"},{\"@type\":\"Organization\",\"@id\":\"https:\\\/\\\/armonti.eu\\\/#organization\",\"name\":\"ARMONTI\",\"alternateName\":\"\u0416\u0435\u043d\u0441\u043a\u0430\u044f \u0431\u0440\u0435\u043d\u0434\u043e\u0432\u0430\u044f \u043e\u0434\u0435\u0436\u0434\u0430\",\"url\":\"https:\\\/\\\/armonti.eu\\\/\",\"logo\":{\"@type\":\"ImageObject\",\"inLanguage\":\"et\",\"@id\":\"https:\\\/\\\/armonti.eu\\\/#\\\/schema\\\/logo\\\/image\\\/\",\"url\":\"https:\\\/\\\/armonti.eu\\\/wp-content\\\/uploads\\\/2023\\\/05\\\/armonti-logo-white.png\",\"contentUrl\":\"https:\\\/\\\/armonti.eu\\\/wp-content\\\/uploads\\\/2023\\\/05\\\/armonti-logo-white.png\",\"width\":2165,\"height\":554,\"caption\":\"ARMONTI\"},\"image\":{\"@id\":\"https:\\\/\\\/armonti.eu\\\/#\\\/schema\\\/logo\\\/image\\\/\"}}]}<\/script>\n<!-- \/ Yoast SEO plugin. -->","yoast_head_json":{"title":"Pailletidega pluus - \u041c\u0430\u0433\u0430\u0437\u0438\u043d \u043e\u0434\u0435\u0436\u0434\u044b ARMONTI","description":"Pailletidega pluus","robots":{"index":"index","follow":"follow","max-snippet":"max-snippet:-1","max-image-preview":"max-image-preview:large","max-video-preview":"max-video-preview:-1"},"canonical":"https:\/\/armonti.eu\/et\/toode\/kootud-trikoo-kostuum-seelikuga-kopirovat-kopirovat-kopirovat-kopirovat-kopirovat-kopirovat-2\/","og_locale":"et_EE","og_type":"article","og_title":"Pailletidega pluus - \u041c\u0430\u0433\u0430\u0437\u0438\u043d \u043e\u0434\u0435\u0436\u0434\u044b ARMONTI","og_description":"Kootud trikookomplekt seelikuga ja d\u017eempriga on h\u00e4sti veniv. Must v\u00e4rv, erinevad suurused","og_url":"https:\/\/armonti.eu\/et\/toode\/kootud-trikoo-kostuum-seelikuga-kopirovat-kopirovat-kopirovat-kopirovat-kopirovat-kopirovat-2\/","og_site_name":"\u041c\u0430\u0433\u0430\u0437\u0438\u043d \u043e\u0434\u0435\u0436\u0434\u044b ARMONTI","article_modified_time":"2026-04-22T13:16:35+00:00","og_image":[{"width":937,"height":1250,"url":"https:\/\/armonti.eu\/wp-content\/uploads\/2026\/02\/img_4678.jpg","type":"image\/jpeg"}],"twitter_card":"summary_large_image","twitter_description":"Kootud trikookomplekt seelikuga ja d\u017eempriga on h\u00e4sti veniv. Must v\u00e4rv, erinevad suurused","twitter_misc":{"Est. reading time":"1 minut"},"schema":{"@context":"https:\/\/schema.org","@graph":[{"@type":"WebPage","@id":"https:\/\/armonti.eu\/et\/toode\/kootud-trikoo-kostuum-seelikuga-kopirovat-kopirovat-kopirovat-kopirovat-kopirovat-kopirovat-2\/","url":"https:\/\/armonti.eu\/et\/toode\/kootud-trikoo-kostuum-seelikuga-kopirovat-kopirovat-kopirovat-kopirovat-kopirovat-kopirovat-2\/","name":"Pailletidega pluus - \u041c\u0430\u0433\u0430\u0437\u0438\u043d \u043e\u0434\u0435\u0436\u0434\u044b ARMONTI","isPartOf":{"@id":"https:\/\/armonti.eu\/#website"},"primaryImageOfPage":{"@id":"https:\/\/armonti.eu\/et\/toode\/kootud-trikoo-kostuum-seelikuga-kopirovat-kopirovat-kopirovat-kopirovat-kopirovat-kopirovat-2\/#primaryimage"},"image":{"@id":"https:\/\/armonti.eu\/et\/toode\/kootud-trikoo-kostuum-seelikuga-kopirovat-kopirovat-kopirovat-kopirovat-kopirovat-kopirovat-2\/#primaryimage"},"thumbnailUrl":"https:\/\/armonti.eu\/wp-content\/uploads\/2026\/02\/img_4678.jpg","datePublished":"2026-02-06T19:44:58+00:00","dateModified":"2026-04-22T13:16:35+00:00","description":"Pailletidega pluus","breadcrumb":{"@id":"https:\/\/armonti.eu\/et\/toode\/kootud-trikoo-kostuum-seelikuga-kopirovat-kopirovat-kopirovat-kopirovat-kopirovat-kopirovat-2\/#breadcrumb"},"inLanguage":"et","potentialAction":[{"@type":"ReadAction","target":["https:\/\/armonti.eu\/et\/toode\/kootud-trikoo-kostuum-seelikuga-kopirovat-kopirovat-kopirovat-kopirovat-kopirovat-kopirovat-2\/"]}]},{"@type":"ImageObject","inLanguage":"et","@id":"https:\/\/armonti.eu\/et\/toode\/kootud-trikoo-kostuum-seelikuga-kopirovat-kopirovat-kopirovat-kopirovat-kopirovat-kopirovat-2\/#primaryimage","url":"https:\/\/armonti.eu\/wp-content\/uploads\/2026\/02\/img_4678.jpg","contentUrl":"https:\/\/armonti.eu\/wp-content\/uploads\/2026\/02\/img_4678.jpg","width":937,"height":1250},{"@type":"BreadcrumbList","@id":"https:\/\/armonti.eu\/et\/toode\/kootud-trikoo-kostuum-seelikuga-kopirovat-kopirovat-kopirovat-kopirovat-kopirovat-kopirovat-2\/#breadcrumb","itemListElement":[{"@type":"ListItem","position":1,"name":"\u0413\u043b\u0430\u0432\u043d\u0430\u044f","item":"https:\/\/armonti.eu\/"},{"@type":"ListItem","position":2,"name":"Shop","item":"https:\/\/armonti.eu\/et\/shop\/"},{"@type":"ListItem","position":3,"name":"\u041e\u0434\u0435\u0436\u0434\u0430","item":"https:\/\/armonti.eu\/catalog\/odezhda\/"},{"@type":"ListItem","position":4,"name":"\u0411\u043b\u0443\u0437\u043a\u0438 \u0438 \u0440\u0443\u0431\u0430\u0448\u043a\u0438","item":"https:\/\/armonti.eu\/catalog\/odezhda\/bluzki-i-rubashki\/"},{"@type":"ListItem","position":5,"name":"Pailletidega pluus"}]},{"@type":"WebSite","@id":"https:\/\/armonti.eu\/#website","url":"https:\/\/armonti.eu\/","name":"ARMONTI","description":"","publisher":{"@id":"https:\/\/armonti.eu\/#organization"},"alternateName":"\u0416\u0435\u043d\u0441\u043a\u0430\u044f \u0431\u0440\u0435\u043d\u0434\u043e\u0432\u0430\u044f \u043e\u0434\u0435\u0436\u0434\u0430","potentialAction":[{"@type":"SearchAction","target":{"@type":"EntryPoint","urlTemplate":"https:\/\/armonti.eu\/?s={search_term_string}"},"query-input":{"@type":"PropertyValueSpecification","valueRequired":true,"valueName":"search_term_string"}}],"inLanguage":"et"},{"@type":"Organization","@id":"https:\/\/armonti.eu\/#organization","name":"ARMONTI","alternateName":"\u0416\u0435\u043d\u0441\u043a\u0430\u044f \u0431\u0440\u0435\u043d\u0434\u043e\u0432\u0430\u044f \u043e\u0434\u0435\u0436\u0434\u0430","url":"https:\/\/armonti.eu\/","logo":{"@type":"ImageObject","inLanguage":"et","@id":"https:\/\/armonti.eu\/#\/schema\/logo\/image\/","url":"https:\/\/armonti.eu\/wp-content\/uploads\/2023\/05\/armonti-logo-white.png","contentUrl":"https:\/\/armonti.eu\/wp-content\/uploads\/2023\/05\/armonti-logo-white.png","width":2165,"height":554,"caption":"ARMONTI"},"image":{"@id":"https:\/\/armonti.eu\/#\/schema\/logo\/image\/"}}]}},"_links":{"self":[{"href":"https:\/\/armonti.eu\/et\/wp-json\/wp\/v2\/product\/35035","targetHints":{"allow":["GET"]}}],"collection":[{"href":"https:\/\/armonti.eu\/et\/wp-json\/wp\/v2\/product"}],"about":[{"href":"https:\/\/armonti.eu\/et\/wp-json\/wp\/v2\/types\/product"}],"replies":[{"embeddable":true,"href":"https:\/\/armonti.eu\/et\/wp-json\/wp\/v2\/comments?post=35035"}],"wp:featuredmedia":[{"embeddable":true,"href":"https:\/\/armonti.eu\/et\/wp-json\/wp\/v2\/media\/35039"}],"wp:attachment":[{"href":"https:\/\/armonti.eu\/et\/wp-json\/wp\/v2\/media?parent=35035"}],"wp:term":[{"taxonomy":"product_brand","embeddable":true,"href":"https:\/\/armonti.eu\/et\/wp-json\/wp\/v2\/product_brand?post=35035"},{"taxonomy":"product_cat","embeddable":true,"href":"https:\/\/armonti.eu\/et\/wp-json\/wp\/v2\/product_cat?post=35035"},{"taxonomy":"product_tag","embeddable":true,"href":"https:\/\/armonti.eu\/et\/wp-json\/wp\/v2\/product_tag?post=35035"}],"curies":[{"name":"wp","href":"https:\/\/api.w.org\/{rel}","templated":true}]}}