{"id":22584,"date":"2024-11-14T21:21:35","date_gmt":"2024-11-14T18:21:35","guid":{"rendered":"https:\/\/armonti.eu\/?post_type=product&#038;p=22584"},"modified":"2025-08-26T20:55:23","modified_gmt":"2025-08-26T17:55:23","slug":"kootud-trikoo-kostuum-seelikuga-kopirovat-kopirovat-kopirovat-kopirovat-2","status":"publish","type":"product","link":"https:\/\/armonti.eu\/et\/toode\/kootud-trikoo-kostuum-seelikuga-kopirovat-kopirovat-kopirovat-kopirovat-2\/","title":{"rendered":"Kootud trikoo kost\u00fc\u00fcm seelikuga (\u041a\u043e\u043f\u0438\u0440\u043e\u0432\u0430\u0442\u044c) (\u041a\u043e\u043f\u0438\u0440\u043e\u0432\u0430\u0442\u044c) (\u041a\u043e\u043f\u0438\u0440\u043e\u0432\u0430\u0442\u044c) (\u041a\u043e\u043f\u0438\u0440\u043e\u0432\u0430\u0442\u044c)"},"content":{"rendered":"<p data-sourcepos=\"7:1-7:39\"><strong>Kootud trikoo kost\u00fc\u00fcm: soe ja mugav<\/strong><\/p>\n<ul data-sourcepos=\"9:1-15:0\">\n<li data-sourcepos=\"9:1-9:50\"><strong>K\u00f5rge kaelusega kampsun stiilseks v\u00e4limuseks<\/strong><\/li>\n<li data-sourcepos=\"10:1-10:38\"><strong>Siluettne seelik r\u00f5hutab figuuri<\/strong><\/li>\n<li data-sourcepos=\"11:1-11:51\"><strong>Ideaalne nii t\u00f6\u00f6ks kui ka vaba aja veetmiseks<\/strong><\/li>\n<li data-sourcepos=\"12:1-12:34\"><strong>Pehme ja nahas\u00f5bralik kangas<\/strong><\/li>\n<li data-sourcepos=\"13:1-13:36\"><strong>Sobib s\u00fcgis-talviseks hooajaks<\/strong><\/li>\n<li data-sourcepos=\"14:1-15:0\"><strong>Mitmek\u00fclgne, sobib erinevate aksessuaaridega<\/strong><\/li>\n<\/ul>\n<p data-sourcepos=\"16:1-17:66\"><strong>Hooldus:<\/strong> Triigida 110\u00b0C juures, pleegitamine keelatud, \u00f5rn pesu 30\u00b0C juures<\/p>\n<p data-sourcepos=\"19:1-19:123\"><strong>Palun m\u00e4rkige oma tellimuse m\u00e4rkustes oma m\u00f5\u00f5dud (puusad, talje ja pikkus), et saaksime valida teile sobivaima suuruse.<\/strong><\/p>\n<p data-sourcepos=\"21:1-21:18\"><strong>Artikkel:<\/strong> 1016<\/p>\n","protected":false},"excerpt":{"rendered":"<ul>\n<li data-sourcepos=\"7:1-7:35\"><strong>Suurus:<\/strong> \u00dcks suurus (One size)<\/li>\n<li data-sourcepos=\"8:1-8:16\"><strong>V\u00e4rv:<\/strong> Bee\u017e<\/li>\n<li data-sourcepos=\"9:1-10:0\"><strong>Mudeli pikkus ja suurus:<\/strong> 169 cm, S<\/li>\n<\/ul>\n","protected":false},"featured_media":26408,"comment_status":"open","ping_status":"closed","template":"","meta":[],"product_brand":[],"product_cat":[458,448,332,474],"product_tag":[],"class_list":{"0":"post-22584","1":"product","2":"type-product","3":"status-publish","4":"has-post-thumbnail","6":"product_cat-kudum-ja-trikotaazist-kleidid-tunikad","7":"product_cat-kudumi-trikotazkostuumid","8":"product_cat-rasprodazha-et","9":"product_cat-kostyumy-et","11":"first","12":"outofstock","13":"shipping-taxable","14":"product-type-variable"},"yoast_head":"<!-- This site is optimized with the Yoast SEO plugin v27.3 - https:\/\/yoast.com\/product\/yoast-seo-wordpress\/ -->\n<title>Kootud trikoo kost\u00fc\u00fcm seelikuga (\u041a\u043e\u043f\u0438\u0440\u043e\u0432\u0430\u0442\u044c) (\u041a\u043e\u043f\u0438\u0440\u043e\u0432\u0430\u0442\u044c) (\u041a\u043e\u043f\u0438\u0440\u043e\u0432\u0430\u0442\u044c) (\u041a\u043e\u043f\u0438\u0440\u043e\u0432\u0430\u0442\u044c) - \u041c\u0430\u0433\u0430\u0437\u0438\u043d \u043e\u0434\u0435\u0436\u0434\u044b ARMONTI<\/title>\n<meta name=\"description\" content=\"Kootud trikoo kost\u00fc\u00fcm seelikuga. K\u00f5rge kaelusega kampsun stiilseks v\u00e4limuseks. Siluettne seelik r\u00f5hutab figuuri. Pehme ja nahas\u00f5bralik kangas.\" \/>\n<meta name=\"robots\" content=\"index, follow, max-snippet:-1, max-image-preview:large, max-video-preview:-1\" \/>\n<link rel=\"canonical\" href=\"https:\/\/armonti.eu\/et\/toode\/kootud-trikoo-kostuum-seelikuga-kopirovat-kopirovat-kopirovat-kopirovat-2\/\" \/>\n<meta property=\"og:locale\" content=\"et_EE\" \/>\n<meta property=\"og:type\" content=\"article\" \/>\n<meta property=\"og:title\" content=\"Kootud trikoo kost\u00fc\u00fcm seelikuga (\u041a\u043e\u043f\u0438\u0440\u043e\u0432\u0430\u0442\u044c) (\u041a\u043e\u043f\u0438\u0440\u043e\u0432\u0430\u0442\u044c) (\u041a\u043e\u043f\u0438\u0440\u043e\u0432\u0430\u0442\u044c) (\u041a\u043e\u043f\u0438\u0440\u043e\u0432\u0430\u0442\u044c) - \u041c\u0430\u0433\u0430\u0437\u0438\u043d \u043e\u0434\u0435\u0436\u0434\u044b ARMONTI\" \/>\n<meta property=\"og:description\" content=\"\u041a\u043e\u0441\u0442\u044e\u043c \u0432\u044f\u0437\u0430\u043d\u044b\u0439 \u0442\u0440\u0438\u043a\u043e\u0442\u0430\u0436\u043d\u044b\u0439 \u0441 \u044e\u0431\u043a\u043e\u0439 \u0438 \u0434\u0436\u0435\u043c\u043f\u0435\u0440\u043e\u043c \u0445\u043e\u0440\u043e\u0448\u043e \u0442\u044f\u043d\u0435\u0442\u0441\u044f. \u0427\u0435\u0440\u043d\u044b\u0439 \u0446\u0432\u0435\u0442, \u0440\u0430\u0437\u043b\u0438\u0447\u043d\u044b\u0435 \u0440\u0430\u0437\u043c\u0435\u0440\u044b\" \/>\n<meta property=\"og:url\" content=\"https:\/\/armonti.eu\/et\/toode\/kootud-trikoo-kostuum-seelikuga-kopirovat-kopirovat-kopirovat-kopirovat-2\/\" \/>\n<meta property=\"og:site_name\" content=\"\u041c\u0430\u0433\u0430\u0437\u0438\u043d \u043e\u0434\u0435\u0436\u0434\u044b ARMONTI\" \/>\n<meta property=\"article:modified_time\" content=\"2025-08-26T17:55:23+00:00\" \/>\n<meta property=\"og:image\" content=\"https:\/\/armonti.eu\/wp-content\/uploads\/2024\/11\/5-13.jpg\" \/>\n\t<meta property=\"og:image:width\" content=\"800\" \/>\n\t<meta property=\"og:image:height\" content=\"1067\" \/>\n\t<meta property=\"og:image:type\" content=\"image\/jpeg\" \/>\n<meta name=\"twitter:card\" content=\"summary_large_image\" \/>\n<meta name=\"twitter:description\" content=\"\u041a\u043e\u0441\u0442\u044e\u043c \u0432\u044f\u0437\u0430\u043d\u044b\u0439 \u0442\u0440\u0438\u043a\u043e\u0442\u0430\u0436\u043d\u044b\u0439 \u0441 \u044e\u0431\u043a\u043e\u0439 \u0438 \u0434\u0436\u0435\u043c\u043f\u0435\u0440\u043e\u043c \u0445\u043e\u0440\u043e\u0448\u043e \u0442\u044f\u043d\u0435\u0442\u0441\u044f. \u0427\u0435\u0440\u043d\u044b\u0439 \u0446\u0432\u0435\u0442, \u0440\u0430\u0437\u043b\u0438\u0447\u043d\u044b\u0435 \u0440\u0430\u0437\u043c\u0435\u0440\u044b\" \/>\n<meta name=\"twitter:label1\" content=\"Est. reading time\" \/>\n\t<meta name=\"twitter:data1\" content=\"1 minut\" \/>\n<script type=\"application\/ld+json\" class=\"yoast-schema-graph\">{\"@context\":\"https:\\\/\\\/schema.org\",\"@graph\":[{\"@type\":\"WebPage\",\"@id\":\"https:\\\/\\\/armonti.eu\\\/et\\\/toode\\\/kootud-trikoo-kostuum-seelikuga-kopirovat-kopirovat-kopirovat-kopirovat-2\\\/\",\"url\":\"https:\\\/\\\/armonti.eu\\\/et\\\/toode\\\/kootud-trikoo-kostuum-seelikuga-kopirovat-kopirovat-kopirovat-kopirovat-2\\\/\",\"name\":\"Kootud trikoo kost\u00fc\u00fcm seelikuga (\u041a\u043e\u043f\u0438\u0440\u043e\u0432\u0430\u0442\u044c) (\u041a\u043e\u043f\u0438\u0440\u043e\u0432\u0430\u0442\u044c) (\u041a\u043e\u043f\u0438\u0440\u043e\u0432\u0430\u0442\u044c) (\u041a\u043e\u043f\u0438\u0440\u043e\u0432\u0430\u0442\u044c) - \u041c\u0430\u0433\u0430\u0437\u0438\u043d \u043e\u0434\u0435\u0436\u0434\u044b ARMONTI\",\"isPartOf\":{\"@id\":\"https:\\\/\\\/armonti.eu\\\/#website\"},\"primaryImageOfPage\":{\"@id\":\"https:\\\/\\\/armonti.eu\\\/et\\\/toode\\\/kootud-trikoo-kostuum-seelikuga-kopirovat-kopirovat-kopirovat-kopirovat-2\\\/#primaryimage\"},\"image\":{\"@id\":\"https:\\\/\\\/armonti.eu\\\/et\\\/toode\\\/kootud-trikoo-kostuum-seelikuga-kopirovat-kopirovat-kopirovat-kopirovat-2\\\/#primaryimage\"},\"thumbnailUrl\":\"https:\\\/\\\/armonti.eu\\\/wp-content\\\/uploads\\\/2024\\\/11\\\/13-6.jpg\",\"datePublished\":\"2024-11-14T18:21:35+00:00\",\"dateModified\":\"2025-08-26T17:55:23+00:00\",\"description\":\"Kootud trikoo kost\u00fc\u00fcm seelikuga. K\u00f5rge kaelusega kampsun stiilseks v\u00e4limuseks. Siluettne seelik r\u00f5hutab figuuri. Pehme ja nahas\u00f5bralik kangas.\",\"breadcrumb\":{\"@id\":\"https:\\\/\\\/armonti.eu\\\/et\\\/toode\\\/kootud-trikoo-kostuum-seelikuga-kopirovat-kopirovat-kopirovat-kopirovat-2\\\/#breadcrumb\"},\"inLanguage\":\"et\",\"potentialAction\":[{\"@type\":\"ReadAction\",\"target\":[\"https:\\\/\\\/armonti.eu\\\/et\\\/toode\\\/kootud-trikoo-kostuum-seelikuga-kopirovat-kopirovat-kopirovat-kopirovat-2\\\/\"]}]},{\"@type\":\"ImageObject\",\"inLanguage\":\"et\",\"@id\":\"https:\\\/\\\/armonti.eu\\\/et\\\/toode\\\/kootud-trikoo-kostuum-seelikuga-kopirovat-kopirovat-kopirovat-kopirovat-2\\\/#primaryimage\",\"url\":\"https:\\\/\\\/armonti.eu\\\/wp-content\\\/uploads\\\/2024\\\/11\\\/13-6.jpg\",\"contentUrl\":\"https:\\\/\\\/armonti.eu\\\/wp-content\\\/uploads\\\/2024\\\/11\\\/13-6.jpg\",\"width\":800,\"height\":1067},{\"@type\":\"BreadcrumbList\",\"@id\":\"https:\\\/\\\/armonti.eu\\\/et\\\/toode\\\/kootud-trikoo-kostuum-seelikuga-kopirovat-kopirovat-kopirovat-kopirovat-2\\\/#breadcrumb\",\"itemListElement\":[{\"@type\":\"ListItem\",\"position\":1,\"name\":\"\u0413\u043b\u0430\u0432\u043d\u0430\u044f\",\"item\":\"https:\\\/\\\/armonti.eu\\\/\"},{\"@type\":\"ListItem\",\"position\":2,\"name\":\"Shop\",\"item\":\"https:\\\/\\\/armonti.eu\\\/et\\\/shop\\\/\"},{\"@type\":\"ListItem\",\"position\":3,\"name\":\"\u041e\u0434\u0435\u0436\u0434\u0430\",\"item\":\"https:\\\/\\\/armonti.eu\\\/catalog\\\/odezhda\\\/\"},{\"@type\":\"ListItem\",\"position\":4,\"name\":\"\u041f\u043b\u0430\u0442\u044c\u044f\",\"item\":\"https:\\\/\\\/armonti.eu\\\/catalog\\\/odezhda\\\/platya-odezhda\\\/\"},{\"@type\":\"ListItem\",\"position\":5,\"name\":\"\u0422\u0440\u0438\u043a\u043e\u0442\u0430\u0436\u043d\u044b\u0435\u00a0\u043f\u043b\u0430\u0442\u044c\u044f\",\"item\":\"https:\\\/\\\/armonti.eu\\\/catalog\\\/odezhda\\\/platya-odezhda\\\/trikotazhnye-platya-tuniki\\\/\"},{\"@type\":\"ListItem\",\"position\":6,\"name\":\"Kootud trikoo kost\u00fc\u00fcm seelikuga (\u041a\u043e\u043f\u0438\u0440\u043e\u0432\u0430\u0442\u044c) (\u041a\u043e\u043f\u0438\u0440\u043e\u0432\u0430\u0442\u044c) (\u041a\u043e\u043f\u0438\u0440\u043e\u0432\u0430\u0442\u044c) (\u041a\u043e\u043f\u0438\u0440\u043e\u0432\u0430\u0442\u044c)\"}]},{\"@type\":\"WebSite\",\"@id\":\"https:\\\/\\\/armonti.eu\\\/#website\",\"url\":\"https:\\\/\\\/armonti.eu\\\/\",\"name\":\"ARMONTI\",\"description\":\"\",\"publisher\":{\"@id\":\"https:\\\/\\\/armonti.eu\\\/#organization\"},\"alternateName\":\"\u0416\u0435\u043d\u0441\u043a\u0430\u044f \u0431\u0440\u0435\u043d\u0434\u043e\u0432\u0430\u044f \u043e\u0434\u0435\u0436\u0434\u0430\",\"potentialAction\":[{\"@type\":\"SearchAction\",\"target\":{\"@type\":\"EntryPoint\",\"urlTemplate\":\"https:\\\/\\\/armonti.eu\\\/?s={search_term_string}\"},\"query-input\":{\"@type\":\"PropertyValueSpecification\",\"valueRequired\":true,\"valueName\":\"search_term_string\"}}],\"inLanguage\":\"et\"},{\"@type\":\"Organization\",\"@id\":\"https:\\\/\\\/armonti.eu\\\/#organization\",\"name\":\"ARMONTI\",\"alternateName\":\"\u0416\u0435\u043d\u0441\u043a\u0430\u044f \u0431\u0440\u0435\u043d\u0434\u043e\u0432\u0430\u044f \u043e\u0434\u0435\u0436\u0434\u0430\",\"url\":\"https:\\\/\\\/armonti.eu\\\/\",\"logo\":{\"@type\":\"ImageObject\",\"inLanguage\":\"et\",\"@id\":\"https:\\\/\\\/armonti.eu\\\/#\\\/schema\\\/logo\\\/image\\\/\",\"url\":\"https:\\\/\\\/armonti.eu\\\/wp-content\\\/uploads\\\/2023\\\/05\\\/armonti-logo-white.png\",\"contentUrl\":\"https:\\\/\\\/armonti.eu\\\/wp-content\\\/uploads\\\/2023\\\/05\\\/armonti-logo-white.png\",\"width\":2165,\"height\":554,\"caption\":\"ARMONTI\"},\"image\":{\"@id\":\"https:\\\/\\\/armonti.eu\\\/#\\\/schema\\\/logo\\\/image\\\/\"}}]}<\/script>\n<!-- \/ Yoast SEO plugin. -->","yoast_head_json":{"title":"Kootud trikoo kost\u00fc\u00fcm seelikuga (\u041a\u043e\u043f\u0438\u0440\u043e\u0432\u0430\u0442\u044c) (\u041a\u043e\u043f\u0438\u0440\u043e\u0432\u0430\u0442\u044c) (\u041a\u043e\u043f\u0438\u0440\u043e\u0432\u0430\u0442\u044c) (\u041a\u043e\u043f\u0438\u0440\u043e\u0432\u0430\u0442\u044c) - \u041c\u0430\u0433\u0430\u0437\u0438\u043d \u043e\u0434\u0435\u0436\u0434\u044b ARMONTI","description":"Kootud trikoo kost\u00fc\u00fcm seelikuga. K\u00f5rge kaelusega kampsun stiilseks v\u00e4limuseks. Siluettne seelik r\u00f5hutab figuuri. Pehme ja nahas\u00f5bralik kangas.","robots":{"index":"index","follow":"follow","max-snippet":"max-snippet:-1","max-image-preview":"max-image-preview:large","max-video-preview":"max-video-preview:-1"},"canonical":"https:\/\/armonti.eu\/et\/toode\/kootud-trikoo-kostuum-seelikuga-kopirovat-kopirovat-kopirovat-kopirovat-2\/","og_locale":"et_EE","og_type":"article","og_title":"Kootud trikoo kost\u00fc\u00fcm seelikuga (\u041a\u043e\u043f\u0438\u0440\u043e\u0432\u0430\u0442\u044c) (\u041a\u043e\u043f\u0438\u0440\u043e\u0432\u0430\u0442\u044c) (\u041a\u043e\u043f\u0438\u0440\u043e\u0432\u0430\u0442\u044c) (\u041a\u043e\u043f\u0438\u0440\u043e\u0432\u0430\u0442\u044c) - \u041c\u0430\u0433\u0430\u0437\u0438\u043d \u043e\u0434\u0435\u0436\u0434\u044b ARMONTI","og_description":"\u041a\u043e\u0441\u0442\u044e\u043c \u0432\u044f\u0437\u0430\u043d\u044b\u0439 \u0442\u0440\u0438\u043a\u043e\u0442\u0430\u0436\u043d\u044b\u0439 \u0441 \u044e\u0431\u043a\u043e\u0439 \u0438 \u0434\u0436\u0435\u043c\u043f\u0435\u0440\u043e\u043c \u0445\u043e\u0440\u043e\u0448\u043e \u0442\u044f\u043d\u0435\u0442\u0441\u044f. \u0427\u0435\u0440\u043d\u044b\u0439 \u0446\u0432\u0435\u0442, \u0440\u0430\u0437\u043b\u0438\u0447\u043d\u044b\u0435 \u0440\u0430\u0437\u043c\u0435\u0440\u044b","og_url":"https:\/\/armonti.eu\/et\/toode\/kootud-trikoo-kostuum-seelikuga-kopirovat-kopirovat-kopirovat-kopirovat-2\/","og_site_name":"\u041c\u0430\u0433\u0430\u0437\u0438\u043d \u043e\u0434\u0435\u0436\u0434\u044b ARMONTI","article_modified_time":"2025-08-26T17:55:23+00:00","og_image":[{"width":800,"height":1067,"url":"https:\/\/armonti.eu\/wp-content\/uploads\/2024\/11\/5-13.jpg","type":"image\/jpeg"}],"twitter_card":"summary_large_image","twitter_description":"\u041a\u043e\u0441\u0442\u044e\u043c \u0432\u044f\u0437\u0430\u043d\u044b\u0439 \u0442\u0440\u0438\u043a\u043e\u0442\u0430\u0436\u043d\u044b\u0439 \u0441 \u044e\u0431\u043a\u043e\u0439 \u0438 \u0434\u0436\u0435\u043c\u043f\u0435\u0440\u043e\u043c \u0445\u043e\u0440\u043e\u0448\u043e \u0442\u044f\u043d\u0435\u0442\u0441\u044f. \u0427\u0435\u0440\u043d\u044b\u0439 \u0446\u0432\u0435\u0442, \u0440\u0430\u0437\u043b\u0438\u0447\u043d\u044b\u0435 \u0440\u0430\u0437\u043c\u0435\u0440\u044b","twitter_misc":{"Est. reading time":"1 minut"},"schema":{"@context":"https:\/\/schema.org","@graph":[{"@type":"WebPage","@id":"https:\/\/armonti.eu\/et\/toode\/kootud-trikoo-kostuum-seelikuga-kopirovat-kopirovat-kopirovat-kopirovat-2\/","url":"https:\/\/armonti.eu\/et\/toode\/kootud-trikoo-kostuum-seelikuga-kopirovat-kopirovat-kopirovat-kopirovat-2\/","name":"Kootud trikoo kost\u00fc\u00fcm seelikuga (\u041a\u043e\u043f\u0438\u0440\u043e\u0432\u0430\u0442\u044c) (\u041a\u043e\u043f\u0438\u0440\u043e\u0432\u0430\u0442\u044c) (\u041a\u043e\u043f\u0438\u0440\u043e\u0432\u0430\u0442\u044c) (\u041a\u043e\u043f\u0438\u0440\u043e\u0432\u0430\u0442\u044c) - \u041c\u0430\u0433\u0430\u0437\u0438\u043d \u043e\u0434\u0435\u0436\u0434\u044b ARMONTI","isPartOf":{"@id":"https:\/\/armonti.eu\/#website"},"primaryImageOfPage":{"@id":"https:\/\/armonti.eu\/et\/toode\/kootud-trikoo-kostuum-seelikuga-kopirovat-kopirovat-kopirovat-kopirovat-2\/#primaryimage"},"image":{"@id":"https:\/\/armonti.eu\/et\/toode\/kootud-trikoo-kostuum-seelikuga-kopirovat-kopirovat-kopirovat-kopirovat-2\/#primaryimage"},"thumbnailUrl":"https:\/\/armonti.eu\/wp-content\/uploads\/2024\/11\/13-6.jpg","datePublished":"2024-11-14T18:21:35+00:00","dateModified":"2025-08-26T17:55:23+00:00","description":"Kootud trikoo kost\u00fc\u00fcm seelikuga. K\u00f5rge kaelusega kampsun stiilseks v\u00e4limuseks. Siluettne seelik r\u00f5hutab figuuri. Pehme ja nahas\u00f5bralik kangas.","breadcrumb":{"@id":"https:\/\/armonti.eu\/et\/toode\/kootud-trikoo-kostuum-seelikuga-kopirovat-kopirovat-kopirovat-kopirovat-2\/#breadcrumb"},"inLanguage":"et","potentialAction":[{"@type":"ReadAction","target":["https:\/\/armonti.eu\/et\/toode\/kootud-trikoo-kostuum-seelikuga-kopirovat-kopirovat-kopirovat-kopirovat-2\/"]}]},{"@type":"ImageObject","inLanguage":"et","@id":"https:\/\/armonti.eu\/et\/toode\/kootud-trikoo-kostuum-seelikuga-kopirovat-kopirovat-kopirovat-kopirovat-2\/#primaryimage","url":"https:\/\/armonti.eu\/wp-content\/uploads\/2024\/11\/13-6.jpg","contentUrl":"https:\/\/armonti.eu\/wp-content\/uploads\/2024\/11\/13-6.jpg","width":800,"height":1067},{"@type":"BreadcrumbList","@id":"https:\/\/armonti.eu\/et\/toode\/kootud-trikoo-kostuum-seelikuga-kopirovat-kopirovat-kopirovat-kopirovat-2\/#breadcrumb","itemListElement":[{"@type":"ListItem","position":1,"name":"\u0413\u043b\u0430\u0432\u043d\u0430\u044f","item":"https:\/\/armonti.eu\/"},{"@type":"ListItem","position":2,"name":"Shop","item":"https:\/\/armonti.eu\/et\/shop\/"},{"@type":"ListItem","position":3,"name":"\u041e\u0434\u0435\u0436\u0434\u0430","item":"https:\/\/armonti.eu\/catalog\/odezhda\/"},{"@type":"ListItem","position":4,"name":"\u041f\u043b\u0430\u0442\u044c\u044f","item":"https:\/\/armonti.eu\/catalog\/odezhda\/platya-odezhda\/"},{"@type":"ListItem","position":5,"name":"\u0422\u0440\u0438\u043a\u043e\u0442\u0430\u0436\u043d\u044b\u0435\u00a0\u043f\u043b\u0430\u0442\u044c\u044f","item":"https:\/\/armonti.eu\/catalog\/odezhda\/platya-odezhda\/trikotazhnye-platya-tuniki\/"},{"@type":"ListItem","position":6,"name":"Kootud trikoo kost\u00fc\u00fcm seelikuga (\u041a\u043e\u043f\u0438\u0440\u043e\u0432\u0430\u0442\u044c) (\u041a\u043e\u043f\u0438\u0440\u043e\u0432\u0430\u0442\u044c) (\u041a\u043e\u043f\u0438\u0440\u043e\u0432\u0430\u0442\u044c) (\u041a\u043e\u043f\u0438\u0440\u043e\u0432\u0430\u0442\u044c)"}]},{"@type":"WebSite","@id":"https:\/\/armonti.eu\/#website","url":"https:\/\/armonti.eu\/","name":"ARMONTI","description":"","publisher":{"@id":"https:\/\/armonti.eu\/#organization"},"alternateName":"\u0416\u0435\u043d\u0441\u043a\u0430\u044f \u0431\u0440\u0435\u043d\u0434\u043e\u0432\u0430\u044f \u043e\u0434\u0435\u0436\u0434\u0430","potentialAction":[{"@type":"SearchAction","target":{"@type":"EntryPoint","urlTemplate":"https:\/\/armonti.eu\/?s={search_term_string}"},"query-input":{"@type":"PropertyValueSpecification","valueRequired":true,"valueName":"search_term_string"}}],"inLanguage":"et"},{"@type":"Organization","@id":"https:\/\/armonti.eu\/#organization","name":"ARMONTI","alternateName":"\u0416\u0435\u043d\u0441\u043a\u0430\u044f \u0431\u0440\u0435\u043d\u0434\u043e\u0432\u0430\u044f \u043e\u0434\u0435\u0436\u0434\u0430","url":"https:\/\/armonti.eu\/","logo":{"@type":"ImageObject","inLanguage":"et","@id":"https:\/\/armonti.eu\/#\/schema\/logo\/image\/","url":"https:\/\/armonti.eu\/wp-content\/uploads\/2023\/05\/armonti-logo-white.png","contentUrl":"https:\/\/armonti.eu\/wp-content\/uploads\/2023\/05\/armonti-logo-white.png","width":2165,"height":554,"caption":"ARMONTI"},"image":{"@id":"https:\/\/armonti.eu\/#\/schema\/logo\/image\/"}}]}},"_links":{"self":[{"href":"https:\/\/armonti.eu\/et\/wp-json\/wp\/v2\/product\/22584","targetHints":{"allow":["GET"]}}],"collection":[{"href":"https:\/\/armonti.eu\/et\/wp-json\/wp\/v2\/product"}],"about":[{"href":"https:\/\/armonti.eu\/et\/wp-json\/wp\/v2\/types\/product"}],"replies":[{"embeddable":true,"href":"https:\/\/armonti.eu\/et\/wp-json\/wp\/v2\/comments?post=22584"}],"wp:featuredmedia":[{"embeddable":true,"href":"https:\/\/armonti.eu\/et\/wp-json\/wp\/v2\/media\/26408"}],"wp:attachment":[{"href":"https:\/\/armonti.eu\/et\/wp-json\/wp\/v2\/media?parent=22584"}],"wp:term":[{"taxonomy":"product_brand","embeddable":true,"href":"https:\/\/armonti.eu\/et\/wp-json\/wp\/v2\/product_brand?post=22584"},{"taxonomy":"product_cat","embeddable":true,"href":"https:\/\/armonti.eu\/et\/wp-json\/wp\/v2\/product_cat?post=22584"},{"taxonomy":"product_tag","embeddable":true,"href":"https:\/\/armonti.eu\/et\/wp-json\/wp\/v2\/product_tag?post=22584"}],"curies":[{"name":"wp","href":"https:\/\/api.w.org\/{rel}","templated":true}]}}