{"id":21108,"date":"2024-10-07T15:23:57","date_gmt":"2024-10-07T12:23:57","guid":{"rendered":"https:\/\/armonti.eu\/?post_type=product&#038;p=21108"},"modified":"2025-11-16T12:46:30","modified_gmt":"2025-11-16T09:46:30","slug":"soojad-retuusid-kopirovat-kopirovat","status":"publish","type":"product","link":"https:\/\/armonti.eu\/et\/toode\/soojad-retuusid-kopirovat-kopirovat\/","title":{"rendered":"Soojad retuusid (\u041a\u043e\u043f\u0438\u0440\u043e\u0432\u0430\u0442\u044c) (\u041a\u043e\u043f\u0438\u0440\u043e\u0432\u0430\u0442\u044c)"},"content":{"rendered":"<p>Soojad fliisvoodriga retuusid<\/p>\n<p>Meie soojad fliisvoodriga retuusid on valmistatud k\u00f5rgekvaliteetsest, kortsumatust ja tihedast kangast. T\u00e4nu pehmele fliisvoodrile on need ideaalsed k\u00fclma ilma jaoks, pakkudes soojust ja mugavust. K\u00f5rge v\u00f6\u00f6koht ja elastne lai v\u00f6\u00f6koht, mis on seestpoolt kaetud pehme fliisiga, r\u00f5hutavad figuuri ja tagavad suurep\u00e4rase istuvuse. Need retuusid on stiilne lisand igale garderoobile.<\/p>\n<p>Lisaks on retuusid v\u00e4ga praktilised: nende k\u00fclge ei j\u00e4\u00e4 midagi kinni, mist\u00f5ttu neid on lihtne hooldada ja kanda.<\/p>\n<p>Vali stiil, mugavus ja soojus Armonti soojade fliisvoodriga retuussidega \u2013 ideaalne lahendus k\u00fclmadeks p\u00e4evadeks!<\/p>\n<p>Hooldus:<\/p>\n<p>Triigida 110\u00b0C juures<br \/>\nPleegitamine keelatud<br \/>\n\u00d5rn pesu 30\u00b0C juures<\/p>\n<p>strong>Tellimuse vormistamisel m\u00e4rgi palun oma t\u00e4psed m\u00f5\u00f5dud (puusad, v\u00f6\u00f6koht ja pikkus), et saaksime sulle sobivaima suuruse valida.<\/p>\n<p>Artikkel 4008<\/p>\n","protected":false},"excerpt":{"rendered":"<p>Suurused: S\/M, M\/L, L\/XL, XL\/XXL<br \/>\nV\u00e4rv: must<br \/>\nToote pikkus: 96-103 cm<br \/>\nKoostis: 92% pol\u00fcamiid, 8% elastaan<br \/>\nMudel kannab suurust: S\/M<br \/>\nMudeli pikkus ja suurus: 169 cm, S<\/p>\n","protected":false},"featured_media":21129,"comment_status":"open","ping_status":"closed","template":"","meta":[],"product_brand":[],"product_cat":[335,331,332,455],"product_tag":[],"class_list":{"0":"post-21108","1":"product","2":"type-product","3":"status-publish","4":"has-post-thumbnail","6":"product_cat-bryuki-i-dzhinsy-et","7":"product_cat-legginsy-et","8":"product_cat-rasprodazha-et","9":"product_cat-soojad-retuusid","11":"first","12":"outofstock","13":"shipping-taxable","14":"product-type-variable"},"yoast_head":"<!-- This site is optimized with the Yoast SEO plugin v27.4 - https:\/\/yoast.com\/product\/yoast-seo-wordpress\/ -->\n<title>Soojad retuusid- R\u00f5ivapood ARMONTI<\/title>\n<meta name=\"description\" content=\"Soojad fliisvoodriga retuusid. See mudel sobib ideaalselt k\u00fclma ilma jaoks, t\u00e4nu pehmele ja soojale fliisvoodrile, mis tagab mugavuse ja sooja.\" \/>\n<meta name=\"robots\" content=\"index, follow, max-snippet:-1, max-image-preview:large, max-video-preview:-1\" \/>\n<link rel=\"canonical\" href=\"https:\/\/armonti.eu\/et\/toode\/soojad-retuusid-kopirovat-kopirovat\/\" \/>\n<meta property=\"og:locale\" content=\"et_EE\" \/>\n<meta property=\"og:type\" content=\"article\" \/>\n<meta property=\"og:title\" content=\"Soojad retuusid- R\u00f5ivapood ARMONTI\" \/>\n<meta property=\"og:description\" content=\"T\u0451\u043f\u043b\u044b\u0435 \u043b\u0435\u0433\u0433\u0438\u043d\u0441\u044b \u0441 \u043f\u043b\u043e\u0442\u043d\u044b\u043c \u043c\u044f\u0433\u043a\u0438\u043c \u0444\u043b\u0438\u0441\u043e\u043c \u0438 \u0432\u044b\u0441\u043e\u043a\u043e\u0439 \u043f\u043e\u0441\u0430\u0434\u043a\u043e\u0439. \u0421 \u043e\u0434\u043d\u0438\u043c \u043f\u043b\u043e\u0441\u043a\u0438\u043c \u0448\u0432\u043e\u043c. \u041c\u043e\u0436\u043d\u043e \u043d\u043e\u0441\u0438\u0442\u044c \u0441 \u043a\u043e\u0440\u043e\u0442\u043a\u0438\u043c \u0434\u0436\u0435\u043c\u043f\u0435\u0440\u043e\u043c!\" \/>\n<meta property=\"og:url\" content=\"https:\/\/armonti.eu\/et\/toode\/soojad-retuusid-kopirovat-kopirovat\/\" \/>\n<meta property=\"og:site_name\" content=\"\u041c\u0430\u0433\u0430\u0437\u0438\u043d \u043e\u0434\u0435\u0436\u0434\u044b ARMONTI\" \/>\n<meta property=\"article:modified_time\" content=\"2025-11-16T09:46:30+00:00\" \/>\n<meta property=\"og:image\" content=\"https:\/\/armonti.eu\/wp-content\/uploads\/2024\/10\/6-7.jpg\" \/>\n\t<meta property=\"og:image:width\" content=\"900\" \/>\n\t<meta property=\"og:image:height\" content=\"1200\" \/>\n\t<meta property=\"og:image:type\" content=\"image\/jpeg\" \/>\n<meta name=\"twitter:card\" content=\"summary_large_image\" \/>\n<meta name=\"twitter:title\" content=\"Soojad retuusid (\u041a\u043e\u043f\u0438\u0440\u043e\u0432\u0430\u0442\u044c) (\u041a\u043e\u043f\u0438\u0440\u043e\u0432\u0430\u0442\u044c) - \u041c\u0430\u0433\u0430\u0437\u0438\u043d \u043e\u0434\u0435\u0436\u0434\u044b ARMONTI\" \/>\n<meta name=\"twitter:description\" content=\"T\u0451\u043f\u043b\u044b\u0435 \u043b\u0435\u0433\u0433\u0438\u043d\u0441\u044b \u0441 \u043f\u043b\u043e\u0442\u043d\u044b\u043c \u043c\u044f\u0433\u043a\u0438\u043c \u0444\u043b\u0438\u0441\u043e\u043c \u0438 \u0432\u044b\u0441\u043e\u043a\u043e\u0439 \u043f\u043e\u0441\u0430\u0434\u043a\u043e\u0439. \u0421 \u043e\u0434\u043d\u0438\u043c \u043f\u043b\u043e\u0441\u043a\u0438\u043c \u0448\u0432\u043e\u043c. \u041c\u043e\u0436\u043d\u043e \u043d\u043e\u0441\u0438\u0442\u044c \u0441 \u043a\u043e\u0440\u043e\u0442\u043a\u0438\u043c \u0434\u0436\u0435\u043c\u043f\u0435\u0440\u043e\u043c!\" \/>\n<meta name=\"twitter:label1\" content=\"Est. reading time\" \/>\n\t<meta name=\"twitter:data1\" content=\"1 minut\" \/>\n<script type=\"application\/ld+json\" class=\"yoast-schema-graph\">{\"@context\":\"https:\\\/\\\/schema.org\",\"@graph\":[{\"@type\":\"WebPage\",\"@id\":\"https:\\\/\\\/armonti.eu\\\/et\\\/toode\\\/soojad-retuusid-kopirovat-kopirovat\\\/\",\"url\":\"https:\\\/\\\/armonti.eu\\\/et\\\/toode\\\/soojad-retuusid-kopirovat-kopirovat\\\/\",\"name\":\"Soojad retuusid- R\u00f5ivapood ARMONTI\",\"isPartOf\":{\"@id\":\"https:\\\/\\\/armonti.eu\\\/#website\"},\"primaryImageOfPage\":{\"@id\":\"https:\\\/\\\/armonti.eu\\\/et\\\/toode\\\/soojad-retuusid-kopirovat-kopirovat\\\/#primaryimage\"},\"image\":{\"@id\":\"https:\\\/\\\/armonti.eu\\\/et\\\/toode\\\/soojad-retuusid-kopirovat-kopirovat\\\/#primaryimage\"},\"thumbnailUrl\":\"https:\\\/\\\/armonti.eu\\\/wp-content\\\/uploads\\\/2024\\\/10\\\/6-7.jpg\",\"datePublished\":\"2024-10-07T12:23:57+00:00\",\"dateModified\":\"2025-11-16T09:46:30+00:00\",\"description\":\"Soojad fliisvoodriga retuusid. See mudel sobib ideaalselt k\u00fclma ilma jaoks, t\u00e4nu pehmele ja soojale fliisvoodrile, mis tagab mugavuse ja sooja.\",\"breadcrumb\":{\"@id\":\"https:\\\/\\\/armonti.eu\\\/et\\\/toode\\\/soojad-retuusid-kopirovat-kopirovat\\\/#breadcrumb\"},\"inLanguage\":\"et\",\"potentialAction\":[{\"@type\":\"ReadAction\",\"target\":[\"https:\\\/\\\/armonti.eu\\\/et\\\/toode\\\/soojad-retuusid-kopirovat-kopirovat\\\/\"]}]},{\"@type\":\"ImageObject\",\"inLanguage\":\"et\",\"@id\":\"https:\\\/\\\/armonti.eu\\\/et\\\/toode\\\/soojad-retuusid-kopirovat-kopirovat\\\/#primaryimage\",\"url\":\"https:\\\/\\\/armonti.eu\\\/wp-content\\\/uploads\\\/2024\\\/10\\\/6-7.jpg\",\"contentUrl\":\"https:\\\/\\\/armonti.eu\\\/wp-content\\\/uploads\\\/2024\\\/10\\\/6-7.jpg\",\"width\":900,\"height\":1200,\"caption\":\"\u0412\u0435\u043b\u044c\u0432\u0435\u0442\u043e\u0432\u044b\u0435 \u0434\u0436\u043e\u0433\u0433\u0435\u0440\u044b \u043d\u0430 \u043c\u0435\u0445\u0443\"},{\"@type\":\"BreadcrumbList\",\"@id\":\"https:\\\/\\\/armonti.eu\\\/et\\\/toode\\\/soojad-retuusid-kopirovat-kopirovat\\\/#breadcrumb\",\"itemListElement\":[{\"@type\":\"ListItem\",\"position\":1,\"name\":\"\u0413\u043b\u0430\u0432\u043d\u0430\u044f\",\"item\":\"https:\\\/\\\/armonti.eu\\\/\"},{\"@type\":\"ListItem\",\"position\":2,\"name\":\"Shop\",\"item\":\"https:\\\/\\\/armonti.eu\\\/et\\\/shop\\\/\"},{\"@type\":\"ListItem\",\"position\":3,\"name\":\"\u041e\u0434\u0435\u0436\u0434\u0430\",\"item\":\"https:\\\/\\\/armonti.eu\\\/catalog\\\/odezhda\\\/\"},{\"@type\":\"ListItem\",\"position\":4,\"name\":\"\u041b\u0435\u0433\u0433\u0438\u043d\u0441\u044b\",\"item\":\"https:\\\/\\\/armonti.eu\\\/catalog\\\/odezhda\\\/legginsy\\\/\"},{\"@type\":\"ListItem\",\"position\":5,\"name\":\"Soojad retuusid (\u041a\u043e\u043f\u0438\u0440\u043e\u0432\u0430\u0442\u044c) (\u041a\u043e\u043f\u0438\u0440\u043e\u0432\u0430\u0442\u044c)\"}]},{\"@type\":\"WebSite\",\"@id\":\"https:\\\/\\\/armonti.eu\\\/#website\",\"url\":\"https:\\\/\\\/armonti.eu\\\/\",\"name\":\"ARMONTI\",\"description\":\"\",\"publisher\":{\"@id\":\"https:\\\/\\\/armonti.eu\\\/#organization\"},\"alternateName\":\"\u0416\u0435\u043d\u0441\u043a\u0430\u044f \u0431\u0440\u0435\u043d\u0434\u043e\u0432\u0430\u044f \u043e\u0434\u0435\u0436\u0434\u0430\",\"potentialAction\":[{\"@type\":\"SearchAction\",\"target\":{\"@type\":\"EntryPoint\",\"urlTemplate\":\"https:\\\/\\\/armonti.eu\\\/?s={search_term_string}\"},\"query-input\":{\"@type\":\"PropertyValueSpecification\",\"valueRequired\":true,\"valueName\":\"search_term_string\"}}],\"inLanguage\":\"et\"},{\"@type\":\"Organization\",\"@id\":\"https:\\\/\\\/armonti.eu\\\/#organization\",\"name\":\"ARMONTI\",\"alternateName\":\"\u0416\u0435\u043d\u0441\u043a\u0430\u044f \u0431\u0440\u0435\u043d\u0434\u043e\u0432\u0430\u044f \u043e\u0434\u0435\u0436\u0434\u0430\",\"url\":\"https:\\\/\\\/armonti.eu\\\/\",\"logo\":{\"@type\":\"ImageObject\",\"inLanguage\":\"et\",\"@id\":\"https:\\\/\\\/armonti.eu\\\/#\\\/schema\\\/logo\\\/image\\\/\",\"url\":\"https:\\\/\\\/armonti.eu\\\/wp-content\\\/uploads\\\/2023\\\/05\\\/armonti-logo-white.png\",\"contentUrl\":\"https:\\\/\\\/armonti.eu\\\/wp-content\\\/uploads\\\/2023\\\/05\\\/armonti-logo-white.png\",\"width\":2165,\"height\":554,\"caption\":\"ARMONTI\"},\"image\":{\"@id\":\"https:\\\/\\\/armonti.eu\\\/#\\\/schema\\\/logo\\\/image\\\/\"}}]}<\/script>\n<!-- \/ Yoast SEO plugin. -->","yoast_head_json":{"title":"Soojad retuusid- R\u00f5ivapood ARMONTI","description":"Soojad fliisvoodriga retuusid. See mudel sobib ideaalselt k\u00fclma ilma jaoks, t\u00e4nu pehmele ja soojale fliisvoodrile, mis tagab mugavuse ja sooja.","robots":{"index":"index","follow":"follow","max-snippet":"max-snippet:-1","max-image-preview":"max-image-preview:large","max-video-preview":"max-video-preview:-1"},"canonical":"https:\/\/armonti.eu\/et\/toode\/soojad-retuusid-kopirovat-kopirovat\/","og_locale":"et_EE","og_type":"article","og_title":"Soojad retuusid- R\u00f5ivapood ARMONTI","og_description":"T\u0451\u043f\u043b\u044b\u0435 \u043b\u0435\u0433\u0433\u0438\u043d\u0441\u044b \u0441 \u043f\u043b\u043e\u0442\u043d\u044b\u043c \u043c\u044f\u0433\u043a\u0438\u043c \u0444\u043b\u0438\u0441\u043e\u043c \u0438 \u0432\u044b\u0441\u043e\u043a\u043e\u0439 \u043f\u043e\u0441\u0430\u0434\u043a\u043e\u0439. \u0421 \u043e\u0434\u043d\u0438\u043c \u043f\u043b\u043e\u0441\u043a\u0438\u043c \u0448\u0432\u043e\u043c. \u041c\u043e\u0436\u043d\u043e \u043d\u043e\u0441\u0438\u0442\u044c \u0441 \u043a\u043e\u0440\u043e\u0442\u043a\u0438\u043c \u0434\u0436\u0435\u043c\u043f\u0435\u0440\u043e\u043c!","og_url":"https:\/\/armonti.eu\/et\/toode\/soojad-retuusid-kopirovat-kopirovat\/","og_site_name":"\u041c\u0430\u0433\u0430\u0437\u0438\u043d \u043e\u0434\u0435\u0436\u0434\u044b ARMONTI","article_modified_time":"2025-11-16T09:46:30+00:00","og_image":[{"width":900,"height":1200,"url":"https:\/\/armonti.eu\/wp-content\/uploads\/2024\/10\/6-7.jpg","type":"image\/jpeg"}],"twitter_card":"summary_large_image","twitter_title":"Soojad retuusid (\u041a\u043e\u043f\u0438\u0440\u043e\u0432\u0430\u0442\u044c) (\u041a\u043e\u043f\u0438\u0440\u043e\u0432\u0430\u0442\u044c) - \u041c\u0430\u0433\u0430\u0437\u0438\u043d \u043e\u0434\u0435\u0436\u0434\u044b ARMONTI","twitter_description":"T\u0451\u043f\u043b\u044b\u0435 \u043b\u0435\u0433\u0433\u0438\u043d\u0441\u044b \u0441 \u043f\u043b\u043e\u0442\u043d\u044b\u043c \u043c\u044f\u0433\u043a\u0438\u043c \u0444\u043b\u0438\u0441\u043e\u043c \u0438 \u0432\u044b\u0441\u043e\u043a\u043e\u0439 \u043f\u043e\u0441\u0430\u0434\u043a\u043e\u0439. \u0421 \u043e\u0434\u043d\u0438\u043c \u043f\u043b\u043e\u0441\u043a\u0438\u043c \u0448\u0432\u043e\u043c. \u041c\u043e\u0436\u043d\u043e \u043d\u043e\u0441\u0438\u0442\u044c \u0441 \u043a\u043e\u0440\u043e\u0442\u043a\u0438\u043c \u0434\u0436\u0435\u043c\u043f\u0435\u0440\u043e\u043c!","twitter_misc":{"Est. reading time":"1 minut"},"schema":{"@context":"https:\/\/schema.org","@graph":[{"@type":"WebPage","@id":"https:\/\/armonti.eu\/et\/toode\/soojad-retuusid-kopirovat-kopirovat\/","url":"https:\/\/armonti.eu\/et\/toode\/soojad-retuusid-kopirovat-kopirovat\/","name":"Soojad retuusid- R\u00f5ivapood ARMONTI","isPartOf":{"@id":"https:\/\/armonti.eu\/#website"},"primaryImageOfPage":{"@id":"https:\/\/armonti.eu\/et\/toode\/soojad-retuusid-kopirovat-kopirovat\/#primaryimage"},"image":{"@id":"https:\/\/armonti.eu\/et\/toode\/soojad-retuusid-kopirovat-kopirovat\/#primaryimage"},"thumbnailUrl":"https:\/\/armonti.eu\/wp-content\/uploads\/2024\/10\/6-7.jpg","datePublished":"2024-10-07T12:23:57+00:00","dateModified":"2025-11-16T09:46:30+00:00","description":"Soojad fliisvoodriga retuusid. See mudel sobib ideaalselt k\u00fclma ilma jaoks, t\u00e4nu pehmele ja soojale fliisvoodrile, mis tagab mugavuse ja sooja.","breadcrumb":{"@id":"https:\/\/armonti.eu\/et\/toode\/soojad-retuusid-kopirovat-kopirovat\/#breadcrumb"},"inLanguage":"et","potentialAction":[{"@type":"ReadAction","target":["https:\/\/armonti.eu\/et\/toode\/soojad-retuusid-kopirovat-kopirovat\/"]}]},{"@type":"ImageObject","inLanguage":"et","@id":"https:\/\/armonti.eu\/et\/toode\/soojad-retuusid-kopirovat-kopirovat\/#primaryimage","url":"https:\/\/armonti.eu\/wp-content\/uploads\/2024\/10\/6-7.jpg","contentUrl":"https:\/\/armonti.eu\/wp-content\/uploads\/2024\/10\/6-7.jpg","width":900,"height":1200,"caption":"\u0412\u0435\u043b\u044c\u0432\u0435\u0442\u043e\u0432\u044b\u0435 \u0434\u0436\u043e\u0433\u0433\u0435\u0440\u044b \u043d\u0430 \u043c\u0435\u0445\u0443"},{"@type":"BreadcrumbList","@id":"https:\/\/armonti.eu\/et\/toode\/soojad-retuusid-kopirovat-kopirovat\/#breadcrumb","itemListElement":[{"@type":"ListItem","position":1,"name":"\u0413\u043b\u0430\u0432\u043d\u0430\u044f","item":"https:\/\/armonti.eu\/"},{"@type":"ListItem","position":2,"name":"Shop","item":"https:\/\/armonti.eu\/et\/shop\/"},{"@type":"ListItem","position":3,"name":"\u041e\u0434\u0435\u0436\u0434\u0430","item":"https:\/\/armonti.eu\/catalog\/odezhda\/"},{"@type":"ListItem","position":4,"name":"\u041b\u0435\u0433\u0433\u0438\u043d\u0441\u044b","item":"https:\/\/armonti.eu\/catalog\/odezhda\/legginsy\/"},{"@type":"ListItem","position":5,"name":"Soojad retuusid (\u041a\u043e\u043f\u0438\u0440\u043e\u0432\u0430\u0442\u044c) (\u041a\u043e\u043f\u0438\u0440\u043e\u0432\u0430\u0442\u044c)"}]},{"@type":"WebSite","@id":"https:\/\/armonti.eu\/#website","url":"https:\/\/armonti.eu\/","name":"ARMONTI","description":"","publisher":{"@id":"https:\/\/armonti.eu\/#organization"},"alternateName":"\u0416\u0435\u043d\u0441\u043a\u0430\u044f \u0431\u0440\u0435\u043d\u0434\u043e\u0432\u0430\u044f \u043e\u0434\u0435\u0436\u0434\u0430","potentialAction":[{"@type":"SearchAction","target":{"@type":"EntryPoint","urlTemplate":"https:\/\/armonti.eu\/?s={search_term_string}"},"query-input":{"@type":"PropertyValueSpecification","valueRequired":true,"valueName":"search_term_string"}}],"inLanguage":"et"},{"@type":"Organization","@id":"https:\/\/armonti.eu\/#organization","name":"ARMONTI","alternateName":"\u0416\u0435\u043d\u0441\u043a\u0430\u044f \u0431\u0440\u0435\u043d\u0434\u043e\u0432\u0430\u044f \u043e\u0434\u0435\u0436\u0434\u0430","url":"https:\/\/armonti.eu\/","logo":{"@type":"ImageObject","inLanguage":"et","@id":"https:\/\/armonti.eu\/#\/schema\/logo\/image\/","url":"https:\/\/armonti.eu\/wp-content\/uploads\/2023\/05\/armonti-logo-white.png","contentUrl":"https:\/\/armonti.eu\/wp-content\/uploads\/2023\/05\/armonti-logo-white.png","width":2165,"height":554,"caption":"ARMONTI"},"image":{"@id":"https:\/\/armonti.eu\/#\/schema\/logo\/image\/"}}]}},"_links":{"self":[{"href":"https:\/\/armonti.eu\/et\/wp-json\/wp\/v2\/product\/21108","targetHints":{"allow":["GET"]}}],"collection":[{"href":"https:\/\/armonti.eu\/et\/wp-json\/wp\/v2\/product"}],"about":[{"href":"https:\/\/armonti.eu\/et\/wp-json\/wp\/v2\/types\/product"}],"replies":[{"embeddable":true,"href":"https:\/\/armonti.eu\/et\/wp-json\/wp\/v2\/comments?post=21108"}],"wp:featuredmedia":[{"embeddable":true,"href":"https:\/\/armonti.eu\/et\/wp-json\/wp\/v2\/media\/21129"}],"wp:attachment":[{"href":"https:\/\/armonti.eu\/et\/wp-json\/wp\/v2\/media?parent=21108"}],"wp:term":[{"taxonomy":"product_brand","embeddable":true,"href":"https:\/\/armonti.eu\/et\/wp-json\/wp\/v2\/product_brand?post=21108"},{"taxonomy":"product_cat","embeddable":true,"href":"https:\/\/armonti.eu\/et\/wp-json\/wp\/v2\/product_cat?post=21108"},{"taxonomy":"product_tag","embeddable":true,"href":"https:\/\/armonti.eu\/et\/wp-json\/wp\/v2\/product_tag?post=21108"}],"curies":[{"name":"wp","href":"https:\/\/api.w.org\/{rel}","templated":true}]}}