{"id":20991,"date":"2024-10-07T01:07:59","date_gmt":"2024-10-06T22:07:59","guid":{"rendered":"https:\/\/armonti.eu\/?post_type=product&#038;p=20991"},"modified":"2025-01-11T17:25:36","modified_gmt":"2025-01-11T14:25:36","slug":"termopluus-fliisist","status":"publish","type":"product","link":"https:\/\/armonti.eu\/et\/toode\/termopluus-fliisist\/","title":{"rendered":"Termopluus fliisist"},"content":{"rendered":"<p data-sourcepos=\"17:1-17:58\">Termopluus pehme fliisvoodriga ja elegantse dekolteega<\/p>\n<ul data-sourcepos=\"19:1-24:0\">\n<li data-sourcepos=\"19:1-19:49\"><strong>Kaunis dekoltee<\/strong> lisab tootele erilise \u0161iki.<\/li>\n<li data-sourcepos=\"20:1-20:46\"><strong>Ideaalne aluskiht jakile v\u00f5i pintsakile.<\/strong><\/li>\n<li data-sourcepos=\"21:1-21:57\"><strong>Saad kanda nii aluspesuna kui ka iseseisva r\u00f5ivana.<\/strong><\/li>\n<li data-sourcepos=\"22:1-22:45\"><strong>Lihtsalt kombineeritav teiste riietega.<\/strong><\/li>\n<li data-sourcepos=\"23:1-24:0\"><strong>V\u00e4ga hea valik stiilseks igap\u00e4evaseks kandmiseks k\u00fclmal ajal.<\/strong><\/li>\n<\/ul>\n<p data-sourcepos=\"25:1-26:66\"><strong>Hooldus:<\/strong> Triigida 110\u00b0C juures, pleegitamine keelatud, \u00f5rn pesu 30\u00b0C juures<\/p>\n<p data-sourcepos=\"28:1-28:123\"><strong>Palun m\u00e4rkige oma tellimuse m\u00e4rkustes oma m\u00f5\u00f5dud (puusad, talje ja pikkus), et saaksime valida teile sobivaima suuruse.<\/strong><\/p>\n<p data-sourcepos=\"30:1-30:18\"><strong>Artikkel:<\/strong> 6636<\/p>\n","protected":false},"excerpt":{"rendered":"<ul>\n<li data-sourcepos=\"17:1-17:32\"><strong>Suurused:<\/strong> S, M, L, XL, XXL<\/li>\n<li data-sourcepos=\"18:1-18:57\"><strong>V\u00e4rvid:<\/strong>\u00a0 \u0161okolaad, valge<\/li>\n<li data-sourcepos=\"19:1-19:103\"><strong>Koostis:<\/strong> Mugav ja elastne pol\u00fcestersegu (85% pol\u00fcester, 15% elastaan) tagab vabaduse liikumiseks.<\/li>\n<li data-sourcepos=\"20:1-21:0\"><strong>Mudel pildil:<\/strong> Kannab suurust M (pikkus 169 cm, tavaliselt kannab suurust S).<\/li>\n<li data-sourcepos=\"20:1-21:0\"><\/li>\n<li data-sourcepos=\"20:1-21:0\"><strong>Palun p\u00f6\u00f6ra t\u00e4helepanu, et see mudel on \u00fche suuruse v\u00f5rra v\u00e4iksem!<\/strong><\/li>\n<\/ul>\n","protected":false},"featured_media":21591,"comment_status":"open","ping_status":"closed","template":"","meta":[],"product_brand":[],"product_cat":[476,462],"product_tag":[],"class_list":{"0":"post-20991","1":"product","2":"type-product","3":"status-publish","4":"has-post-thumbnail","6":"product_cat-aluspesu","7":"product_cat-t-sargid","9":"first","10":"instock","11":"shipping-taxable","12":"purchasable","13":"product-type-variable"},"yoast_head":"<!-- This site is optimized with the Yoast SEO plugin v27.4 - https:\/\/yoast.com\/product\/yoast-seo-wordpress\/ -->\n<title>Termopluus fliisist - R\u00f5ivapood ARMONTI<\/title>\n<meta name=\"description\" content=\"Termopluus pehme fliisvoodriga ja elegantse dekolteega. Kaunis dekoltee lisab tootele erilise \u0161iki. Ideaalne aluskiht jakile v\u00f5i pintsakile.\" \/>\n<meta name=\"robots\" content=\"index, follow, max-snippet:-1, max-image-preview:large, max-video-preview:-1\" \/>\n<link rel=\"canonical\" href=\"https:\/\/armonti.eu\/et\/toode\/termopluus-fliisist\/\" \/>\n<meta property=\"og:locale\" content=\"et_EE\" \/>\n<meta property=\"og:type\" content=\"article\" \/>\n<meta property=\"og:title\" content=\"Termopluus fliisist - R\u00f5ivapood ARMONTI\" \/>\n<meta property=\"og:description\" content=\"Termopluus pehme fliisvoodriga ja elegantse dekolteega. Kaunis dekoltee lisab tootele erilise \u0161iki. Ideaalne aluskiht jakile v\u00f5i pintsakile.\" \/>\n<meta property=\"og:url\" content=\"https:\/\/armonti.eu\/et\/toode\/termopluus-fliisist\/\" \/>\n<meta property=\"og:site_name\" content=\"\u041c\u0430\u0433\u0430\u0437\u0438\u043d \u043e\u0434\u0435\u0436\u0434\u044b ARMONTI\" \/>\n<meta property=\"article:modified_time\" content=\"2025-01-11T14:25:36+00:00\" \/>\n<meta property=\"og:image\" content=\"https:\/\/armonti.eu\/wp-content\/uploads\/2024\/10\/8-13.jpg\" \/>\n\t<meta property=\"og:image:width\" content=\"900\" \/>\n\t<meta property=\"og:image:height\" content=\"1200\" \/>\n\t<meta property=\"og:image:type\" content=\"image\/jpeg\" \/>\n<meta name=\"twitter:card\" content=\"summary_large_image\" \/>\n<meta name=\"twitter:label1\" content=\"Est. reading time\" \/>\n\t<meta name=\"twitter:data1\" content=\"1 minut\" \/>\n<script type=\"application\/ld+json\" class=\"yoast-schema-graph\">{\"@context\":\"https:\\\/\\\/schema.org\",\"@graph\":[{\"@type\":\"WebPage\",\"@id\":\"https:\\\/\\\/armonti.eu\\\/et\\\/toode\\\/termopluus-fliisist\\\/\",\"url\":\"https:\\\/\\\/armonti.eu\\\/et\\\/toode\\\/termopluus-fliisist\\\/\",\"name\":\"Termopluus fliisist - R\u00f5ivapood ARMONTI\",\"isPartOf\":{\"@id\":\"https:\\\/\\\/armonti.eu\\\/#website\"},\"primaryImageOfPage\":{\"@id\":\"https:\\\/\\\/armonti.eu\\\/et\\\/toode\\\/termopluus-fliisist\\\/#primaryimage\"},\"image\":{\"@id\":\"https:\\\/\\\/armonti.eu\\\/et\\\/toode\\\/termopluus-fliisist\\\/#primaryimage\"},\"thumbnailUrl\":\"https:\\\/\\\/armonti.eu\\\/wp-content\\\/uploads\\\/2024\\\/10\\\/8-13.jpg\",\"datePublished\":\"2024-10-06T22:07:59+00:00\",\"dateModified\":\"2025-01-11T14:25:36+00:00\",\"description\":\"Termopluus pehme fliisvoodriga ja elegantse dekolteega. Kaunis dekoltee lisab tootele erilise \u0161iki. Ideaalne aluskiht jakile v\u00f5i pintsakile.\",\"breadcrumb\":{\"@id\":\"https:\\\/\\\/armonti.eu\\\/et\\\/toode\\\/termopluus-fliisist\\\/#breadcrumb\"},\"inLanguage\":\"et\",\"potentialAction\":[{\"@type\":\"ReadAction\",\"target\":[\"https:\\\/\\\/armonti.eu\\\/et\\\/toode\\\/termopluus-fliisist\\\/\"]}]},{\"@type\":\"ImageObject\",\"inLanguage\":\"et\",\"@id\":\"https:\\\/\\\/armonti.eu\\\/et\\\/toode\\\/termopluus-fliisist\\\/#primaryimage\",\"url\":\"https:\\\/\\\/armonti.eu\\\/wp-content\\\/uploads\\\/2024\\\/10\\\/8-13.jpg\",\"contentUrl\":\"https:\\\/\\\/armonti.eu\\\/wp-content\\\/uploads\\\/2024\\\/10\\\/8-13.jpg\",\"width\":900,\"height\":1200,\"caption\":\"\u0422\u0435\u0440\u043c\u043e \u043a\u043e\u0444\u0442\u044b\"},{\"@type\":\"BreadcrumbList\",\"@id\":\"https:\\\/\\\/armonti.eu\\\/et\\\/toode\\\/termopluus-fliisist\\\/#breadcrumb\",\"itemListElement\":[{\"@type\":\"ListItem\",\"position\":1,\"name\":\"\u0413\u043b\u0430\u0432\u043d\u0430\u044f\",\"item\":\"https:\\\/\\\/armonti.eu\\\/\"},{\"@type\":\"ListItem\",\"position\":2,\"name\":\"Shop\",\"item\":\"https:\\\/\\\/armonti.eu\\\/et\\\/shop\\\/\"},{\"@type\":\"ListItem\",\"position\":3,\"name\":\"\u041e\u0434\u0435\u0436\u0434\u0430\",\"item\":\"https:\\\/\\\/armonti.eu\\\/catalog\\\/odezhda\\\/\"},{\"@type\":\"ListItem\",\"position\":4,\"name\":\"\u0422\u043e\u043f\u044b, \u0444\u0443\u0442\u0431\u043e\u043b\u043a\u0438\u00a0\u0438\u00a0\u043b\u043e\u043d\u0433\u0441\u043b\u0438\u0432\u044b\",\"item\":\"https:\\\/\\\/armonti.eu\\\/catalog\\\/odezhda\\\/futbolki\\\/\"},{\"@type\":\"ListItem\",\"position\":5,\"name\":\"Termopluus fliisist\"}]},{\"@type\":\"WebSite\",\"@id\":\"https:\\\/\\\/armonti.eu\\\/#website\",\"url\":\"https:\\\/\\\/armonti.eu\\\/\",\"name\":\"ARMONTI\",\"description\":\"\",\"publisher\":{\"@id\":\"https:\\\/\\\/armonti.eu\\\/#organization\"},\"alternateName\":\"\u0416\u0435\u043d\u0441\u043a\u0430\u044f \u0431\u0440\u0435\u043d\u0434\u043e\u0432\u0430\u044f \u043e\u0434\u0435\u0436\u0434\u0430\",\"potentialAction\":[{\"@type\":\"SearchAction\",\"target\":{\"@type\":\"EntryPoint\",\"urlTemplate\":\"https:\\\/\\\/armonti.eu\\\/?s={search_term_string}\"},\"query-input\":{\"@type\":\"PropertyValueSpecification\",\"valueRequired\":true,\"valueName\":\"search_term_string\"}}],\"inLanguage\":\"et\"},{\"@type\":\"Organization\",\"@id\":\"https:\\\/\\\/armonti.eu\\\/#organization\",\"name\":\"ARMONTI\",\"alternateName\":\"\u0416\u0435\u043d\u0441\u043a\u0430\u044f \u0431\u0440\u0435\u043d\u0434\u043e\u0432\u0430\u044f \u043e\u0434\u0435\u0436\u0434\u0430\",\"url\":\"https:\\\/\\\/armonti.eu\\\/\",\"logo\":{\"@type\":\"ImageObject\",\"inLanguage\":\"et\",\"@id\":\"https:\\\/\\\/armonti.eu\\\/#\\\/schema\\\/logo\\\/image\\\/\",\"url\":\"https:\\\/\\\/armonti.eu\\\/wp-content\\\/uploads\\\/2023\\\/05\\\/armonti-logo-white.png\",\"contentUrl\":\"https:\\\/\\\/armonti.eu\\\/wp-content\\\/uploads\\\/2023\\\/05\\\/armonti-logo-white.png\",\"width\":2165,\"height\":554,\"caption\":\"ARMONTI\"},\"image\":{\"@id\":\"https:\\\/\\\/armonti.eu\\\/#\\\/schema\\\/logo\\\/image\\\/\"}}]}<\/script>\n<!-- \/ Yoast SEO plugin. -->","yoast_head_json":{"title":"Termopluus fliisist - R\u00f5ivapood ARMONTI","description":"Termopluus pehme fliisvoodriga ja elegantse dekolteega. Kaunis dekoltee lisab tootele erilise \u0161iki. Ideaalne aluskiht jakile v\u00f5i pintsakile.","robots":{"index":"index","follow":"follow","max-snippet":"max-snippet:-1","max-image-preview":"max-image-preview:large","max-video-preview":"max-video-preview:-1"},"canonical":"https:\/\/armonti.eu\/et\/toode\/termopluus-fliisist\/","og_locale":"et_EE","og_type":"article","og_title":"Termopluus fliisist - R\u00f5ivapood ARMONTI","og_description":"Termopluus pehme fliisvoodriga ja elegantse dekolteega. Kaunis dekoltee lisab tootele erilise \u0161iki. Ideaalne aluskiht jakile v\u00f5i pintsakile.","og_url":"https:\/\/armonti.eu\/et\/toode\/termopluus-fliisist\/","og_site_name":"\u041c\u0430\u0433\u0430\u0437\u0438\u043d \u043e\u0434\u0435\u0436\u0434\u044b ARMONTI","article_modified_time":"2025-01-11T14:25:36+00:00","og_image":[{"width":900,"height":1200,"url":"https:\/\/armonti.eu\/wp-content\/uploads\/2024\/10\/8-13.jpg","type":"image\/jpeg"}],"twitter_card":"summary_large_image","twitter_misc":{"Est. reading time":"1 minut"},"schema":{"@context":"https:\/\/schema.org","@graph":[{"@type":"WebPage","@id":"https:\/\/armonti.eu\/et\/toode\/termopluus-fliisist\/","url":"https:\/\/armonti.eu\/et\/toode\/termopluus-fliisist\/","name":"Termopluus fliisist - R\u00f5ivapood ARMONTI","isPartOf":{"@id":"https:\/\/armonti.eu\/#website"},"primaryImageOfPage":{"@id":"https:\/\/armonti.eu\/et\/toode\/termopluus-fliisist\/#primaryimage"},"image":{"@id":"https:\/\/armonti.eu\/et\/toode\/termopluus-fliisist\/#primaryimage"},"thumbnailUrl":"https:\/\/armonti.eu\/wp-content\/uploads\/2024\/10\/8-13.jpg","datePublished":"2024-10-06T22:07:59+00:00","dateModified":"2025-01-11T14:25:36+00:00","description":"Termopluus pehme fliisvoodriga ja elegantse dekolteega. Kaunis dekoltee lisab tootele erilise \u0161iki. Ideaalne aluskiht jakile v\u00f5i pintsakile.","breadcrumb":{"@id":"https:\/\/armonti.eu\/et\/toode\/termopluus-fliisist\/#breadcrumb"},"inLanguage":"et","potentialAction":[{"@type":"ReadAction","target":["https:\/\/armonti.eu\/et\/toode\/termopluus-fliisist\/"]}]},{"@type":"ImageObject","inLanguage":"et","@id":"https:\/\/armonti.eu\/et\/toode\/termopluus-fliisist\/#primaryimage","url":"https:\/\/armonti.eu\/wp-content\/uploads\/2024\/10\/8-13.jpg","contentUrl":"https:\/\/armonti.eu\/wp-content\/uploads\/2024\/10\/8-13.jpg","width":900,"height":1200,"caption":"\u0422\u0435\u0440\u043c\u043e \u043a\u043e\u0444\u0442\u044b"},{"@type":"BreadcrumbList","@id":"https:\/\/armonti.eu\/et\/toode\/termopluus-fliisist\/#breadcrumb","itemListElement":[{"@type":"ListItem","position":1,"name":"\u0413\u043b\u0430\u0432\u043d\u0430\u044f","item":"https:\/\/armonti.eu\/"},{"@type":"ListItem","position":2,"name":"Shop","item":"https:\/\/armonti.eu\/et\/shop\/"},{"@type":"ListItem","position":3,"name":"\u041e\u0434\u0435\u0436\u0434\u0430","item":"https:\/\/armonti.eu\/catalog\/odezhda\/"},{"@type":"ListItem","position":4,"name":"\u0422\u043e\u043f\u044b, \u0444\u0443\u0442\u0431\u043e\u043b\u043a\u0438\u00a0\u0438\u00a0\u043b\u043e\u043d\u0433\u0441\u043b\u0438\u0432\u044b","item":"https:\/\/armonti.eu\/catalog\/odezhda\/futbolki\/"},{"@type":"ListItem","position":5,"name":"Termopluus fliisist"}]},{"@type":"WebSite","@id":"https:\/\/armonti.eu\/#website","url":"https:\/\/armonti.eu\/","name":"ARMONTI","description":"","publisher":{"@id":"https:\/\/armonti.eu\/#organization"},"alternateName":"\u0416\u0435\u043d\u0441\u043a\u0430\u044f \u0431\u0440\u0435\u043d\u0434\u043e\u0432\u0430\u044f \u043e\u0434\u0435\u0436\u0434\u0430","potentialAction":[{"@type":"SearchAction","target":{"@type":"EntryPoint","urlTemplate":"https:\/\/armonti.eu\/?s={search_term_string}"},"query-input":{"@type":"PropertyValueSpecification","valueRequired":true,"valueName":"search_term_string"}}],"inLanguage":"et"},{"@type":"Organization","@id":"https:\/\/armonti.eu\/#organization","name":"ARMONTI","alternateName":"\u0416\u0435\u043d\u0441\u043a\u0430\u044f \u0431\u0440\u0435\u043d\u0434\u043e\u0432\u0430\u044f \u043e\u0434\u0435\u0436\u0434\u0430","url":"https:\/\/armonti.eu\/","logo":{"@type":"ImageObject","inLanguage":"et","@id":"https:\/\/armonti.eu\/#\/schema\/logo\/image\/","url":"https:\/\/armonti.eu\/wp-content\/uploads\/2023\/05\/armonti-logo-white.png","contentUrl":"https:\/\/armonti.eu\/wp-content\/uploads\/2023\/05\/armonti-logo-white.png","width":2165,"height":554,"caption":"ARMONTI"},"image":{"@id":"https:\/\/armonti.eu\/#\/schema\/logo\/image\/"}}]}},"_links":{"self":[{"href":"https:\/\/armonti.eu\/et\/wp-json\/wp\/v2\/product\/20991","targetHints":{"allow":["GET"]}}],"collection":[{"href":"https:\/\/armonti.eu\/et\/wp-json\/wp\/v2\/product"}],"about":[{"href":"https:\/\/armonti.eu\/et\/wp-json\/wp\/v2\/types\/product"}],"replies":[{"embeddable":true,"href":"https:\/\/armonti.eu\/et\/wp-json\/wp\/v2\/comments?post=20991"}],"wp:featuredmedia":[{"embeddable":true,"href":"https:\/\/armonti.eu\/et\/wp-json\/wp\/v2\/media\/21591"}],"wp:attachment":[{"href":"https:\/\/armonti.eu\/et\/wp-json\/wp\/v2\/media?parent=20991"}],"wp:term":[{"taxonomy":"product_brand","embeddable":true,"href":"https:\/\/armonti.eu\/et\/wp-json\/wp\/v2\/product_brand?post=20991"},{"taxonomy":"product_cat","embeddable":true,"href":"https:\/\/armonti.eu\/et\/wp-json\/wp\/v2\/product_cat?post=20991"},{"taxonomy":"product_tag","embeddable":true,"href":"https:\/\/armonti.eu\/et\/wp-json\/wp\/v2\/product_tag?post=20991"}],"curies":[{"name":"wp","href":"https:\/\/api.w.org\/{rel}","templated":true}]}}