{"id":20901,"date":"2024-10-07T00:37:34","date_gmt":"2024-10-06T21:37:34","guid":{"rendered":"https:\/\/armonti.eu\/?post_type=product&#038;p=20901"},"modified":"2024-10-10T23:58:06","modified_gmt":"2024-10-10T20:58:06","slug":"termopluus-fliisi-ja-gipuuriga-2","status":"publish","type":"product","link":"https:\/\/armonti.eu\/et\/toode\/termopluus-fliisi-ja-gipuuriga-2\/","title":{"rendered":"Termopluus, fliisi ja gip\u00fc\u00fcriga."},"content":{"rendered":"<p data-sourcepos=\"17:1-17:67\"><strong>Termopluus pehme fliisvoodriga ja elegantse pitsilise detailiga<\/strong><\/p>\n<ul data-sourcepos=\"19:1-24:0\">\n<li data-sourcepos=\"19:1-19:75\"><strong>Kaunis pits<\/strong> dekoltee ja \u00f5lgade piirkonnas annab tootele erilise \u0161iki.<\/li>\n<li data-sourcepos=\"20:1-20:46\"><strong>Ideaalne aluskiht jakile v\u00f5i pintsakile.<\/strong><\/li>\n<li data-sourcepos=\"21:1-21:57\"><strong>Saad kanda nii aluspesuna kui ka iseseisva r\u00f5ivana.<\/strong><\/li>\n<li data-sourcepos=\"22:1-22:45\"><strong>Lihtsalt kombineeritav teiste riietega.<\/strong><\/li>\n<li data-sourcepos=\"23:1-24:0\"><strong>V\u00e4ga hea valik stiilseks igap\u00e4evaseks kandmiseks k\u00fclmal ajal.<\/strong><\/li>\n<\/ul>\n<p data-sourcepos=\"25:1-26:66\"><strong>Hooldus:<\/strong> Triigida 110\u00b0C juures, pleegitamine keelatud, \u00f5rn pesu 30\u00b0C juures<\/p>\n<p data-sourcepos=\"28:1-28:123\"><strong>Palun m\u00e4rkige oma tellimuse m\u00e4rkustes oma m\u00f5\u00f5dud (puusad, talje ja pikkus), et saaksime valida teile sobivaima suuruse.<\/strong><\/p>\n<p data-sourcepos=\"30:1-30:18\"><strong>Artikkel:<\/strong> 7098<\/p>\n","protected":false},"excerpt":{"rendered":"<ul>\n<li data-sourcepos=\"12:1-12:32\"><strong>Suurused:<\/strong> S, M, L, XL, XXL<\/li>\n<li data-sourcepos=\"13:1-13:42\"><strong>V\u00e4rvid:<\/strong> Must, sinine, hall, merevaik<\/li>\n<li data-sourcepos=\"14:1-14:42\"><strong>Koostis:<\/strong> 88% pol\u00fcester, 12% elastaan<\/li>\n<li data-sourcepos=\"15:1-15:29\"><strong>Mudel kannab suurust:<\/strong> M<\/li>\n<li data-sourcepos=\"16:1-17:0\"><strong>Mudeli pikkus ja suurus:<\/strong> 169 cm, S<\/li>\n<\/ul>\n","protected":false},"featured_media":20923,"comment_status":"open","ping_status":"closed","template":"","meta":[],"product_brand":[],"product_cat":[476,462],"product_tag":[],"class_list":{"0":"post-20901","1":"product","2":"type-product","3":"status-publish","4":"has-post-thumbnail","6":"product_cat-aluspesu","7":"product_cat-t-sargid","9":"first","10":"instock","11":"shipping-taxable","12":"purchasable","13":"product-type-variable"},"yoast_head":"<!-- This site is optimized with the Yoast SEO plugin v27.4 - https:\/\/yoast.com\/product\/yoast-seo-wordpress\/ -->\n<title>Termopluus, fliisi ja gip\u00fc\u00fcriga. - R\u00f5ivapood ARMONTI<\/title>\n<meta name=\"description\" content=\"Termopluus pehme fliisvoodriga ja elegantse pitsilise detailiga. Ideaalne aluskiht jakile v\u00f5i pintsakile. Lihtsalt kombineeritav teiste riietega.\" \/>\n<meta name=\"robots\" content=\"index, follow, max-snippet:-1, max-image-preview:large, max-video-preview:-1\" \/>\n<link rel=\"canonical\" href=\"https:\/\/armonti.eu\/et\/toode\/termopluus-fliisi-ja-gipuuriga-2\/\" \/>\n<meta property=\"og:locale\" content=\"et_EE\" \/>\n<meta property=\"og:type\" content=\"article\" \/>\n<meta property=\"og:title\" content=\"Termopluus, fliisi ja gip\u00fc\u00fcriga. - R\u00f5ivapood ARMONTI\" \/>\n<meta property=\"og:description\" content=\"Termopluus pehme fliisvoodriga ja elegantse pitsilise detailiga. Ideaalne aluskiht jakile v\u00f5i pintsakile. Lihtsalt kombineeritav teiste riietega.\" \/>\n<meta property=\"og:url\" content=\"https:\/\/armonti.eu\/et\/toode\/termopluus-fliisi-ja-gipuuriga-2\/\" \/>\n<meta property=\"og:site_name\" content=\"\u041c\u0430\u0433\u0430\u0437\u0438\u043d \u043e\u0434\u0435\u0436\u0434\u044b ARMONTI\" \/>\n<meta property=\"article:modified_time\" content=\"2024-10-10T20:58:06+00:00\" \/>\n<meta property=\"og:image\" content=\"https:\/\/armonti.eu\/wp-content\/uploads\/2024\/10\/1-9.jpg\" \/>\n\t<meta property=\"og:image:width\" content=\"900\" \/>\n\t<meta property=\"og:image:height\" content=\"1200\" \/>\n\t<meta property=\"og:image:type\" content=\"image\/jpeg\" \/>\n<meta name=\"twitter:card\" content=\"summary_large_image\" \/>\n<meta name=\"twitter:label1\" content=\"Est. reading time\" \/>\n\t<meta name=\"twitter:data1\" content=\"1 minut\" \/>\n<script type=\"application\/ld+json\" class=\"yoast-schema-graph\">{\"@context\":\"https:\\\/\\\/schema.org\",\"@graph\":[{\"@type\":\"WebPage\",\"@id\":\"https:\\\/\\\/armonti.eu\\\/et\\\/toode\\\/termopluus-fliisi-ja-gipuuriga-2\\\/\",\"url\":\"https:\\\/\\\/armonti.eu\\\/et\\\/toode\\\/termopluus-fliisi-ja-gipuuriga-2\\\/\",\"name\":\"Termopluus, fliisi ja gip\u00fc\u00fcriga. - R\u00f5ivapood ARMONTI\",\"isPartOf\":{\"@id\":\"https:\\\/\\\/armonti.eu\\\/#website\"},\"primaryImageOfPage\":{\"@id\":\"https:\\\/\\\/armonti.eu\\\/et\\\/toode\\\/termopluus-fliisi-ja-gipuuriga-2\\\/#primaryimage\"},\"image\":{\"@id\":\"https:\\\/\\\/armonti.eu\\\/et\\\/toode\\\/termopluus-fliisi-ja-gipuuriga-2\\\/#primaryimage\"},\"thumbnailUrl\":\"https:\\\/\\\/armonti.eu\\\/wp-content\\\/uploads\\\/2024\\\/10\\\/1-9.jpg\",\"datePublished\":\"2024-10-06T21:37:34+00:00\",\"dateModified\":\"2024-10-10T20:58:06+00:00\",\"description\":\"Termopluus pehme fliisvoodriga ja elegantse pitsilise detailiga. Ideaalne aluskiht jakile v\u00f5i pintsakile. Lihtsalt kombineeritav teiste riietega.\",\"breadcrumb\":{\"@id\":\"https:\\\/\\\/armonti.eu\\\/et\\\/toode\\\/termopluus-fliisi-ja-gipuuriga-2\\\/#breadcrumb\"},\"inLanguage\":\"et\",\"potentialAction\":[{\"@type\":\"ReadAction\",\"target\":[\"https:\\\/\\\/armonti.eu\\\/et\\\/toode\\\/termopluus-fliisi-ja-gipuuriga-2\\\/\"]}]},{\"@type\":\"ImageObject\",\"inLanguage\":\"et\",\"@id\":\"https:\\\/\\\/armonti.eu\\\/et\\\/toode\\\/termopluus-fliisi-ja-gipuuriga-2\\\/#primaryimage\",\"url\":\"https:\\\/\\\/armonti.eu\\\/wp-content\\\/uploads\\\/2024\\\/10\\\/1-9.jpg\",\"contentUrl\":\"https:\\\/\\\/armonti.eu\\\/wp-content\\\/uploads\\\/2024\\\/10\\\/1-9.jpg\",\"width\":900,\"height\":1200,\"caption\":\"Termopluus, fliisi ja gip\u00fc\u00fcriga.\"},{\"@type\":\"BreadcrumbList\",\"@id\":\"https:\\\/\\\/armonti.eu\\\/et\\\/toode\\\/termopluus-fliisi-ja-gipuuriga-2\\\/#breadcrumb\",\"itemListElement\":[{\"@type\":\"ListItem\",\"position\":1,\"name\":\"\u0413\u043b\u0430\u0432\u043d\u0430\u044f\",\"item\":\"https:\\\/\\\/armonti.eu\\\/\"},{\"@type\":\"ListItem\",\"position\":2,\"name\":\"Shop\",\"item\":\"https:\\\/\\\/armonti.eu\\\/et\\\/shop\\\/\"},{\"@type\":\"ListItem\",\"position\":3,\"name\":\"Aluspesu\",\"item\":\"https:\\\/\\\/armonti.eu\\\/et\\\/catalog\\\/aluspesu\\\/\"},{\"@type\":\"ListItem\",\"position\":4,\"name\":\"Termopluus, fliisi ja gip\u00fc\u00fcriga.\"}]},{\"@type\":\"WebSite\",\"@id\":\"https:\\\/\\\/armonti.eu\\\/#website\",\"url\":\"https:\\\/\\\/armonti.eu\\\/\",\"name\":\"ARMONTI\",\"description\":\"\",\"publisher\":{\"@id\":\"https:\\\/\\\/armonti.eu\\\/#organization\"},\"alternateName\":\"\u0416\u0435\u043d\u0441\u043a\u0430\u044f \u0431\u0440\u0435\u043d\u0434\u043e\u0432\u0430\u044f \u043e\u0434\u0435\u0436\u0434\u0430\",\"potentialAction\":[{\"@type\":\"SearchAction\",\"target\":{\"@type\":\"EntryPoint\",\"urlTemplate\":\"https:\\\/\\\/armonti.eu\\\/?s={search_term_string}\"},\"query-input\":{\"@type\":\"PropertyValueSpecification\",\"valueRequired\":true,\"valueName\":\"search_term_string\"}}],\"inLanguage\":\"et\"},{\"@type\":\"Organization\",\"@id\":\"https:\\\/\\\/armonti.eu\\\/#organization\",\"name\":\"ARMONTI\",\"alternateName\":\"\u0416\u0435\u043d\u0441\u043a\u0430\u044f \u0431\u0440\u0435\u043d\u0434\u043e\u0432\u0430\u044f \u043e\u0434\u0435\u0436\u0434\u0430\",\"url\":\"https:\\\/\\\/armonti.eu\\\/\",\"logo\":{\"@type\":\"ImageObject\",\"inLanguage\":\"et\",\"@id\":\"https:\\\/\\\/armonti.eu\\\/#\\\/schema\\\/logo\\\/image\\\/\",\"url\":\"https:\\\/\\\/armonti.eu\\\/wp-content\\\/uploads\\\/2023\\\/05\\\/armonti-logo-white.png\",\"contentUrl\":\"https:\\\/\\\/armonti.eu\\\/wp-content\\\/uploads\\\/2023\\\/05\\\/armonti-logo-white.png\",\"width\":2165,\"height\":554,\"caption\":\"ARMONTI\"},\"image\":{\"@id\":\"https:\\\/\\\/armonti.eu\\\/#\\\/schema\\\/logo\\\/image\\\/\"}}]}<\/script>\n<!-- \/ Yoast SEO plugin. -->","yoast_head_json":{"title":"Termopluus, fliisi ja gip\u00fc\u00fcriga. - R\u00f5ivapood ARMONTI","description":"Termopluus pehme fliisvoodriga ja elegantse pitsilise detailiga. Ideaalne aluskiht jakile v\u00f5i pintsakile. Lihtsalt kombineeritav teiste riietega.","robots":{"index":"index","follow":"follow","max-snippet":"max-snippet:-1","max-image-preview":"max-image-preview:large","max-video-preview":"max-video-preview:-1"},"canonical":"https:\/\/armonti.eu\/et\/toode\/termopluus-fliisi-ja-gipuuriga-2\/","og_locale":"et_EE","og_type":"article","og_title":"Termopluus, fliisi ja gip\u00fc\u00fcriga. - R\u00f5ivapood ARMONTI","og_description":"Termopluus pehme fliisvoodriga ja elegantse pitsilise detailiga. Ideaalne aluskiht jakile v\u00f5i pintsakile. Lihtsalt kombineeritav teiste riietega.","og_url":"https:\/\/armonti.eu\/et\/toode\/termopluus-fliisi-ja-gipuuriga-2\/","og_site_name":"\u041c\u0430\u0433\u0430\u0437\u0438\u043d \u043e\u0434\u0435\u0436\u0434\u044b ARMONTI","article_modified_time":"2024-10-10T20:58:06+00:00","og_image":[{"width":900,"height":1200,"url":"https:\/\/armonti.eu\/wp-content\/uploads\/2024\/10\/1-9.jpg","type":"image\/jpeg"}],"twitter_card":"summary_large_image","twitter_misc":{"Est. reading time":"1 minut"},"schema":{"@context":"https:\/\/schema.org","@graph":[{"@type":"WebPage","@id":"https:\/\/armonti.eu\/et\/toode\/termopluus-fliisi-ja-gipuuriga-2\/","url":"https:\/\/armonti.eu\/et\/toode\/termopluus-fliisi-ja-gipuuriga-2\/","name":"Termopluus, fliisi ja gip\u00fc\u00fcriga. - R\u00f5ivapood ARMONTI","isPartOf":{"@id":"https:\/\/armonti.eu\/#website"},"primaryImageOfPage":{"@id":"https:\/\/armonti.eu\/et\/toode\/termopluus-fliisi-ja-gipuuriga-2\/#primaryimage"},"image":{"@id":"https:\/\/armonti.eu\/et\/toode\/termopluus-fliisi-ja-gipuuriga-2\/#primaryimage"},"thumbnailUrl":"https:\/\/armonti.eu\/wp-content\/uploads\/2024\/10\/1-9.jpg","datePublished":"2024-10-06T21:37:34+00:00","dateModified":"2024-10-10T20:58:06+00:00","description":"Termopluus pehme fliisvoodriga ja elegantse pitsilise detailiga. Ideaalne aluskiht jakile v\u00f5i pintsakile. Lihtsalt kombineeritav teiste riietega.","breadcrumb":{"@id":"https:\/\/armonti.eu\/et\/toode\/termopluus-fliisi-ja-gipuuriga-2\/#breadcrumb"},"inLanguage":"et","potentialAction":[{"@type":"ReadAction","target":["https:\/\/armonti.eu\/et\/toode\/termopluus-fliisi-ja-gipuuriga-2\/"]}]},{"@type":"ImageObject","inLanguage":"et","@id":"https:\/\/armonti.eu\/et\/toode\/termopluus-fliisi-ja-gipuuriga-2\/#primaryimage","url":"https:\/\/armonti.eu\/wp-content\/uploads\/2024\/10\/1-9.jpg","contentUrl":"https:\/\/armonti.eu\/wp-content\/uploads\/2024\/10\/1-9.jpg","width":900,"height":1200,"caption":"Termopluus, fliisi ja gip\u00fc\u00fcriga."},{"@type":"BreadcrumbList","@id":"https:\/\/armonti.eu\/et\/toode\/termopluus-fliisi-ja-gipuuriga-2\/#breadcrumb","itemListElement":[{"@type":"ListItem","position":1,"name":"\u0413\u043b\u0430\u0432\u043d\u0430\u044f","item":"https:\/\/armonti.eu\/"},{"@type":"ListItem","position":2,"name":"Shop","item":"https:\/\/armonti.eu\/et\/shop\/"},{"@type":"ListItem","position":3,"name":"Aluspesu","item":"https:\/\/armonti.eu\/et\/catalog\/aluspesu\/"},{"@type":"ListItem","position":4,"name":"Termopluus, fliisi ja gip\u00fc\u00fcriga."}]},{"@type":"WebSite","@id":"https:\/\/armonti.eu\/#website","url":"https:\/\/armonti.eu\/","name":"ARMONTI","description":"","publisher":{"@id":"https:\/\/armonti.eu\/#organization"},"alternateName":"\u0416\u0435\u043d\u0441\u043a\u0430\u044f \u0431\u0440\u0435\u043d\u0434\u043e\u0432\u0430\u044f \u043e\u0434\u0435\u0436\u0434\u0430","potentialAction":[{"@type":"SearchAction","target":{"@type":"EntryPoint","urlTemplate":"https:\/\/armonti.eu\/?s={search_term_string}"},"query-input":{"@type":"PropertyValueSpecification","valueRequired":true,"valueName":"search_term_string"}}],"inLanguage":"et"},{"@type":"Organization","@id":"https:\/\/armonti.eu\/#organization","name":"ARMONTI","alternateName":"\u0416\u0435\u043d\u0441\u043a\u0430\u044f \u0431\u0440\u0435\u043d\u0434\u043e\u0432\u0430\u044f \u043e\u0434\u0435\u0436\u0434\u0430","url":"https:\/\/armonti.eu\/","logo":{"@type":"ImageObject","inLanguage":"et","@id":"https:\/\/armonti.eu\/#\/schema\/logo\/image\/","url":"https:\/\/armonti.eu\/wp-content\/uploads\/2023\/05\/armonti-logo-white.png","contentUrl":"https:\/\/armonti.eu\/wp-content\/uploads\/2023\/05\/armonti-logo-white.png","width":2165,"height":554,"caption":"ARMONTI"},"image":{"@id":"https:\/\/armonti.eu\/#\/schema\/logo\/image\/"}}]}},"_links":{"self":[{"href":"https:\/\/armonti.eu\/et\/wp-json\/wp\/v2\/product\/20901","targetHints":{"allow":["GET"]}}],"collection":[{"href":"https:\/\/armonti.eu\/et\/wp-json\/wp\/v2\/product"}],"about":[{"href":"https:\/\/armonti.eu\/et\/wp-json\/wp\/v2\/types\/product"}],"replies":[{"embeddable":true,"href":"https:\/\/armonti.eu\/et\/wp-json\/wp\/v2\/comments?post=20901"}],"wp:featuredmedia":[{"embeddable":true,"href":"https:\/\/armonti.eu\/et\/wp-json\/wp\/v2\/media\/20923"}],"wp:attachment":[{"href":"https:\/\/armonti.eu\/et\/wp-json\/wp\/v2\/media?parent=20901"}],"wp:term":[{"taxonomy":"product_brand","embeddable":true,"href":"https:\/\/armonti.eu\/et\/wp-json\/wp\/v2\/product_brand?post=20901"},{"taxonomy":"product_cat","embeddable":true,"href":"https:\/\/armonti.eu\/et\/wp-json\/wp\/v2\/product_cat?post=20901"},{"taxonomy":"product_tag","embeddable":true,"href":"https:\/\/armonti.eu\/et\/wp-json\/wp\/v2\/product_tag?post=20901"}],"curies":[{"name":"wp","href":"https:\/\/api.w.org\/{rel}","templated":true}]}}