{"id":20779,"date":"2024-10-06T21:53:17","date_gmt":"2024-10-06T18:53:17","guid":{"rendered":"https:\/\/armonti.eu\/?post_type=product&#038;p=20779"},"modified":"2024-10-06T22:56:58","modified_gmt":"2024-10-06T19:56:58","slug":"rombidega-kampsun","status":"publish","type":"product","link":"https:\/\/armonti.eu\/et\/toode\/rombidega-kampsun\/","title":{"rendered":"Rombidega kampsun"},"content":{"rendered":"<p data-sourcepos=\"20:1-20:42\"><strong>Baasvillane kampsun rombidega mustriga<\/strong><\/p>\n<ul data-sourcepos=\"22:1-33:0\">\n<li data-sourcepos=\"22:1-22:141\"><strong>See universaalne kampsun on suurep\u00e4rane lisand s\u00fcgisese garderoobi.<\/strong> Ideaalne nii igap\u00e4evaseks kandmiseks kui ka pidulikeks s\u00fcndmusteks.<\/li>\n<li data-sourcepos=\"23:1-23:100\"><strong>\u00c4ra j\u00e4ta v\u00f5imalust kasutamata, et lisada see imeline r\u00f5ivaese oma s\u00fcgis-talvise kollektsiooni!<\/strong><\/li>\n<li data-sourcepos=\"24:1-28:102\"><strong>M\u00f5\u00f5dud:<\/strong>\n<ul data-sourcepos=\"25:5-28:102\">\n<li data-sourcepos=\"25:5-25:28\"><strong>\u00dcks suurus (S-XXL)<\/strong><\/li>\n<li data-sourcepos=\"26:5-26:31\"><strong>Rinn \u00fcmber:<\/strong> 90-130 cm<\/li>\n<li data-sourcepos=\"27:5-27:23\"><strong>Pikkus:<\/strong> 62 cm<\/li>\n<li data-sourcepos=\"28:5-28:102\"><strong>Palun pange t\u00e4hele, et m\u00f5\u00f5tudes v\u00f5ib esineda 1-2 cm k\u00f5rvalekalle, eriti trikootoodete puhul.<\/strong><\/li>\n<\/ul>\n<\/li>\n<li data-sourcepos=\"29:1-29:81\"><strong>Hooldus:<\/strong> Triigida 110\u00b0C juures, pleegitamine keelatud, \u00f5rn pesu 30\u00b0C juures<\/li>\n<li data-sourcepos=\"30:1-30:47\"><strong>T\u00e4ienda oma stiili meie teiste toodetega!<\/strong><\/li>\n<li data-sourcepos=\"30:1-30:47\"><\/li>\n<li data-sourcepos=\"31:1-31:125\"><strong>Palun m\u00e4rkige oma tellimuse m\u00e4rkustes oma m\u00f5\u00f5dud (puusad, talje ja pikkus), et saaksime valida teile sobivaima suuruse.<\/strong><\/li>\n<li data-sourcepos=\"31:1-31:125\"><\/li>\n<li data-sourcepos=\"31:1-31:125\"><strong>Artikkel:<\/strong> 8002<\/li>\n<\/ul>\n","protected":false},"excerpt":{"rendered":"<p>Suurus: \u00dcks suurus<br \/>\nV\u00e4rv: Oliiv, pruun<br \/>\nToote pikkus: 62 cm<br \/>\nKoostis: 28% akr\u00fc\u00fcl, 26% pol\u00fcester, 21% pol\u00fcamiid, 20% vill, 5% ka\u0161miir<br \/>\nMudel: 169 cm, kannab suurust S<\/p>\n","protected":false},"featured_media":20810,"comment_status":"open","ping_status":"closed","template":"","meta":[],"product_brand":[],"product_cat":[448,475],"product_tag":[],"class_list":{"0":"post-20779","1":"product","2":"type-product","3":"status-publish","4":"has-post-thumbnail","6":"product_cat-kudumi-trikotazkostuumid","7":"product_cat-dzhempery-i-svitery-et","9":"first","10":"outofstock","11":"shipping-taxable","12":"product-type-variable"},"yoast_head":"<!-- This site is optimized with the Yoast SEO plugin v27.3 - https:\/\/yoast.com\/product\/yoast-seo-wordpress\/ -->\n<title>Rombidega kampsun - R\u00f5ivapood ARMONTI<\/title>\n<meta name=\"description\" content=\"Rombidega kampsun. Baasvillane kampsun rombidega mustriga\" \/>\n<meta name=\"robots\" content=\"index, follow, max-snippet:-1, max-image-preview:large, max-video-preview:-1\" \/>\n<link rel=\"canonical\" href=\"https:\/\/armonti.eu\/et\/toode\/rombidega-kampsun\/\" \/>\n<meta property=\"og:locale\" content=\"et_EE\" \/>\n<meta property=\"og:type\" content=\"article\" \/>\n<meta property=\"og:title\" content=\"Rombidega kampsun - R\u00f5ivapood ARMONTI\" \/>\n<meta property=\"og:description\" content=\"Rombidega kampsun. Baasvillane kampsun rombidega mustriga\" \/>\n<meta property=\"og:url\" content=\"https:\/\/armonti.eu\/et\/toode\/rombidega-kampsun\/\" \/>\n<meta property=\"og:site_name\" content=\"\u041c\u0430\u0433\u0430\u0437\u0438\u043d \u043e\u0434\u0435\u0436\u0434\u044b ARMONTI\" \/>\n<meta property=\"article:modified_time\" content=\"2024-10-06T19:56:58+00:00\" \/>\n<meta property=\"og:image\" content=\"https:\/\/armonti.eu\/wp-content\/uploads\/2024\/10\/3-6.jpg\" \/>\n\t<meta property=\"og:image:width\" content=\"900\" \/>\n\t<meta property=\"og:image:height\" content=\"1200\" \/>\n\t<meta property=\"og:image:type\" content=\"image\/jpeg\" \/>\n<meta name=\"twitter:card\" content=\"summary_large_image\" \/>\n<meta name=\"twitter:label1\" content=\"Est. reading time\" \/>\n\t<meta name=\"twitter:data1\" content=\"1 minut\" \/>\n<script type=\"application\/ld+json\" class=\"yoast-schema-graph\">{\"@context\":\"https:\\\/\\\/schema.org\",\"@graph\":[{\"@type\":\"WebPage\",\"@id\":\"https:\\\/\\\/armonti.eu\\\/et\\\/toode\\\/rombidega-kampsun\\\/\",\"url\":\"https:\\\/\\\/armonti.eu\\\/et\\\/toode\\\/rombidega-kampsun\\\/\",\"name\":\"Rombidega kampsun - R\u00f5ivapood ARMONTI\",\"isPartOf\":{\"@id\":\"https:\\\/\\\/armonti.eu\\\/#website\"},\"primaryImageOfPage\":{\"@id\":\"https:\\\/\\\/armonti.eu\\\/et\\\/toode\\\/rombidega-kampsun\\\/#primaryimage\"},\"image\":{\"@id\":\"https:\\\/\\\/armonti.eu\\\/et\\\/toode\\\/rombidega-kampsun\\\/#primaryimage\"},\"thumbnailUrl\":\"https:\\\/\\\/armonti.eu\\\/wp-content\\\/uploads\\\/2024\\\/10\\\/3-6.jpg\",\"datePublished\":\"2024-10-06T18:53:17+00:00\",\"dateModified\":\"2024-10-06T19:56:58+00:00\",\"description\":\"Rombidega kampsun. Baasvillane kampsun rombidega mustriga\",\"breadcrumb\":{\"@id\":\"https:\\\/\\\/armonti.eu\\\/et\\\/toode\\\/rombidega-kampsun\\\/#breadcrumb\"},\"inLanguage\":\"et\",\"potentialAction\":[{\"@type\":\"ReadAction\",\"target\":[\"https:\\\/\\\/armonti.eu\\\/et\\\/toode\\\/rombidega-kampsun\\\/\"]}]},{\"@type\":\"ImageObject\",\"inLanguage\":\"et\",\"@id\":\"https:\\\/\\\/armonti.eu\\\/et\\\/toode\\\/rombidega-kampsun\\\/#primaryimage\",\"url\":\"https:\\\/\\\/armonti.eu\\\/wp-content\\\/uploads\\\/2024\\\/10\\\/3-6.jpg\",\"contentUrl\":\"https:\\\/\\\/armonti.eu\\\/wp-content\\\/uploads\\\/2024\\\/10\\\/3-6.jpg\",\"width\":900,\"height\":1200},{\"@type\":\"BreadcrumbList\",\"@id\":\"https:\\\/\\\/armonti.eu\\\/et\\\/toode\\\/rombidega-kampsun\\\/#breadcrumb\",\"itemListElement\":[{\"@type\":\"ListItem\",\"position\":1,\"name\":\"\u0413\u043b\u0430\u0432\u043d\u0430\u044f\",\"item\":\"https:\\\/\\\/armonti.eu\\\/\"},{\"@type\":\"ListItem\",\"position\":2,\"name\":\"Shop\",\"item\":\"https:\\\/\\\/armonti.eu\\\/et\\\/shop\\\/\"},{\"@type\":\"ListItem\",\"position\":3,\"name\":\"UUDISED\",\"item\":\"https:\\\/\\\/armonti.eu\\\/et\\\/catalog\\\/novinki-et\\\/\"},{\"@type\":\"ListItem\",\"position\":4,\"name\":\"Rombidega kampsun\"}]},{\"@type\":\"WebSite\",\"@id\":\"https:\\\/\\\/armonti.eu\\\/#website\",\"url\":\"https:\\\/\\\/armonti.eu\\\/\",\"name\":\"ARMONTI\",\"description\":\"\",\"publisher\":{\"@id\":\"https:\\\/\\\/armonti.eu\\\/#organization\"},\"alternateName\":\"\u0416\u0435\u043d\u0441\u043a\u0430\u044f \u0431\u0440\u0435\u043d\u0434\u043e\u0432\u0430\u044f \u043e\u0434\u0435\u0436\u0434\u0430\",\"potentialAction\":[{\"@type\":\"SearchAction\",\"target\":{\"@type\":\"EntryPoint\",\"urlTemplate\":\"https:\\\/\\\/armonti.eu\\\/?s={search_term_string}\"},\"query-input\":{\"@type\":\"PropertyValueSpecification\",\"valueRequired\":true,\"valueName\":\"search_term_string\"}}],\"inLanguage\":\"et\"},{\"@type\":\"Organization\",\"@id\":\"https:\\\/\\\/armonti.eu\\\/#organization\",\"name\":\"ARMONTI\",\"alternateName\":\"\u0416\u0435\u043d\u0441\u043a\u0430\u044f \u0431\u0440\u0435\u043d\u0434\u043e\u0432\u0430\u044f \u043e\u0434\u0435\u0436\u0434\u0430\",\"url\":\"https:\\\/\\\/armonti.eu\\\/\",\"logo\":{\"@type\":\"ImageObject\",\"inLanguage\":\"et\",\"@id\":\"https:\\\/\\\/armonti.eu\\\/#\\\/schema\\\/logo\\\/image\\\/\",\"url\":\"https:\\\/\\\/armonti.eu\\\/wp-content\\\/uploads\\\/2023\\\/05\\\/armonti-logo-white.png\",\"contentUrl\":\"https:\\\/\\\/armonti.eu\\\/wp-content\\\/uploads\\\/2023\\\/05\\\/armonti-logo-white.png\",\"width\":2165,\"height\":554,\"caption\":\"ARMONTI\"},\"image\":{\"@id\":\"https:\\\/\\\/armonti.eu\\\/#\\\/schema\\\/logo\\\/image\\\/\"}}]}<\/script>\n<!-- \/ Yoast SEO plugin. -->","yoast_head_json":{"title":"Rombidega kampsun - R\u00f5ivapood ARMONTI","description":"Rombidega kampsun. Baasvillane kampsun rombidega mustriga","robots":{"index":"index","follow":"follow","max-snippet":"max-snippet:-1","max-image-preview":"max-image-preview:large","max-video-preview":"max-video-preview:-1"},"canonical":"https:\/\/armonti.eu\/et\/toode\/rombidega-kampsun\/","og_locale":"et_EE","og_type":"article","og_title":"Rombidega kampsun - R\u00f5ivapood ARMONTI","og_description":"Rombidega kampsun. Baasvillane kampsun rombidega mustriga","og_url":"https:\/\/armonti.eu\/et\/toode\/rombidega-kampsun\/","og_site_name":"\u041c\u0430\u0433\u0430\u0437\u0438\u043d \u043e\u0434\u0435\u0436\u0434\u044b ARMONTI","article_modified_time":"2024-10-06T19:56:58+00:00","og_image":[{"width":900,"height":1200,"url":"https:\/\/armonti.eu\/wp-content\/uploads\/2024\/10\/3-6.jpg","type":"image\/jpeg"}],"twitter_card":"summary_large_image","twitter_misc":{"Est. reading time":"1 minut"},"schema":{"@context":"https:\/\/schema.org","@graph":[{"@type":"WebPage","@id":"https:\/\/armonti.eu\/et\/toode\/rombidega-kampsun\/","url":"https:\/\/armonti.eu\/et\/toode\/rombidega-kampsun\/","name":"Rombidega kampsun - R\u00f5ivapood ARMONTI","isPartOf":{"@id":"https:\/\/armonti.eu\/#website"},"primaryImageOfPage":{"@id":"https:\/\/armonti.eu\/et\/toode\/rombidega-kampsun\/#primaryimage"},"image":{"@id":"https:\/\/armonti.eu\/et\/toode\/rombidega-kampsun\/#primaryimage"},"thumbnailUrl":"https:\/\/armonti.eu\/wp-content\/uploads\/2024\/10\/3-6.jpg","datePublished":"2024-10-06T18:53:17+00:00","dateModified":"2024-10-06T19:56:58+00:00","description":"Rombidega kampsun. Baasvillane kampsun rombidega mustriga","breadcrumb":{"@id":"https:\/\/armonti.eu\/et\/toode\/rombidega-kampsun\/#breadcrumb"},"inLanguage":"et","potentialAction":[{"@type":"ReadAction","target":["https:\/\/armonti.eu\/et\/toode\/rombidega-kampsun\/"]}]},{"@type":"ImageObject","inLanguage":"et","@id":"https:\/\/armonti.eu\/et\/toode\/rombidega-kampsun\/#primaryimage","url":"https:\/\/armonti.eu\/wp-content\/uploads\/2024\/10\/3-6.jpg","contentUrl":"https:\/\/armonti.eu\/wp-content\/uploads\/2024\/10\/3-6.jpg","width":900,"height":1200},{"@type":"BreadcrumbList","@id":"https:\/\/armonti.eu\/et\/toode\/rombidega-kampsun\/#breadcrumb","itemListElement":[{"@type":"ListItem","position":1,"name":"\u0413\u043b\u0430\u0432\u043d\u0430\u044f","item":"https:\/\/armonti.eu\/"},{"@type":"ListItem","position":2,"name":"Shop","item":"https:\/\/armonti.eu\/et\/shop\/"},{"@type":"ListItem","position":3,"name":"UUDISED","item":"https:\/\/armonti.eu\/et\/catalog\/novinki-et\/"},{"@type":"ListItem","position":4,"name":"Rombidega kampsun"}]},{"@type":"WebSite","@id":"https:\/\/armonti.eu\/#website","url":"https:\/\/armonti.eu\/","name":"ARMONTI","description":"","publisher":{"@id":"https:\/\/armonti.eu\/#organization"},"alternateName":"\u0416\u0435\u043d\u0441\u043a\u0430\u044f \u0431\u0440\u0435\u043d\u0434\u043e\u0432\u0430\u044f \u043e\u0434\u0435\u0436\u0434\u0430","potentialAction":[{"@type":"SearchAction","target":{"@type":"EntryPoint","urlTemplate":"https:\/\/armonti.eu\/?s={search_term_string}"},"query-input":{"@type":"PropertyValueSpecification","valueRequired":true,"valueName":"search_term_string"}}],"inLanguage":"et"},{"@type":"Organization","@id":"https:\/\/armonti.eu\/#organization","name":"ARMONTI","alternateName":"\u0416\u0435\u043d\u0441\u043a\u0430\u044f \u0431\u0440\u0435\u043d\u0434\u043e\u0432\u0430\u044f \u043e\u0434\u0435\u0436\u0434\u0430","url":"https:\/\/armonti.eu\/","logo":{"@type":"ImageObject","inLanguage":"et","@id":"https:\/\/armonti.eu\/#\/schema\/logo\/image\/","url":"https:\/\/armonti.eu\/wp-content\/uploads\/2023\/05\/armonti-logo-white.png","contentUrl":"https:\/\/armonti.eu\/wp-content\/uploads\/2023\/05\/armonti-logo-white.png","width":2165,"height":554,"caption":"ARMONTI"},"image":{"@id":"https:\/\/armonti.eu\/#\/schema\/logo\/image\/"}}]}},"_links":{"self":[{"href":"https:\/\/armonti.eu\/et\/wp-json\/wp\/v2\/product\/20779","targetHints":{"allow":["GET"]}}],"collection":[{"href":"https:\/\/armonti.eu\/et\/wp-json\/wp\/v2\/product"}],"about":[{"href":"https:\/\/armonti.eu\/et\/wp-json\/wp\/v2\/types\/product"}],"replies":[{"embeddable":true,"href":"https:\/\/armonti.eu\/et\/wp-json\/wp\/v2\/comments?post=20779"}],"wp:featuredmedia":[{"embeddable":true,"href":"https:\/\/armonti.eu\/et\/wp-json\/wp\/v2\/media\/20810"}],"wp:attachment":[{"href":"https:\/\/armonti.eu\/et\/wp-json\/wp\/v2\/media?parent=20779"}],"wp:term":[{"taxonomy":"product_brand","embeddable":true,"href":"https:\/\/armonti.eu\/et\/wp-json\/wp\/v2\/product_brand?post=20779"},{"taxonomy":"product_cat","embeddable":true,"href":"https:\/\/armonti.eu\/et\/wp-json\/wp\/v2\/product_cat?post=20779"},{"taxonomy":"product_tag","embeddable":true,"href":"https:\/\/armonti.eu\/et\/wp-json\/wp\/v2\/product_tag?post=20779"}],"curies":[{"name":"wp","href":"https:\/\/api.w.org\/{rel}","templated":true}]}}