{"id":20535,"date":"2024-10-05T14:46:37","date_gmt":"2024-10-05T11:46:37","guid":{"rendered":"https:\/\/armonti.eu\/product\/angoora-fliisvooderdatud-kaelussall-muts\/"},"modified":"2024-10-05T16:02:53","modified_gmt":"2024-10-05T13:02:53","slug":"angoora-fliisvooderdatud-kaelussall-muts","status":"publish","type":"product","link":"https:\/\/armonti.eu\/et\/toode\/angoora-fliisvooderdatud-kaelussall-muts\/","title":{"rendered":"Angoora fliisvooderdatud kaelussall-m\u00fcts"},"content":{"rendered":"<p>Lisa oma talvisele garderoobile stiili ja soojust meie angoorast kaelussall-m\u00fctsaga, millel on fliisvoode.<br \/>\nSee on ideaalne valik k\u00fclmadeks p\u00e4evadeks. Pehme ja mugav angoora tagab maksimaalse mugavuse.<br \/>\nFliisvooder lisab soojust ja kaitset k\u00fclma eest. Kaelussall-m\u00fcts on reguleeritava laiusega, t\u00e4nu millele sobib see ideaalselt igale pea\u00fcmberm\u00f5\u00f5dule.<br \/>\nSee universaalne aksessuaar sobib suurep\u00e4raselt nii jakkide kui ka manteltega. Naudi stiilset ja mugavat talve!<\/p>\n<p>Hooldus: Triigida 110\u00b0C juures, pleegitamine keelatud, \u00f5rn pesu 30\u00b0C juures.<\/p>\n<p> Artikkel: 3040<\/p>\n","protected":false},"excerpt":{"rendered":"<p><Suurus: \u00dcks suurus (One size)\nV\u00e4rvid: bee\u017e, must, valge\nKoostis: 70% angoora, 15% vill, 5% naarits, 10% akr\u00fc\u00fcl\nHooldus: Pleekimine keelatud, \u00f5rn k\u00e4sitsipesu 30\u00b0C juures\n<\/p>\n","protected":false},"featured_media":20529,"comment_status":"open","ping_status":"closed","template":"","meta":[],"product_brand":[],"product_cat":[430,434],"product_tag":[],"class_list":{"0":"post-20535","1":"product","2":"type-product","3":"status-publish","4":"has-post-thumbnail","6":"product_cat-aksessuaarid","7":"product_cat-mutsid-komplektid","9":"first","10":"outofstock","11":"shipping-taxable","12":"product-type-variable"},"yoast_head":"<!-- This site is optimized with the Yoast SEO plugin v27.4 - https:\/\/yoast.com\/product\/yoast-seo-wordpress\/ -->\n<title>Angoora fliisvooderdatud kaelussall-m\u00fcts - R\u00f5ivapood ARMONTI<\/title>\n<meta name=\"description\" content=\"Lisa oma talvisele garderoobile stiili ja soojust meie angoorast kaelussall-m\u00fctsaga, millel on fliisvoode. See on ideaalne valik k\u00fclmadeks p\u00e4evadeks.\" \/>\n<meta name=\"robots\" content=\"index, follow, max-snippet:-1, max-image-preview:large, max-video-preview:-1\" \/>\n<link rel=\"canonical\" href=\"https:\/\/armonti.eu\/et\/toode\/angoora-fliisvooderdatud-kaelussall-muts\/\" \/>\n<meta property=\"og:locale\" content=\"et_EE\" \/>\n<meta property=\"og:type\" content=\"article\" \/>\n<meta property=\"og:title\" content=\"Angoora fliisvooderdatud kaelussall-m\u00fcts - R\u00f5ivapood ARMONTI\" \/>\n<meta property=\"og:description\" content=\"\u041a\u0430\u043f\u043e\u0440-\u043a\u0430\u043f\u044e\u0448\u043e\u043d \u0438\u0437 \u0430\u043d\u0433\u043e\u0440\u044b \u043d\u0430 \u0444\u043b\u0438\u0441\u0435. \u041f\u0440\u0435\u0434\u043b\u0430\u0433\u0430\u0435\u043c \u0432 \u0441\u043b\u0435\u0434\u0443\u044e\u0449\u0438\u0445 \u0446\u0432\u0435\u0442\u0430\u0445: \u0431\u0435\u043b\u044b\u0439, \u0447\u0435\u0440\u043d\u044b\u0439, \u0431\u0435\u0436, \u0433\u043e\u0440\u0447\u0438\u0446\u0430, \u0441\u0432\u0435\u0442\u043b\u043e \u0437\u0435\u043b\u0435\u043d\u044b\u0439, \u0437\u0435\u043b\u0435\u043d\u044b\u0439, \u043c\u043e\u043a\u043a\u043e\" \/>\n<meta property=\"og:url\" content=\"https:\/\/armonti.eu\/et\/toode\/angoora-fliisvooderdatud-kaelussall-muts\/\" \/>\n<meta property=\"og:site_name\" content=\"\u041c\u0430\u0433\u0430\u0437\u0438\u043d \u043e\u0434\u0435\u0436\u0434\u044b ARMONTI\" \/>\n<meta property=\"article:modified_time\" content=\"2024-10-05T13:02:53+00:00\" \/>\n<meta property=\"og:image\" content=\"https:\/\/armonti.eu\/wp-content\/uploads\/2024\/10\/img_4472.jpg\" \/>\n\t<meta property=\"og:image:width\" content=\"960\" \/>\n\t<meta property=\"og:image:height\" content=\"1280\" \/>\n\t<meta property=\"og:image:type\" content=\"image\/jpeg\" \/>\n<meta name=\"twitter:card\" content=\"summary_large_image\" \/>\n<meta name=\"twitter:description\" content=\"\u041a\u0430\u043f\u043e\u0440-\u043a\u0430\u043f\u044e\u0448\u043e\u043d \u0438\u0437 \u0430\u043d\u0433\u043e\u0440\u044b \u043d\u0430 \u0444\u043b\u0438\u0441\u0435. \u041f\u0440\u0435\u0434\u043b\u0430\u0433\u0430\u0435\u043c \u0432 \u0441\u043b\u0435\u0434\u0443\u044e\u0449\u0438\u0445 \u0446\u0432\u0435\u0442\u0430\u0445: \u0431\u0435\u043b\u044b\u0439, \u0447\u0435\u0440\u043d\u044b\u0439, \u0431\u0435\u0436, \u0433\u043e\u0440\u0447\u0438\u0446\u0430, \u0441\u0432\u0435\u0442\u043b\u043e \u0437\u0435\u043b\u0435\u043d\u044b\u0439, \u0437\u0435\u043b\u0435\u043d\u044b\u0439, \u043c\u043e\u043a\u043a\u043e\" \/>\n<meta name=\"twitter:label1\" content=\"Est. reading time\" \/>\n\t<meta name=\"twitter:data1\" content=\"1 minut\" \/>\n<script type=\"application\/ld+json\" class=\"yoast-schema-graph\">{\"@context\":\"https:\\\/\\\/schema.org\",\"@graph\":[{\"@type\":\"WebPage\",\"@id\":\"https:\\\/\\\/armonti.eu\\\/et\\\/toode\\\/angoora-fliisvooderdatud-kaelussall-muts\\\/\",\"url\":\"https:\\\/\\\/armonti.eu\\\/et\\\/toode\\\/angoora-fliisvooderdatud-kaelussall-muts\\\/\",\"name\":\"Angoora fliisvooderdatud kaelussall-m\u00fcts - R\u00f5ivapood ARMONTI\",\"isPartOf\":{\"@id\":\"https:\\\/\\\/armonti.eu\\\/#website\"},\"primaryImageOfPage\":{\"@id\":\"https:\\\/\\\/armonti.eu\\\/et\\\/toode\\\/angoora-fliisvooderdatud-kaelussall-muts\\\/#primaryimage\"},\"image\":{\"@id\":\"https:\\\/\\\/armonti.eu\\\/et\\\/toode\\\/angoora-fliisvooderdatud-kaelussall-muts\\\/#primaryimage\"},\"thumbnailUrl\":\"https:\\\/\\\/armonti.eu\\\/wp-content\\\/uploads\\\/2024\\\/10\\\/img_4472.jpg\",\"datePublished\":\"2024-10-05T11:46:37+00:00\",\"dateModified\":\"2024-10-05T13:02:53+00:00\",\"description\":\"Lisa oma talvisele garderoobile stiili ja soojust meie angoorast kaelussall-m\u00fctsaga, millel on fliisvoode. See on ideaalne valik k\u00fclmadeks p\u00e4evadeks.\",\"breadcrumb\":{\"@id\":\"https:\\\/\\\/armonti.eu\\\/et\\\/toode\\\/angoora-fliisvooderdatud-kaelussall-muts\\\/#breadcrumb\"},\"inLanguage\":\"et\",\"potentialAction\":[{\"@type\":\"ReadAction\",\"target\":[\"https:\\\/\\\/armonti.eu\\\/et\\\/toode\\\/angoora-fliisvooderdatud-kaelussall-muts\\\/\"]}]},{\"@type\":\"ImageObject\",\"inLanguage\":\"et\",\"@id\":\"https:\\\/\\\/armonti.eu\\\/et\\\/toode\\\/angoora-fliisvooderdatud-kaelussall-muts\\\/#primaryimage\",\"url\":\"https:\\\/\\\/armonti.eu\\\/wp-content\\\/uploads\\\/2024\\\/10\\\/img_4472.jpg\",\"contentUrl\":\"https:\\\/\\\/armonti.eu\\\/wp-content\\\/uploads\\\/2024\\\/10\\\/img_4472.jpg\",\"width\":960,\"height\":1280,\"caption\":\"Angoora fliisvooderdatud kaelussall-m\u00fcts valge\"},{\"@type\":\"BreadcrumbList\",\"@id\":\"https:\\\/\\\/armonti.eu\\\/et\\\/toode\\\/angoora-fliisvooderdatud-kaelussall-muts\\\/#breadcrumb\",\"itemListElement\":[{\"@type\":\"ListItem\",\"position\":1,\"name\":\"\u0413\u043b\u0430\u0432\u043d\u0430\u044f\",\"item\":\"https:\\\/\\\/armonti.eu\\\/\"},{\"@type\":\"ListItem\",\"position\":2,\"name\":\"Shop\",\"item\":\"https:\\\/\\\/armonti.eu\\\/et\\\/shop\\\/\"},{\"@type\":\"ListItem\",\"position\":3,\"name\":\"\u0410\u043a\u0441\u0435\u0441\u0441\u0443\u0430\u0440\u044b\",\"item\":\"https:\\\/\\\/armonti.eu\\\/catalog\\\/aksessuary\\\/\"},{\"@type\":\"ListItem\",\"position\":4,\"name\":\"Angoora fliisvooderdatud kaelussall-m\u00fcts\"}]},{\"@type\":\"WebSite\",\"@id\":\"https:\\\/\\\/armonti.eu\\\/#website\",\"url\":\"https:\\\/\\\/armonti.eu\\\/\",\"name\":\"ARMONTI\",\"description\":\"\",\"publisher\":{\"@id\":\"https:\\\/\\\/armonti.eu\\\/#organization\"},\"alternateName\":\"\u0416\u0435\u043d\u0441\u043a\u0430\u044f \u0431\u0440\u0435\u043d\u0434\u043e\u0432\u0430\u044f \u043e\u0434\u0435\u0436\u0434\u0430\",\"potentialAction\":[{\"@type\":\"SearchAction\",\"target\":{\"@type\":\"EntryPoint\",\"urlTemplate\":\"https:\\\/\\\/armonti.eu\\\/?s={search_term_string}\"},\"query-input\":{\"@type\":\"PropertyValueSpecification\",\"valueRequired\":true,\"valueName\":\"search_term_string\"}}],\"inLanguage\":\"et\"},{\"@type\":\"Organization\",\"@id\":\"https:\\\/\\\/armonti.eu\\\/#organization\",\"name\":\"ARMONTI\",\"alternateName\":\"\u0416\u0435\u043d\u0441\u043a\u0430\u044f \u0431\u0440\u0435\u043d\u0434\u043e\u0432\u0430\u044f \u043e\u0434\u0435\u0436\u0434\u0430\",\"url\":\"https:\\\/\\\/armonti.eu\\\/\",\"logo\":{\"@type\":\"ImageObject\",\"inLanguage\":\"et\",\"@id\":\"https:\\\/\\\/armonti.eu\\\/#\\\/schema\\\/logo\\\/image\\\/\",\"url\":\"https:\\\/\\\/armonti.eu\\\/wp-content\\\/uploads\\\/2023\\\/05\\\/armonti-logo-white.png\",\"contentUrl\":\"https:\\\/\\\/armonti.eu\\\/wp-content\\\/uploads\\\/2023\\\/05\\\/armonti-logo-white.png\",\"width\":2165,\"height\":554,\"caption\":\"ARMONTI\"},\"image\":{\"@id\":\"https:\\\/\\\/armonti.eu\\\/#\\\/schema\\\/logo\\\/image\\\/\"}}]}<\/script>\n<!-- \/ Yoast SEO plugin. -->","yoast_head_json":{"title":"Angoora fliisvooderdatud kaelussall-m\u00fcts - R\u00f5ivapood ARMONTI","description":"Lisa oma talvisele garderoobile stiili ja soojust meie angoorast kaelussall-m\u00fctsaga, millel on fliisvoode. See on ideaalne valik k\u00fclmadeks p\u00e4evadeks.","robots":{"index":"index","follow":"follow","max-snippet":"max-snippet:-1","max-image-preview":"max-image-preview:large","max-video-preview":"max-video-preview:-1"},"canonical":"https:\/\/armonti.eu\/et\/toode\/angoora-fliisvooderdatud-kaelussall-muts\/","og_locale":"et_EE","og_type":"article","og_title":"Angoora fliisvooderdatud kaelussall-m\u00fcts - R\u00f5ivapood ARMONTI","og_description":"\u041a\u0430\u043f\u043e\u0440-\u043a\u0430\u043f\u044e\u0448\u043e\u043d \u0438\u0437 \u0430\u043d\u0433\u043e\u0440\u044b \u043d\u0430 \u0444\u043b\u0438\u0441\u0435. \u041f\u0440\u0435\u0434\u043b\u0430\u0433\u0430\u0435\u043c \u0432 \u0441\u043b\u0435\u0434\u0443\u044e\u0449\u0438\u0445 \u0446\u0432\u0435\u0442\u0430\u0445: \u0431\u0435\u043b\u044b\u0439, \u0447\u0435\u0440\u043d\u044b\u0439, \u0431\u0435\u0436, \u0433\u043e\u0440\u0447\u0438\u0446\u0430, \u0441\u0432\u0435\u0442\u043b\u043e \u0437\u0435\u043b\u0435\u043d\u044b\u0439, \u0437\u0435\u043b\u0435\u043d\u044b\u0439, \u043c\u043e\u043a\u043a\u043e","og_url":"https:\/\/armonti.eu\/et\/toode\/angoora-fliisvooderdatud-kaelussall-muts\/","og_site_name":"\u041c\u0430\u0433\u0430\u0437\u0438\u043d \u043e\u0434\u0435\u0436\u0434\u044b ARMONTI","article_modified_time":"2024-10-05T13:02:53+00:00","og_image":[{"width":960,"height":1280,"url":"https:\/\/armonti.eu\/wp-content\/uploads\/2024\/10\/img_4472.jpg","type":"image\/jpeg"}],"twitter_card":"summary_large_image","twitter_description":"\u041a\u0430\u043f\u043e\u0440-\u043a\u0430\u043f\u044e\u0448\u043e\u043d \u0438\u0437 \u0430\u043d\u0433\u043e\u0440\u044b \u043d\u0430 \u0444\u043b\u0438\u0441\u0435. \u041f\u0440\u0435\u0434\u043b\u0430\u0433\u0430\u0435\u043c \u0432 \u0441\u043b\u0435\u0434\u0443\u044e\u0449\u0438\u0445 \u0446\u0432\u0435\u0442\u0430\u0445: \u0431\u0435\u043b\u044b\u0439, \u0447\u0435\u0440\u043d\u044b\u0439, \u0431\u0435\u0436, \u0433\u043e\u0440\u0447\u0438\u0446\u0430, \u0441\u0432\u0435\u0442\u043b\u043e \u0437\u0435\u043b\u0435\u043d\u044b\u0439, \u0437\u0435\u043b\u0435\u043d\u044b\u0439, \u043c\u043e\u043a\u043a\u043e","twitter_misc":{"Est. reading time":"1 minut"},"schema":{"@context":"https:\/\/schema.org","@graph":[{"@type":"WebPage","@id":"https:\/\/armonti.eu\/et\/toode\/angoora-fliisvooderdatud-kaelussall-muts\/","url":"https:\/\/armonti.eu\/et\/toode\/angoora-fliisvooderdatud-kaelussall-muts\/","name":"Angoora fliisvooderdatud kaelussall-m\u00fcts - R\u00f5ivapood ARMONTI","isPartOf":{"@id":"https:\/\/armonti.eu\/#website"},"primaryImageOfPage":{"@id":"https:\/\/armonti.eu\/et\/toode\/angoora-fliisvooderdatud-kaelussall-muts\/#primaryimage"},"image":{"@id":"https:\/\/armonti.eu\/et\/toode\/angoora-fliisvooderdatud-kaelussall-muts\/#primaryimage"},"thumbnailUrl":"https:\/\/armonti.eu\/wp-content\/uploads\/2024\/10\/img_4472.jpg","datePublished":"2024-10-05T11:46:37+00:00","dateModified":"2024-10-05T13:02:53+00:00","description":"Lisa oma talvisele garderoobile stiili ja soojust meie angoorast kaelussall-m\u00fctsaga, millel on fliisvoode. See on ideaalne valik k\u00fclmadeks p\u00e4evadeks.","breadcrumb":{"@id":"https:\/\/armonti.eu\/et\/toode\/angoora-fliisvooderdatud-kaelussall-muts\/#breadcrumb"},"inLanguage":"et","potentialAction":[{"@type":"ReadAction","target":["https:\/\/armonti.eu\/et\/toode\/angoora-fliisvooderdatud-kaelussall-muts\/"]}]},{"@type":"ImageObject","inLanguage":"et","@id":"https:\/\/armonti.eu\/et\/toode\/angoora-fliisvooderdatud-kaelussall-muts\/#primaryimage","url":"https:\/\/armonti.eu\/wp-content\/uploads\/2024\/10\/img_4472.jpg","contentUrl":"https:\/\/armonti.eu\/wp-content\/uploads\/2024\/10\/img_4472.jpg","width":960,"height":1280,"caption":"Angoora fliisvooderdatud kaelussall-m\u00fcts valge"},{"@type":"BreadcrumbList","@id":"https:\/\/armonti.eu\/et\/toode\/angoora-fliisvooderdatud-kaelussall-muts\/#breadcrumb","itemListElement":[{"@type":"ListItem","position":1,"name":"\u0413\u043b\u0430\u0432\u043d\u0430\u044f","item":"https:\/\/armonti.eu\/"},{"@type":"ListItem","position":2,"name":"Shop","item":"https:\/\/armonti.eu\/et\/shop\/"},{"@type":"ListItem","position":3,"name":"\u0410\u043a\u0441\u0435\u0441\u0441\u0443\u0430\u0440\u044b","item":"https:\/\/armonti.eu\/catalog\/aksessuary\/"},{"@type":"ListItem","position":4,"name":"Angoora fliisvooderdatud kaelussall-m\u00fcts"}]},{"@type":"WebSite","@id":"https:\/\/armonti.eu\/#website","url":"https:\/\/armonti.eu\/","name":"ARMONTI","description":"","publisher":{"@id":"https:\/\/armonti.eu\/#organization"},"alternateName":"\u0416\u0435\u043d\u0441\u043a\u0430\u044f \u0431\u0440\u0435\u043d\u0434\u043e\u0432\u0430\u044f \u043e\u0434\u0435\u0436\u0434\u0430","potentialAction":[{"@type":"SearchAction","target":{"@type":"EntryPoint","urlTemplate":"https:\/\/armonti.eu\/?s={search_term_string}"},"query-input":{"@type":"PropertyValueSpecification","valueRequired":true,"valueName":"search_term_string"}}],"inLanguage":"et"},{"@type":"Organization","@id":"https:\/\/armonti.eu\/#organization","name":"ARMONTI","alternateName":"\u0416\u0435\u043d\u0441\u043a\u0430\u044f \u0431\u0440\u0435\u043d\u0434\u043e\u0432\u0430\u044f \u043e\u0434\u0435\u0436\u0434\u0430","url":"https:\/\/armonti.eu\/","logo":{"@type":"ImageObject","inLanguage":"et","@id":"https:\/\/armonti.eu\/#\/schema\/logo\/image\/","url":"https:\/\/armonti.eu\/wp-content\/uploads\/2023\/05\/armonti-logo-white.png","contentUrl":"https:\/\/armonti.eu\/wp-content\/uploads\/2023\/05\/armonti-logo-white.png","width":2165,"height":554,"caption":"ARMONTI"},"image":{"@id":"https:\/\/armonti.eu\/#\/schema\/logo\/image\/"}}]}},"_links":{"self":[{"href":"https:\/\/armonti.eu\/et\/wp-json\/wp\/v2\/product\/20535","targetHints":{"allow":["GET"]}}],"collection":[{"href":"https:\/\/armonti.eu\/et\/wp-json\/wp\/v2\/product"}],"about":[{"href":"https:\/\/armonti.eu\/et\/wp-json\/wp\/v2\/types\/product"}],"replies":[{"embeddable":true,"href":"https:\/\/armonti.eu\/et\/wp-json\/wp\/v2\/comments?post=20535"}],"wp:featuredmedia":[{"embeddable":true,"href":"https:\/\/armonti.eu\/et\/wp-json\/wp\/v2\/media\/20529"}],"wp:attachment":[{"href":"https:\/\/armonti.eu\/et\/wp-json\/wp\/v2\/media?parent=20535"}],"wp:term":[{"taxonomy":"product_brand","embeddable":true,"href":"https:\/\/armonti.eu\/et\/wp-json\/wp\/v2\/product_brand?post=20535"},{"taxonomy":"product_cat","embeddable":true,"href":"https:\/\/armonti.eu\/et\/wp-json\/wp\/v2\/product_cat?post=20535"},{"taxonomy":"product_tag","embeddable":true,"href":"https:\/\/armonti.eu\/et\/wp-json\/wp\/v2\/product_tag?post=20535"}],"curies":[{"name":"wp","href":"https:\/\/api.w.org\/{rel}","templated":true}]}}