{"id":20041,"date":"2024-09-23T23:12:57","date_gmt":"2024-09-23T20:12:57","guid":{"rendered":"https:\/\/armonti.eu\/?post_type=product&#038;p=20041"},"modified":"2024-09-23T23:59:13","modified_gmt":"2024-09-23T20:59:13","slug":"kampsun-2","status":"publish","type":"product","link":"https:\/\/armonti.eu\/et\/toode\/kampsun-2\/","title":{"rendered":"Kampsun"},"content":{"rendered":"<p data-sourcepos=\"11:1-11:48\"><strong>Mugav ja stiilne \u00fcmmarguse kaelusega kampsun<\/strong><\/p>\n<p data-sourcepos=\"13:1-13:187\">Sukeldu mugavuse ja stiili maailma meie pehme, kvaliteetsest kasmiiri sisaldusega kampsuniga. See kampsun on \u00fcllatavalt kerge ja soe, muutes selle ideaalseks valikuks k\u00fclmadeks p\u00e4evadeks. Originaalne &#8220;nuudli&#8221; tekstuuriga alumine osa annab tootele ainulaadse ilme, samas kui nuppudega viimistlus lisab elegantsi. \u00dcmmargune kaelus ja sirge l\u00f5ige tagavad mugava istuvuse ning sobivad suurep\u00e4raselt nii klassikaliste kui ka igap\u00e4evaste r\u00f5ivastega. See kampsun saab olema sinu s\u00fcgisese garderoobi universaalne element, v\u00f5imaldades luua stiilseid ja mugavaid v\u00e4limuseid erinevateks s\u00fcndmusteks. \u00c4ra j\u00e4ta kasutamata v\u00f5imalust lisada see imeline r\u00f5ivaese oma s\u00fcgis\/talvise kollektsiooni!<\/p>\n<p data-sourcepos=\"15:1-16:66\"><strong>Hooldus:<\/strong> Triikida 110\u00b0C juures, pleegitamine keelatud, \u00f5rn pesu 30\u00b0C juures<\/p>\n<p data-sourcepos=\"18:1-18:70\"><strong>T\u00e4ienda oma v\u00e4limust tutvudes meie leggingsite ja p\u00fckste valikuga.<\/strong><\/p>\n<p data-sourcepos=\"20:1-20:119\"><strong>Palun m\u00e4rgi tellimuse m\u00e4rkustesse oma m\u00f5\u00f5dud (puusad, talje ja pikkus), et saaksime valida sulle sobivaima suuruse.<\/strong><\/p>\n<p data-sourcepos=\"22:1-22:2\"><strong>Artikkel 512<\/strong><\/p>\n","protected":false},"excerpt":{"rendered":"<p>Suurus: \u00dcks suurus (M\/XL)<br \/>\nV\u00e4rv: valge, hall, lilla, teksas, roheline, bee\u017e, pulber, \u0161alvei<br \/>\nToote pikkus: 57 cm<br \/>\nKoostis: viskoos 50%, ka\u0161miir 20%, nailon 20%, pol\u00fcester 10%<br \/>\nMudel kannab suurust: M\/XL<br \/>\nMudeli pikkus ja suurus: 169 cm, S<\/p>\n","protected":false},"featured_media":24897,"comment_status":"open","ping_status":"closed","template":"","meta":[],"product_brand":[],"product_cat":[448,332,475],"product_tag":[],"class_list":{"0":"post-20041","1":"product","2":"type-product","3":"status-publish","4":"has-post-thumbnail","6":"product_cat-kudumi-trikotazkostuumid","7":"product_cat-rasprodazha-et","8":"product_cat-dzhempery-i-svitery-et","10":"first","11":"outofstock","12":"shipping-taxable","13":"product-type-variable"},"yoast_head":"<!-- This site is optimized with the Yoast SEO plugin v27.6 - https:\/\/yoast.com\/product\/yoast-seo-wordpress\/ -->\n<title>Kampsun - R\u00f5ivapood ARMONTI<\/title>\n<meta name=\"description\" content=\"Mugav ja stiilne \u00fcmmarguse kaelusega kampsun. See kampsun on \u00fcllatavalt kerge ja soe, muutes selle ideaalseks valikuks k\u00fclmadeks p\u00e4evadeks.\" \/>\n<meta name=\"robots\" content=\"index, follow, max-snippet:-1, max-image-preview:large, max-video-preview:-1\" \/>\n<link rel=\"canonical\" href=\"https:\/\/armonti.eu\/et\/toode\/kampsun-2\/\" \/>\n<meta property=\"og:locale\" content=\"et_EE\" \/>\n<meta property=\"og:type\" content=\"article\" \/>\n<meta property=\"og:title\" content=\"Kampsun - R\u00f5ivapood ARMONTI\" \/>\n<meta property=\"og:description\" content=\"Mugav ja stiilne \u00fcmmarguse kaelusega kampsun. See kampsun on \u00fcllatavalt kerge ja soe, muutes selle ideaalseks valikuks k\u00fclmadeks p\u00e4evadeks.\" \/>\n<meta property=\"og:url\" content=\"https:\/\/armonti.eu\/et\/toode\/kampsun-2\/\" \/>\n<meta property=\"og:site_name\" content=\"\u041c\u0430\u0433\u0430\u0437\u0438\u043d \u043e\u0434\u0435\u0436\u0434\u044b ARMONTI\" \/>\n<meta property=\"article:modified_time\" content=\"2024-09-23T20:59:13+00:00\" \/>\n<meta property=\"og:image\" content=\"https:\/\/armonti.eu\/wp-content\/uploads\/2024\/09\/5-21.jpg\" \/>\n\t<meta property=\"og:image:width\" content=\"900\" \/>\n\t<meta property=\"og:image:height\" content=\"1200\" \/>\n\t<meta property=\"og:image:type\" content=\"image\/jpeg\" \/>\n<meta name=\"twitter:card\" content=\"summary_large_image\" \/>\n<meta name=\"twitter:label1\" content=\"Est. reading time\" \/>\n\t<meta name=\"twitter:data1\" content=\"1 minut\" \/>\n<script type=\"application\/ld+json\" class=\"yoast-schema-graph\">{\"@context\":\"https:\\\/\\\/schema.org\",\"@graph\":[{\"@type\":\"WebPage\",\"@id\":\"https:\\\/\\\/armonti.eu\\\/et\\\/toode\\\/kampsun-2\\\/\",\"url\":\"https:\\\/\\\/armonti.eu\\\/et\\\/toode\\\/kampsun-2\\\/\",\"name\":\"Kampsun - R\u00f5ivapood ARMONTI\",\"isPartOf\":{\"@id\":\"https:\\\/\\\/armonti.eu\\\/#website\"},\"primaryImageOfPage\":{\"@id\":\"https:\\\/\\\/armonti.eu\\\/et\\\/toode\\\/kampsun-2\\\/#primaryimage\"},\"image\":{\"@id\":\"https:\\\/\\\/armonti.eu\\\/et\\\/toode\\\/kampsun-2\\\/#primaryimage\"},\"thumbnailUrl\":\"https:\\\/\\\/armonti.eu\\\/wp-content\\\/uploads\\\/2024\\\/09\\\/2-29.jpg\",\"datePublished\":\"2024-09-23T20:12:57+00:00\",\"dateModified\":\"2024-09-23T20:59:13+00:00\",\"description\":\"Mugav ja stiilne \u00fcmmarguse kaelusega kampsun. See kampsun on \u00fcllatavalt kerge ja soe, muutes selle ideaalseks valikuks k\u00fclmadeks p\u00e4evadeks.\",\"breadcrumb\":{\"@id\":\"https:\\\/\\\/armonti.eu\\\/et\\\/toode\\\/kampsun-2\\\/#breadcrumb\"},\"inLanguage\":\"et\",\"potentialAction\":[{\"@type\":\"ReadAction\",\"target\":[\"https:\\\/\\\/armonti.eu\\\/et\\\/toode\\\/kampsun-2\\\/\"]}]},{\"@type\":\"ImageObject\",\"inLanguage\":\"et\",\"@id\":\"https:\\\/\\\/armonti.eu\\\/et\\\/toode\\\/kampsun-2\\\/#primaryimage\",\"url\":\"https:\\\/\\\/armonti.eu\\\/wp-content\\\/uploads\\\/2024\\\/09\\\/2-29.jpg\",\"contentUrl\":\"https:\\\/\\\/armonti.eu\\\/wp-content\\\/uploads\\\/2024\\\/09\\\/2-29.jpg\",\"width\":900,\"height\":1200},{\"@type\":\"BreadcrumbList\",\"@id\":\"https:\\\/\\\/armonti.eu\\\/et\\\/toode\\\/kampsun-2\\\/#breadcrumb\",\"itemListElement\":[{\"@type\":\"ListItem\",\"position\":1,\"name\":\"\u0413\u043b\u0430\u0432\u043d\u0430\u044f\",\"item\":\"https:\\\/\\\/armonti.eu\\\/\"},{\"@type\":\"ListItem\",\"position\":2,\"name\":\"Shop\",\"item\":\"https:\\\/\\\/armonti.eu\\\/et\\\/shop\\\/\"},{\"@type\":\"ListItem\",\"position\":3,\"name\":\"UUDISED\",\"item\":\"https:\\\/\\\/armonti.eu\\\/et\\\/catalog\\\/novinki-et\\\/\"},{\"@type\":\"ListItem\",\"position\":4,\"name\":\"Kampsun\"}]},{\"@type\":\"WebSite\",\"@id\":\"https:\\\/\\\/armonti.eu\\\/#website\",\"url\":\"https:\\\/\\\/armonti.eu\\\/\",\"name\":\"ARMONTI\",\"description\":\"\",\"publisher\":{\"@id\":\"https:\\\/\\\/armonti.eu\\\/#organization\"},\"alternateName\":\"\u0416\u0435\u043d\u0441\u043a\u0430\u044f \u0431\u0440\u0435\u043d\u0434\u043e\u0432\u0430\u044f \u043e\u0434\u0435\u0436\u0434\u0430\",\"potentialAction\":[{\"@type\":\"SearchAction\",\"target\":{\"@type\":\"EntryPoint\",\"urlTemplate\":\"https:\\\/\\\/armonti.eu\\\/?s={search_term_string}\"},\"query-input\":{\"@type\":\"PropertyValueSpecification\",\"valueRequired\":true,\"valueName\":\"search_term_string\"}}],\"inLanguage\":\"et\"},{\"@type\":\"Organization\",\"@id\":\"https:\\\/\\\/armonti.eu\\\/#organization\",\"name\":\"ARMONTI\",\"alternateName\":\"\u0416\u0435\u043d\u0441\u043a\u0430\u044f \u0431\u0440\u0435\u043d\u0434\u043e\u0432\u0430\u044f \u043e\u0434\u0435\u0436\u0434\u0430\",\"url\":\"https:\\\/\\\/armonti.eu\\\/\",\"logo\":{\"@type\":\"ImageObject\",\"inLanguage\":\"et\",\"@id\":\"https:\\\/\\\/armonti.eu\\\/#\\\/schema\\\/logo\\\/image\\\/\",\"url\":\"https:\\\/\\\/armonti.eu\\\/wp-content\\\/uploads\\\/2023\\\/05\\\/armonti-logo-white.png\",\"contentUrl\":\"https:\\\/\\\/armonti.eu\\\/wp-content\\\/uploads\\\/2023\\\/05\\\/armonti-logo-white.png\",\"width\":2165,\"height\":554,\"caption\":\"ARMONTI\"},\"image\":{\"@id\":\"https:\\\/\\\/armonti.eu\\\/#\\\/schema\\\/logo\\\/image\\\/\"}}]}<\/script>\n<!-- \/ Yoast SEO plugin. -->","yoast_head_json":{"title":"Kampsun - R\u00f5ivapood ARMONTI","description":"Mugav ja stiilne \u00fcmmarguse kaelusega kampsun. See kampsun on \u00fcllatavalt kerge ja soe, muutes selle ideaalseks valikuks k\u00fclmadeks p\u00e4evadeks.","robots":{"index":"index","follow":"follow","max-snippet":"max-snippet:-1","max-image-preview":"max-image-preview:large","max-video-preview":"max-video-preview:-1"},"canonical":"https:\/\/armonti.eu\/et\/toode\/kampsun-2\/","og_locale":"et_EE","og_type":"article","og_title":"Kampsun - R\u00f5ivapood ARMONTI","og_description":"Mugav ja stiilne \u00fcmmarguse kaelusega kampsun. See kampsun on \u00fcllatavalt kerge ja soe, muutes selle ideaalseks valikuks k\u00fclmadeks p\u00e4evadeks.","og_url":"https:\/\/armonti.eu\/et\/toode\/kampsun-2\/","og_site_name":"\u041c\u0430\u0433\u0430\u0437\u0438\u043d \u043e\u0434\u0435\u0436\u0434\u044b ARMONTI","article_modified_time":"2024-09-23T20:59:13+00:00","og_image":[{"width":900,"height":1200,"url":"https:\/\/armonti.eu\/wp-content\/uploads\/2024\/09\/5-21.jpg","type":"image\/jpeg"}],"twitter_card":"summary_large_image","twitter_misc":{"Est. reading time":"1 minut"},"schema":{"@context":"https:\/\/schema.org","@graph":[{"@type":"WebPage","@id":"https:\/\/armonti.eu\/et\/toode\/kampsun-2\/","url":"https:\/\/armonti.eu\/et\/toode\/kampsun-2\/","name":"Kampsun - R\u00f5ivapood ARMONTI","isPartOf":{"@id":"https:\/\/armonti.eu\/#website"},"primaryImageOfPage":{"@id":"https:\/\/armonti.eu\/et\/toode\/kampsun-2\/#primaryimage"},"image":{"@id":"https:\/\/armonti.eu\/et\/toode\/kampsun-2\/#primaryimage"},"thumbnailUrl":"https:\/\/armonti.eu\/wp-content\/uploads\/2024\/09\/2-29.jpg","datePublished":"2024-09-23T20:12:57+00:00","dateModified":"2024-09-23T20:59:13+00:00","description":"Mugav ja stiilne \u00fcmmarguse kaelusega kampsun. See kampsun on \u00fcllatavalt kerge ja soe, muutes selle ideaalseks valikuks k\u00fclmadeks p\u00e4evadeks.","breadcrumb":{"@id":"https:\/\/armonti.eu\/et\/toode\/kampsun-2\/#breadcrumb"},"inLanguage":"et","potentialAction":[{"@type":"ReadAction","target":["https:\/\/armonti.eu\/et\/toode\/kampsun-2\/"]}]},{"@type":"ImageObject","inLanguage":"et","@id":"https:\/\/armonti.eu\/et\/toode\/kampsun-2\/#primaryimage","url":"https:\/\/armonti.eu\/wp-content\/uploads\/2024\/09\/2-29.jpg","contentUrl":"https:\/\/armonti.eu\/wp-content\/uploads\/2024\/09\/2-29.jpg","width":900,"height":1200},{"@type":"BreadcrumbList","@id":"https:\/\/armonti.eu\/et\/toode\/kampsun-2\/#breadcrumb","itemListElement":[{"@type":"ListItem","position":1,"name":"\u0413\u043b\u0430\u0432\u043d\u0430\u044f","item":"https:\/\/armonti.eu\/"},{"@type":"ListItem","position":2,"name":"Shop","item":"https:\/\/armonti.eu\/et\/shop\/"},{"@type":"ListItem","position":3,"name":"UUDISED","item":"https:\/\/armonti.eu\/et\/catalog\/novinki-et\/"},{"@type":"ListItem","position":4,"name":"Kampsun"}]},{"@type":"WebSite","@id":"https:\/\/armonti.eu\/#website","url":"https:\/\/armonti.eu\/","name":"ARMONTI","description":"","publisher":{"@id":"https:\/\/armonti.eu\/#organization"},"alternateName":"\u0416\u0435\u043d\u0441\u043a\u0430\u044f \u0431\u0440\u0435\u043d\u0434\u043e\u0432\u0430\u044f \u043e\u0434\u0435\u0436\u0434\u0430","potentialAction":[{"@type":"SearchAction","target":{"@type":"EntryPoint","urlTemplate":"https:\/\/armonti.eu\/?s={search_term_string}"},"query-input":{"@type":"PropertyValueSpecification","valueRequired":true,"valueName":"search_term_string"}}],"inLanguage":"et"},{"@type":"Organization","@id":"https:\/\/armonti.eu\/#organization","name":"ARMONTI","alternateName":"\u0416\u0435\u043d\u0441\u043a\u0430\u044f \u0431\u0440\u0435\u043d\u0434\u043e\u0432\u0430\u044f \u043e\u0434\u0435\u0436\u0434\u0430","url":"https:\/\/armonti.eu\/","logo":{"@type":"ImageObject","inLanguage":"et","@id":"https:\/\/armonti.eu\/#\/schema\/logo\/image\/","url":"https:\/\/armonti.eu\/wp-content\/uploads\/2023\/05\/armonti-logo-white.png","contentUrl":"https:\/\/armonti.eu\/wp-content\/uploads\/2023\/05\/armonti-logo-white.png","width":2165,"height":554,"caption":"ARMONTI"},"image":{"@id":"https:\/\/armonti.eu\/#\/schema\/logo\/image\/"}}]}},"_links":{"self":[{"href":"https:\/\/armonti.eu\/et\/wp-json\/wp\/v2\/product\/20041","targetHints":{"allow":["GET"]}}],"collection":[{"href":"https:\/\/armonti.eu\/et\/wp-json\/wp\/v2\/product"}],"about":[{"href":"https:\/\/armonti.eu\/et\/wp-json\/wp\/v2\/types\/product"}],"replies":[{"embeddable":true,"href":"https:\/\/armonti.eu\/et\/wp-json\/wp\/v2\/comments?post=20041"}],"wp:featuredmedia":[{"embeddable":true,"href":"https:\/\/armonti.eu\/et\/wp-json\/wp\/v2\/media\/24897"}],"wp:attachment":[{"href":"https:\/\/armonti.eu\/et\/wp-json\/wp\/v2\/media?parent=20041"}],"wp:term":[{"taxonomy":"product_brand","embeddable":true,"href":"https:\/\/armonti.eu\/et\/wp-json\/wp\/v2\/product_brand?post=20041"},{"taxonomy":"product_cat","embeddable":true,"href":"https:\/\/armonti.eu\/et\/wp-json\/wp\/v2\/product_cat?post=20041"},{"taxonomy":"product_tag","embeddable":true,"href":"https:\/\/armonti.eu\/et\/wp-json\/wp\/v2\/product_tag?post=20041"}],"curies":[{"name":"wp","href":"https:\/\/api.w.org\/{rel}","templated":true}]}}