{"id":19852,"date":"2024-09-17T16:03:28","date_gmt":"2024-09-17T13:03:28","guid":{"rendered":"https:\/\/armonti.eu\/?post_type=product&#038;p=19852"},"modified":"2026-04-11T15:08:24","modified_gmt":"2026-04-11T12:08:24","slug":"laienevad-soonilised-retuusid-2","status":"publish","type":"product","link":"https:\/\/armonti.eu\/et\/toode\/laienevad-soonilised-retuusid-2\/","title":{"rendered":"Laienevad soonilised retuusid"},"content":{"rendered":"<p>Tutvustame teile ARMONTI uut toodet \u2013 laienevad soonilised retuusid.<br \/>\nNeed on loodud spetsiaalselt teie mugavuse ja stiili huvides.<br \/>\nNeed retuusid sobivad ideaalselt igap\u00e4evaseks kandmiseks, \u00fchendades endas elegantsuse ja funktsionaalsuse.<\/p>\n<p>Unikaalsed l\u00f5iked: Spetsiaalselt meie tellimuse j\u00e4rgi loodud, et istuda ideaalselt ja r\u00f5hutada teie figuuri eeliseid.<br \/>\nK\u00f5rge v\u00f6\u00f6koht: Loob stiilse silueti ja tagab kindla toe, muutes teid enesekindlamaks.<br \/>\nMugav tekstuur: Pehme ribakudum annab retuusile erilise v\u00f5lu ja tagab mugavuse kandmisel.<br \/>\nNende laienevate soonilistega retuusitega loote kergesti moodsa v\u00e4limuse, mis sobib nii igap\u00e4evaseks kandmiseks kui ka aktiivseks puhkuseks.<br \/>\nT\u00e4iendage oma garderoobi ja nautige laitmatut stiili ja mugavust iga p\u00e4ev!<\/p>\n<p>H\u00e4sti istuvad, ei libise.<br \/>\nElastne v\u00f6\u00f6koht, v\u00e4ga venivad, sobivad pikale kasvule.<\/p>\n<p>M\u00e4rkus: Palun m\u00e4rkige oma tellimuse kommentaarides oma puusade, talje \u00fcmberm\u00f5\u00f5t ja pikkus. See aitab meil valida teile sobivaima suuruse.<\/p>\n<p>Artikel 3556-3<\/p>\n","protected":false},"excerpt":{"rendered":"<p><strong>Suurused<\/strong>: XS, S, M, L<br \/>\n<strong>V\u00e4rvid<\/strong>:\u00a0 bee\u017e<br \/>\n<strong>Pikkuse piki k\u00fclg\u00f5mt<\/strong>: 105-110 cblusm<br \/>\n<strong>Koostis<\/strong>: 85% pol\u00fcester, 15% elastaan<br \/>\n<strong>Sobivad pikkadele<\/strong><strong>: Ideaalne valik pikkadele naistele.<br \/>\n<strong>K\u00f5rge v\u00f6\u00f6koht<\/strong><\/strong>: R\u00f5hutab v\u00f6\u00f6koht ja loob pikliku silueti.<br \/>\n<strong>Hooldus<\/strong><strong>: Pleekitamine keelatud, \u00f5rn pesu 30\u00b0C juures<\/strong><\/p>\n","protected":false},"featured_media":19870,"comment_status":"open","ping_status":"closed","template":"","meta":[],"product_brand":[],"product_cat":[334,331,332],"product_tag":[],"class_list":{"0":"post-19852","1":"product","2":"type-product","3":"status-publish","4":"has-post-thumbnail","6":"product_cat-legginsy-tonkie-et","7":"product_cat-legginsy-et","8":"product_cat-rasprodazha-et","10":"first","11":"outofstock","12":"shipping-taxable","13":"product-type-variable"},"yoast_head":"<!-- This site is optimized with the Yoast SEO plugin v27.4 - https:\/\/yoast.com\/product\/yoast-seo-wordpress\/ -->\n<title>Laienevad soonilised retuusid - R\u00f5ivapood Armonti<\/title>\n<meta name=\"description\" content=\"Mugavad ja stiilsed naiste alt laienevad p\u00fcksid k\u00f5rge v\u00f6\u00f6kohaga. Elastne ja pehme kangas ei kortsu ega kaota kuju, tagades p\u00fckstele pika eluea\" \/>\n<meta name=\"robots\" content=\"index, follow, max-snippet:-1, max-image-preview:large, max-video-preview:-1\" \/>\n<link rel=\"canonical\" href=\"https:\/\/armonti.eu\/et\/toode\/laienevad-soonilised-retuusid-2\/\" \/>\n<meta property=\"og:locale\" content=\"et_EE\" \/>\n<meta property=\"og:type\" content=\"article\" \/>\n<meta property=\"og:title\" content=\"Laienevad soonilised retuusid - R\u00f5ivapood Armonti\" \/>\n<meta property=\"og:description\" content=\"T\u0451\u043f\u043b\u044b\u0435 \u043b\u0435\u0433\u0433\u0438\u043d\u0441\u044b \u0441 \u043f\u043b\u043e\u0442\u043d\u044b\u043c \u043c\u044f\u0433\u043a\u0438\u043c \u0444\u043b\u0438\u0441\u043e\u043c \u0438 \u0432\u044b\u0441\u043e\u043a\u043e\u0439 \u043f\u043e\u0441\u0430\u0434\u043a\u043e\u0439. \u0421 \u043e\u0434\u043d\u0438\u043c \u043f\u043b\u043e\u0441\u043a\u0438\u043c \u0448\u0432\u043e\u043c. \u041c\u043e\u0436\u043d\u043e \u043d\u043e\u0441\u0438\u0442\u044c \u0441 \u043a\u043e\u0440\u043e\u0442\u043a\u0438\u043c \u0434\u0436\u0435\u043c\u043f\u0435\u0440\u043e\u043c!\" \/>\n<meta property=\"og:url\" content=\"https:\/\/armonti.eu\/et\/toode\/laienevad-soonilised-retuusid-2\/\" \/>\n<meta property=\"og:site_name\" content=\"\u041c\u0430\u0433\u0430\u0437\u0438\u043d \u043e\u0434\u0435\u0436\u0434\u044b ARMONTI\" \/>\n<meta property=\"article:modified_time\" content=\"2026-04-11T12:08:24+00:00\" \/>\n<meta property=\"og:image\" content=\"https:\/\/armonti.eu\/wp-content\/uploads\/2024\/09\/7-10.jpg\" \/>\n\t<meta property=\"og:image:width\" content=\"900\" \/>\n\t<meta property=\"og:image:height\" content=\"1200\" \/>\n\t<meta property=\"og:image:type\" content=\"image\/jpeg\" \/>\n<meta name=\"twitter:card\" content=\"summary_large_image\" \/>\n<meta name=\"twitter:title\" content=\"Laienevad soonilised retuusid - \u041c\u0430\u0433\u0430\u0437\u0438\u043d \u043e\u0434\u0435\u0436\u0434\u044b ARMONTI\" \/>\n<meta name=\"twitter:description\" content=\"T\u0451\u043f\u043b\u044b\u0435 \u043b\u0435\u0433\u0433\u0438\u043d\u0441\u044b \u0441 \u043f\u043b\u043e\u0442\u043d\u044b\u043c \u043c\u044f\u0433\u043a\u0438\u043c \u0444\u043b\u0438\u0441\u043e\u043c \u0438 \u0432\u044b\u0441\u043e\u043a\u043e\u0439 \u043f\u043e\u0441\u0430\u0434\u043a\u043e\u0439. \u0421 \u043e\u0434\u043d\u0438\u043c \u043f\u043b\u043e\u0441\u043a\u0438\u043c \u0448\u0432\u043e\u043c. \u041c\u043e\u0436\u043d\u043e \u043d\u043e\u0441\u0438\u0442\u044c \u0441 \u043a\u043e\u0440\u043e\u0442\u043a\u0438\u043c \u0434\u0436\u0435\u043c\u043f\u0435\u0440\u043e\u043c!\" \/>\n<meta name=\"twitter:label1\" content=\"Est. reading time\" \/>\n\t<meta name=\"twitter:data1\" content=\"1 minut\" \/>\n<script type=\"application\/ld+json\" class=\"yoast-schema-graph\">{\"@context\":\"https:\\\/\\\/schema.org\",\"@graph\":[{\"@type\":\"WebPage\",\"@id\":\"https:\\\/\\\/armonti.eu\\\/et\\\/toode\\\/laienevad-soonilised-retuusid-2\\\/\",\"url\":\"https:\\\/\\\/armonti.eu\\\/et\\\/toode\\\/laienevad-soonilised-retuusid-2\\\/\",\"name\":\"Laienevad soonilised retuusid - R\u00f5ivapood Armonti\",\"isPartOf\":{\"@id\":\"https:\\\/\\\/armonti.eu\\\/#website\"},\"primaryImageOfPage\":{\"@id\":\"https:\\\/\\\/armonti.eu\\\/et\\\/toode\\\/laienevad-soonilised-retuusid-2\\\/#primaryimage\"},\"image\":{\"@id\":\"https:\\\/\\\/armonti.eu\\\/et\\\/toode\\\/laienevad-soonilised-retuusid-2\\\/#primaryimage\"},\"thumbnailUrl\":\"https:\\\/\\\/armonti.eu\\\/wp-content\\\/uploads\\\/2024\\\/09\\\/7-10.jpg\",\"datePublished\":\"2024-09-17T13:03:28+00:00\",\"dateModified\":\"2026-04-11T12:08:24+00:00\",\"description\":\"Mugavad ja stiilsed naiste alt laienevad p\u00fcksid k\u00f5rge v\u00f6\u00f6kohaga. Elastne ja pehme kangas ei kortsu ega kaota kuju, tagades p\u00fckstele pika eluea\",\"breadcrumb\":{\"@id\":\"https:\\\/\\\/armonti.eu\\\/et\\\/toode\\\/laienevad-soonilised-retuusid-2\\\/#breadcrumb\"},\"inLanguage\":\"et\",\"potentialAction\":[{\"@type\":\"ReadAction\",\"target\":[\"https:\\\/\\\/armonti.eu\\\/et\\\/toode\\\/laienevad-soonilised-retuusid-2\\\/\"]}]},{\"@type\":\"ImageObject\",\"inLanguage\":\"et\",\"@id\":\"https:\\\/\\\/armonti.eu\\\/et\\\/toode\\\/laienevad-soonilised-retuusid-2\\\/#primaryimage\",\"url\":\"https:\\\/\\\/armonti.eu\\\/wp-content\\\/uploads\\\/2024\\\/09\\\/7-10.jpg\",\"contentUrl\":\"https:\\\/\\\/armonti.eu\\\/wp-content\\\/uploads\\\/2024\\\/09\\\/7-10.jpg\",\"width\":900,\"height\":1200,\"caption\":\"\u041b\u0435\u0433\u0433\u0438\u043d\u0441\u044b \u0436\u0435\u043d\u0441\u043a\u0438\u0435\"},{\"@type\":\"BreadcrumbList\",\"@id\":\"https:\\\/\\\/armonti.eu\\\/et\\\/toode\\\/laienevad-soonilised-retuusid-2\\\/#breadcrumb\",\"itemListElement\":[{\"@type\":\"ListItem\",\"position\":1,\"name\":\"\u0413\u043b\u0430\u0432\u043d\u0430\u044f\",\"item\":\"https:\\\/\\\/armonti.eu\\\/\"},{\"@type\":\"ListItem\",\"position\":2,\"name\":\"Shop\",\"item\":\"https:\\\/\\\/armonti.eu\\\/et\\\/shop\\\/\"},{\"@type\":\"ListItem\",\"position\":3,\"name\":\"\u041e\u0434\u0435\u0436\u0434\u0430\",\"item\":\"https:\\\/\\\/armonti.eu\\\/catalog\\\/odezhda\\\/\"},{\"@type\":\"ListItem\",\"position\":4,\"name\":\"\u041b\u0435\u0433\u0433\u0438\u043d\u0441\u044b\",\"item\":\"https:\\\/\\\/armonti.eu\\\/catalog\\\/odezhda\\\/legginsy\\\/\"},{\"@type\":\"ListItem\",\"position\":5,\"name\":\"Laienevad soonilised retuusid\"}]},{\"@type\":\"WebSite\",\"@id\":\"https:\\\/\\\/armonti.eu\\\/#website\",\"url\":\"https:\\\/\\\/armonti.eu\\\/\",\"name\":\"ARMONTI\",\"description\":\"\",\"publisher\":{\"@id\":\"https:\\\/\\\/armonti.eu\\\/#organization\"},\"alternateName\":\"\u0416\u0435\u043d\u0441\u043a\u0430\u044f \u0431\u0440\u0435\u043d\u0434\u043e\u0432\u0430\u044f \u043e\u0434\u0435\u0436\u0434\u0430\",\"potentialAction\":[{\"@type\":\"SearchAction\",\"target\":{\"@type\":\"EntryPoint\",\"urlTemplate\":\"https:\\\/\\\/armonti.eu\\\/?s={search_term_string}\"},\"query-input\":{\"@type\":\"PropertyValueSpecification\",\"valueRequired\":true,\"valueName\":\"search_term_string\"}}],\"inLanguage\":\"et\"},{\"@type\":\"Organization\",\"@id\":\"https:\\\/\\\/armonti.eu\\\/#organization\",\"name\":\"ARMONTI\",\"alternateName\":\"\u0416\u0435\u043d\u0441\u043a\u0430\u044f \u0431\u0440\u0435\u043d\u0434\u043e\u0432\u0430\u044f \u043e\u0434\u0435\u0436\u0434\u0430\",\"url\":\"https:\\\/\\\/armonti.eu\\\/\",\"logo\":{\"@type\":\"ImageObject\",\"inLanguage\":\"et\",\"@id\":\"https:\\\/\\\/armonti.eu\\\/#\\\/schema\\\/logo\\\/image\\\/\",\"url\":\"https:\\\/\\\/armonti.eu\\\/wp-content\\\/uploads\\\/2023\\\/05\\\/armonti-logo-white.png\",\"contentUrl\":\"https:\\\/\\\/armonti.eu\\\/wp-content\\\/uploads\\\/2023\\\/05\\\/armonti-logo-white.png\",\"width\":2165,\"height\":554,\"caption\":\"ARMONTI\"},\"image\":{\"@id\":\"https:\\\/\\\/armonti.eu\\\/#\\\/schema\\\/logo\\\/image\\\/\"}}]}<\/script>\n<!-- \/ Yoast SEO plugin. -->","yoast_head_json":{"title":"Laienevad soonilised retuusid - R\u00f5ivapood Armonti","description":"Mugavad ja stiilsed naiste alt laienevad p\u00fcksid k\u00f5rge v\u00f6\u00f6kohaga. Elastne ja pehme kangas ei kortsu ega kaota kuju, tagades p\u00fckstele pika eluea","robots":{"index":"index","follow":"follow","max-snippet":"max-snippet:-1","max-image-preview":"max-image-preview:large","max-video-preview":"max-video-preview:-1"},"canonical":"https:\/\/armonti.eu\/et\/toode\/laienevad-soonilised-retuusid-2\/","og_locale":"et_EE","og_type":"article","og_title":"Laienevad soonilised retuusid - R\u00f5ivapood Armonti","og_description":"T\u0451\u043f\u043b\u044b\u0435 \u043b\u0435\u0433\u0433\u0438\u043d\u0441\u044b \u0441 \u043f\u043b\u043e\u0442\u043d\u044b\u043c \u043c\u044f\u0433\u043a\u0438\u043c \u0444\u043b\u0438\u0441\u043e\u043c \u0438 \u0432\u044b\u0441\u043e\u043a\u043e\u0439 \u043f\u043e\u0441\u0430\u0434\u043a\u043e\u0439. \u0421 \u043e\u0434\u043d\u0438\u043c \u043f\u043b\u043e\u0441\u043a\u0438\u043c \u0448\u0432\u043e\u043c. \u041c\u043e\u0436\u043d\u043e \u043d\u043e\u0441\u0438\u0442\u044c \u0441 \u043a\u043e\u0440\u043e\u0442\u043a\u0438\u043c \u0434\u0436\u0435\u043c\u043f\u0435\u0440\u043e\u043c!","og_url":"https:\/\/armonti.eu\/et\/toode\/laienevad-soonilised-retuusid-2\/","og_site_name":"\u041c\u0430\u0433\u0430\u0437\u0438\u043d \u043e\u0434\u0435\u0436\u0434\u044b ARMONTI","article_modified_time":"2026-04-11T12:08:24+00:00","og_image":[{"width":900,"height":1200,"url":"https:\/\/armonti.eu\/wp-content\/uploads\/2024\/09\/7-10.jpg","type":"image\/jpeg"}],"twitter_card":"summary_large_image","twitter_title":"Laienevad soonilised retuusid - \u041c\u0430\u0433\u0430\u0437\u0438\u043d \u043e\u0434\u0435\u0436\u0434\u044b ARMONTI","twitter_description":"T\u0451\u043f\u043b\u044b\u0435 \u043b\u0435\u0433\u0433\u0438\u043d\u0441\u044b \u0441 \u043f\u043b\u043e\u0442\u043d\u044b\u043c \u043c\u044f\u0433\u043a\u0438\u043c \u0444\u043b\u0438\u0441\u043e\u043c \u0438 \u0432\u044b\u0441\u043e\u043a\u043e\u0439 \u043f\u043e\u0441\u0430\u0434\u043a\u043e\u0439. \u0421 \u043e\u0434\u043d\u0438\u043c \u043f\u043b\u043e\u0441\u043a\u0438\u043c \u0448\u0432\u043e\u043c. \u041c\u043e\u0436\u043d\u043e \u043d\u043e\u0441\u0438\u0442\u044c \u0441 \u043a\u043e\u0440\u043e\u0442\u043a\u0438\u043c \u0434\u0436\u0435\u043c\u043f\u0435\u0440\u043e\u043c!","twitter_misc":{"Est. reading time":"1 minut"},"schema":{"@context":"https:\/\/schema.org","@graph":[{"@type":"WebPage","@id":"https:\/\/armonti.eu\/et\/toode\/laienevad-soonilised-retuusid-2\/","url":"https:\/\/armonti.eu\/et\/toode\/laienevad-soonilised-retuusid-2\/","name":"Laienevad soonilised retuusid - R\u00f5ivapood Armonti","isPartOf":{"@id":"https:\/\/armonti.eu\/#website"},"primaryImageOfPage":{"@id":"https:\/\/armonti.eu\/et\/toode\/laienevad-soonilised-retuusid-2\/#primaryimage"},"image":{"@id":"https:\/\/armonti.eu\/et\/toode\/laienevad-soonilised-retuusid-2\/#primaryimage"},"thumbnailUrl":"https:\/\/armonti.eu\/wp-content\/uploads\/2024\/09\/7-10.jpg","datePublished":"2024-09-17T13:03:28+00:00","dateModified":"2026-04-11T12:08:24+00:00","description":"Mugavad ja stiilsed naiste alt laienevad p\u00fcksid k\u00f5rge v\u00f6\u00f6kohaga. Elastne ja pehme kangas ei kortsu ega kaota kuju, tagades p\u00fckstele pika eluea","breadcrumb":{"@id":"https:\/\/armonti.eu\/et\/toode\/laienevad-soonilised-retuusid-2\/#breadcrumb"},"inLanguage":"et","potentialAction":[{"@type":"ReadAction","target":["https:\/\/armonti.eu\/et\/toode\/laienevad-soonilised-retuusid-2\/"]}]},{"@type":"ImageObject","inLanguage":"et","@id":"https:\/\/armonti.eu\/et\/toode\/laienevad-soonilised-retuusid-2\/#primaryimage","url":"https:\/\/armonti.eu\/wp-content\/uploads\/2024\/09\/7-10.jpg","contentUrl":"https:\/\/armonti.eu\/wp-content\/uploads\/2024\/09\/7-10.jpg","width":900,"height":1200,"caption":"\u041b\u0435\u0433\u0433\u0438\u043d\u0441\u044b \u0436\u0435\u043d\u0441\u043a\u0438\u0435"},{"@type":"BreadcrumbList","@id":"https:\/\/armonti.eu\/et\/toode\/laienevad-soonilised-retuusid-2\/#breadcrumb","itemListElement":[{"@type":"ListItem","position":1,"name":"\u0413\u043b\u0430\u0432\u043d\u0430\u044f","item":"https:\/\/armonti.eu\/"},{"@type":"ListItem","position":2,"name":"Shop","item":"https:\/\/armonti.eu\/et\/shop\/"},{"@type":"ListItem","position":3,"name":"\u041e\u0434\u0435\u0436\u0434\u0430","item":"https:\/\/armonti.eu\/catalog\/odezhda\/"},{"@type":"ListItem","position":4,"name":"\u041b\u0435\u0433\u0433\u0438\u043d\u0441\u044b","item":"https:\/\/armonti.eu\/catalog\/odezhda\/legginsy\/"},{"@type":"ListItem","position":5,"name":"Laienevad soonilised retuusid"}]},{"@type":"WebSite","@id":"https:\/\/armonti.eu\/#website","url":"https:\/\/armonti.eu\/","name":"ARMONTI","description":"","publisher":{"@id":"https:\/\/armonti.eu\/#organization"},"alternateName":"\u0416\u0435\u043d\u0441\u043a\u0430\u044f \u0431\u0440\u0435\u043d\u0434\u043e\u0432\u0430\u044f \u043e\u0434\u0435\u0436\u0434\u0430","potentialAction":[{"@type":"SearchAction","target":{"@type":"EntryPoint","urlTemplate":"https:\/\/armonti.eu\/?s={search_term_string}"},"query-input":{"@type":"PropertyValueSpecification","valueRequired":true,"valueName":"search_term_string"}}],"inLanguage":"et"},{"@type":"Organization","@id":"https:\/\/armonti.eu\/#organization","name":"ARMONTI","alternateName":"\u0416\u0435\u043d\u0441\u043a\u0430\u044f \u0431\u0440\u0435\u043d\u0434\u043e\u0432\u0430\u044f \u043e\u0434\u0435\u0436\u0434\u0430","url":"https:\/\/armonti.eu\/","logo":{"@type":"ImageObject","inLanguage":"et","@id":"https:\/\/armonti.eu\/#\/schema\/logo\/image\/","url":"https:\/\/armonti.eu\/wp-content\/uploads\/2023\/05\/armonti-logo-white.png","contentUrl":"https:\/\/armonti.eu\/wp-content\/uploads\/2023\/05\/armonti-logo-white.png","width":2165,"height":554,"caption":"ARMONTI"},"image":{"@id":"https:\/\/armonti.eu\/#\/schema\/logo\/image\/"}}]}},"_links":{"self":[{"href":"https:\/\/armonti.eu\/et\/wp-json\/wp\/v2\/product\/19852","targetHints":{"allow":["GET"]}}],"collection":[{"href":"https:\/\/armonti.eu\/et\/wp-json\/wp\/v2\/product"}],"about":[{"href":"https:\/\/armonti.eu\/et\/wp-json\/wp\/v2\/types\/product"}],"replies":[{"embeddable":true,"href":"https:\/\/armonti.eu\/et\/wp-json\/wp\/v2\/comments?post=19852"}],"wp:featuredmedia":[{"embeddable":true,"href":"https:\/\/armonti.eu\/et\/wp-json\/wp\/v2\/media\/19870"}],"wp:attachment":[{"href":"https:\/\/armonti.eu\/et\/wp-json\/wp\/v2\/media?parent=19852"}],"wp:term":[{"taxonomy":"product_brand","embeddable":true,"href":"https:\/\/armonti.eu\/et\/wp-json\/wp\/v2\/product_brand?post=19852"},{"taxonomy":"product_cat","embeddable":true,"href":"https:\/\/armonti.eu\/et\/wp-json\/wp\/v2\/product_cat?post=19852"},{"taxonomy":"product_tag","embeddable":true,"href":"https:\/\/armonti.eu\/et\/wp-json\/wp\/v2\/product_tag?post=19852"}],"curies":[{"name":"wp","href":"https:\/\/api.w.org\/{rel}","templated":true}]}}