{"id":19818,"date":"2024-09-16T11:49:08","date_gmt":"2024-09-16T08:49:08","guid":{"rendered":"https:\/\/armonti.eu\/product\/kootud-kostuum\/"},"modified":"2024-12-21T13:03:33","modified_gmt":"2024-12-21T10:03:33","slug":"kootud-kostuum","status":"publish","type":"product","link":"https:\/\/armonti.eu\/et\/toode\/kootud-kostuum\/","title":{"rendered":"Kootud kost\u00fc\u00fcm"},"content":{"rendered":"<p>ARMONTI kootud kost\u00fc\u00fcm: Elegants ja mugavus<\/p>\n<p>Sukeldu soojuse ja mugavuse maailma ARMONTI kootud kost\u00fc\u00fcmiga. See stiilne komplekt koosneb mugavatest, vaba l\u00f5ikega p\u00fckstest pehme kummiv\u00f6\u00f6ga ja k\u00f5rge kaelusega kampsunist, muutes selle ideaalseks valikuks jahedateks p\u00e4evadeks.<\/p>\n<p>Eelised:<br \/>\nK\u00f5rge kvaliteet: Kasutatud l\u00f5ngasegud tagavad suurep\u00e4rase soojusisolatsiooni ja vastupidavuse.<br \/>\nMoodne disain: Elegantne l\u00f5ige ja stiilsed detailid muudavad selle kost\u00fc\u00fcmi mitmek\u00fclgseks nii igap\u00e4evaseks kandmiseks kui ka erilisteks s\u00fcndmusteks.<br \/>\nMugavus esikohal: Pehme kampsun ja vabad p\u00fcksid tagavad maksimaalse mugavuse ja liikumisvabaduse.<br \/>\nT\u00e4ienda oma s\u00fcgis-talvist v\u00e4limust ARMONTI mantliga ja naudi stiili ja mugavuse harmooniat igal sammul!<\/p>\n<p><strong>Tellimuse vormistamisel m\u00e4rgi palun oma t\u00e4psed m\u00f5\u00f5dud (puusad, v\u00f6\u00f6koht ja pikkus), et saaksime sulle sobivaima suuruse valida.<\/p>\n<p>Artikkel 1004-1<\/p>\n","protected":false},"excerpt":{"rendered":"<p>Suurus: Universalne (\u00fcks suurus sobib k\u00f5igile)<br \/>\nKoostis: puuvill 70%, elastaan 20%, ka\u0161miir 10%<br \/>\nV\u00e4rv: Must<br \/>\nP\u00fckste pikkus: 104 cm<br \/>\nKampsuni pikkus: 73 cm<br \/>\nPuusa\u00fcmberm\u00f5\u00f5t: 95-118 cm<br \/>\nMudeli pikkus ja suurus: 169 cm, S (universalne suurus sobib S\/L suurustele)<br \/>\nH\u00e4sti veniv<\/p>\n","protected":false},"featured_media":19805,"comment_status":"open","ping_status":"closed","template":"","meta":[],"product_brand":[],"product_cat":[448,449,474],"product_tag":[],"class_list":{"0":"post-19818","1":"product","2":"type-product","3":"status-publish","4":"has-post-thumbnail","6":"product_cat-kudumi-trikotazkostuumid","7":"product_cat-pukskostuumid","8":"product_cat-kostyumy-et","10":"first","11":"outofstock","12":"shipping-taxable","13":"purchasable","14":"product-type-simple"},"yoast_head":"<!-- This site is optimized with the Yoast SEO plugin v27.4 - https:\/\/yoast.com\/product\/yoast-seo-wordpress\/ -->\n<title>Kootud kost\u00fc\u00fcm - R\u00f5ivapood ARMONTI<\/title>\n<meta name=\"description\" content=\"Kootud kost\u00fc\u00fcm koosneb mugavatest, vaba l\u00f5ikega p\u00fckstest ja k\u00f5rge kaelusega kampsunist, muutes selle ideaalseks valikuks jahedateks p\u00e4evadeks.\" \/>\n<meta name=\"robots\" content=\"index, follow, max-snippet:-1, max-image-preview:large, max-video-preview:-1\" \/>\n<link rel=\"canonical\" href=\"https:\/\/armonti.eu\/et\/toode\/kootud-kostuum\/\" \/>\n<meta property=\"og:locale\" content=\"et_EE\" \/>\n<meta property=\"og:type\" content=\"article\" \/>\n<meta property=\"og:title\" content=\"Kootud kost\u00fc\u00fcm - R\u00f5ivapood ARMONTI\" \/>\n<meta property=\"og:description\" content=\"\u0423\u044e\u0442\u043d\u044b\u0439 \u0438 \u0441\u0442\u0438\u043b\u044c\u043d\u044b\u0439, \u0442\u0435\u043f\u043b\u044b\u0439 \u0436\u0435\u043d\u0441\u043a\u0438\u0439 \u0432\u044f\u0437\u0430\u043d\u044b\u0439 \u043a\u043e\u0441\u0442\u044e\u043c - \u0438\u0434\u0435\u0430\u043b\u044c\u043d\u043e\u0435 \u0440\u0435\u0448\u0435\u043d\u0438\u0435 \u0434\u043b\u044f \u0445\u043e\u043b\u043e\u0434\u043d\u044b\u0445 \u0434\u043d\u0435\u0439! \u0421\u0434\u0435\u043b\u0430\u043d\u043d\u044b\u0439 \u0438\u0437 \u043c\u044f\u0433\u043a\u043e\u0433\u043e \u0438 \u043d\u0435\u0436\u043d\u043e\u0433\u043e \u0432\u044f\u0437\u0430\u043d\u043e\u0433\u043e \u0442\u0440\u0438\u043a\u043e\u0442\u0430\u0436\u0430, \u0441\u043e\u0441\u0442\u0430\u0432 \u0445\u043b\u043e\u043f\u043e\u043a 70%, \u044d\u043b\u0430\u0441\u0442\u0430\u043d 20% \u043a\u0430\u0448\u0438\u043c\u0438\u0440 10%, \u044d\u0442\u043e\u0442 \u043a\u043e\u0441\u0442\u044e\u043c \u043e\u0431\u0435\u0441\u043f\u0435\u0447\u0438\u0442 \u0432\u0430\u043c \u043a\u043e\u043c\u0444\u043e\u0440\u0442 \u0438 \u0442\u0435\u043f\u043b\u043e \u0432 \u043b\u044e\u0431\u043e\u0439 \u0441\u0438\u0442\u0443\u0430\u0446\u0438\u0438.\" \/>\n<meta property=\"og:url\" content=\"https:\/\/armonti.eu\/et\/toode\/kootud-kostuum\/\" \/>\n<meta property=\"og:site_name\" content=\"\u041c\u0430\u0433\u0430\u0437\u0438\u043d \u043e\u0434\u0435\u0436\u0434\u044b ARMONTI\" \/>\n<meta property=\"article:modified_time\" content=\"2024-12-21T10:03:33+00:00\" \/>\n<meta property=\"og:image\" content=\"https:\/\/armonti.eu\/wp-content\/uploads\/2024\/09\/17.jpg\" \/>\n\t<meta property=\"og:image:width\" content=\"900\" \/>\n\t<meta property=\"og:image:height\" content=\"1200\" \/>\n\t<meta property=\"og:image:type\" content=\"image\/jpeg\" \/>\n<meta name=\"twitter:card\" content=\"summary_large_image\" \/>\n<meta name=\"twitter:description\" content=\"\u0423\u044e\u0442\u043d\u044b\u0439 \u0438 \u0441\u0442\u0438\u043b\u044c\u043d\u044b\u0439, \u0442\u0435\u043f\u043b\u044b\u0439 \u0436\u0435\u043d\u0441\u043a\u0438\u0439 \u0432\u044f\u0437\u0430\u043d\u044b\u0439 \u043a\u043e\u0441\u0442\u044e\u043c - \u0438\u0434\u0435\u0430\u043b\u044c\u043d\u043e\u0435 \u0440\u0435\u0448\u0435\u043d\u0438\u0435 \u0434\u043b\u044f \u0445\u043e\u043b\u043e\u0434\u043d\u044b\u0445 \u0434\u043d\u0435\u0439! \u0421\u0434\u0435\u043b\u0430\u043d\u043d\u044b\u0439 \u0438\u0437 \u043c\u044f\u0433\u043a\u043e\u0433\u043e \u0438 \u043d\u0435\u0436\u043d\u043e\u0433\u043e \u0432\u044f\u0437\u0430\u043d\u043e\u0433\u043e \u0442\u0440\u0438\u043a\u043e\u0442\u0430\u0436\u0430, \u0441\u043e\u0441\u0442\u0430\u0432 \u0445\u043b\u043e\u043f\u043e\u043a 70%, \u044d\u043b\u0430\u0441\u0442\u0430\u043d 20% \u043a\u0430\u0448\u0438\u043c\u0438\u0440 10%, \u044d\u0442\u043e\u0442 \u043a\u043e\u0441\u0442\u044e\u043c \u043e\u0431\u0435\u0441\u043f\u0435\u0447\u0438\u0442 \u0432\u0430\u043c \u043a\u043e\u043c\u0444\u043e\u0440\u0442 \u0438 \u0442\u0435\u043f\u043b\u043e \u0432 \u043b\u044e\u0431\u043e\u0439 \u0441\u0438\u0442\u0443\u0430\u0446\u0438\u0438.\" \/>\n<meta name=\"twitter:label1\" content=\"Est. reading time\" \/>\n\t<meta name=\"twitter:data1\" content=\"1 minut\" \/>\n<script type=\"application\/ld+json\" class=\"yoast-schema-graph\">{\"@context\":\"https:\\\/\\\/schema.org\",\"@graph\":[{\"@type\":\"WebPage\",\"@id\":\"https:\\\/\\\/armonti.eu\\\/et\\\/toode\\\/kootud-kostuum\\\/\",\"url\":\"https:\\\/\\\/armonti.eu\\\/et\\\/toode\\\/kootud-kostuum\\\/\",\"name\":\"Kootud kost\u00fc\u00fcm - R\u00f5ivapood ARMONTI\",\"isPartOf\":{\"@id\":\"https:\\\/\\\/armonti.eu\\\/#website\"},\"primaryImageOfPage\":{\"@id\":\"https:\\\/\\\/armonti.eu\\\/et\\\/toode\\\/kootud-kostuum\\\/#primaryimage\"},\"image\":{\"@id\":\"https:\\\/\\\/armonti.eu\\\/et\\\/toode\\\/kootud-kostuum\\\/#primaryimage\"},\"thumbnailUrl\":\"https:\\\/\\\/armonti.eu\\\/wp-content\\\/uploads\\\/2024\\\/09\\\/17.jpg\",\"datePublished\":\"2024-09-16T08:49:08+00:00\",\"dateModified\":\"2024-12-21T10:03:33+00:00\",\"description\":\"Kootud kost\u00fc\u00fcm koosneb mugavatest, vaba l\u00f5ikega p\u00fckstest ja k\u00f5rge kaelusega kampsunist, muutes selle ideaalseks valikuks jahedateks p\u00e4evadeks.\",\"breadcrumb\":{\"@id\":\"https:\\\/\\\/armonti.eu\\\/et\\\/toode\\\/kootud-kostuum\\\/#breadcrumb\"},\"inLanguage\":\"et\",\"potentialAction\":[{\"@type\":\"ReadAction\",\"target\":[\"https:\\\/\\\/armonti.eu\\\/et\\\/toode\\\/kootud-kostuum\\\/\"]}]},{\"@type\":\"ImageObject\",\"inLanguage\":\"et\",\"@id\":\"https:\\\/\\\/armonti.eu\\\/et\\\/toode\\\/kootud-kostuum\\\/#primaryimage\",\"url\":\"https:\\\/\\\/armonti.eu\\\/wp-content\\\/uploads\\\/2024\\\/09\\\/17.jpg\",\"contentUrl\":\"https:\\\/\\\/armonti.eu\\\/wp-content\\\/uploads\\\/2024\\\/09\\\/17.jpg\",\"width\":900,\"height\":1200,\"caption\":\"Naiste kudumkomplekt\"},{\"@type\":\"BreadcrumbList\",\"@id\":\"https:\\\/\\\/armonti.eu\\\/et\\\/toode\\\/kootud-kostuum\\\/#breadcrumb\",\"itemListElement\":[{\"@type\":\"ListItem\",\"position\":1,\"name\":\"\u0413\u043b\u0430\u0432\u043d\u0430\u044f\",\"item\":\"https:\\\/\\\/armonti.eu\\\/\"},{\"@type\":\"ListItem\",\"position\":2,\"name\":\"Shop\",\"item\":\"https:\\\/\\\/armonti.eu\\\/et\\\/shop\\\/\"},{\"@type\":\"ListItem\",\"position\":3,\"name\":\"UUDISED\",\"item\":\"https:\\\/\\\/armonti.eu\\\/et\\\/catalog\\\/novinki-et\\\/\"},{\"@type\":\"ListItem\",\"position\":4,\"name\":\"Kootud kost\u00fc\u00fcm\"}]},{\"@type\":\"WebSite\",\"@id\":\"https:\\\/\\\/armonti.eu\\\/#website\",\"url\":\"https:\\\/\\\/armonti.eu\\\/\",\"name\":\"ARMONTI\",\"description\":\"\",\"publisher\":{\"@id\":\"https:\\\/\\\/armonti.eu\\\/#organization\"},\"alternateName\":\"\u0416\u0435\u043d\u0441\u043a\u0430\u044f \u0431\u0440\u0435\u043d\u0434\u043e\u0432\u0430\u044f \u043e\u0434\u0435\u0436\u0434\u0430\",\"potentialAction\":[{\"@type\":\"SearchAction\",\"target\":{\"@type\":\"EntryPoint\",\"urlTemplate\":\"https:\\\/\\\/armonti.eu\\\/?s={search_term_string}\"},\"query-input\":{\"@type\":\"PropertyValueSpecification\",\"valueRequired\":true,\"valueName\":\"search_term_string\"}}],\"inLanguage\":\"et\"},{\"@type\":\"Organization\",\"@id\":\"https:\\\/\\\/armonti.eu\\\/#organization\",\"name\":\"ARMONTI\",\"alternateName\":\"\u0416\u0435\u043d\u0441\u043a\u0430\u044f \u0431\u0440\u0435\u043d\u0434\u043e\u0432\u0430\u044f \u043e\u0434\u0435\u0436\u0434\u0430\",\"url\":\"https:\\\/\\\/armonti.eu\\\/\",\"logo\":{\"@type\":\"ImageObject\",\"inLanguage\":\"et\",\"@id\":\"https:\\\/\\\/armonti.eu\\\/#\\\/schema\\\/logo\\\/image\\\/\",\"url\":\"https:\\\/\\\/armonti.eu\\\/wp-content\\\/uploads\\\/2023\\\/05\\\/armonti-logo-white.png\",\"contentUrl\":\"https:\\\/\\\/armonti.eu\\\/wp-content\\\/uploads\\\/2023\\\/05\\\/armonti-logo-white.png\",\"width\":2165,\"height\":554,\"caption\":\"ARMONTI\"},\"image\":{\"@id\":\"https:\\\/\\\/armonti.eu\\\/#\\\/schema\\\/logo\\\/image\\\/\"}}]}<\/script>\n<!-- \/ Yoast SEO plugin. -->","yoast_head_json":{"title":"Kootud kost\u00fc\u00fcm - R\u00f5ivapood ARMONTI","description":"Kootud kost\u00fc\u00fcm koosneb mugavatest, vaba l\u00f5ikega p\u00fckstest ja k\u00f5rge kaelusega kampsunist, muutes selle ideaalseks valikuks jahedateks p\u00e4evadeks.","robots":{"index":"index","follow":"follow","max-snippet":"max-snippet:-1","max-image-preview":"max-image-preview:large","max-video-preview":"max-video-preview:-1"},"canonical":"https:\/\/armonti.eu\/et\/toode\/kootud-kostuum\/","og_locale":"et_EE","og_type":"article","og_title":"Kootud kost\u00fc\u00fcm - R\u00f5ivapood ARMONTI","og_description":"\u0423\u044e\u0442\u043d\u044b\u0439 \u0438 \u0441\u0442\u0438\u043b\u044c\u043d\u044b\u0439, \u0442\u0435\u043f\u043b\u044b\u0439 \u0436\u0435\u043d\u0441\u043a\u0438\u0439 \u0432\u044f\u0437\u0430\u043d\u044b\u0439 \u043a\u043e\u0441\u0442\u044e\u043c - \u0438\u0434\u0435\u0430\u043b\u044c\u043d\u043e\u0435 \u0440\u0435\u0448\u0435\u043d\u0438\u0435 \u0434\u043b\u044f \u0445\u043e\u043b\u043e\u0434\u043d\u044b\u0445 \u0434\u043d\u0435\u0439! \u0421\u0434\u0435\u043b\u0430\u043d\u043d\u044b\u0439 \u0438\u0437 \u043c\u044f\u0433\u043a\u043e\u0433\u043e \u0438 \u043d\u0435\u0436\u043d\u043e\u0433\u043e \u0432\u044f\u0437\u0430\u043d\u043e\u0433\u043e \u0442\u0440\u0438\u043a\u043e\u0442\u0430\u0436\u0430, \u0441\u043e\u0441\u0442\u0430\u0432 \u0445\u043b\u043e\u043f\u043e\u043a 70%, \u044d\u043b\u0430\u0441\u0442\u0430\u043d 20% \u043a\u0430\u0448\u0438\u043c\u0438\u0440 10%, \u044d\u0442\u043e\u0442 \u043a\u043e\u0441\u0442\u044e\u043c \u043e\u0431\u0435\u0441\u043f\u0435\u0447\u0438\u0442 \u0432\u0430\u043c \u043a\u043e\u043c\u0444\u043e\u0440\u0442 \u0438 \u0442\u0435\u043f\u043b\u043e \u0432 \u043b\u044e\u0431\u043e\u0439 \u0441\u0438\u0442\u0443\u0430\u0446\u0438\u0438.","og_url":"https:\/\/armonti.eu\/et\/toode\/kootud-kostuum\/","og_site_name":"\u041c\u0430\u0433\u0430\u0437\u0438\u043d \u043e\u0434\u0435\u0436\u0434\u044b ARMONTI","article_modified_time":"2024-12-21T10:03:33+00:00","og_image":[{"width":900,"height":1200,"url":"https:\/\/armonti.eu\/wp-content\/uploads\/2024\/09\/17.jpg","type":"image\/jpeg"}],"twitter_card":"summary_large_image","twitter_description":"\u0423\u044e\u0442\u043d\u044b\u0439 \u0438 \u0441\u0442\u0438\u043b\u044c\u043d\u044b\u0439, \u0442\u0435\u043f\u043b\u044b\u0439 \u0436\u0435\u043d\u0441\u043a\u0438\u0439 \u0432\u044f\u0437\u0430\u043d\u044b\u0439 \u043a\u043e\u0441\u0442\u044e\u043c - \u0438\u0434\u0435\u0430\u043b\u044c\u043d\u043e\u0435 \u0440\u0435\u0448\u0435\u043d\u0438\u0435 \u0434\u043b\u044f \u0445\u043e\u043b\u043e\u0434\u043d\u044b\u0445 \u0434\u043d\u0435\u0439! \u0421\u0434\u0435\u043b\u0430\u043d\u043d\u044b\u0439 \u0438\u0437 \u043c\u044f\u0433\u043a\u043e\u0433\u043e \u0438 \u043d\u0435\u0436\u043d\u043e\u0433\u043e \u0432\u044f\u0437\u0430\u043d\u043e\u0433\u043e \u0442\u0440\u0438\u043a\u043e\u0442\u0430\u0436\u0430, \u0441\u043e\u0441\u0442\u0430\u0432 \u0445\u043b\u043e\u043f\u043e\u043a 70%, \u044d\u043b\u0430\u0441\u0442\u0430\u043d 20% \u043a\u0430\u0448\u0438\u043c\u0438\u0440 10%, \u044d\u0442\u043e\u0442 \u043a\u043e\u0441\u0442\u044e\u043c \u043e\u0431\u0435\u0441\u043f\u0435\u0447\u0438\u0442 \u0432\u0430\u043c \u043a\u043e\u043c\u0444\u043e\u0440\u0442 \u0438 \u0442\u0435\u043f\u043b\u043e \u0432 \u043b\u044e\u0431\u043e\u0439 \u0441\u0438\u0442\u0443\u0430\u0446\u0438\u0438.","twitter_misc":{"Est. reading time":"1 minut"},"schema":{"@context":"https:\/\/schema.org","@graph":[{"@type":"WebPage","@id":"https:\/\/armonti.eu\/et\/toode\/kootud-kostuum\/","url":"https:\/\/armonti.eu\/et\/toode\/kootud-kostuum\/","name":"Kootud kost\u00fc\u00fcm - R\u00f5ivapood ARMONTI","isPartOf":{"@id":"https:\/\/armonti.eu\/#website"},"primaryImageOfPage":{"@id":"https:\/\/armonti.eu\/et\/toode\/kootud-kostuum\/#primaryimage"},"image":{"@id":"https:\/\/armonti.eu\/et\/toode\/kootud-kostuum\/#primaryimage"},"thumbnailUrl":"https:\/\/armonti.eu\/wp-content\/uploads\/2024\/09\/17.jpg","datePublished":"2024-09-16T08:49:08+00:00","dateModified":"2024-12-21T10:03:33+00:00","description":"Kootud kost\u00fc\u00fcm koosneb mugavatest, vaba l\u00f5ikega p\u00fckstest ja k\u00f5rge kaelusega kampsunist, muutes selle ideaalseks valikuks jahedateks p\u00e4evadeks.","breadcrumb":{"@id":"https:\/\/armonti.eu\/et\/toode\/kootud-kostuum\/#breadcrumb"},"inLanguage":"et","potentialAction":[{"@type":"ReadAction","target":["https:\/\/armonti.eu\/et\/toode\/kootud-kostuum\/"]}]},{"@type":"ImageObject","inLanguage":"et","@id":"https:\/\/armonti.eu\/et\/toode\/kootud-kostuum\/#primaryimage","url":"https:\/\/armonti.eu\/wp-content\/uploads\/2024\/09\/17.jpg","contentUrl":"https:\/\/armonti.eu\/wp-content\/uploads\/2024\/09\/17.jpg","width":900,"height":1200,"caption":"Naiste kudumkomplekt"},{"@type":"BreadcrumbList","@id":"https:\/\/armonti.eu\/et\/toode\/kootud-kostuum\/#breadcrumb","itemListElement":[{"@type":"ListItem","position":1,"name":"\u0413\u043b\u0430\u0432\u043d\u0430\u044f","item":"https:\/\/armonti.eu\/"},{"@type":"ListItem","position":2,"name":"Shop","item":"https:\/\/armonti.eu\/et\/shop\/"},{"@type":"ListItem","position":3,"name":"UUDISED","item":"https:\/\/armonti.eu\/et\/catalog\/novinki-et\/"},{"@type":"ListItem","position":4,"name":"Kootud kost\u00fc\u00fcm"}]},{"@type":"WebSite","@id":"https:\/\/armonti.eu\/#website","url":"https:\/\/armonti.eu\/","name":"ARMONTI","description":"","publisher":{"@id":"https:\/\/armonti.eu\/#organization"},"alternateName":"\u0416\u0435\u043d\u0441\u043a\u0430\u044f \u0431\u0440\u0435\u043d\u0434\u043e\u0432\u0430\u044f \u043e\u0434\u0435\u0436\u0434\u0430","potentialAction":[{"@type":"SearchAction","target":{"@type":"EntryPoint","urlTemplate":"https:\/\/armonti.eu\/?s={search_term_string}"},"query-input":{"@type":"PropertyValueSpecification","valueRequired":true,"valueName":"search_term_string"}}],"inLanguage":"et"},{"@type":"Organization","@id":"https:\/\/armonti.eu\/#organization","name":"ARMONTI","alternateName":"\u0416\u0435\u043d\u0441\u043a\u0430\u044f \u0431\u0440\u0435\u043d\u0434\u043e\u0432\u0430\u044f \u043e\u0434\u0435\u0436\u0434\u0430","url":"https:\/\/armonti.eu\/","logo":{"@type":"ImageObject","inLanguage":"et","@id":"https:\/\/armonti.eu\/#\/schema\/logo\/image\/","url":"https:\/\/armonti.eu\/wp-content\/uploads\/2023\/05\/armonti-logo-white.png","contentUrl":"https:\/\/armonti.eu\/wp-content\/uploads\/2023\/05\/armonti-logo-white.png","width":2165,"height":554,"caption":"ARMONTI"},"image":{"@id":"https:\/\/armonti.eu\/#\/schema\/logo\/image\/"}}]}},"_links":{"self":[{"href":"https:\/\/armonti.eu\/et\/wp-json\/wp\/v2\/product\/19818","targetHints":{"allow":["GET"]}}],"collection":[{"href":"https:\/\/armonti.eu\/et\/wp-json\/wp\/v2\/product"}],"about":[{"href":"https:\/\/armonti.eu\/et\/wp-json\/wp\/v2\/types\/product"}],"replies":[{"embeddable":true,"href":"https:\/\/armonti.eu\/et\/wp-json\/wp\/v2\/comments?post=19818"}],"wp:featuredmedia":[{"embeddable":true,"href":"https:\/\/armonti.eu\/et\/wp-json\/wp\/v2\/media\/19805"}],"wp:attachment":[{"href":"https:\/\/armonti.eu\/et\/wp-json\/wp\/v2\/media?parent=19818"}],"wp:term":[{"taxonomy":"product_brand","embeddable":true,"href":"https:\/\/armonti.eu\/et\/wp-json\/wp\/v2\/product_brand?post=19818"},{"taxonomy":"product_cat","embeddable":true,"href":"https:\/\/armonti.eu\/et\/wp-json\/wp\/v2\/product_cat?post=19818"},{"taxonomy":"product_tag","embeddable":true,"href":"https:\/\/armonti.eu\/et\/wp-json\/wp\/v2\/product_tag?post=19818"}],"curies":[{"name":"wp","href":"https:\/\/api.w.org\/{rel}","templated":true}]}}