{"id":18438,"date":"2024-05-16T13:01:33","date_gmt":"2024-05-16T10:01:33","guid":{"rendered":"https:\/\/armonti.eu\/product\/midi-kleit\/"},"modified":"2024-08-14T11:09:52","modified_gmt":"2024-08-14T08:09:52","slug":"midi-kleit","status":"publish","type":"product","link":"https:\/\/armonti.eu\/et\/toode\/midi-kleit\/","title":{"rendered":"Midi-kleit"},"content":{"rendered":"<p>Kerge, pikkade varrukatega maksikleit V-kaeluse ja n\u00f6\u00f6pidega, elastse v\u00f6\u00f6kohaga.<br \/>\n\u00dcks suurus sobib rindkere \u00fcmberm\u00f5\u00f5dule kuni 100 cm, talje \u00fcmberm\u00f5\u00f5dule kuni 90 cm, puusade \u00fcmberm\u00f5\u00f5dule kuni 130 cm, pikkus 136 cm.<br \/>\nSobib suurustele S-L.<\/p>\n<p>M\u00f5\u00f5tudes v\u00f5ib esineda 1-2 cm k\u00f5rvalekalle, eriti trikootoodete puhul. <\/p>\n<p>Triigimine 110\u00b0C juures, pleegitamine keelatud, \u00f5rn pesu 30\u00b0C juures. T\u00e4ienda oma stiili, tutvu meie teiste toodetega! Artikkel 1005.<\/p>\n<p><strong>Tellimuse vormistamisel m\u00e4rgi palun oma t\u00e4psed m\u00f5\u00f5dud (puusad, v\u00f6\u00f6koht ja pikkus), et saaksime sulle sobivaima suuruse valida.<br \/>\nToode on saadaval nii poes kui ka veebipoes!<\/strong><\/p>\n<p>Artikkel 1005<\/p>\n","protected":false},"excerpt":{"rendered":"<p><strong><\/strong>Suurus: Universaalne suurus<br \/>\n<strong>V\u00e4rv:<\/strong> Valge<br \/>\n<strong>Toote pikkus: 136 cm<br \/>\nKoostis: 80% viskoos, 20% pol\u00fcester<br \/>\nMudeli pikkus ja suurus: 169 cm, S<br \/>\nSee toode on saadaval nii poes kui ka veebipoes!<\/p>\n","protected":false},"featured_media":17998,"comment_status":"open","ping_status":"closed","template":"","meta":[],"product_brand":[],"product_cat":[457,461,460],"product_tag":[],"class_list":{"0":"post-18438","1":"product","2":"type-product","3":"status-publish","4":"has-post-thumbnail","6":"product_cat-kledidid","7":"product_cat-pikade-varrukatega-kleidid","8":"product_cat-suvekleidid","10":"first","11":"instock","12":"shipping-taxable","13":"purchasable","14":"product-type-variable"},"yoast_head":"<!-- This site is optimized with the Yoast SEO plugin v27.4 - https:\/\/yoast.com\/product\/yoast-seo-wordpress\/ -->\n<title>Midi-kleit - R\u00f5ivapood ARMONTI<\/title>\n<meta name=\"description\" content=\"Midi-kleit. Kerge, pikkade varrukatega maksikleit V-kaeluse ja n\u00f6\u00f6pidega, elastse v\u00f6\u00f6kohaga.\" \/>\n<meta name=\"robots\" content=\"index, follow, max-snippet:-1, max-image-preview:large, max-video-preview:-1\" \/>\n<link rel=\"canonical\" href=\"https:\/\/armonti.eu\/et\/toode\/midi-kleit\/\" \/>\n<meta property=\"og:locale\" content=\"et_EE\" \/>\n<meta property=\"og:type\" content=\"article\" \/>\n<meta property=\"og:title\" content=\"Midi-kleit - R\u00f5ivapood ARMONTI\" \/>\n<meta property=\"og:description\" content=\"Midi-kleit. Kerge, pikkade varrukatega maksikleit V-kaeluse ja n\u00f6\u00f6pidega, elastse v\u00f6\u00f6kohaga.\" \/>\n<meta property=\"og:url\" content=\"https:\/\/armonti.eu\/et\/toode\/midi-kleit\/\" \/>\n<meta property=\"og:site_name\" content=\"\u041c\u0430\u0433\u0430\u0437\u0438\u043d \u043e\u0434\u0435\u0436\u0434\u044b ARMONTI\" \/>\n<meta property=\"article:modified_time\" content=\"2024-08-14T08:09:52+00:00\" \/>\n<meta property=\"og:image\" content=\"https:\/\/armonti.eu\/wp-content\/uploads\/2024\/05\/4.jpg\" \/>\n\t<meta property=\"og:image:width\" content=\"800\" \/>\n\t<meta property=\"og:image:height\" content=\"1067\" \/>\n\t<meta property=\"og:image:type\" content=\"image\/jpeg\" \/>\n<meta name=\"twitter:card\" content=\"summary_large_image\" \/>\n<meta name=\"twitter:label1\" content=\"Est. reading time\" \/>\n\t<meta name=\"twitter:data1\" content=\"1 minut\" \/>\n<script type=\"application\/ld+json\" class=\"yoast-schema-graph\">{\"@context\":\"https:\\\/\\\/schema.org\",\"@graph\":[{\"@type\":\"WebPage\",\"@id\":\"https:\\\/\\\/armonti.eu\\\/et\\\/toode\\\/midi-kleit\\\/\",\"url\":\"https:\\\/\\\/armonti.eu\\\/et\\\/toode\\\/midi-kleit\\\/\",\"name\":\"Midi-kleit - R\u00f5ivapood ARMONTI\",\"isPartOf\":{\"@id\":\"https:\\\/\\\/armonti.eu\\\/#website\"},\"primaryImageOfPage\":{\"@id\":\"https:\\\/\\\/armonti.eu\\\/et\\\/toode\\\/midi-kleit\\\/#primaryimage\"},\"image\":{\"@id\":\"https:\\\/\\\/armonti.eu\\\/et\\\/toode\\\/midi-kleit\\\/#primaryimage\"},\"thumbnailUrl\":\"https:\\\/\\\/armonti.eu\\\/wp-content\\\/uploads\\\/2024\\\/05\\\/4.jpg\",\"datePublished\":\"2024-05-16T10:01:33+00:00\",\"dateModified\":\"2024-08-14T08:09:52+00:00\",\"description\":\"Midi-kleit. Kerge, pikkade varrukatega maksikleit V-kaeluse ja n\u00f6\u00f6pidega, elastse v\u00f6\u00f6kohaga.\",\"breadcrumb\":{\"@id\":\"https:\\\/\\\/armonti.eu\\\/et\\\/toode\\\/midi-kleit\\\/#breadcrumb\"},\"inLanguage\":\"et\",\"potentialAction\":[{\"@type\":\"ReadAction\",\"target\":[\"https:\\\/\\\/armonti.eu\\\/et\\\/toode\\\/midi-kleit\\\/\"]}]},{\"@type\":\"ImageObject\",\"inLanguage\":\"et\",\"@id\":\"https:\\\/\\\/armonti.eu\\\/et\\\/toode\\\/midi-kleit\\\/#primaryimage\",\"url\":\"https:\\\/\\\/armonti.eu\\\/wp-content\\\/uploads\\\/2024\\\/05\\\/4.jpg\",\"contentUrl\":\"https:\\\/\\\/armonti.eu\\\/wp-content\\\/uploads\\\/2024\\\/05\\\/4.jpg\",\"width\":800,\"height\":1067,\"caption\":\"Naiste suvine midi-kleit\"},{\"@type\":\"BreadcrumbList\",\"@id\":\"https:\\\/\\\/armonti.eu\\\/et\\\/toode\\\/midi-kleit\\\/#breadcrumb\",\"itemListElement\":[{\"@type\":\"ListItem\",\"position\":1,\"name\":\"\u0413\u043b\u0430\u0432\u043d\u0430\u044f\",\"item\":\"https:\\\/\\\/armonti.eu\\\/\"},{\"@type\":\"ListItem\",\"position\":2,\"name\":\"Shop\",\"item\":\"https:\\\/\\\/armonti.eu\\\/et\\\/shop\\\/\"},{\"@type\":\"ListItem\",\"position\":3,\"name\":\"\u041e\u0434\u0435\u0436\u0434\u0430\",\"item\":\"https:\\\/\\\/armonti.eu\\\/catalog\\\/odezhda\\\/\"},{\"@type\":\"ListItem\",\"position\":4,\"name\":\"\u041f\u043b\u0430\u0442\u044c\u044f\",\"item\":\"https:\\\/\\\/armonti.eu\\\/catalog\\\/odezhda\\\/platya-odezhda\\\/\"},{\"@type\":\"ListItem\",\"position\":5,\"name\":\"\u041b\u0435\u0442\u043d\u0438\u0435 \u043f\u043b\u0430\u0442\u044c\u044f\",\"item\":\"https:\\\/\\\/armonti.eu\\\/catalog\\\/odezhda\\\/platya-odezhda\\\/letnie-platya\\\/\"},{\"@type\":\"ListItem\",\"position\":6,\"name\":\"Midi-kleit\"}]},{\"@type\":\"WebSite\",\"@id\":\"https:\\\/\\\/armonti.eu\\\/#website\",\"url\":\"https:\\\/\\\/armonti.eu\\\/\",\"name\":\"ARMONTI\",\"description\":\"\",\"publisher\":{\"@id\":\"https:\\\/\\\/armonti.eu\\\/#organization\"},\"alternateName\":\"\u0416\u0435\u043d\u0441\u043a\u0430\u044f \u0431\u0440\u0435\u043d\u0434\u043e\u0432\u0430\u044f \u043e\u0434\u0435\u0436\u0434\u0430\",\"potentialAction\":[{\"@type\":\"SearchAction\",\"target\":{\"@type\":\"EntryPoint\",\"urlTemplate\":\"https:\\\/\\\/armonti.eu\\\/?s={search_term_string}\"},\"query-input\":{\"@type\":\"PropertyValueSpecification\",\"valueRequired\":true,\"valueName\":\"search_term_string\"}}],\"inLanguage\":\"et\"},{\"@type\":\"Organization\",\"@id\":\"https:\\\/\\\/armonti.eu\\\/#organization\",\"name\":\"ARMONTI\",\"alternateName\":\"\u0416\u0435\u043d\u0441\u043a\u0430\u044f \u0431\u0440\u0435\u043d\u0434\u043e\u0432\u0430\u044f \u043e\u0434\u0435\u0436\u0434\u0430\",\"url\":\"https:\\\/\\\/armonti.eu\\\/\",\"logo\":{\"@type\":\"ImageObject\",\"inLanguage\":\"et\",\"@id\":\"https:\\\/\\\/armonti.eu\\\/#\\\/schema\\\/logo\\\/image\\\/\",\"url\":\"https:\\\/\\\/armonti.eu\\\/wp-content\\\/uploads\\\/2023\\\/05\\\/armonti-logo-white.png\",\"contentUrl\":\"https:\\\/\\\/armonti.eu\\\/wp-content\\\/uploads\\\/2023\\\/05\\\/armonti-logo-white.png\",\"width\":2165,\"height\":554,\"caption\":\"ARMONTI\"},\"image\":{\"@id\":\"https:\\\/\\\/armonti.eu\\\/#\\\/schema\\\/logo\\\/image\\\/\"}}]}<\/script>\n<!-- \/ Yoast SEO plugin. -->","yoast_head_json":{"title":"Midi-kleit - R\u00f5ivapood ARMONTI","description":"Midi-kleit. Kerge, pikkade varrukatega maksikleit V-kaeluse ja n\u00f6\u00f6pidega, elastse v\u00f6\u00f6kohaga.","robots":{"index":"index","follow":"follow","max-snippet":"max-snippet:-1","max-image-preview":"max-image-preview:large","max-video-preview":"max-video-preview:-1"},"canonical":"https:\/\/armonti.eu\/et\/toode\/midi-kleit\/","og_locale":"et_EE","og_type":"article","og_title":"Midi-kleit - R\u00f5ivapood ARMONTI","og_description":"Midi-kleit. Kerge, pikkade varrukatega maksikleit V-kaeluse ja n\u00f6\u00f6pidega, elastse v\u00f6\u00f6kohaga.","og_url":"https:\/\/armonti.eu\/et\/toode\/midi-kleit\/","og_site_name":"\u041c\u0430\u0433\u0430\u0437\u0438\u043d \u043e\u0434\u0435\u0436\u0434\u044b ARMONTI","article_modified_time":"2024-08-14T08:09:52+00:00","og_image":[{"width":800,"height":1067,"url":"https:\/\/armonti.eu\/wp-content\/uploads\/2024\/05\/4.jpg","type":"image\/jpeg"}],"twitter_card":"summary_large_image","twitter_misc":{"Est. reading time":"1 minut"},"schema":{"@context":"https:\/\/schema.org","@graph":[{"@type":"WebPage","@id":"https:\/\/armonti.eu\/et\/toode\/midi-kleit\/","url":"https:\/\/armonti.eu\/et\/toode\/midi-kleit\/","name":"Midi-kleit - R\u00f5ivapood ARMONTI","isPartOf":{"@id":"https:\/\/armonti.eu\/#website"},"primaryImageOfPage":{"@id":"https:\/\/armonti.eu\/et\/toode\/midi-kleit\/#primaryimage"},"image":{"@id":"https:\/\/armonti.eu\/et\/toode\/midi-kleit\/#primaryimage"},"thumbnailUrl":"https:\/\/armonti.eu\/wp-content\/uploads\/2024\/05\/4.jpg","datePublished":"2024-05-16T10:01:33+00:00","dateModified":"2024-08-14T08:09:52+00:00","description":"Midi-kleit. Kerge, pikkade varrukatega maksikleit V-kaeluse ja n\u00f6\u00f6pidega, elastse v\u00f6\u00f6kohaga.","breadcrumb":{"@id":"https:\/\/armonti.eu\/et\/toode\/midi-kleit\/#breadcrumb"},"inLanguage":"et","potentialAction":[{"@type":"ReadAction","target":["https:\/\/armonti.eu\/et\/toode\/midi-kleit\/"]}]},{"@type":"ImageObject","inLanguage":"et","@id":"https:\/\/armonti.eu\/et\/toode\/midi-kleit\/#primaryimage","url":"https:\/\/armonti.eu\/wp-content\/uploads\/2024\/05\/4.jpg","contentUrl":"https:\/\/armonti.eu\/wp-content\/uploads\/2024\/05\/4.jpg","width":800,"height":1067,"caption":"Naiste suvine midi-kleit"},{"@type":"BreadcrumbList","@id":"https:\/\/armonti.eu\/et\/toode\/midi-kleit\/#breadcrumb","itemListElement":[{"@type":"ListItem","position":1,"name":"\u0413\u043b\u0430\u0432\u043d\u0430\u044f","item":"https:\/\/armonti.eu\/"},{"@type":"ListItem","position":2,"name":"Shop","item":"https:\/\/armonti.eu\/et\/shop\/"},{"@type":"ListItem","position":3,"name":"\u041e\u0434\u0435\u0436\u0434\u0430","item":"https:\/\/armonti.eu\/catalog\/odezhda\/"},{"@type":"ListItem","position":4,"name":"\u041f\u043b\u0430\u0442\u044c\u044f","item":"https:\/\/armonti.eu\/catalog\/odezhda\/platya-odezhda\/"},{"@type":"ListItem","position":5,"name":"\u041b\u0435\u0442\u043d\u0438\u0435 \u043f\u043b\u0430\u0442\u044c\u044f","item":"https:\/\/armonti.eu\/catalog\/odezhda\/platya-odezhda\/letnie-platya\/"},{"@type":"ListItem","position":6,"name":"Midi-kleit"}]},{"@type":"WebSite","@id":"https:\/\/armonti.eu\/#website","url":"https:\/\/armonti.eu\/","name":"ARMONTI","description":"","publisher":{"@id":"https:\/\/armonti.eu\/#organization"},"alternateName":"\u0416\u0435\u043d\u0441\u043a\u0430\u044f \u0431\u0440\u0435\u043d\u0434\u043e\u0432\u0430\u044f \u043e\u0434\u0435\u0436\u0434\u0430","potentialAction":[{"@type":"SearchAction","target":{"@type":"EntryPoint","urlTemplate":"https:\/\/armonti.eu\/?s={search_term_string}"},"query-input":{"@type":"PropertyValueSpecification","valueRequired":true,"valueName":"search_term_string"}}],"inLanguage":"et"},{"@type":"Organization","@id":"https:\/\/armonti.eu\/#organization","name":"ARMONTI","alternateName":"\u0416\u0435\u043d\u0441\u043a\u0430\u044f \u0431\u0440\u0435\u043d\u0434\u043e\u0432\u0430\u044f \u043e\u0434\u0435\u0436\u0434\u0430","url":"https:\/\/armonti.eu\/","logo":{"@type":"ImageObject","inLanguage":"et","@id":"https:\/\/armonti.eu\/#\/schema\/logo\/image\/","url":"https:\/\/armonti.eu\/wp-content\/uploads\/2023\/05\/armonti-logo-white.png","contentUrl":"https:\/\/armonti.eu\/wp-content\/uploads\/2023\/05\/armonti-logo-white.png","width":2165,"height":554,"caption":"ARMONTI"},"image":{"@id":"https:\/\/armonti.eu\/#\/schema\/logo\/image\/"}}]}},"_links":{"self":[{"href":"https:\/\/armonti.eu\/et\/wp-json\/wp\/v2\/product\/18438","targetHints":{"allow":["GET"]}}],"collection":[{"href":"https:\/\/armonti.eu\/et\/wp-json\/wp\/v2\/product"}],"about":[{"href":"https:\/\/armonti.eu\/et\/wp-json\/wp\/v2\/types\/product"}],"replies":[{"embeddable":true,"href":"https:\/\/armonti.eu\/et\/wp-json\/wp\/v2\/comments?post=18438"}],"wp:featuredmedia":[{"embeddable":true,"href":"https:\/\/armonti.eu\/et\/wp-json\/wp\/v2\/media\/17998"}],"wp:attachment":[{"href":"https:\/\/armonti.eu\/et\/wp-json\/wp\/v2\/media?parent=18438"}],"wp:term":[{"taxonomy":"product_brand","embeddable":true,"href":"https:\/\/armonti.eu\/et\/wp-json\/wp\/v2\/product_brand?post=18438"},{"taxonomy":"product_cat","embeddable":true,"href":"https:\/\/armonti.eu\/et\/wp-json\/wp\/v2\/product_cat?post=18438"},{"taxonomy":"product_tag","embeddable":true,"href":"https:\/\/armonti.eu\/et\/wp-json\/wp\/v2\/product_tag?post=18438"}],"curies":[{"name":"wp","href":"https:\/\/api.w.org\/{rel}","templated":true}]}}