{"id":18394,"date":"2024-07-12T14:37:13","date_gmt":"2024-07-12T11:37:13","guid":{"rendered":"https:\/\/armonti.eu\/product\/bluza-iz-shifona-s-zhabo\/"},"modified":"2024-08-07T18:24:54","modified_gmt":"2024-08-07T15:24:54","slug":"sifoonist-pluus-volangidega","status":"publish","type":"product","link":"https:\/\/armonti.eu\/et\/toode\/sifoonist-pluus-volangidega\/","title":{"rendered":"\u0160ifoonist pluus volangidega"},"content":{"rendered":"<p>\u00d5huline \u0161ifoonist pluus volangidega: romantiline ja stiilne<br \/>\nArmonti esitleb uut, hingematvat disaini \u2013 \u00f5huline, varrukateta \u0161ifoonist pluus. Pluusil on V-kaelus ja n\u00f6\u00f6prida ees. Eriliseks teeb selle elegantsed volangid.<br \/>\nPluusi erip\u00e4ra on pehme \u0161ifoonist volang, mis meenutab elegantset &#8220;\u017eabot&#8221;.<br \/>\nM\u00f5\u00f5dud:<br \/>\nRind: kuni 96 cm<br \/>\nV\u00f6\u00f6koht: kuni 100 cm<br \/>\nPikkus: 65 cm<\/p>\n<p>Palun m\u00e4rki, et m\u00f5\u00f5tmisel v\u00f5ib esineda 1-2 cm k\u00f5rvalekalle, eriti \u00f5hukeste kangaste puhul.<\/p>\n<p>Hooldus: Triigida kuni 110\u00b0C. Pleekitamine keelatud. \u00d5rn pesu 30\u00b0C juures<\/p>\n<p><strong>Tellimuse vormistamisel m\u00e4rgi palun oma t\u00e4psed m\u00f5\u00f5dud (puusad, v\u00f6\u00f6koht ja pikkus), et saaksime sulle sobivaima suuruse valida.<br \/>\nToode on saadaval nii poes kui ka veebipoes!<\/strong><\/p>\n<p>Artikkel: 4400<\/p>\n","protected":false},"excerpt":{"rendered":"<p><strong>Suurus<\/strong>: One size<br \/>\n<strong>V\u00e4rvid:<\/strong> valge, roosa, mentool, sinine<br \/>\n<strong>Pikkus<\/strong>: 65 cm<br \/>\nMaterjal: 100% pol\u00fcester<br \/>\nSobib h\u00e4sti S ja M suuruse kandjatele<br \/>\nMudeli pikkus ja suurus: 169 cm, S<\/p>\n","protected":false},"featured_media":18219,"comment_status":"open","ping_status":"closed","template":"","meta":[],"product_brand":[],"product_cat":[438,332],"product_tag":[],"class_list":{"0":"post-18394","1":"product","2":"type-product","3":"status-publish","4":"has-post-thumbnail","6":"product_cat-bluzki-i-rubashki-et","7":"product_cat-rasprodazha-et","9":"first","10":"outofstock","11":"shipping-taxable","12":"product-type-variable"},"yoast_head":"<!-- This site is optimized with the Yoast SEO plugin v27.5 - https:\/\/yoast.com\/product\/yoast-seo-wordpress\/ -->\n<title>\u0160ifoonist pluus volangidega - R\u00f5ivapood Armonti<\/title>\n<meta name=\"description\" content=\"\u00d5huline \u0161ifoonist pluus volangidega: romantiline ja stiilne Armonti esitleb uut, hingematvat disaini \u2013 \u00f5huline, varrukateta \u0161ifoonist pluus.\" \/>\n<meta name=\"robots\" content=\"index, follow, max-snippet:-1, max-image-preview:large, max-video-preview:-1\" \/>\n<link rel=\"canonical\" href=\"https:\/\/armonti.eu\/et\/toode\/sifoonist-pluus-volangidega\/\" \/>\n<meta property=\"og:locale\" content=\"et_EE\" \/>\n<meta property=\"og:type\" content=\"article\" \/>\n<meta property=\"og:title\" content=\"\u0160ifoonist pluus volangidega - R\u00f5ivapood Armonti\" \/>\n<meta property=\"og:description\" content=\"\u00d5huline \u0161ifoonist pluus volangidega: romantiline ja stiilne Armonti esitleb uut, hingematvat disaini \u2013 \u00f5huline, varrukateta \u0161ifoonist pluus.\" \/>\n<meta property=\"og:url\" content=\"https:\/\/armonti.eu\/et\/toode\/sifoonist-pluus-volangidega\/\" \/>\n<meta property=\"og:site_name\" content=\"\u041c\u0430\u0433\u0430\u0437\u0438\u043d \u043e\u0434\u0435\u0436\u0434\u044b ARMONTI\" \/>\n<meta property=\"article:modified_time\" content=\"2024-08-07T15:24:54+00:00\" \/>\n<meta property=\"og:image\" content=\"https:\/\/armonti.eu\/wp-content\/uploads\/2024\/07\/5-17.jpg\" \/>\n\t<meta property=\"og:image:width\" content=\"800\" \/>\n\t<meta property=\"og:image:height\" content=\"1066\" \/>\n\t<meta property=\"og:image:type\" content=\"image\/jpeg\" \/>\n<meta name=\"twitter:card\" content=\"summary_large_image\" \/>\n<meta name=\"twitter:label1\" content=\"Est. reading time\" \/>\n\t<meta name=\"twitter:data1\" content=\"1 minut\" \/>\n<script type=\"application\/ld+json\" class=\"yoast-schema-graph\">{\"@context\":\"https:\\\/\\\/schema.org\",\"@graph\":[{\"@type\":\"WebPage\",\"@id\":\"https:\\\/\\\/armonti.eu\\\/et\\\/toode\\\/sifoonist-pluus-volangidega\\\/\",\"url\":\"https:\\\/\\\/armonti.eu\\\/et\\\/toode\\\/sifoonist-pluus-volangidega\\\/\",\"name\":\"\u0160ifoonist pluus volangidega - R\u00f5ivapood Armonti\",\"isPartOf\":{\"@id\":\"https:\\\/\\\/armonti.eu\\\/#website\"},\"primaryImageOfPage\":{\"@id\":\"https:\\\/\\\/armonti.eu\\\/et\\\/toode\\\/sifoonist-pluus-volangidega\\\/#primaryimage\"},\"image\":{\"@id\":\"https:\\\/\\\/armonti.eu\\\/et\\\/toode\\\/sifoonist-pluus-volangidega\\\/#primaryimage\"},\"thumbnailUrl\":\"https:\\\/\\\/armonti.eu\\\/wp-content\\\/uploads\\\/2024\\\/07\\\/5-17.jpg\",\"datePublished\":\"2024-07-12T11:37:13+00:00\",\"dateModified\":\"2024-08-07T15:24:54+00:00\",\"description\":\"\u00d5huline \u0161ifoonist pluus volangidega: romantiline ja stiilne Armonti esitleb uut, hingematvat disaini \u2013 \u00f5huline, varrukateta \u0161ifoonist pluus.\",\"breadcrumb\":{\"@id\":\"https:\\\/\\\/armonti.eu\\\/et\\\/toode\\\/sifoonist-pluus-volangidega\\\/#breadcrumb\"},\"inLanguage\":\"et\",\"potentialAction\":[{\"@type\":\"ReadAction\",\"target\":[\"https:\\\/\\\/armonti.eu\\\/et\\\/toode\\\/sifoonist-pluus-volangidega\\\/\"]}]},{\"@type\":\"ImageObject\",\"inLanguage\":\"et\",\"@id\":\"https:\\\/\\\/armonti.eu\\\/et\\\/toode\\\/sifoonist-pluus-volangidega\\\/#primaryimage\",\"url\":\"https:\\\/\\\/armonti.eu\\\/wp-content\\\/uploads\\\/2024\\\/07\\\/5-17.jpg\",\"contentUrl\":\"https:\\\/\\\/armonti.eu\\\/wp-content\\\/uploads\\\/2024\\\/07\\\/5-17.jpg\",\"width\":800,\"height\":1066,\"caption\":\"\u0160ifoonist bluss volangidega sinine\"},{\"@type\":\"BreadcrumbList\",\"@id\":\"https:\\\/\\\/armonti.eu\\\/et\\\/toode\\\/sifoonist-pluus-volangidega\\\/#breadcrumb\",\"itemListElement\":[{\"@type\":\"ListItem\",\"position\":1,\"name\":\"\u0413\u043b\u0430\u0432\u043d\u0430\u044f\",\"item\":\"https:\\\/\\\/armonti.eu\\\/\"},{\"@type\":\"ListItem\",\"position\":2,\"name\":\"Shop\",\"item\":\"https:\\\/\\\/armonti.eu\\\/et\\\/shop\\\/\"},{\"@type\":\"ListItem\",\"position\":3,\"name\":\"\u041e\u0434\u0435\u0436\u0434\u0430\",\"item\":\"https:\\\/\\\/armonti.eu\\\/catalog\\\/odezhda\\\/\"},{\"@type\":\"ListItem\",\"position\":4,\"name\":\"\u0411\u043b\u0443\u0437\u043a\u0438 \u0438 \u0440\u0443\u0431\u0430\u0448\u043a\u0438\",\"item\":\"https:\\\/\\\/armonti.eu\\\/catalog\\\/odezhda\\\/bluzki-i-rubashki\\\/\"},{\"@type\":\"ListItem\",\"position\":5,\"name\":\"\u0160ifoonist pluus volangidega\"}]},{\"@type\":\"WebSite\",\"@id\":\"https:\\\/\\\/armonti.eu\\\/#website\",\"url\":\"https:\\\/\\\/armonti.eu\\\/\",\"name\":\"ARMONTI\",\"description\":\"\",\"publisher\":{\"@id\":\"https:\\\/\\\/armonti.eu\\\/#organization\"},\"alternateName\":\"\u0416\u0435\u043d\u0441\u043a\u0430\u044f \u0431\u0440\u0435\u043d\u0434\u043e\u0432\u0430\u044f \u043e\u0434\u0435\u0436\u0434\u0430\",\"potentialAction\":[{\"@type\":\"SearchAction\",\"target\":{\"@type\":\"EntryPoint\",\"urlTemplate\":\"https:\\\/\\\/armonti.eu\\\/?s={search_term_string}\"},\"query-input\":{\"@type\":\"PropertyValueSpecification\",\"valueRequired\":true,\"valueName\":\"search_term_string\"}}],\"inLanguage\":\"et\"},{\"@type\":\"Organization\",\"@id\":\"https:\\\/\\\/armonti.eu\\\/#organization\",\"name\":\"ARMONTI\",\"alternateName\":\"\u0416\u0435\u043d\u0441\u043a\u0430\u044f \u0431\u0440\u0435\u043d\u0434\u043e\u0432\u0430\u044f \u043e\u0434\u0435\u0436\u0434\u0430\",\"url\":\"https:\\\/\\\/armonti.eu\\\/\",\"logo\":{\"@type\":\"ImageObject\",\"inLanguage\":\"et\",\"@id\":\"https:\\\/\\\/armonti.eu\\\/#\\\/schema\\\/logo\\\/image\\\/\",\"url\":\"https:\\\/\\\/armonti.eu\\\/wp-content\\\/uploads\\\/2023\\\/05\\\/armonti-logo-white.png\",\"contentUrl\":\"https:\\\/\\\/armonti.eu\\\/wp-content\\\/uploads\\\/2023\\\/05\\\/armonti-logo-white.png\",\"width\":2165,\"height\":554,\"caption\":\"ARMONTI\"},\"image\":{\"@id\":\"https:\\\/\\\/armonti.eu\\\/#\\\/schema\\\/logo\\\/image\\\/\"}}]}<\/script>\n<!-- \/ Yoast SEO plugin. -->","yoast_head_json":{"title":"\u0160ifoonist pluus volangidega - R\u00f5ivapood Armonti","description":"\u00d5huline \u0161ifoonist pluus volangidega: romantiline ja stiilne Armonti esitleb uut, hingematvat disaini \u2013 \u00f5huline, varrukateta \u0161ifoonist pluus.","robots":{"index":"index","follow":"follow","max-snippet":"max-snippet:-1","max-image-preview":"max-image-preview:large","max-video-preview":"max-video-preview:-1"},"canonical":"https:\/\/armonti.eu\/et\/toode\/sifoonist-pluus-volangidega\/","og_locale":"et_EE","og_type":"article","og_title":"\u0160ifoonist pluus volangidega - R\u00f5ivapood Armonti","og_description":"\u00d5huline \u0161ifoonist pluus volangidega: romantiline ja stiilne Armonti esitleb uut, hingematvat disaini \u2013 \u00f5huline, varrukateta \u0161ifoonist pluus.","og_url":"https:\/\/armonti.eu\/et\/toode\/sifoonist-pluus-volangidega\/","og_site_name":"\u041c\u0430\u0433\u0430\u0437\u0438\u043d \u043e\u0434\u0435\u0436\u0434\u044b ARMONTI","article_modified_time":"2024-08-07T15:24:54+00:00","og_image":[{"width":800,"height":1066,"url":"https:\/\/armonti.eu\/wp-content\/uploads\/2024\/07\/5-17.jpg","type":"image\/jpeg"}],"twitter_card":"summary_large_image","twitter_misc":{"Est. reading time":"1 minut"},"schema":{"@context":"https:\/\/schema.org","@graph":[{"@type":"WebPage","@id":"https:\/\/armonti.eu\/et\/toode\/sifoonist-pluus-volangidega\/","url":"https:\/\/armonti.eu\/et\/toode\/sifoonist-pluus-volangidega\/","name":"\u0160ifoonist pluus volangidega - R\u00f5ivapood Armonti","isPartOf":{"@id":"https:\/\/armonti.eu\/#website"},"primaryImageOfPage":{"@id":"https:\/\/armonti.eu\/et\/toode\/sifoonist-pluus-volangidega\/#primaryimage"},"image":{"@id":"https:\/\/armonti.eu\/et\/toode\/sifoonist-pluus-volangidega\/#primaryimage"},"thumbnailUrl":"https:\/\/armonti.eu\/wp-content\/uploads\/2024\/07\/5-17.jpg","datePublished":"2024-07-12T11:37:13+00:00","dateModified":"2024-08-07T15:24:54+00:00","description":"\u00d5huline \u0161ifoonist pluus volangidega: romantiline ja stiilne Armonti esitleb uut, hingematvat disaini \u2013 \u00f5huline, varrukateta \u0161ifoonist pluus.","breadcrumb":{"@id":"https:\/\/armonti.eu\/et\/toode\/sifoonist-pluus-volangidega\/#breadcrumb"},"inLanguage":"et","potentialAction":[{"@type":"ReadAction","target":["https:\/\/armonti.eu\/et\/toode\/sifoonist-pluus-volangidega\/"]}]},{"@type":"ImageObject","inLanguage":"et","@id":"https:\/\/armonti.eu\/et\/toode\/sifoonist-pluus-volangidega\/#primaryimage","url":"https:\/\/armonti.eu\/wp-content\/uploads\/2024\/07\/5-17.jpg","contentUrl":"https:\/\/armonti.eu\/wp-content\/uploads\/2024\/07\/5-17.jpg","width":800,"height":1066,"caption":"\u0160ifoonist bluss volangidega sinine"},{"@type":"BreadcrumbList","@id":"https:\/\/armonti.eu\/et\/toode\/sifoonist-pluus-volangidega\/#breadcrumb","itemListElement":[{"@type":"ListItem","position":1,"name":"\u0413\u043b\u0430\u0432\u043d\u0430\u044f","item":"https:\/\/armonti.eu\/"},{"@type":"ListItem","position":2,"name":"Shop","item":"https:\/\/armonti.eu\/et\/shop\/"},{"@type":"ListItem","position":3,"name":"\u041e\u0434\u0435\u0436\u0434\u0430","item":"https:\/\/armonti.eu\/catalog\/odezhda\/"},{"@type":"ListItem","position":4,"name":"\u0411\u043b\u0443\u0437\u043a\u0438 \u0438 \u0440\u0443\u0431\u0430\u0448\u043a\u0438","item":"https:\/\/armonti.eu\/catalog\/odezhda\/bluzki-i-rubashki\/"},{"@type":"ListItem","position":5,"name":"\u0160ifoonist pluus volangidega"}]},{"@type":"WebSite","@id":"https:\/\/armonti.eu\/#website","url":"https:\/\/armonti.eu\/","name":"ARMONTI","description":"","publisher":{"@id":"https:\/\/armonti.eu\/#organization"},"alternateName":"\u0416\u0435\u043d\u0441\u043a\u0430\u044f \u0431\u0440\u0435\u043d\u0434\u043e\u0432\u0430\u044f \u043e\u0434\u0435\u0436\u0434\u0430","potentialAction":[{"@type":"SearchAction","target":{"@type":"EntryPoint","urlTemplate":"https:\/\/armonti.eu\/?s={search_term_string}"},"query-input":{"@type":"PropertyValueSpecification","valueRequired":true,"valueName":"search_term_string"}}],"inLanguage":"et"},{"@type":"Organization","@id":"https:\/\/armonti.eu\/#organization","name":"ARMONTI","alternateName":"\u0416\u0435\u043d\u0441\u043a\u0430\u044f \u0431\u0440\u0435\u043d\u0434\u043e\u0432\u0430\u044f \u043e\u0434\u0435\u0436\u0434\u0430","url":"https:\/\/armonti.eu\/","logo":{"@type":"ImageObject","inLanguage":"et","@id":"https:\/\/armonti.eu\/#\/schema\/logo\/image\/","url":"https:\/\/armonti.eu\/wp-content\/uploads\/2023\/05\/armonti-logo-white.png","contentUrl":"https:\/\/armonti.eu\/wp-content\/uploads\/2023\/05\/armonti-logo-white.png","width":2165,"height":554,"caption":"ARMONTI"},"image":{"@id":"https:\/\/armonti.eu\/#\/schema\/logo\/image\/"}}]}},"_links":{"self":[{"href":"https:\/\/armonti.eu\/et\/wp-json\/wp\/v2\/product\/18394","targetHints":{"allow":["GET"]}}],"collection":[{"href":"https:\/\/armonti.eu\/et\/wp-json\/wp\/v2\/product"}],"about":[{"href":"https:\/\/armonti.eu\/et\/wp-json\/wp\/v2\/types\/product"}],"replies":[{"embeddable":true,"href":"https:\/\/armonti.eu\/et\/wp-json\/wp\/v2\/comments?post=18394"}],"wp:featuredmedia":[{"embeddable":true,"href":"https:\/\/armonti.eu\/et\/wp-json\/wp\/v2\/media\/18219"}],"wp:attachment":[{"href":"https:\/\/armonti.eu\/et\/wp-json\/wp\/v2\/media?parent=18394"}],"wp:term":[{"taxonomy":"product_brand","embeddable":true,"href":"https:\/\/armonti.eu\/et\/wp-json\/wp\/v2\/product_brand?post=18394"},{"taxonomy":"product_cat","embeddable":true,"href":"https:\/\/armonti.eu\/et\/wp-json\/wp\/v2\/product_cat?post=18394"},{"taxonomy":"product_tag","embeddable":true,"href":"https:\/\/armonti.eu\/et\/wp-json\/wp\/v2\/product_tag?post=18394"}],"curies":[{"name":"wp","href":"https:\/\/api.w.org\/{rel}","templated":true}]}}