{"id":18311,"date":"2024-07-18T13:18:42","date_gmt":"2024-07-18T10:18:42","guid":{"rendered":"https:\/\/armonti.eu\/product\/letnij-yarkij-kostyum-s-shortami\/"},"modified":"2024-08-13T22:28:05","modified_gmt":"2024-08-13T19:28:05","slug":"suvine-varviline-kostuum-sortsidega","status":"publish","type":"product","link":"https:\/\/armonti.eu\/et\/toode\/suvine-varviline-kostuum-sortsidega\/","title":{"rendered":"Suvine v\u00e4rviline kost\u00fc\u00fcm \u0161ortsidega"},"content":{"rendered":"<h3 data-sourcepos=\"5:1-5:66\"><strong>Suvine v\u00e4rviline kost\u00fc\u00fcm \u0161ortsidega: s\u00e4ra ja mugavus \u00fches!<\/strong><\/h3>\n<p data-sourcepos=\"7:1-7:124\">Otsid stiilset, mugavat ja praktilist suvekomplekti? Meie ARMONTI naiste suvine kost\u00fc\u00fcm \u0161ortsidega on just see, mida vajad!<\/p>\n<p data-sourcepos=\"9:1-9:29\"><strong>Miks valida meie kost\u00fc\u00fcm?<\/strong><\/p>\n<ul data-sourcepos=\"11:1-17:0\">\n<li data-sourcepos=\"11:1-11:84\"><strong>V\u00e4rvik\u00fcllane suvev\u00e4rving:<\/strong> Vali endale meelep\u00e4rane toon ja loo unikaalne stiil!<\/li>\n<li data-sourcepos=\"12:1-12:178\"><strong>Moodne disain:<\/strong> V\u00f6\u00f6rangeline, n\u00f6\u00f6bitamatu pluus kaelakeega ning elastse v\u00f6\u00f6ga \u0161ortsid r\u00f5hutavad sinu figuuri ja annavad tunnistust kergusest. Imeb endasse igasuguse figuuri!<\/li>\n<li data-sourcepos=\"13:1-13:87\"><strong>Uskumatu mugavus:<\/strong> Pehme ja kerge kangas tagab jahedus- ja liikumisvabaduse tunde.<\/li>\n<li data-sourcepos=\"14:1-14:91\"><strong>Praktilisus:<\/strong> Kost\u00fc\u00fcmi ei pea triikima, mis on eriti oluline kuumal suvel ja reisidel.<\/li>\n<li data-sourcepos=\"15:1-15:55\"><strong>Universaalsus:<\/strong> Sobib igat t\u00fc\u00fcpi figuurile (S-XL).<\/li>\n<li data-sourcepos=\"16:1-17:0\"><strong>Soe hind:<\/strong> Stiilne suvekomplekt soodsa hinnaga!<\/li>\n<\/ul>\n<p data-sourcepos=\"18:1-18:91\">Meie suvise kost\u00fc\u00fcmiga oled sa vastupandamatu! See saab kindlasti su lemmikuks kogu suveks!<\/p>\n<p data-sourcepos=\"20:1-20:230\"><strong>K\u00fclasta meie suviste kost\u00fc\u00fcmide kategooriat <a href=\"https:\/\/armonti.eu\/catalog\/odezhda\/kostyumy-letnie\/kostyumy-s-shortami\" target=\"_blank\" rel=\"noopener\">https:\/\/armonti.eu\/catalog\/odezhda\/kostyumy-letnie\/kostyumy-s-shortami<\/a> ja vali endale ideaalne suvekomplekt!<\/strong><\/p>\n<p data-sourcepos=\"22:1-22:128\">\u00c4ra j\u00e4ta kasutamata v\u00f5imalust osta stiilne ja praktiline suvine kost\u00fc\u00fcm soodsa hinnaga! T\u00e4ienda oma stiili meie aksessuaaridega!<\/p>\n<p data-sourcepos=\"24:1-24:17\"><strong>Toote m\u00f5\u00f5dud:<\/strong><\/p>\n<ul data-sourcepos=\"26:1-30:0\">\n<li data-sourcepos=\"26:1-26:50\">Pluus: rind 90-118 cm, pikkus selja tagant 70 cm<\/li>\n<li data-sourcepos=\"27:1-27:60\">\u0160ortsid: v\u00f6\u00f6koht 70-100 cm, puusad 98-114 cm, pikkus 39 cm<\/li>\n<li data-sourcepos=\"28:1-28:29\">Mudel sobib suurustele S-XL<\/li>\n<li data-sourcepos=\"29:1-30:0\">M\u00f5\u00f5tmisel v\u00f5ib esineda 1-2 cm k\u00f5rvalekalle<\/li>\n<\/ul>\n<p data-sourcepos=\"31:1-31:79\"><strong>Hooldus:<\/strong> Triigida 110\u00b0C juures, pleegitamine keelatud, \u00f5rn pesu 30\u00b0C juures<\/p>\n<p data-sourcepos=\"33:1-33:42\"><strong>T\u00e4ienda oma stiili meie tootevalikuga!<\/strong><\/p>\n<p data-sourcepos=\"35:1-35:100\">Telli ARMONTI suvine kost\u00fc\u00fcm \u0161ortsidega juba t\u00e4na ja naudi mugavust ja stiili kuumadel suvep\u00e4evadel!<\/p>\n<p data-sourcepos=\"37:1-37:124\"><strong>Tellimuse m\u00e4rkuste juurde palun kirjuta oma m\u00f5\u00f5dud (puusad, v\u00f6\u00f6koht ja pikkus), et saaksime sulle sobiva suuruse valida.<\/strong><\/p>\n<p data-sourcepos=\"39:1-45:48\"><strong>Artikkel 5443-1<\/strong><\/p>\n","protected":false},"excerpt":{"rendered":"<p><strong>Suurused: ONE SIZE<br \/>\n<\/strong> <strong>V\u00e4rvid:<\/strong> t\u00fcrkiissinine, sinine, helesinine, bee\u017e, puuder, siirelilla, korall, mentool, roosa, khaki, salvei, hallid teksade, purpurne<br \/>\n<strong>Pikkus:<\/strong> pluus 67 cm, \u0161ortsid 39 cm<br \/>\n<strong>Koostis:<\/strong> 95% viskoos, 5% elastaan<br \/>\n<strong>Mudeli pikkus ja suurus:<\/strong> 169 cm, S<br \/>\n<strong>Toode on saadaval nii poes kui ka veebipoes!<\/strong><\/p>\n","protected":false},"featured_media":31170,"comment_status":"open","ping_status":"closed","template":"","meta":[],"product_brand":[],"product_cat":[337,333,332,336],"product_tag":[],"class_list":{"0":"post-18311","1":"product","2":"type-product","3":"status-publish","4":"has-post-thumbnail","6":"product_cat-kostyumy-s-shortami-et","7":"product_cat-hity-prodazh-et","8":"product_cat-rasprodazha-et","9":"product_cat-kostyumy-letnie-et","11":"first","12":"instock","13":"sale","14":"shipping-taxable","15":"purchasable","16":"product-type-variable"},"yoast_head":"<!-- This site is optimized with the Yoast SEO plugin v27.4 - https:\/\/yoast.com\/product\/yoast-seo-wordpress\/ -->\n<title>Suvine v\u00e4rviline kost\u00fc\u00fcm \u0161ortsidega R\u00f5ivapood Armonti<\/title>\n<meta name=\"description\" content=\"Suvine v\u00e4rviline kost\u00fc\u00fcm \u0161ortsidega. Pehme ja kerge kangas tagab jahedus- ja liikumisvabaduse tunde. Kost\u00fc\u00fcmi ei pea triikima\" \/>\n<meta name=\"robots\" content=\"index, follow, max-snippet:-1, max-image-preview:large, max-video-preview:-1\" \/>\n<link rel=\"canonical\" href=\"https:\/\/armonti.eu\/et\/toode\/suvine-varviline-kostuum-sortsidega\/\" \/>\n<meta property=\"og:locale\" content=\"et_EE\" \/>\n<meta property=\"og:type\" content=\"article\" \/>\n<meta property=\"og:title\" content=\"Suvine v\u00e4rviline kost\u00fc\u00fcm \u0161ortsidega R\u00f5ivapood Armonti\" \/>\n<meta property=\"og:description\" content=\"Suvine v\u00e4rviline kost\u00fc\u00fcm \u0161ortsidega. Pehme ja kerge kangas tagab jahedus- ja liikumisvabaduse tunde. Kost\u00fc\u00fcmi ei pea triikima\" \/>\n<meta property=\"og:url\" content=\"https:\/\/armonti.eu\/et\/toode\/suvine-varviline-kostuum-sortsidega\/\" \/>\n<meta property=\"og:site_name\" content=\"\u041c\u0430\u0433\u0430\u0437\u0438\u043d \u043e\u0434\u0435\u0436\u0434\u044b ARMONTI\" \/>\n<meta property=\"article:modified_time\" content=\"2024-08-13T19:28:05+00:00\" \/>\n<meta property=\"og:image\" content=\"https:\/\/armonti.eu\/wp-content\/uploads\/2024\/07\/18.jpg\" \/>\n\t<meta property=\"og:image:width\" content=\"800\" \/>\n\t<meta property=\"og:image:height\" content=\"1066\" \/>\n\t<meta property=\"og:image:type\" content=\"image\/jpeg\" \/>\n<meta name=\"twitter:card\" content=\"summary_large_image\" \/>\n<meta name=\"twitter:label1\" content=\"Est. reading time\" \/>\n\t<meta name=\"twitter:data1\" content=\"2 minutit\" \/>\n<script type=\"application\/ld+json\" class=\"yoast-schema-graph\">{\"@context\":\"https:\\\/\\\/schema.org\",\"@graph\":[{\"@type\":\"WebPage\",\"@id\":\"https:\\\/\\\/armonti.eu\\\/et\\\/toode\\\/suvine-varviline-kostuum-sortsidega\\\/\",\"url\":\"https:\\\/\\\/armonti.eu\\\/et\\\/toode\\\/suvine-varviline-kostuum-sortsidega\\\/\",\"name\":\"Suvine v\u00e4rviline kost\u00fc\u00fcm \u0161ortsidega R\u00f5ivapood Armonti\",\"isPartOf\":{\"@id\":\"https:\\\/\\\/armonti.eu\\\/#website\"},\"primaryImageOfPage\":{\"@id\":\"https:\\\/\\\/armonti.eu\\\/et\\\/toode\\\/suvine-varviline-kostuum-sortsidega\\\/#primaryimage\"},\"image\":{\"@id\":\"https:\\\/\\\/armonti.eu\\\/et\\\/toode\\\/suvine-varviline-kostuum-sortsidega\\\/#primaryimage\"},\"thumbnailUrl\":\"https:\\\/\\\/armonti.eu\\\/wp-content\\\/uploads\\\/2024\\\/07\\\/10-12.jpg\",\"datePublished\":\"2024-07-18T10:18:42+00:00\",\"dateModified\":\"2024-08-13T19:28:05+00:00\",\"description\":\"Suvine v\u00e4rviline kost\u00fc\u00fcm \u0161ortsidega. Pehme ja kerge kangas tagab jahedus- ja liikumisvabaduse tunde. Kost\u00fc\u00fcmi ei pea triikima\",\"breadcrumb\":{\"@id\":\"https:\\\/\\\/armonti.eu\\\/et\\\/toode\\\/suvine-varviline-kostuum-sortsidega\\\/#breadcrumb\"},\"inLanguage\":\"et\",\"potentialAction\":[{\"@type\":\"ReadAction\",\"target\":[\"https:\\\/\\\/armonti.eu\\\/et\\\/toode\\\/suvine-varviline-kostuum-sortsidega\\\/\"]}]},{\"@type\":\"ImageObject\",\"inLanguage\":\"et\",\"@id\":\"https:\\\/\\\/armonti.eu\\\/et\\\/toode\\\/suvine-varviline-kostuum-sortsidega\\\/#primaryimage\",\"url\":\"https:\\\/\\\/armonti.eu\\\/wp-content\\\/uploads\\\/2024\\\/07\\\/10-12.jpg\",\"contentUrl\":\"https:\\\/\\\/armonti.eu\\\/wp-content\\\/uploads\\\/2024\\\/07\\\/10-12.jpg\",\"width\":800,\"height\":1067},{\"@type\":\"BreadcrumbList\",\"@id\":\"https:\\\/\\\/armonti.eu\\\/et\\\/toode\\\/suvine-varviline-kostuum-sortsidega\\\/#breadcrumb\",\"itemListElement\":[{\"@type\":\"ListItem\",\"position\":1,\"name\":\"\u0413\u043b\u0430\u0432\u043d\u0430\u044f\",\"item\":\"https:\\\/\\\/armonti.eu\\\/\"},{\"@type\":\"ListItem\",\"position\":2,\"name\":\"Shop\",\"item\":\"https:\\\/\\\/armonti.eu\\\/et\\\/shop\\\/\"},{\"@type\":\"ListItem\",\"position\":3,\"name\":\"\u041e\u0434\u0435\u0436\u0434\u0430\",\"item\":\"https:\\\/\\\/armonti.eu\\\/catalog\\\/odezhda\\\/\"},{\"@type\":\"ListItem\",\"position\":4,\"name\":\"\u041a\u043e\u0441\u0442\u044e\u043c\u044b \u043b\u0435\u0442\u043d\u0438\u0435\",\"item\":\"https:\\\/\\\/armonti.eu\\\/catalog\\\/odezhda\\\/kostyumy-letnie\\\/\"},{\"@type\":\"ListItem\",\"position\":5,\"name\":\"\u041a\u043e\u0441\u0442\u044e\u043c\u044b \u0441 \u0448\u043e\u0440\u0442\u0430\u043c\u0438\",\"item\":\"https:\\\/\\\/armonti.eu\\\/catalog\\\/odezhda\\\/kostyumy-letnie\\\/kostyumy-s-shortami\\\/\"},{\"@type\":\"ListItem\",\"position\":6,\"name\":\"Suvine v\u00e4rviline kost\u00fc\u00fcm \u0161ortsidega\"}]},{\"@type\":\"WebSite\",\"@id\":\"https:\\\/\\\/armonti.eu\\\/#website\",\"url\":\"https:\\\/\\\/armonti.eu\\\/\",\"name\":\"ARMONTI\",\"description\":\"\",\"publisher\":{\"@id\":\"https:\\\/\\\/armonti.eu\\\/#organization\"},\"alternateName\":\"\u0416\u0435\u043d\u0441\u043a\u0430\u044f \u0431\u0440\u0435\u043d\u0434\u043e\u0432\u0430\u044f \u043e\u0434\u0435\u0436\u0434\u0430\",\"potentialAction\":[{\"@type\":\"SearchAction\",\"target\":{\"@type\":\"EntryPoint\",\"urlTemplate\":\"https:\\\/\\\/armonti.eu\\\/?s={search_term_string}\"},\"query-input\":{\"@type\":\"PropertyValueSpecification\",\"valueRequired\":true,\"valueName\":\"search_term_string\"}}],\"inLanguage\":\"et\"},{\"@type\":\"Organization\",\"@id\":\"https:\\\/\\\/armonti.eu\\\/#organization\",\"name\":\"ARMONTI\",\"alternateName\":\"\u0416\u0435\u043d\u0441\u043a\u0430\u044f \u0431\u0440\u0435\u043d\u0434\u043e\u0432\u0430\u044f \u043e\u0434\u0435\u0436\u0434\u0430\",\"url\":\"https:\\\/\\\/armonti.eu\\\/\",\"logo\":{\"@type\":\"ImageObject\",\"inLanguage\":\"et\",\"@id\":\"https:\\\/\\\/armonti.eu\\\/#\\\/schema\\\/logo\\\/image\\\/\",\"url\":\"https:\\\/\\\/armonti.eu\\\/wp-content\\\/uploads\\\/2023\\\/05\\\/armonti-logo-white.png\",\"contentUrl\":\"https:\\\/\\\/armonti.eu\\\/wp-content\\\/uploads\\\/2023\\\/05\\\/armonti-logo-white.png\",\"width\":2165,\"height\":554,\"caption\":\"ARMONTI\"},\"image\":{\"@id\":\"https:\\\/\\\/armonti.eu\\\/#\\\/schema\\\/logo\\\/image\\\/\"}}]}<\/script>\n<!-- \/ Yoast SEO plugin. -->","yoast_head_json":{"title":"Suvine v\u00e4rviline kost\u00fc\u00fcm \u0161ortsidega R\u00f5ivapood Armonti","description":"Suvine v\u00e4rviline kost\u00fc\u00fcm \u0161ortsidega. Pehme ja kerge kangas tagab jahedus- ja liikumisvabaduse tunde. Kost\u00fc\u00fcmi ei pea triikima","robots":{"index":"index","follow":"follow","max-snippet":"max-snippet:-1","max-image-preview":"max-image-preview:large","max-video-preview":"max-video-preview:-1"},"canonical":"https:\/\/armonti.eu\/et\/toode\/suvine-varviline-kostuum-sortsidega\/","og_locale":"et_EE","og_type":"article","og_title":"Suvine v\u00e4rviline kost\u00fc\u00fcm \u0161ortsidega R\u00f5ivapood Armonti","og_description":"Suvine v\u00e4rviline kost\u00fc\u00fcm \u0161ortsidega. Pehme ja kerge kangas tagab jahedus- ja liikumisvabaduse tunde. Kost\u00fc\u00fcmi ei pea triikima","og_url":"https:\/\/armonti.eu\/et\/toode\/suvine-varviline-kostuum-sortsidega\/","og_site_name":"\u041c\u0430\u0433\u0430\u0437\u0438\u043d \u043e\u0434\u0435\u0436\u0434\u044b ARMONTI","article_modified_time":"2024-08-13T19:28:05+00:00","og_image":[{"width":800,"height":1066,"url":"https:\/\/armonti.eu\/wp-content\/uploads\/2024\/07\/18.jpg","type":"image\/jpeg"}],"twitter_card":"summary_large_image","twitter_misc":{"Est. reading time":"2 minutit"},"schema":{"@context":"https:\/\/schema.org","@graph":[{"@type":"WebPage","@id":"https:\/\/armonti.eu\/et\/toode\/suvine-varviline-kostuum-sortsidega\/","url":"https:\/\/armonti.eu\/et\/toode\/suvine-varviline-kostuum-sortsidega\/","name":"Suvine v\u00e4rviline kost\u00fc\u00fcm \u0161ortsidega R\u00f5ivapood Armonti","isPartOf":{"@id":"https:\/\/armonti.eu\/#website"},"primaryImageOfPage":{"@id":"https:\/\/armonti.eu\/et\/toode\/suvine-varviline-kostuum-sortsidega\/#primaryimage"},"image":{"@id":"https:\/\/armonti.eu\/et\/toode\/suvine-varviline-kostuum-sortsidega\/#primaryimage"},"thumbnailUrl":"https:\/\/armonti.eu\/wp-content\/uploads\/2024\/07\/10-12.jpg","datePublished":"2024-07-18T10:18:42+00:00","dateModified":"2024-08-13T19:28:05+00:00","description":"Suvine v\u00e4rviline kost\u00fc\u00fcm \u0161ortsidega. Pehme ja kerge kangas tagab jahedus- ja liikumisvabaduse tunde. Kost\u00fc\u00fcmi ei pea triikima","breadcrumb":{"@id":"https:\/\/armonti.eu\/et\/toode\/suvine-varviline-kostuum-sortsidega\/#breadcrumb"},"inLanguage":"et","potentialAction":[{"@type":"ReadAction","target":["https:\/\/armonti.eu\/et\/toode\/suvine-varviline-kostuum-sortsidega\/"]}]},{"@type":"ImageObject","inLanguage":"et","@id":"https:\/\/armonti.eu\/et\/toode\/suvine-varviline-kostuum-sortsidega\/#primaryimage","url":"https:\/\/armonti.eu\/wp-content\/uploads\/2024\/07\/10-12.jpg","contentUrl":"https:\/\/armonti.eu\/wp-content\/uploads\/2024\/07\/10-12.jpg","width":800,"height":1067},{"@type":"BreadcrumbList","@id":"https:\/\/armonti.eu\/et\/toode\/suvine-varviline-kostuum-sortsidega\/#breadcrumb","itemListElement":[{"@type":"ListItem","position":1,"name":"\u0413\u043b\u0430\u0432\u043d\u0430\u044f","item":"https:\/\/armonti.eu\/"},{"@type":"ListItem","position":2,"name":"Shop","item":"https:\/\/armonti.eu\/et\/shop\/"},{"@type":"ListItem","position":3,"name":"\u041e\u0434\u0435\u0436\u0434\u0430","item":"https:\/\/armonti.eu\/catalog\/odezhda\/"},{"@type":"ListItem","position":4,"name":"\u041a\u043e\u0441\u0442\u044e\u043c\u044b \u043b\u0435\u0442\u043d\u0438\u0435","item":"https:\/\/armonti.eu\/catalog\/odezhda\/kostyumy-letnie\/"},{"@type":"ListItem","position":5,"name":"\u041a\u043e\u0441\u0442\u044e\u043c\u044b \u0441 \u0448\u043e\u0440\u0442\u0430\u043c\u0438","item":"https:\/\/armonti.eu\/catalog\/odezhda\/kostyumy-letnie\/kostyumy-s-shortami\/"},{"@type":"ListItem","position":6,"name":"Suvine v\u00e4rviline kost\u00fc\u00fcm \u0161ortsidega"}]},{"@type":"WebSite","@id":"https:\/\/armonti.eu\/#website","url":"https:\/\/armonti.eu\/","name":"ARMONTI","description":"","publisher":{"@id":"https:\/\/armonti.eu\/#organization"},"alternateName":"\u0416\u0435\u043d\u0441\u043a\u0430\u044f \u0431\u0440\u0435\u043d\u0434\u043e\u0432\u0430\u044f \u043e\u0434\u0435\u0436\u0434\u0430","potentialAction":[{"@type":"SearchAction","target":{"@type":"EntryPoint","urlTemplate":"https:\/\/armonti.eu\/?s={search_term_string}"},"query-input":{"@type":"PropertyValueSpecification","valueRequired":true,"valueName":"search_term_string"}}],"inLanguage":"et"},{"@type":"Organization","@id":"https:\/\/armonti.eu\/#organization","name":"ARMONTI","alternateName":"\u0416\u0435\u043d\u0441\u043a\u0430\u044f \u0431\u0440\u0435\u043d\u0434\u043e\u0432\u0430\u044f \u043e\u0434\u0435\u0436\u0434\u0430","url":"https:\/\/armonti.eu\/","logo":{"@type":"ImageObject","inLanguage":"et","@id":"https:\/\/armonti.eu\/#\/schema\/logo\/image\/","url":"https:\/\/armonti.eu\/wp-content\/uploads\/2023\/05\/armonti-logo-white.png","contentUrl":"https:\/\/armonti.eu\/wp-content\/uploads\/2023\/05\/armonti-logo-white.png","width":2165,"height":554,"caption":"ARMONTI"},"image":{"@id":"https:\/\/armonti.eu\/#\/schema\/logo\/image\/"}}]}},"_links":{"self":[{"href":"https:\/\/armonti.eu\/et\/wp-json\/wp\/v2\/product\/18311","targetHints":{"allow":["GET"]}}],"collection":[{"href":"https:\/\/armonti.eu\/et\/wp-json\/wp\/v2\/product"}],"about":[{"href":"https:\/\/armonti.eu\/et\/wp-json\/wp\/v2\/types\/product"}],"replies":[{"embeddable":true,"href":"https:\/\/armonti.eu\/et\/wp-json\/wp\/v2\/comments?post=18311"}],"wp:featuredmedia":[{"embeddable":true,"href":"https:\/\/armonti.eu\/et\/wp-json\/wp\/v2\/media\/31170"}],"wp:attachment":[{"href":"https:\/\/armonti.eu\/et\/wp-json\/wp\/v2\/media?parent=18311"}],"wp:term":[{"taxonomy":"product_brand","embeddable":true,"href":"https:\/\/armonti.eu\/et\/wp-json\/wp\/v2\/product_brand?post=18311"},{"taxonomy":"product_cat","embeddable":true,"href":"https:\/\/armonti.eu\/et\/wp-json\/wp\/v2\/product_cat?post=18311"},{"taxonomy":"product_tag","embeddable":true,"href":"https:\/\/armonti.eu\/et\/wp-json\/wp\/v2\/product_tag?post=18311"}],"curies":[{"name":"wp","href":"https:\/\/api.w.org\/{rel}","templated":true}]}}